{"id":81469,"date":"2025-06-16T16:36:44","date_gmt":"2025-06-16T14:36:44","guid":{"rendered":"https:\/\/buyck-displays.com\/?post_type=product&#038;p=81469"},"modified":"2025-09-02T15:12:13","modified_gmt":"2025-09-02T13:12:13","slug":"presentoir-mural-pour-cartes-de-voeux-a3-bu-a3-4010","status":"publish","type":"product","link":"https:\/\/buyck-displays.com\/fr\/presentoir-mural-pour-cartes-de-voeux-a3-bu-a3-4010","title":{"rendered":"Pr\u00e9sentoir mural pour cartes de v\u0153ux A3"},"content":{"rendered":"<p>Il s&rsquo;agit d&rsquo;un pr\u00e9sentoir mural en m\u00e9tal \u00e0 un seul casier, d&rsquo;une largeur de 40 cm et d&rsquo;une hauteur de 10 cm. Ce pr\u00e9sentoir est id\u00e9al pour les cartes de v\u0153ux au format A3, mais aussi pour les sets de table, les magazines, les journaux, les d\u00e9pliants, les affiches plastifi\u00e9es, etc. Disponible en 2 formats, voir \u00e9galement <span style=\"color: #3366ff;\"><strong>BU.A3.4015<\/strong><\/span><\/p>\n<p><strong>Informations sur le produit :<\/strong><\/p>\n<ul>\n<li>dimensions <em>(dimensions int\u00e9rieures)<\/em> :\n<ul>\n<li>largeur : 39,2 cm<\/li>\n<li>hauteur : 9,5 cm<\/li>\n<li>profondeur : 4 cm<\/li>\n<\/ul>\n<\/li>\n<li>\u00e0 accrocher au mur <em>(mat\u00e9riel de fixation non inclus)<\/em><\/li>\n<li>couleur standard : noir<\/li>\n<\/ul>\n","protected":false},"excerpt":{"rendered":"<p>Il s&rsquo;agit d&rsquo;un pr\u00e9sentoir mural en m\u00e9tal \u00e0 un seul casier, d&rsquo;une largeur de 40 cm et d&rsquo;une hauteur de 10 cm. Ce pr\u00e9sentoir est id\u00e9al pour les cartes de v\u0153ux au format A3, mais aussi pour les sets de table, les magazines, les journaux, les d\u00e9pliants, les affiches plastifi\u00e9es, etc. Disponible en 2 formats, &hellip; <a href=\"https:\/\/buyck-displays.com\/fr\/presentoir-mural-pour-cartes-de-voeux-a3-bu-a3-4010\">Suite<\/a><\/p>\n","protected":false},"featured_media":81458,"comment_status":"closed","ping_status":"closed","template":"","meta":{"_acf_changed":false},"product_brand":[],"product_cat":[361,568,372,559],"product_tag":[],"class_list":{"0":"post-81469","1":"product","2":"type-product","3":"status-publish","4":"has-post-thumbnail","6":"product_cat-presentoirs-standard","7":"product_cat-destockage","8":"product_cat-presentoirs-a-cartes","9":"product_cat-modeles-speciaux-et-pieces-detachees","11":"first","12":"instock","13":"sale","14":"taxable","15":"shipping-taxable","16":"purchasable","17":"product-type-simple"},"acf":[],"yoast_head":"<!-- This site is optimized with the Yoast SEO plugin v26.8 - https:\/\/yoast.com\/product\/yoast-seo-wordpress\/ -->\n<title>Pr\u00e9sentoir mural pour cartes de v\u0153ux A3 - Buyck Displays<\/title>\n<meta name=\"description\" content=\"Un pr\u00e9sentoir mural d&#039;une largeur de 40 cm et d&#039;une hauteur de 10 cm. Ce pr\u00e9sentoir est id\u00e9al pour les cartes de v\u0153ux au format A3.\" \/>\n<meta name=\"robots\" content=\"index, follow, max-snippet:-1, max-image-preview:large, max-video-preview:-1\" \/>\n<link rel=\"canonical\" href=\"https:\/\/buyck-displays.com\/fr\/presentoir-mural-pour-cartes-de-voeux-a3-bu-a3-4010\" \/>\n<meta property=\"og:locale\" content=\"fr_FR\" \/>\n<meta property=\"og:type\" content=\"article\" \/>\n<meta property=\"og:title\" content=\"Pr\u00e9sentoir mural pour cartes de v\u0153ux A3 - Buyck Displays\" \/>\n<meta property=\"og:description\" content=\"Un pr\u00e9sentoir mural d&#039;une largeur de 40 cm et d&#039;une hauteur de 10 cm. Ce pr\u00e9sentoir est id\u00e9al pour les cartes de v\u0153ux au format A3.\" \/>\n<meta property=\"og:url\" content=\"https:\/\/buyck-displays.com\/fr\/presentoir-mural-pour-cartes-de-voeux-a3-bu-a3-4010\" \/>\n<meta property=\"og:site_name\" content=\"Buyck Displays\" \/>\n<meta property=\"article:modified_time\" content=\"2025-09-02T13:12:13+00:00\" \/>\n<meta property=\"og:image\" content=\"https:\/\/buyck-displays.com\/wp-content\/uploads\/2025\/06\/BU4010.1.jpg\" \/>\n\t<meta property=\"og:image:width\" content=\"240\" \/>\n\t<meta property=\"og:image:height\" content=\"320\" \/>\n\t<meta property=\"og:image:type\" content=\"image\/jpeg\" \/>\n<meta name=\"twitter:card\" content=\"summary_large_image\" \/>\n<meta name=\"twitter:label1\" content=\"Dur\u00e9e de lecture estim\u00e9e\" \/>\n\t<meta name=\"twitter:data1\" content=\"1 minute\" \/>\n<script type=\"application\/ld+json\" class=\"yoast-schema-graph\">{\"@context\":\"https:\/\/schema.org\",\"@graph\":[{\"@type\":\"WebPage\",\"@id\":\"https:\/\/buyck-displays.com\/fr\/presentoir-mural-pour-cartes-de-voeux-a3-bu-a3-4010\",\"url\":\"https:\/\/buyck-displays.com\/fr\/presentoir-mural-pour-cartes-de-voeux-a3-bu-a3-4010\",\"name\":\"Pr\u00e9sentoir mural pour cartes de v\u0153ux A3 - Buyck Displays\",\"isPartOf\":{\"@id\":\"https:\/\/buyck-displays.com\/fr\/#website\"},\"primaryImageOfPage\":{\"@id\":\"https:\/\/buyck-displays.com\/fr\/presentoir-mural-pour-cartes-de-voeux-a3-bu-a3-4010#primaryimage\"},\"image\":{\"@id\":\"https:\/\/buyck-displays.com\/fr\/presentoir-mural-pour-cartes-de-voeux-a3-bu-a3-4010#primaryimage\"},\"thumbnailUrl\":\"https:\/\/buyck-displays.com\/wp-content\/uploads\/2025\/06\/BU4010.1.jpg\",\"datePublished\":\"2025-06-16T14:36:44+00:00\",\"dateModified\":\"2025-09-02T13:12:13+00:00\",\"description\":\"Un pr\u00e9sentoir mural d'une largeur de 40 cm et d'une hauteur de 10 cm. Ce pr\u00e9sentoir est id\u00e9al pour les cartes de v\u0153ux au format A3.\",\"breadcrumb\":{\"@id\":\"https:\/\/buyck-displays.com\/fr\/presentoir-mural-pour-cartes-de-voeux-a3-bu-a3-4010#breadcrumb\"},\"inLanguage\":\"fr-FR\",\"potentialAction\":[{\"@type\":\"ReadAction\",\"target\":[\"https:\/\/buyck-displays.com\/fr\/presentoir-mural-pour-cartes-de-voeux-a3-bu-a3-4010\"]}]},{\"@type\":\"ImageObject\",\"inLanguage\":\"fr-FR\",\"@id\":\"https:\/\/buyck-displays.com\/fr\/presentoir-mural-pour-cartes-de-voeux-a3-bu-a3-4010#primaryimage\",\"url\":\"https:\/\/buyck-displays.com\/wp-content\/uploads\/2025\/06\/BU4010.1.jpg\",\"contentUrl\":\"https:\/\/buyck-displays.com\/wp-content\/uploads\/2025\/06\/BU4010.1.jpg\",\"width\":240,\"height\":320},{\"@type\":\"BreadcrumbList\",\"@id\":\"https:\/\/buyck-displays.com\/fr\/presentoir-mural-pour-cartes-de-voeux-a3-bu-a3-4010#breadcrumb\",\"itemListElement\":[{\"@type\":\"ListItem\",\"position\":1,\"name\":\"Home\",\"item\":\"https:\/\/buyck-displays.com\/fr\"},{\"@type\":\"ListItem\",\"position\":2,\"name\":\"Displays\",\"item\":\"https:\/\/buyck-displays.com\/fr\/produits\"},{\"@type\":\"ListItem\",\"position\":3,\"name\":\"Pr\u00e9sentoir mural pour cartes de v\u0153ux A3\"}]},{\"@type\":\"WebSite\",\"@id\":\"https:\/\/buyck-displays.com\/fr\/#website\",\"url\":\"https:\/\/buyck-displays.com\/fr\/\",\"name\":\"Buyck Displays\",\"description\":\"Standaard en Maatwerk Displays\",\"potentialAction\":[{\"@type\":\"SearchAction\",\"target\":{\"@type\":\"EntryPoint\",\"urlTemplate\":\"https:\/\/buyck-displays.com\/fr\/?s={search_term_string}\"},\"query-input\":{\"@type\":\"PropertyValueSpecification\",\"valueRequired\":true,\"valueName\":\"search_term_string\"}}],\"inLanguage\":\"fr-FR\"}]}<\/script>\n<!-- \/ Yoast SEO plugin. -->","yoast_head_json":{"title":"Pr\u00e9sentoir mural pour cartes de v\u0153ux A3 - Buyck Displays","description":"Un pr\u00e9sentoir mural d'une largeur de 40 cm et d'une hauteur de 10 cm. Ce pr\u00e9sentoir est id\u00e9al pour les cartes de v\u0153ux au format A3.","robots":{"index":"index","follow":"follow","max-snippet":"max-snippet:-1","max-image-preview":"max-image-preview:large","max-video-preview":"max-video-preview:-1"},"canonical":"https:\/\/buyck-displays.com\/fr\/presentoir-mural-pour-cartes-de-voeux-a3-bu-a3-4010","og_locale":"fr_FR","og_type":"article","og_title":"Pr\u00e9sentoir mural pour cartes de v\u0153ux A3 - Buyck Displays","og_description":"Un pr\u00e9sentoir mural d'une largeur de 40 cm et d'une hauteur de 10 cm. Ce pr\u00e9sentoir est id\u00e9al pour les cartes de v\u0153ux au format A3.","og_url":"https:\/\/buyck-displays.com\/fr\/presentoir-mural-pour-cartes-de-voeux-a3-bu-a3-4010","og_site_name":"Buyck Displays","article_modified_time":"2025-09-02T13:12:13+00:00","og_image":[{"width":240,"height":320,"url":"https:\/\/buyck-displays.com\/wp-content\/uploads\/2025\/06\/BU4010.1.jpg","type":"image\/jpeg"}],"twitter_card":"summary_large_image","twitter_misc":{"Dur\u00e9e de lecture estim\u00e9e":"1 minute"},"schema":{"@context":"https:\/\/schema.org","@graph":[{"@type":"WebPage","@id":"https:\/\/buyck-displays.com\/fr\/presentoir-mural-pour-cartes-de-voeux-a3-bu-a3-4010","url":"https:\/\/buyck-displays.com\/fr\/presentoir-mural-pour-cartes-de-voeux-a3-bu-a3-4010","name":"Pr\u00e9sentoir mural pour cartes de v\u0153ux A3 - Buyck Displays","isPartOf":{"@id":"https:\/\/buyck-displays.com\/fr\/#website"},"primaryImageOfPage":{"@id":"https:\/\/buyck-displays.com\/fr\/presentoir-mural-pour-cartes-de-voeux-a3-bu-a3-4010#primaryimage"},"image":{"@id":"https:\/\/buyck-displays.com\/fr\/presentoir-mural-pour-cartes-de-voeux-a3-bu-a3-4010#primaryimage"},"thumbnailUrl":"https:\/\/buyck-displays.com\/wp-content\/uploads\/2025\/06\/BU4010.1.jpg","datePublished":"2025-06-16T14:36:44+00:00","dateModified":"2025-09-02T13:12:13+00:00","description":"Un pr\u00e9sentoir mural d'une largeur de 40 cm et d'une hauteur de 10 cm. Ce pr\u00e9sentoir est id\u00e9al pour les cartes de v\u0153ux au format A3.","breadcrumb":{"@id":"https:\/\/buyck-displays.com\/fr\/presentoir-mural-pour-cartes-de-voeux-a3-bu-a3-4010#breadcrumb"},"inLanguage":"fr-FR","potentialAction":[{"@type":"ReadAction","target":["https:\/\/buyck-displays.com\/fr\/presentoir-mural-pour-cartes-de-voeux-a3-bu-a3-4010"]}]},{"@type":"ImageObject","inLanguage":"fr-FR","@id":"https:\/\/buyck-displays.com\/fr\/presentoir-mural-pour-cartes-de-voeux-a3-bu-a3-4010#primaryimage","url":"https:\/\/buyck-displays.com\/wp-content\/uploads\/2025\/06\/BU4010.1.jpg","contentUrl":"https:\/\/buyck-displays.com\/wp-content\/uploads\/2025\/06\/BU4010.1.jpg","width":240,"height":320},{"@type":"BreadcrumbList","@id":"https:\/\/buyck-displays.com\/fr\/presentoir-mural-pour-cartes-de-voeux-a3-bu-a3-4010#breadcrumb","itemListElement":[{"@type":"ListItem","position":1,"name":"Home","item":"https:\/\/buyck-displays.com\/fr"},{"@type":"ListItem","position":2,"name":"Displays","item":"https:\/\/buyck-displays.com\/fr\/produits"},{"@type":"ListItem","position":3,"name":"Pr\u00e9sentoir mural pour cartes de v\u0153ux A3"}]},{"@type":"WebSite","@id":"https:\/\/buyck-displays.com\/fr\/#website","url":"https:\/\/buyck-displays.com\/fr\/","name":"Buyck Displays","description":"Standaard en Maatwerk Displays","potentialAction":[{"@type":"SearchAction","target":{"@type":"EntryPoint","urlTemplate":"https:\/\/buyck-displays.com\/fr\/?s={search_term_string}"},"query-input":{"@type":"PropertyValueSpecification","valueRequired":true,"valueName":"search_term_string"}}],"inLanguage":"fr-FR"}]}},"_links":{"self":[{"href":"https:\/\/buyck-displays.com\/fr\/wp-json\/wp\/v2\/product\/81469","targetHints":{"allow":["GET"]}}],"collection":[{"href":"https:\/\/buyck-displays.com\/fr\/wp-json\/wp\/v2\/product"}],"about":[{"href":"https:\/\/buyck-displays.com\/fr\/wp-json\/wp\/v2\/types\/product"}],"replies":[{"embeddable":true,"href":"https:\/\/buyck-displays.com\/fr\/wp-json\/wp\/v2\/comments?post=81469"}],"wp:featuredmedia":[{"embeddable":true,"href":"https:\/\/buyck-displays.com\/fr\/wp-json\/wp\/v2\/media\/81458"}],"wp:attachment":[{"href":"https:\/\/buyck-displays.com\/fr\/wp-json\/wp\/v2\/media?parent=81469"}],"wp:term":[{"taxonomy":"product_brand","embeddable":true,"href":"https:\/\/buyck-displays.com\/fr\/wp-json\/wp\/v2\/product_brand?post=81469"},{"taxonomy":"product_cat","embeddable":true,"href":"https:\/\/buyck-displays.com\/fr\/wp-json\/wp\/v2\/product_cat?post=81469"},{"taxonomy":"product_tag","embeddable":true,"href":"https:\/\/buyck-displays.com\/fr\/wp-json\/wp\/v2\/product_tag?post=81469"}],"curies":[{"name":"wp","href":"https:\/\/api.w.org\/{rel}","templated":true}]}}