{"id":80502,"date":"2024-10-08T10:24:59","date_gmt":"2024-10-08T08:24:59","guid":{"rendered":"https:\/\/buyck-displays.com\/?post_type=product&#038;p=80502"},"modified":"2025-09-02T16:00:04","modified_gmt":"2025-09-02T14:00:04","slug":"il-sagit-dun-presentoir-de-sol-en-metal-specialement-concu-pour-presenter-des-ballons-deja-gonfles-sur-un-baton-lb020","status":"publish","type":"product","link":"https:\/\/buyck-displays.com\/fr\/il-sagit-dun-presentoir-de-sol-en-metal-specialement-concu-pour-presenter-des-ballons-deja-gonfles-sur-un-baton-lb020","title":{"rendered":"Pr\u00e9sentoir de sol pour ballons"},"content":{"rendered":"<p>Il s&rsquo;agit d&rsquo;un pr\u00e9sentoir de sol en m\u00e9tal sp\u00e9cialement con\u00e7u pour pr\u00e9senter des ballons d\u00e9j\u00e0 gonfl\u00e9s sur un b\u00e2ton.<\/p>\n<p><strong>Informations sur le produit :<\/strong><\/p>\n<ul>\n<li>dimensions :\n<ul>\n<li>pr\u00e9sentoir :\n<ul>\n<li>hauteur : 184 cm<\/li>\n<\/ul>\n<\/li>\n<li>tubes (taille int\u00e9rieure) :\n<ul>\n<li>largeur : 3 cm<\/li>\n<li>profondeur : 12,5 cm<\/li>\n<\/ul>\n<\/li>\n<\/ul>\n<\/li>\n<li>base :\n<ul>\n<li>diam\u00e8tre : 45 cm<\/li>\n<\/ul>\n<\/li>\n<li>16 tubes :\n<ul>\n<li>8 \u00e9tages de 2 tubes<\/li>\n<\/ul>\n<\/li>\n<li>couleur standard : blanc<\/li>\n<li>emballage :\n<ul>\n<li>1 paquet : 47 cm x 54 cm x16 cm<\/li>\n<\/ul>\n<\/li>\n<\/ul>\n","protected":false},"excerpt":{"rendered":"<p>Il s&rsquo;agit d&rsquo;un pr\u00e9sentoir de sol en m\u00e9tal sp\u00e9cialement con\u00e7u pour pr\u00e9senter des ballons d\u00e9j\u00e0 gonfl\u00e9s sur un b\u00e2ton. Informations sur le produit : dimensions : pr\u00e9sentoir : hauteur : 184 cm tubes (taille int\u00e9rieure) : largeur : 3 cm profondeur : 12,5 cm base : diam\u00e8tre : 45 cm 16 tubes : 8 \u00e9tages &hellip; <a href=\"https:\/\/buyck-displays.com\/fr\/il-sagit-dun-presentoir-de-sol-en-metal-specialement-concu-pour-presenter-des-ballons-deja-gonfles-sur-un-baton-lb020\">Suite<\/a><\/p>\n","protected":false},"featured_media":80500,"comment_status":"closed","ping_status":"closed","template":"","meta":{"_acf_changed":false},"product_brand":[],"product_cat":[361,363],"product_tag":[],"class_list":{"0":"post-80502","1":"product","2":"type-product","3":"status-publish","4":"has-post-thumbnail","6":"product_cat-presentoirs-standard","7":"product_cat-presentoirs-a-cadeaux","9":"first","10":"instock","11":"taxable","12":"shipping-taxable","13":"purchasable","14":"product-type-simple"},"acf":[],"yoast_head":"<!-- This site is optimized with the Yoast SEO plugin v26.8 - https:\/\/yoast.com\/product\/yoast-seo-wordpress\/ -->\n<title>Pr\u00e9sentoir de sol pour ballons - Buyck Displays<\/title>\n<meta name=\"description\" content=\"Il s&#039;agit d&#039;un pr\u00e9sentoir de sol en m\u00e9tal sp\u00e9cialement con\u00e7u pour pr\u00e9senter des ballons d\u00e9j\u00e0 gonfl\u00e9s sur un b\u00e2ton.\" \/>\n<meta name=\"robots\" content=\"index, follow, max-snippet:-1, max-image-preview:large, max-video-preview:-1\" \/>\n<link rel=\"canonical\" href=\"https:\/\/buyck-displays.com\/fr\/il-sagit-dun-presentoir-de-sol-en-metal-specialement-concu-pour-presenter-des-ballons-deja-gonfles-sur-un-baton-lb020\" \/>\n<meta property=\"og:locale\" content=\"fr_FR\" \/>\n<meta property=\"og:type\" content=\"article\" \/>\n<meta property=\"og:title\" content=\"Pr\u00e9sentoir de sol pour ballons - Buyck Displays\" \/>\n<meta property=\"og:description\" content=\"Il s&#039;agit d&#039;un pr\u00e9sentoir de sol en m\u00e9tal sp\u00e9cialement con\u00e7u pour pr\u00e9senter des ballons d\u00e9j\u00e0 gonfl\u00e9s sur un b\u00e2ton.\" \/>\n<meta property=\"og:url\" content=\"https:\/\/buyck-displays.com\/fr\/il-sagit-dun-presentoir-de-sol-en-metal-specialement-concu-pour-presenter-des-ballons-deja-gonfles-sur-un-baton-lb020\" \/>\n<meta property=\"og:site_name\" content=\"Buyck Displays\" \/>\n<meta property=\"article:modified_time\" content=\"2025-09-02T14:00:04+00:00\" \/>\n<meta property=\"og:image\" content=\"https:\/\/buyck-displays.com\/wp-content\/uploads\/2024\/10\/LB020-gsm-Birgit-1.jpg\" \/>\n\t<meta property=\"og:image:width\" content=\"1003\" \/>\n\t<meta property=\"og:image:height\" content=\"1920\" \/>\n\t<meta property=\"og:image:type\" content=\"image\/jpeg\" \/>\n<meta name=\"twitter:card\" content=\"summary_large_image\" \/>\n<meta name=\"twitter:label1\" content=\"Dur\u00e9e de lecture estim\u00e9e\" \/>\n\t<meta name=\"twitter:data1\" content=\"1 minute\" \/>\n<script type=\"application\/ld+json\" class=\"yoast-schema-graph\">{\"@context\":\"https:\/\/schema.org\",\"@graph\":[{\"@type\":\"WebPage\",\"@id\":\"https:\/\/buyck-displays.com\/fr\/il-sagit-dun-presentoir-de-sol-en-metal-specialement-concu-pour-presenter-des-ballons-deja-gonfles-sur-un-baton-lb020\",\"url\":\"https:\/\/buyck-displays.com\/fr\/il-sagit-dun-presentoir-de-sol-en-metal-specialement-concu-pour-presenter-des-ballons-deja-gonfles-sur-un-baton-lb020\",\"name\":\"Pr\u00e9sentoir de sol pour ballons - Buyck Displays\",\"isPartOf\":{\"@id\":\"https:\/\/buyck-displays.com\/fr\/#website\"},\"primaryImageOfPage\":{\"@id\":\"https:\/\/buyck-displays.com\/fr\/il-sagit-dun-presentoir-de-sol-en-metal-specialement-concu-pour-presenter-des-ballons-deja-gonfles-sur-un-baton-lb020#primaryimage\"},\"image\":{\"@id\":\"https:\/\/buyck-displays.com\/fr\/il-sagit-dun-presentoir-de-sol-en-metal-specialement-concu-pour-presenter-des-ballons-deja-gonfles-sur-un-baton-lb020#primaryimage\"},\"thumbnailUrl\":\"https:\/\/buyck-displays.com\/wp-content\/uploads\/2024\/10\/LB020-gsm-Birgit-1.jpg\",\"datePublished\":\"2024-10-08T08:24:59+00:00\",\"dateModified\":\"2025-09-02T14:00:04+00:00\",\"description\":\"Il s'agit d'un pr\u00e9sentoir de sol en m\u00e9tal sp\u00e9cialement con\u00e7u pour pr\u00e9senter des ballons d\u00e9j\u00e0 gonfl\u00e9s sur un b\u00e2ton.\",\"breadcrumb\":{\"@id\":\"https:\/\/buyck-displays.com\/fr\/il-sagit-dun-presentoir-de-sol-en-metal-specialement-concu-pour-presenter-des-ballons-deja-gonfles-sur-un-baton-lb020#breadcrumb\"},\"inLanguage\":\"fr-FR\",\"potentialAction\":[{\"@type\":\"ReadAction\",\"target\":[\"https:\/\/buyck-displays.com\/fr\/il-sagit-dun-presentoir-de-sol-en-metal-specialement-concu-pour-presenter-des-ballons-deja-gonfles-sur-un-baton-lb020\"]}]},{\"@type\":\"ImageObject\",\"inLanguage\":\"fr-FR\",\"@id\":\"https:\/\/buyck-displays.com\/fr\/il-sagit-dun-presentoir-de-sol-en-metal-specialement-concu-pour-presenter-des-ballons-deja-gonfles-sur-un-baton-lb020#primaryimage\",\"url\":\"https:\/\/buyck-displays.com\/wp-content\/uploads\/2024\/10\/LB020-gsm-Birgit-1.jpg\",\"contentUrl\":\"https:\/\/buyck-displays.com\/wp-content\/uploads\/2024\/10\/LB020-gsm-Birgit-1.jpg\",\"width\":1003,\"height\":1920},{\"@type\":\"BreadcrumbList\",\"@id\":\"https:\/\/buyck-displays.com\/fr\/il-sagit-dun-presentoir-de-sol-en-metal-specialement-concu-pour-presenter-des-ballons-deja-gonfles-sur-un-baton-lb020#breadcrumb\",\"itemListElement\":[{\"@type\":\"ListItem\",\"position\":1,\"name\":\"Home\",\"item\":\"https:\/\/buyck-displays.com\/fr\"},{\"@type\":\"ListItem\",\"position\":2,\"name\":\"Displays\",\"item\":\"https:\/\/buyck-displays.com\/fr\/produits\"},{\"@type\":\"ListItem\",\"position\":3,\"name\":\"Pr\u00e9sentoir de sol pour ballons\"}]},{\"@type\":\"WebSite\",\"@id\":\"https:\/\/buyck-displays.com\/fr\/#website\",\"url\":\"https:\/\/buyck-displays.com\/fr\/\",\"name\":\"Buyck Displays\",\"description\":\"Standaard en Maatwerk Displays\",\"potentialAction\":[{\"@type\":\"SearchAction\",\"target\":{\"@type\":\"EntryPoint\",\"urlTemplate\":\"https:\/\/buyck-displays.com\/fr\/?s={search_term_string}\"},\"query-input\":{\"@type\":\"PropertyValueSpecification\",\"valueRequired\":true,\"valueName\":\"search_term_string\"}}],\"inLanguage\":\"fr-FR\"}]}<\/script>\n<!-- \/ Yoast SEO plugin. -->","yoast_head_json":{"title":"Pr\u00e9sentoir de sol pour ballons - Buyck Displays","description":"Il s'agit d'un pr\u00e9sentoir de sol en m\u00e9tal sp\u00e9cialement con\u00e7u pour pr\u00e9senter des ballons d\u00e9j\u00e0 gonfl\u00e9s sur un b\u00e2ton.","robots":{"index":"index","follow":"follow","max-snippet":"max-snippet:-1","max-image-preview":"max-image-preview:large","max-video-preview":"max-video-preview:-1"},"canonical":"https:\/\/buyck-displays.com\/fr\/il-sagit-dun-presentoir-de-sol-en-metal-specialement-concu-pour-presenter-des-ballons-deja-gonfles-sur-un-baton-lb020","og_locale":"fr_FR","og_type":"article","og_title":"Pr\u00e9sentoir de sol pour ballons - Buyck Displays","og_description":"Il s'agit d'un pr\u00e9sentoir de sol en m\u00e9tal sp\u00e9cialement con\u00e7u pour pr\u00e9senter des ballons d\u00e9j\u00e0 gonfl\u00e9s sur un b\u00e2ton.","og_url":"https:\/\/buyck-displays.com\/fr\/il-sagit-dun-presentoir-de-sol-en-metal-specialement-concu-pour-presenter-des-ballons-deja-gonfles-sur-un-baton-lb020","og_site_name":"Buyck Displays","article_modified_time":"2025-09-02T14:00:04+00:00","og_image":[{"width":1003,"height":1920,"url":"https:\/\/buyck-displays.com\/wp-content\/uploads\/2024\/10\/LB020-gsm-Birgit-1.jpg","type":"image\/jpeg"}],"twitter_card":"summary_large_image","twitter_misc":{"Dur\u00e9e de lecture estim\u00e9e":"1 minute"},"schema":{"@context":"https:\/\/schema.org","@graph":[{"@type":"WebPage","@id":"https:\/\/buyck-displays.com\/fr\/il-sagit-dun-presentoir-de-sol-en-metal-specialement-concu-pour-presenter-des-ballons-deja-gonfles-sur-un-baton-lb020","url":"https:\/\/buyck-displays.com\/fr\/il-sagit-dun-presentoir-de-sol-en-metal-specialement-concu-pour-presenter-des-ballons-deja-gonfles-sur-un-baton-lb020","name":"Pr\u00e9sentoir de sol pour ballons - Buyck Displays","isPartOf":{"@id":"https:\/\/buyck-displays.com\/fr\/#website"},"primaryImageOfPage":{"@id":"https:\/\/buyck-displays.com\/fr\/il-sagit-dun-presentoir-de-sol-en-metal-specialement-concu-pour-presenter-des-ballons-deja-gonfles-sur-un-baton-lb020#primaryimage"},"image":{"@id":"https:\/\/buyck-displays.com\/fr\/il-sagit-dun-presentoir-de-sol-en-metal-specialement-concu-pour-presenter-des-ballons-deja-gonfles-sur-un-baton-lb020#primaryimage"},"thumbnailUrl":"https:\/\/buyck-displays.com\/wp-content\/uploads\/2024\/10\/LB020-gsm-Birgit-1.jpg","datePublished":"2024-10-08T08:24:59+00:00","dateModified":"2025-09-02T14:00:04+00:00","description":"Il s'agit d'un pr\u00e9sentoir de sol en m\u00e9tal sp\u00e9cialement con\u00e7u pour pr\u00e9senter des ballons d\u00e9j\u00e0 gonfl\u00e9s sur un b\u00e2ton.","breadcrumb":{"@id":"https:\/\/buyck-displays.com\/fr\/il-sagit-dun-presentoir-de-sol-en-metal-specialement-concu-pour-presenter-des-ballons-deja-gonfles-sur-un-baton-lb020#breadcrumb"},"inLanguage":"fr-FR","potentialAction":[{"@type":"ReadAction","target":["https:\/\/buyck-displays.com\/fr\/il-sagit-dun-presentoir-de-sol-en-metal-specialement-concu-pour-presenter-des-ballons-deja-gonfles-sur-un-baton-lb020"]}]},{"@type":"ImageObject","inLanguage":"fr-FR","@id":"https:\/\/buyck-displays.com\/fr\/il-sagit-dun-presentoir-de-sol-en-metal-specialement-concu-pour-presenter-des-ballons-deja-gonfles-sur-un-baton-lb020#primaryimage","url":"https:\/\/buyck-displays.com\/wp-content\/uploads\/2024\/10\/LB020-gsm-Birgit-1.jpg","contentUrl":"https:\/\/buyck-displays.com\/wp-content\/uploads\/2024\/10\/LB020-gsm-Birgit-1.jpg","width":1003,"height":1920},{"@type":"BreadcrumbList","@id":"https:\/\/buyck-displays.com\/fr\/il-sagit-dun-presentoir-de-sol-en-metal-specialement-concu-pour-presenter-des-ballons-deja-gonfles-sur-un-baton-lb020#breadcrumb","itemListElement":[{"@type":"ListItem","position":1,"name":"Home","item":"https:\/\/buyck-displays.com\/fr"},{"@type":"ListItem","position":2,"name":"Displays","item":"https:\/\/buyck-displays.com\/fr\/produits"},{"@type":"ListItem","position":3,"name":"Pr\u00e9sentoir de sol pour ballons"}]},{"@type":"WebSite","@id":"https:\/\/buyck-displays.com\/fr\/#website","url":"https:\/\/buyck-displays.com\/fr\/","name":"Buyck Displays","description":"Standaard en Maatwerk Displays","potentialAction":[{"@type":"SearchAction","target":{"@type":"EntryPoint","urlTemplate":"https:\/\/buyck-displays.com\/fr\/?s={search_term_string}"},"query-input":{"@type":"PropertyValueSpecification","valueRequired":true,"valueName":"search_term_string"}}],"inLanguage":"fr-FR"}]}},"_links":{"self":[{"href":"https:\/\/buyck-displays.com\/fr\/wp-json\/wp\/v2\/product\/80502","targetHints":{"allow":["GET"]}}],"collection":[{"href":"https:\/\/buyck-displays.com\/fr\/wp-json\/wp\/v2\/product"}],"about":[{"href":"https:\/\/buyck-displays.com\/fr\/wp-json\/wp\/v2\/types\/product"}],"replies":[{"embeddable":true,"href":"https:\/\/buyck-displays.com\/fr\/wp-json\/wp\/v2\/comments?post=80502"}],"wp:featuredmedia":[{"embeddable":true,"href":"https:\/\/buyck-displays.com\/fr\/wp-json\/wp\/v2\/media\/80500"}],"wp:attachment":[{"href":"https:\/\/buyck-displays.com\/fr\/wp-json\/wp\/v2\/media?parent=80502"}],"wp:term":[{"taxonomy":"product_brand","embeddable":true,"href":"https:\/\/buyck-displays.com\/fr\/wp-json\/wp\/v2\/product_brand?post=80502"},{"taxonomy":"product_cat","embeddable":true,"href":"https:\/\/buyck-displays.com\/fr\/wp-json\/wp\/v2\/product_cat?post=80502"},{"taxonomy":"product_tag","embeddable":true,"href":"https:\/\/buyck-displays.com\/fr\/wp-json\/wp\/v2\/product_tag?post=80502"}],"curies":[{"name":"wp","href":"https:\/\/api.w.org\/{rel}","templated":true}]}}