{"id":80317,"date":"2024-08-21T12:07:05","date_gmt":"2024-08-22T09:39:22","guid":{"rendered":"https:\/\/buyck-displays.com\/?post_type=product&#038;p=80317"},"modified":"2025-02-13T11:19:43","modified_gmt":"2025-02-13T10:19:43","slug":"presentoir-de-sol-a4-pc-a4-16","status":"publish","type":"product","link":"https:\/\/buyck-displays.com\/fr\/presentoir-de-sol-a4-pc-a4-16","title":{"rendered":"Pr\u00e9sentoir de sol A4"},"content":{"rendered":"<p>Ce pr\u00e9sentoir \u00e0 cartes en m\u00e9tal dispose de <strong>16 cases verticales<\/strong> (4 c\u00f4t\u00e9s avec 4 cases verticales) sp\u00e9cialement con\u00e7us pour les cartes de v\u0153ux ou les d\u00e9pliants <strong>A4 verticaux<\/strong>.<\/p>\n<p><strong>OPTIONS :<\/strong><\/p>\n<ul>\n<li><strong>Roues en caoutchouc<\/strong>\u00a0: ce pr\u00e9sentoir repose sur 5 roues en plastique, dont deux avec un frein, mais si vous le souhaitez, vous pouvez \u00e9galement choisir\u00a0<a href=\"https:\/\/buyck-displays.com\/fr\/roues-en-caoutchouc-bu100\"><strong>5 roues solides en caoutchouc\u00a0<\/strong><\/a><em>(comme indiqu\u00e9 sur l\u2019image du produit)<\/em>.<\/li>\n<li><strong>Poids de base<\/strong>\u00a0: pour \u00e9viter que le pr\u00e9sentoir ne tombe ou ne soit emport\u00e9 par le vent, vous pouvez combiner notre poids de base avec ce porte-cartes. Si vous \u00eates int\u00e9ress\u00e9, veuillez\u00a0<strong><a href=\"https:\/\/buyck-displays.com\/fr\/poids-de-base-bu200\">cliquer ici<\/a><\/strong>.<\/li>\n<\/ul>\n<p><strong>Informations sur le produit :<\/strong><\/p>\n<ul>\n<li>dimensions :\n<ul>\n<li>affichage :\n<ul>\n<li>hauteur : 185 cm<\/li>\n<\/ul>\n<\/li>\n<li>cases (dimensions int\u00e9rieures) :\n<ul>\n<li>largeur : 22 cm<\/li>\n<li>hauteur : 20 cm<\/li>\n<li>profondeur : 4 cm<\/li>\n<\/ul>\n<\/li>\n<\/ul>\n<\/li>\n<li>avec porte-logo<\/li>\n<li>carr\u00e9 (4 c\u00f4t\u00e9s)<\/li>\n<li>rotatif<\/li>\n<li>couleur standard : gris argent\u00e9<\/li>\n<\/ul>\n<p>&nbsp;<\/p>\n","protected":false},"excerpt":{"rendered":"<p>Ce pr\u00e9sentoir \u00e0 cartes en m\u00e9tal dispose de 16 cases verticales (4 c\u00f4t\u00e9s avec 4 cases verticales) sp\u00e9cialement con\u00e7us pour les cartes de v\u0153ux ou les d\u00e9pliants A4 verticaux. OPTIONS : Roues en caoutchouc\u00a0: ce pr\u00e9sentoir repose sur 5 roues en plastique, dont deux avec un frein, mais si vous le souhaitez, vous pouvez \u00e9galement &hellip; <a href=\"https:\/\/buyck-displays.com\/fr\/presentoir-de-sol-a4-pc-a4-16\">Suite<\/a><\/p>\n","protected":false},"featured_media":80312,"comment_status":"closed","ping_status":"closed","template":"","meta":{"_acf_changed":false},"product_brand":[],"product_cat":[559,361],"product_tag":[],"class_list":{"0":"post-80317","1":"product","2":"type-product","3":"status-publish","4":"has-post-thumbnail","6":"product_cat-modeles-speciaux-et-pieces-detachees","7":"product_cat-presentoirs-standard","9":"first","10":"instock","11":"taxable","12":"shipping-taxable","13":"purchasable","14":"product-type-simple"},"acf":[],"yoast_head":"<!-- This site is optimized with the Yoast SEO plugin v27.6 - https:\/\/yoast.com\/product\/yoast-seo-wordpress\/ -->\n<title>Pr\u00e9sentoir de sol A4 - Buyck Displays<\/title>\n<meta name=\"description\" content=\"Ce pr\u00e9sentoir de sol dispose de 16 cases verticales (4 c\u00f4t\u00e9s avec 4 cases verticales) sp\u00e9cialement con\u00e7us pour les cartes de v\u0153ux ou les d\u00e9pliants A4.\" \/>\n<meta name=\"robots\" content=\"index, follow, max-snippet:-1, max-image-preview:large, max-video-preview:-1\" \/>\n<link rel=\"canonical\" href=\"https:\/\/buyck-displays.com\/fr\/presentoir-de-sol-a4-pc-a4-16\" \/>\n<meta property=\"og:locale\" content=\"fr_FR\" \/>\n<meta property=\"og:type\" content=\"article\" \/>\n<meta property=\"og:title\" content=\"Pr\u00e9sentoir de sol A4 - Buyck Displays\" \/>\n<meta property=\"og:description\" content=\"Ce pr\u00e9sentoir de sol dispose de 16 cases verticales (4 c\u00f4t\u00e9s avec 4 cases verticales) sp\u00e9cialement con\u00e7us pour les cartes de v\u0153ux ou les d\u00e9pliants A4.\" \/>\n<meta property=\"og:url\" content=\"https:\/\/buyck-displays.com\/fr\/presentoir-de-sol-a4-pc-a4-16\" \/>\n<meta property=\"og:site_name\" content=\"Buyck Displays\" \/>\n<meta property=\"article:modified_time\" content=\"2025-02-13T10:19:43+00:00\" \/>\n<meta property=\"og:image\" content=\"https:\/\/buyck-displays.com\/wp-content\/uploads\/2024\/08\/PC.A4.16.png\" \/>\n\t<meta property=\"og:image:width\" content=\"616\" \/>\n\t<meta property=\"og:image:height\" content=\"1601\" \/>\n\t<meta property=\"og:image:type\" content=\"image\/png\" \/>\n<meta name=\"twitter:card\" content=\"summary_large_image\" \/>\n<meta name=\"twitter:label1\" content=\"Dur\u00e9e de lecture estim\u00e9e\" \/>\n\t<meta name=\"twitter:data1\" content=\"1 minute\" \/>\n<script type=\"application\/ld+json\" class=\"yoast-schema-graph\">{\"@context\":\"https:\\\/\\\/schema.org\",\"@graph\":[{\"@type\":\"WebPage\",\"@id\":\"https:\\\/\\\/buyck-displays.com\\\/fr\\\/presentoir-de-sol-a4-pc-a4-16\",\"url\":\"https:\\\/\\\/buyck-displays.com\\\/fr\\\/presentoir-de-sol-a4-pc-a4-16\",\"name\":\"Pr\u00e9sentoir de sol A4 - Buyck Displays\",\"isPartOf\":{\"@id\":\"https:\\\/\\\/buyck-displays.com\\\/fr\\\/#website\"},\"primaryImageOfPage\":{\"@id\":\"https:\\\/\\\/buyck-displays.com\\\/fr\\\/presentoir-de-sol-a4-pc-a4-16#primaryimage\"},\"image\":{\"@id\":\"https:\\\/\\\/buyck-displays.com\\\/fr\\\/presentoir-de-sol-a4-pc-a4-16#primaryimage\"},\"thumbnailUrl\":\"https:\\\/\\\/buyck-displays.com\\\/wp-content\\\/uploads\\\/2024\\\/08\\\/PC.A4.16.png\",\"datePublished\":\"2024-08-22T09:39:22+00:00\",\"dateModified\":\"2025-02-13T10:19:43+00:00\",\"description\":\"Ce pr\u00e9sentoir de sol dispose de 16 cases verticales (4 c\u00f4t\u00e9s avec 4 cases verticales) sp\u00e9cialement con\u00e7us pour les cartes de v\u0153ux ou les d\u00e9pliants A4.\",\"breadcrumb\":{\"@id\":\"https:\\\/\\\/buyck-displays.com\\\/fr\\\/presentoir-de-sol-a4-pc-a4-16#breadcrumb\"},\"inLanguage\":\"fr-FR\",\"potentialAction\":[{\"@type\":\"ReadAction\",\"target\":[\"https:\\\/\\\/buyck-displays.com\\\/fr\\\/presentoir-de-sol-a4-pc-a4-16\"]}]},{\"@type\":\"ImageObject\",\"inLanguage\":\"fr-FR\",\"@id\":\"https:\\\/\\\/buyck-displays.com\\\/fr\\\/presentoir-de-sol-a4-pc-a4-16#primaryimage\",\"url\":\"https:\\\/\\\/buyck-displays.com\\\/wp-content\\\/uploads\\\/2024\\\/08\\\/PC.A4.16.png\",\"contentUrl\":\"https:\\\/\\\/buyck-displays.com\\\/wp-content\\\/uploads\\\/2024\\\/08\\\/PC.A4.16.png\",\"width\":616,\"height\":1601},{\"@type\":\"BreadcrumbList\",\"@id\":\"https:\\\/\\\/buyck-displays.com\\\/fr\\\/presentoir-de-sol-a4-pc-a4-16#breadcrumb\",\"itemListElement\":[{\"@type\":\"ListItem\",\"position\":1,\"name\":\"Home\",\"item\":\"https:\\\/\\\/buyck-displays.com\\\/fr\"},{\"@type\":\"ListItem\",\"position\":2,\"name\":\"Displays\",\"item\":\"https:\\\/\\\/buyck-displays.com\\\/fr\\\/produits\"},{\"@type\":\"ListItem\",\"position\":3,\"name\":\"Pr\u00e9sentoir de sol A4\"}]},{\"@type\":\"WebSite\",\"@id\":\"https:\\\/\\\/buyck-displays.com\\\/fr\\\/#website\",\"url\":\"https:\\\/\\\/buyck-displays.com\\\/fr\\\/\",\"name\":\"Buyck Displays\",\"description\":\"Standaard en Maatwerk Displays\",\"potentialAction\":[{\"@type\":\"SearchAction\",\"target\":{\"@type\":\"EntryPoint\",\"urlTemplate\":\"https:\\\/\\\/buyck-displays.com\\\/fr\\\/?s={search_term_string}\"},\"query-input\":{\"@type\":\"PropertyValueSpecification\",\"valueRequired\":true,\"valueName\":\"search_term_string\"}}],\"inLanguage\":\"fr-FR\"}]}<\/script>\n<!-- \/ Yoast SEO plugin. -->","yoast_head_json":{"title":"Pr\u00e9sentoir de sol A4 - Buyck Displays","description":"Ce pr\u00e9sentoir de sol dispose de 16 cases verticales (4 c\u00f4t\u00e9s avec 4 cases verticales) sp\u00e9cialement con\u00e7us pour les cartes de v\u0153ux ou les d\u00e9pliants A4.","robots":{"index":"index","follow":"follow","max-snippet":"max-snippet:-1","max-image-preview":"max-image-preview:large","max-video-preview":"max-video-preview:-1"},"canonical":"https:\/\/buyck-displays.com\/fr\/presentoir-de-sol-a4-pc-a4-16","og_locale":"fr_FR","og_type":"article","og_title":"Pr\u00e9sentoir de sol A4 - Buyck Displays","og_description":"Ce pr\u00e9sentoir de sol dispose de 16 cases verticales (4 c\u00f4t\u00e9s avec 4 cases verticales) sp\u00e9cialement con\u00e7us pour les cartes de v\u0153ux ou les d\u00e9pliants A4.","og_url":"https:\/\/buyck-displays.com\/fr\/presentoir-de-sol-a4-pc-a4-16","og_site_name":"Buyck Displays","article_modified_time":"2025-02-13T10:19:43+00:00","og_image":[{"width":616,"height":1601,"url":"https:\/\/buyck-displays.com\/wp-content\/uploads\/2024\/08\/PC.A4.16.png","type":"image\/png"}],"twitter_card":"summary_large_image","twitter_misc":{"Dur\u00e9e de lecture estim\u00e9e":"1 minute"},"schema":{"@context":"https:\/\/schema.org","@graph":[{"@type":"WebPage","@id":"https:\/\/buyck-displays.com\/fr\/presentoir-de-sol-a4-pc-a4-16","url":"https:\/\/buyck-displays.com\/fr\/presentoir-de-sol-a4-pc-a4-16","name":"Pr\u00e9sentoir de sol A4 - Buyck Displays","isPartOf":{"@id":"https:\/\/buyck-displays.com\/fr\/#website"},"primaryImageOfPage":{"@id":"https:\/\/buyck-displays.com\/fr\/presentoir-de-sol-a4-pc-a4-16#primaryimage"},"image":{"@id":"https:\/\/buyck-displays.com\/fr\/presentoir-de-sol-a4-pc-a4-16#primaryimage"},"thumbnailUrl":"https:\/\/buyck-displays.com\/wp-content\/uploads\/2024\/08\/PC.A4.16.png","datePublished":"2024-08-22T09:39:22+00:00","dateModified":"2025-02-13T10:19:43+00:00","description":"Ce pr\u00e9sentoir de sol dispose de 16 cases verticales (4 c\u00f4t\u00e9s avec 4 cases verticales) sp\u00e9cialement con\u00e7us pour les cartes de v\u0153ux ou les d\u00e9pliants A4.","breadcrumb":{"@id":"https:\/\/buyck-displays.com\/fr\/presentoir-de-sol-a4-pc-a4-16#breadcrumb"},"inLanguage":"fr-FR","potentialAction":[{"@type":"ReadAction","target":["https:\/\/buyck-displays.com\/fr\/presentoir-de-sol-a4-pc-a4-16"]}]},{"@type":"ImageObject","inLanguage":"fr-FR","@id":"https:\/\/buyck-displays.com\/fr\/presentoir-de-sol-a4-pc-a4-16#primaryimage","url":"https:\/\/buyck-displays.com\/wp-content\/uploads\/2024\/08\/PC.A4.16.png","contentUrl":"https:\/\/buyck-displays.com\/wp-content\/uploads\/2024\/08\/PC.A4.16.png","width":616,"height":1601},{"@type":"BreadcrumbList","@id":"https:\/\/buyck-displays.com\/fr\/presentoir-de-sol-a4-pc-a4-16#breadcrumb","itemListElement":[{"@type":"ListItem","position":1,"name":"Home","item":"https:\/\/buyck-displays.com\/fr"},{"@type":"ListItem","position":2,"name":"Displays","item":"https:\/\/buyck-displays.com\/fr\/produits"},{"@type":"ListItem","position":3,"name":"Pr\u00e9sentoir de sol A4"}]},{"@type":"WebSite","@id":"https:\/\/buyck-displays.com\/fr\/#website","url":"https:\/\/buyck-displays.com\/fr\/","name":"Buyck Displays","description":"Standaard en Maatwerk Displays","potentialAction":[{"@type":"SearchAction","target":{"@type":"EntryPoint","urlTemplate":"https:\/\/buyck-displays.com\/fr\/?s={search_term_string}"},"query-input":{"@type":"PropertyValueSpecification","valueRequired":true,"valueName":"search_term_string"}}],"inLanguage":"fr-FR"}]}},"_links":{"self":[{"href":"https:\/\/buyck-displays.com\/fr\/wp-json\/wp\/v2\/product\/80317","targetHints":{"allow":["GET"]}}],"collection":[{"href":"https:\/\/buyck-displays.com\/fr\/wp-json\/wp\/v2\/product"}],"about":[{"href":"https:\/\/buyck-displays.com\/fr\/wp-json\/wp\/v2\/types\/product"}],"replies":[{"embeddable":true,"href":"https:\/\/buyck-displays.com\/fr\/wp-json\/wp\/v2\/comments?post=80317"}],"wp:featuredmedia":[{"embeddable":true,"href":"https:\/\/buyck-displays.com\/fr\/wp-json\/wp\/v2\/media\/80312"}],"wp:attachment":[{"href":"https:\/\/buyck-displays.com\/fr\/wp-json\/wp\/v2\/media?parent=80317"}],"wp:term":[{"taxonomy":"product_brand","embeddable":true,"href":"https:\/\/buyck-displays.com\/fr\/wp-json\/wp\/v2\/product_brand?post=80317"},{"taxonomy":"product_cat","embeddable":true,"href":"https:\/\/buyck-displays.com\/fr\/wp-json\/wp\/v2\/product_cat?post=80317"},{"taxonomy":"product_tag","embeddable":true,"href":"https:\/\/buyck-displays.com\/fr\/wp-json\/wp\/v2\/product_tag?post=80317"}],"curies":[{"name":"wp","href":"https:\/\/api.w.org\/{rel}","templated":true}]}}