{"id":78218,"date":"2022-12-21T12:04:53","date_gmt":"2022-12-22T08:30:44","guid":{"rendered":"https:\/\/buyck-displays.com\/?post_type=product&#038;p=78218"},"modified":"2022-12-22T09:49:34","modified_gmt":"2022-12-22T08:49:34","slug":"porte-documents-porte-etiquettes-bu2006hor","status":"publish","type":"product","link":"https:\/\/buyck-displays.com\/fr\/porte-documents-porte-etiquettes-bu2006hor","title":{"rendered":"Porte-documents"},"content":{"rendered":"<div class=\"product-description\">\n<div class=\"product-description\">\n<p>Support solide pour les documents de format A4 horizontaux. Fabriqu\u00e9 en acrylique de haute qualit\u00e9 avec des c\u00f4t\u00e9s polis. Ce support en L convient parfaitement \u00e0 la pr\u00e9sentation unilat\u00e9rale de cartes d\u00e9tach\u00e9es telles que des \u00e9tiquettes de prix, des fiches d\u2019information, photos, des avis, \u2026. sur votre comptoir, votre bureau, votre table, etc.<\/p>\n<p><strong>Informations sur le produit :<\/strong><\/p>\n<ul>\n<li>dimensions :\n<ul>\n<li>largeur : 30 cm<\/li>\n<li>hauteur : 22 cm<\/li>\n<li>profondeur (pied) : 7,5 cm<\/li>\n<li>\u00e9paisseur de l\u2019acrylique : 2 mm<\/li>\n<\/ul>\n<\/li>\n<li>mat\u00e9riau : acrylique clair et transparent<\/li>\n<li>application : pr\u00e9sentation de documents horizontaux au format A4<\/li>\n<\/ul>\n<\/div>\n<\/div>\n","protected":false},"excerpt":{"rendered":"<p>Support solide pour les documents de format A4 horizontaux. Fabriqu\u00e9 en acrylique de haute qualit\u00e9 avec des c\u00f4t\u00e9s polis. Ce support en L convient parfaitement \u00e0 la pr\u00e9sentation unilat\u00e9rale de cartes d\u00e9tach\u00e9es telles que des \u00e9tiquettes de prix, des fiches d\u2019information, photos, des avis, \u2026. sur votre comptoir, votre bureau, votre table, etc. Informations sur &hellip; <a href=\"https:\/\/buyck-displays.com\/fr\/porte-documents-porte-etiquettes-bu2006hor\">Suite<\/a><\/p>\n","protected":false},"featured_media":78213,"comment_status":"closed","ping_status":"closed","template":"","meta":{"_acf_changed":false},"product_brand":[],"product_cat":[367,368,361],"product_tag":[],"class_list":{"0":"post-78218","1":"product","2":"type-product","3":"status-publish","4":"has-post-thumbnail","6":"product_cat-porte-document-porte-etiquettes","7":"product_cat-presentoirs-en-acrylique","8":"product_cat-presentoirs-standard","10":"first","11":"instock","12":"taxable","13":"shipping-taxable","14":"purchasable","15":"product-type-simple"},"acf":[],"yoast_head":"<!-- This site is optimized with the Yoast SEO plugin v27.6 - https:\/\/yoast.com\/product\/yoast-seo-wordpress\/ -->\n<title>Porte-documents - Buyck Displays<\/title>\n<meta name=\"description\" content=\"Porte-documents A4 pour documents, photos, fiche d&#039;information horizontaux. Fabriqu\u00e9 en acrylique fini de haute qualit\u00e9 avec des c\u00f4t\u00e9s polis.\" \/>\n<meta name=\"robots\" content=\"index, follow, max-snippet:-1, max-image-preview:large, max-video-preview:-1\" \/>\n<link rel=\"canonical\" href=\"https:\/\/buyck-displays.com\/fr\/porte-documents-porte-etiquettes-bu2006hor\" \/>\n<meta property=\"og:locale\" content=\"fr_FR\" \/>\n<meta property=\"og:type\" content=\"article\" \/>\n<meta property=\"og:title\" content=\"Porte-documents - Buyck Displays\" \/>\n<meta property=\"og:description\" content=\"Porte-documents A4 pour documents, photos, fiche d&#039;information horizontaux. Fabriqu\u00e9 en acrylique fini de haute qualit\u00e9 avec des c\u00f4t\u00e9s polis.\" \/>\n<meta property=\"og:url\" content=\"https:\/\/buyck-displays.com\/fr\/porte-documents-porte-etiquettes-bu2006hor\" \/>\n<meta property=\"og:site_name\" content=\"Buyck Displays\" \/>\n<meta property=\"article:modified_time\" content=\"2022-12-22T08:49:34+00:00\" \/>\n<meta property=\"og:image\" content=\"https:\/\/buyck-displays.com\/wp-content\/uploads\/2022\/12\/Buyck-052.jpg\" \/>\n\t<meta property=\"og:image:width\" content=\"1920\" \/>\n\t<meta property=\"og:image:height\" content=\"1440\" \/>\n\t<meta property=\"og:image:type\" content=\"image\/jpeg\" \/>\n<meta name=\"twitter:card\" content=\"summary_large_image\" \/>\n<meta name=\"twitter:label1\" content=\"Dur\u00e9e de lecture estim\u00e9e\" \/>\n\t<meta name=\"twitter:data1\" content=\"1 minute\" \/>\n<script type=\"application\/ld+json\" class=\"yoast-schema-graph\">{\"@context\":\"https:\\\/\\\/schema.org\",\"@graph\":[{\"@type\":\"WebPage\",\"@id\":\"https:\\\/\\\/buyck-displays.com\\\/fr\\\/porte-documents-porte-etiquettes-bu2006hor\",\"url\":\"https:\\\/\\\/buyck-displays.com\\\/fr\\\/porte-documents-porte-etiquettes-bu2006hor\",\"name\":\"Porte-documents - Buyck Displays\",\"isPartOf\":{\"@id\":\"https:\\\/\\\/buyck-displays.com\\\/fr\\\/#website\"},\"primaryImageOfPage\":{\"@id\":\"https:\\\/\\\/buyck-displays.com\\\/fr\\\/porte-documents-porte-etiquettes-bu2006hor#primaryimage\"},\"image\":{\"@id\":\"https:\\\/\\\/buyck-displays.com\\\/fr\\\/porte-documents-porte-etiquettes-bu2006hor#primaryimage\"},\"thumbnailUrl\":\"https:\\\/\\\/buyck-displays.com\\\/wp-content\\\/uploads\\\/2022\\\/12\\\/Buyck-052.jpg\",\"datePublished\":\"2022-12-22T08:30:44+00:00\",\"dateModified\":\"2022-12-22T08:49:34+00:00\",\"description\":\"Porte-documents A4 pour documents, photos, fiche d'information horizontaux. Fabriqu\u00e9 en acrylique fini de haute qualit\u00e9 avec des c\u00f4t\u00e9s polis.\",\"breadcrumb\":{\"@id\":\"https:\\\/\\\/buyck-displays.com\\\/fr\\\/porte-documents-porte-etiquettes-bu2006hor#breadcrumb\"},\"inLanguage\":\"fr-FR\",\"potentialAction\":[{\"@type\":\"ReadAction\",\"target\":[\"https:\\\/\\\/buyck-displays.com\\\/fr\\\/porte-documents-porte-etiquettes-bu2006hor\"]}]},{\"@type\":\"ImageObject\",\"inLanguage\":\"fr-FR\",\"@id\":\"https:\\\/\\\/buyck-displays.com\\\/fr\\\/porte-documents-porte-etiquettes-bu2006hor#primaryimage\",\"url\":\"https:\\\/\\\/buyck-displays.com\\\/wp-content\\\/uploads\\\/2022\\\/12\\\/Buyck-052.jpg\",\"contentUrl\":\"https:\\\/\\\/buyck-displays.com\\\/wp-content\\\/uploads\\\/2022\\\/12\\\/Buyck-052.jpg\",\"width\":1920,\"height\":1440},{\"@type\":\"BreadcrumbList\",\"@id\":\"https:\\\/\\\/buyck-displays.com\\\/fr\\\/porte-documents-porte-etiquettes-bu2006hor#breadcrumb\",\"itemListElement\":[{\"@type\":\"ListItem\",\"position\":1,\"name\":\"Home\",\"item\":\"https:\\\/\\\/buyck-displays.com\\\/fr\"},{\"@type\":\"ListItem\",\"position\":2,\"name\":\"Displays\",\"item\":\"https:\\\/\\\/buyck-displays.com\\\/fr\\\/produits\"},{\"@type\":\"ListItem\",\"position\":3,\"name\":\"Porte-documents\"}]},{\"@type\":\"WebSite\",\"@id\":\"https:\\\/\\\/buyck-displays.com\\\/fr\\\/#website\",\"url\":\"https:\\\/\\\/buyck-displays.com\\\/fr\\\/\",\"name\":\"Buyck Displays\",\"description\":\"Standaard en Maatwerk Displays\",\"potentialAction\":[{\"@type\":\"SearchAction\",\"target\":{\"@type\":\"EntryPoint\",\"urlTemplate\":\"https:\\\/\\\/buyck-displays.com\\\/fr\\\/?s={search_term_string}\"},\"query-input\":{\"@type\":\"PropertyValueSpecification\",\"valueRequired\":true,\"valueName\":\"search_term_string\"}}],\"inLanguage\":\"fr-FR\"}]}<\/script>\n<!-- \/ Yoast SEO plugin. -->","yoast_head_json":{"title":"Porte-documents - Buyck Displays","description":"Porte-documents A4 pour documents, photos, fiche d'information horizontaux. Fabriqu\u00e9 en acrylique fini de haute qualit\u00e9 avec des c\u00f4t\u00e9s polis.","robots":{"index":"index","follow":"follow","max-snippet":"max-snippet:-1","max-image-preview":"max-image-preview:large","max-video-preview":"max-video-preview:-1"},"canonical":"https:\/\/buyck-displays.com\/fr\/porte-documents-porte-etiquettes-bu2006hor","og_locale":"fr_FR","og_type":"article","og_title":"Porte-documents - Buyck Displays","og_description":"Porte-documents A4 pour documents, photos, fiche d'information horizontaux. Fabriqu\u00e9 en acrylique fini de haute qualit\u00e9 avec des c\u00f4t\u00e9s polis.","og_url":"https:\/\/buyck-displays.com\/fr\/porte-documents-porte-etiquettes-bu2006hor","og_site_name":"Buyck Displays","article_modified_time":"2022-12-22T08:49:34+00:00","og_image":[{"width":1920,"height":1440,"url":"https:\/\/buyck-displays.com\/wp-content\/uploads\/2022\/12\/Buyck-052.jpg","type":"image\/jpeg"}],"twitter_card":"summary_large_image","twitter_misc":{"Dur\u00e9e de lecture estim\u00e9e":"1 minute"},"schema":{"@context":"https:\/\/schema.org","@graph":[{"@type":"WebPage","@id":"https:\/\/buyck-displays.com\/fr\/porte-documents-porte-etiquettes-bu2006hor","url":"https:\/\/buyck-displays.com\/fr\/porte-documents-porte-etiquettes-bu2006hor","name":"Porte-documents - Buyck Displays","isPartOf":{"@id":"https:\/\/buyck-displays.com\/fr\/#website"},"primaryImageOfPage":{"@id":"https:\/\/buyck-displays.com\/fr\/porte-documents-porte-etiquettes-bu2006hor#primaryimage"},"image":{"@id":"https:\/\/buyck-displays.com\/fr\/porte-documents-porte-etiquettes-bu2006hor#primaryimage"},"thumbnailUrl":"https:\/\/buyck-displays.com\/wp-content\/uploads\/2022\/12\/Buyck-052.jpg","datePublished":"2022-12-22T08:30:44+00:00","dateModified":"2022-12-22T08:49:34+00:00","description":"Porte-documents A4 pour documents, photos, fiche d'information horizontaux. Fabriqu\u00e9 en acrylique fini de haute qualit\u00e9 avec des c\u00f4t\u00e9s polis.","breadcrumb":{"@id":"https:\/\/buyck-displays.com\/fr\/porte-documents-porte-etiquettes-bu2006hor#breadcrumb"},"inLanguage":"fr-FR","potentialAction":[{"@type":"ReadAction","target":["https:\/\/buyck-displays.com\/fr\/porte-documents-porte-etiquettes-bu2006hor"]}]},{"@type":"ImageObject","inLanguage":"fr-FR","@id":"https:\/\/buyck-displays.com\/fr\/porte-documents-porte-etiquettes-bu2006hor#primaryimage","url":"https:\/\/buyck-displays.com\/wp-content\/uploads\/2022\/12\/Buyck-052.jpg","contentUrl":"https:\/\/buyck-displays.com\/wp-content\/uploads\/2022\/12\/Buyck-052.jpg","width":1920,"height":1440},{"@type":"BreadcrumbList","@id":"https:\/\/buyck-displays.com\/fr\/porte-documents-porte-etiquettes-bu2006hor#breadcrumb","itemListElement":[{"@type":"ListItem","position":1,"name":"Home","item":"https:\/\/buyck-displays.com\/fr"},{"@type":"ListItem","position":2,"name":"Displays","item":"https:\/\/buyck-displays.com\/fr\/produits"},{"@type":"ListItem","position":3,"name":"Porte-documents"}]},{"@type":"WebSite","@id":"https:\/\/buyck-displays.com\/fr\/#website","url":"https:\/\/buyck-displays.com\/fr\/","name":"Buyck Displays","description":"Standaard en Maatwerk Displays","potentialAction":[{"@type":"SearchAction","target":{"@type":"EntryPoint","urlTemplate":"https:\/\/buyck-displays.com\/fr\/?s={search_term_string}"},"query-input":{"@type":"PropertyValueSpecification","valueRequired":true,"valueName":"search_term_string"}}],"inLanguage":"fr-FR"}]}},"_links":{"self":[{"href":"https:\/\/buyck-displays.com\/fr\/wp-json\/wp\/v2\/product\/78218","targetHints":{"allow":["GET"]}}],"collection":[{"href":"https:\/\/buyck-displays.com\/fr\/wp-json\/wp\/v2\/product"}],"about":[{"href":"https:\/\/buyck-displays.com\/fr\/wp-json\/wp\/v2\/types\/product"}],"replies":[{"embeddable":true,"href":"https:\/\/buyck-displays.com\/fr\/wp-json\/wp\/v2\/comments?post=78218"}],"wp:featuredmedia":[{"embeddable":true,"href":"https:\/\/buyck-displays.com\/fr\/wp-json\/wp\/v2\/media\/78213"}],"wp:attachment":[{"href":"https:\/\/buyck-displays.com\/fr\/wp-json\/wp\/v2\/media?parent=78218"}],"wp:term":[{"taxonomy":"product_brand","embeddable":true,"href":"https:\/\/buyck-displays.com\/fr\/wp-json\/wp\/v2\/product_brand?post=78218"},{"taxonomy":"product_cat","embeddable":true,"href":"https:\/\/buyck-displays.com\/fr\/wp-json\/wp\/v2\/product_cat?post=78218"},{"taxonomy":"product_tag","embeddable":true,"href":"https:\/\/buyck-displays.com\/fr\/wp-json\/wp\/v2\/product_tag?post=78218"}],"curies":[{"name":"wp","href":"https:\/\/api.w.org\/{rel}","templated":true}]}}