{"id":77720,"date":"2022-08-31T11:31:41","date_gmt":"2022-09-01T09:04:55","guid":{"rendered":"https:\/\/buyck-displays.com\/?post_type=product&#038;p=77720"},"modified":"2024-12-17T12:03:28","modified_gmt":"2024-12-17T11:03:28","slug":"presentoir-mural-pour-magazines-cartes-de-voeux-a3-pc504","status":"publish","type":"product","link":"https:\/\/buyck-displays.com\/fr\/presentoir-mural-pour-magazines-cartes-de-voeux-a3-pc504","title":{"rendered":"Pr\u00e9sentoir mural pour magazines \/ cartes de v\u0153ux A3"},"content":{"rendered":"<p>Il s&rsquo;agit d&rsquo;un magnifique pr\u00e9sentoir en m\u00e9tal avec 4 cases verticaux <strong>extra larges<\/strong> de 50 cm de largeur. Ce support est id\u00e9al pour les cartes de v\u0153ux au format A3 mais aussi pour les magazines, journaux, sets de table, d\u00e9pliants, affiches plastifi\u00e9es, etc&#8230;<\/p>\n<p>Informations sur le produit :<\/p>\n<ul>\n<li>dimensions :\n<ul>\n<li>cases (taille interne) :\n<ul>\n<li>largeur : 50 cm<\/li>\n<li>hauteur : 14,5 cm<\/li>\n<li>profondeur : 3,8 cm<\/li>\n<\/ul>\n<\/li>\n<li>rack :\n<ul>\n<li>hauteur : 120 cm <em>(porte-logo inclus)<\/em><\/li>\n<li>largeur : 51 cm<\/li>\n<\/ul>\n<\/li>\n<\/ul>\n<\/li>\n<li>4 cases verticaux<\/li>\n<li>\u00e0 accrocher au mur <em>(mat\u00e9riel de fixation non inclus)<\/em><\/li>\n<li>avec porte-logo<\/li>\n<li>couleur standard : argent<\/li>\n<li>Emballage :\n<ul>\n<li>1 paquet : 122 cm x 54 cm x 7 cm<\/li>\n<\/ul>\n<\/li>\n<\/ul>\n","protected":false},"excerpt":{"rendered":"<p>Il s&rsquo;agit d&rsquo;un magnifique pr\u00e9sentoir en m\u00e9tal avec 4 cases verticaux extra larges de 50 cm de largeur. Ce support est id\u00e9al pour les cartes de v\u0153ux au format A3 mais aussi pour les magazines, journaux, sets de table, d\u00e9pliants, affiches plastifi\u00e9es, etc&#8230; Informations sur le produit : dimensions : cases (taille interne) : largeur &hellip; <a href=\"https:\/\/buyck-displays.com\/fr\/presentoir-mural-pour-magazines-cartes-de-voeux-a3-pc504\">Suite<\/a><\/p>\n","protected":false},"featured_media":80123,"comment_status":"closed","ping_status":"closed","template":"","meta":{"_acf_changed":false},"product_brand":[],"product_cat":[361,372,559,502],"product_tag":[],"class_list":{"0":"post-77720","1":"product","2":"type-product","3":"status-publish","4":"has-post-thumbnail","6":"product_cat-presentoirs-standard","7":"product_cat-presentoirs-a-cartes","8":"product_cat-modeles-speciaux-et-pieces-detachees","9":"product_cat-presentoir-documents","11":"first","12":"instock","13":"taxable","14":"shipping-taxable","15":"purchasable","16":"product-type-simple"},"acf":[],"yoast_head":"<!-- This site is optimized with the Yoast SEO plugin v26.8 - https:\/\/yoast.com\/product\/yoast-seo-wordpress\/ -->\n<title>Pr\u00e9sentoir mural pour magazines \/ cartes de v\u0153ux A3 - Buyck Displays<\/title>\n<meta name=\"description\" content=\"Pr\u00e9sentoir mural avec 4 cases verticaux. Id\u00e9al pour les sets de table mais aussi les cartes de v\u0153ux A3, les affiches plastifi\u00e9es, les journaux, etc.\" \/>\n<meta name=\"robots\" content=\"index, follow, max-snippet:-1, max-image-preview:large, max-video-preview:-1\" \/>\n<link rel=\"canonical\" href=\"https:\/\/buyck-displays.com\/fr\/presentoir-mural-pour-magazines-cartes-de-voeux-a3-pc504\" \/>\n<meta property=\"og:locale\" content=\"fr_FR\" \/>\n<meta property=\"og:type\" content=\"article\" \/>\n<meta property=\"og:title\" content=\"Pr\u00e9sentoir mural pour magazines \/ cartes de v\u0153ux A3 - Buyck Displays\" \/>\n<meta property=\"og:description\" content=\"Pr\u00e9sentoir mural avec 4 cases verticaux. Id\u00e9al pour les sets de table mais aussi les cartes de v\u0153ux A3, les affiches plastifi\u00e9es, les journaux, etc.\" \/>\n<meta property=\"og:url\" content=\"https:\/\/buyck-displays.com\/fr\/presentoir-mural-pour-magazines-cartes-de-voeux-a3-pc504\" \/>\n<meta property=\"og:site_name\" content=\"Buyck Displays\" \/>\n<meta property=\"article:modified_time\" content=\"2024-12-17T11:03:28+00:00\" \/>\n<meta property=\"og:image\" content=\"https:\/\/buyck-displays.com\/wp-content\/uploads\/2022\/08\/Wandrek-voor-placemats-of-A3-wenskaarten-PC504.jpg\" \/>\n\t<meta property=\"og:image:width\" content=\"1440\" \/>\n\t<meta property=\"og:image:height\" content=\"1920\" \/>\n\t<meta property=\"og:image:type\" content=\"image\/jpeg\" \/>\n<meta name=\"twitter:card\" content=\"summary_large_image\" \/>\n<meta name=\"twitter:label1\" content=\"Dur\u00e9e de lecture estim\u00e9e\" \/>\n\t<meta name=\"twitter:data1\" content=\"1 minute\" \/>\n<script type=\"application\/ld+json\" class=\"yoast-schema-graph\">{\"@context\":\"https:\/\/schema.org\",\"@graph\":[{\"@type\":\"WebPage\",\"@id\":\"https:\/\/buyck-displays.com\/fr\/presentoir-mural-pour-magazines-cartes-de-voeux-a3-pc504\",\"url\":\"https:\/\/buyck-displays.com\/fr\/presentoir-mural-pour-magazines-cartes-de-voeux-a3-pc504\",\"name\":\"Pr\u00e9sentoir mural pour magazines \/ cartes de v\u0153ux A3 - Buyck Displays\",\"isPartOf\":{\"@id\":\"https:\/\/buyck-displays.com\/fr\/#website\"},\"primaryImageOfPage\":{\"@id\":\"https:\/\/buyck-displays.com\/fr\/presentoir-mural-pour-magazines-cartes-de-voeux-a3-pc504#primaryimage\"},\"image\":{\"@id\":\"https:\/\/buyck-displays.com\/fr\/presentoir-mural-pour-magazines-cartes-de-voeux-a3-pc504#primaryimage\"},\"thumbnailUrl\":\"https:\/\/buyck-displays.com\/wp-content\/uploads\/2022\/08\/Wandrek-voor-placemats-of-A3-wenskaarten-PC504.jpg\",\"datePublished\":\"2022-09-01T09:04:55+00:00\",\"dateModified\":\"2024-12-17T11:03:28+00:00\",\"description\":\"Pr\u00e9sentoir mural avec 4 cases verticaux. Id\u00e9al pour les sets de table mais aussi les cartes de v\u0153ux A3, les affiches plastifi\u00e9es, les journaux, etc.\",\"breadcrumb\":{\"@id\":\"https:\/\/buyck-displays.com\/fr\/presentoir-mural-pour-magazines-cartes-de-voeux-a3-pc504#breadcrumb\"},\"inLanguage\":\"fr-FR\",\"potentialAction\":[{\"@type\":\"ReadAction\",\"target\":[\"https:\/\/buyck-displays.com\/fr\/presentoir-mural-pour-magazines-cartes-de-voeux-a3-pc504\"]}]},{\"@type\":\"ImageObject\",\"inLanguage\":\"fr-FR\",\"@id\":\"https:\/\/buyck-displays.com\/fr\/presentoir-mural-pour-magazines-cartes-de-voeux-a3-pc504#primaryimage\",\"url\":\"https:\/\/buyck-displays.com\/wp-content\/uploads\/2022\/08\/Wandrek-voor-placemats-of-A3-wenskaarten-PC504.jpg\",\"contentUrl\":\"https:\/\/buyck-displays.com\/wp-content\/uploads\/2022\/08\/Wandrek-voor-placemats-of-A3-wenskaarten-PC504.jpg\",\"width\":1440,\"height\":1920},{\"@type\":\"BreadcrumbList\",\"@id\":\"https:\/\/buyck-displays.com\/fr\/presentoir-mural-pour-magazines-cartes-de-voeux-a3-pc504#breadcrumb\",\"itemListElement\":[{\"@type\":\"ListItem\",\"position\":1,\"name\":\"Home\",\"item\":\"https:\/\/buyck-displays.com\/fr\"},{\"@type\":\"ListItem\",\"position\":2,\"name\":\"Displays\",\"item\":\"https:\/\/buyck-displays.com\/fr\/produits\"},{\"@type\":\"ListItem\",\"position\":3,\"name\":\"Pr\u00e9sentoir mural pour magazines \/ cartes de v\u0153ux A3\"}]},{\"@type\":\"WebSite\",\"@id\":\"https:\/\/buyck-displays.com\/fr\/#website\",\"url\":\"https:\/\/buyck-displays.com\/fr\/\",\"name\":\"Buyck Displays\",\"description\":\"Standaard en Maatwerk Displays\",\"potentialAction\":[{\"@type\":\"SearchAction\",\"target\":{\"@type\":\"EntryPoint\",\"urlTemplate\":\"https:\/\/buyck-displays.com\/fr\/?s={search_term_string}\"},\"query-input\":{\"@type\":\"PropertyValueSpecification\",\"valueRequired\":true,\"valueName\":\"search_term_string\"}}],\"inLanguage\":\"fr-FR\"}]}<\/script>\n<!-- \/ Yoast SEO plugin. -->","yoast_head_json":{"title":"Pr\u00e9sentoir mural pour magazines \/ cartes de v\u0153ux A3 - Buyck Displays","description":"Pr\u00e9sentoir mural avec 4 cases verticaux. Id\u00e9al pour les sets de table mais aussi les cartes de v\u0153ux A3, les affiches plastifi\u00e9es, les journaux, etc.","robots":{"index":"index","follow":"follow","max-snippet":"max-snippet:-1","max-image-preview":"max-image-preview:large","max-video-preview":"max-video-preview:-1"},"canonical":"https:\/\/buyck-displays.com\/fr\/presentoir-mural-pour-magazines-cartes-de-voeux-a3-pc504","og_locale":"fr_FR","og_type":"article","og_title":"Pr\u00e9sentoir mural pour magazines \/ cartes de v\u0153ux A3 - Buyck Displays","og_description":"Pr\u00e9sentoir mural avec 4 cases verticaux. Id\u00e9al pour les sets de table mais aussi les cartes de v\u0153ux A3, les affiches plastifi\u00e9es, les journaux, etc.","og_url":"https:\/\/buyck-displays.com\/fr\/presentoir-mural-pour-magazines-cartes-de-voeux-a3-pc504","og_site_name":"Buyck Displays","article_modified_time":"2024-12-17T11:03:28+00:00","og_image":[{"width":1440,"height":1920,"url":"https:\/\/buyck-displays.com\/wp-content\/uploads\/2022\/08\/Wandrek-voor-placemats-of-A3-wenskaarten-PC504.jpg","type":"image\/jpeg"}],"twitter_card":"summary_large_image","twitter_misc":{"Dur\u00e9e de lecture estim\u00e9e":"1 minute"},"schema":{"@context":"https:\/\/schema.org","@graph":[{"@type":"WebPage","@id":"https:\/\/buyck-displays.com\/fr\/presentoir-mural-pour-magazines-cartes-de-voeux-a3-pc504","url":"https:\/\/buyck-displays.com\/fr\/presentoir-mural-pour-magazines-cartes-de-voeux-a3-pc504","name":"Pr\u00e9sentoir mural pour magazines \/ cartes de v\u0153ux A3 - Buyck Displays","isPartOf":{"@id":"https:\/\/buyck-displays.com\/fr\/#website"},"primaryImageOfPage":{"@id":"https:\/\/buyck-displays.com\/fr\/presentoir-mural-pour-magazines-cartes-de-voeux-a3-pc504#primaryimage"},"image":{"@id":"https:\/\/buyck-displays.com\/fr\/presentoir-mural-pour-magazines-cartes-de-voeux-a3-pc504#primaryimage"},"thumbnailUrl":"https:\/\/buyck-displays.com\/wp-content\/uploads\/2022\/08\/Wandrek-voor-placemats-of-A3-wenskaarten-PC504.jpg","datePublished":"2022-09-01T09:04:55+00:00","dateModified":"2024-12-17T11:03:28+00:00","description":"Pr\u00e9sentoir mural avec 4 cases verticaux. Id\u00e9al pour les sets de table mais aussi les cartes de v\u0153ux A3, les affiches plastifi\u00e9es, les journaux, etc.","breadcrumb":{"@id":"https:\/\/buyck-displays.com\/fr\/presentoir-mural-pour-magazines-cartes-de-voeux-a3-pc504#breadcrumb"},"inLanguage":"fr-FR","potentialAction":[{"@type":"ReadAction","target":["https:\/\/buyck-displays.com\/fr\/presentoir-mural-pour-magazines-cartes-de-voeux-a3-pc504"]}]},{"@type":"ImageObject","inLanguage":"fr-FR","@id":"https:\/\/buyck-displays.com\/fr\/presentoir-mural-pour-magazines-cartes-de-voeux-a3-pc504#primaryimage","url":"https:\/\/buyck-displays.com\/wp-content\/uploads\/2022\/08\/Wandrek-voor-placemats-of-A3-wenskaarten-PC504.jpg","contentUrl":"https:\/\/buyck-displays.com\/wp-content\/uploads\/2022\/08\/Wandrek-voor-placemats-of-A3-wenskaarten-PC504.jpg","width":1440,"height":1920},{"@type":"BreadcrumbList","@id":"https:\/\/buyck-displays.com\/fr\/presentoir-mural-pour-magazines-cartes-de-voeux-a3-pc504#breadcrumb","itemListElement":[{"@type":"ListItem","position":1,"name":"Home","item":"https:\/\/buyck-displays.com\/fr"},{"@type":"ListItem","position":2,"name":"Displays","item":"https:\/\/buyck-displays.com\/fr\/produits"},{"@type":"ListItem","position":3,"name":"Pr\u00e9sentoir mural pour magazines \/ cartes de v\u0153ux A3"}]},{"@type":"WebSite","@id":"https:\/\/buyck-displays.com\/fr\/#website","url":"https:\/\/buyck-displays.com\/fr\/","name":"Buyck Displays","description":"Standaard en Maatwerk Displays","potentialAction":[{"@type":"SearchAction","target":{"@type":"EntryPoint","urlTemplate":"https:\/\/buyck-displays.com\/fr\/?s={search_term_string}"},"query-input":{"@type":"PropertyValueSpecification","valueRequired":true,"valueName":"search_term_string"}}],"inLanguage":"fr-FR"}]}},"_links":{"self":[{"href":"https:\/\/buyck-displays.com\/fr\/wp-json\/wp\/v2\/product\/77720","targetHints":{"allow":["GET"]}}],"collection":[{"href":"https:\/\/buyck-displays.com\/fr\/wp-json\/wp\/v2\/product"}],"about":[{"href":"https:\/\/buyck-displays.com\/fr\/wp-json\/wp\/v2\/types\/product"}],"replies":[{"embeddable":true,"href":"https:\/\/buyck-displays.com\/fr\/wp-json\/wp\/v2\/comments?post=77720"}],"wp:featuredmedia":[{"embeddable":true,"href":"https:\/\/buyck-displays.com\/fr\/wp-json\/wp\/v2\/media\/80123"}],"wp:attachment":[{"href":"https:\/\/buyck-displays.com\/fr\/wp-json\/wp\/v2\/media?parent=77720"}],"wp:term":[{"taxonomy":"product_brand","embeddable":true,"href":"https:\/\/buyck-displays.com\/fr\/wp-json\/wp\/v2\/product_brand?post=77720"},{"taxonomy":"product_cat","embeddable":true,"href":"https:\/\/buyck-displays.com\/fr\/wp-json\/wp\/v2\/product_cat?post=77720"},{"taxonomy":"product_tag","embeddable":true,"href":"https:\/\/buyck-displays.com\/fr\/wp-json\/wp\/v2\/product_tag?post=77720"}],"curies":[{"name":"wp","href":"https:\/\/api.w.org\/{rel}","templated":true}]}}