{"id":77703,"date":"2022-08-30T10:47:14","date_gmt":"2022-08-30T09:46:10","guid":{"rendered":"https:\/\/buyck-displays.com\/?post_type=product&#038;p=77703"},"modified":"2025-02-13T11:21:52","modified_gmt":"2025-02-13T10:21:52","slug":"rack-pour-cartes-depiants-a4-verticales-bu-a4-4v","status":"publish","type":"product","link":"https:\/\/buyck-displays.com\/fr\/rack-pour-cartes-depiants-a4-verticales-bu-a4-4v","title":{"rendered":"Rack pour cartes\/d\u00e9pliants A4 verticales"},"content":{"rendered":"<p>Un rack s\u00e9par\u00e9 avec 4 cases <strong>verticales<\/strong>, sp\u00e9cialement con\u00e7u pour les cartes ou les d\u00e9pliants de format A4. Ce rack peut \u00eatre mont\u00e9 sur certains nos <span style=\"color: #3366ff;\"><a style=\"color: #3366ff;\" href=\"https:\/\/buyck-displays.com\/fr\/displays\/presentoirs-standard\/presentoirs-a-cartes\"><strong>pr\u00e9sentoirs \u00e0 cartes<\/strong><\/a><\/span> <strong>au sol, <\/strong>mais peut \u00e9galement \u00eatre accroch\u00e9 au mur <em>(mat\u00e9riel de montage non inclus)<\/em>.<\/p>\n<p><strong>Informations sur le produit :<\/strong><\/p>\n<ul>\n<li>dimensions :\n<ul>\n<li>cases (taille int\u00e9rieure) :\n<ul>\n<li>largeur : 22 cm<\/li>\n<li>hauteur : 20 cm<\/li>\n<li>profondeur : 4 cm<\/li>\n<\/ul>\n<\/li>\n<li>rack :\n<ul>\n<li>hauteur : 133,5 cm<\/li>\n<li>largeur : 22 cm<\/li>\n<\/ul>\n<\/li>\n<\/ul>\n<\/li>\n<li>4 cases verticales<\/li>\n<li>couleur standard : argent<\/li>\n<li>Emballage :\n<ul>\n<li>1 paquet : 143 cm x 26 cm x 7 cm<\/li>\n<\/ul>\n<\/li>\n<\/ul>\n","protected":false},"excerpt":{"rendered":"<p>Un rack s\u00e9par\u00e9 avec 4 cases verticales, sp\u00e9cialement con\u00e7u pour les cartes ou les d\u00e9pliants de format A4. Ce rack peut \u00eatre mont\u00e9 sur certains nos pr\u00e9sentoirs \u00e0 cartes au sol, mais peut \u00e9galement \u00eatre accroch\u00e9 au mur (mat\u00e9riel de montage non inclus). Informations sur le produit : dimensions : cases (taille int\u00e9rieure) : largeur &hellip; <a href=\"https:\/\/buyck-displays.com\/fr\/rack-pour-cartes-depiants-a4-verticales-bu-a4-4v\">Suite<\/a><\/p>\n","protected":false},"featured_media":77699,"comment_status":"closed","ping_status":"closed","template":"","meta":{"_acf_changed":false},"product_brand":[],"product_cat":[551,559,372,361],"product_tag":[],"class_list":{"0":"post-77703","1":"product","2":"type-product","3":"status-publish","4":"has-post-thumbnail","6":"product_cat-accessoires","7":"product_cat-modeles-speciaux-et-pieces-detachees","8":"product_cat-presentoirs-a-cartes","9":"product_cat-presentoirs-standard","11":"first","12":"instock","13":"taxable","14":"shipping-taxable","15":"purchasable","16":"product-type-simple"},"acf":[],"yoast_head":"<!-- This site is optimized with the Yoast SEO plugin v27.6 - https:\/\/yoast.com\/product\/yoast-seo-wordpress\/ -->\n<title>Rack pour cartes\/d\u00e9pliants A4 verticales - Buyck Displays<\/title>\n<meta name=\"description\" content=\"Rack pour cartes ou d\u00e9pliants A4 verticales. Ce rack peut \u00eatre mont\u00e9 sur certains nos pr\u00e9sentoirs \u00e0 cartes au sol, mais peut \u00e9galement \u00eatre accroch\u00e9 au mur.\" \/>\n<meta name=\"robots\" content=\"index, follow, max-snippet:-1, max-image-preview:large, max-video-preview:-1\" \/>\n<link rel=\"canonical\" href=\"https:\/\/buyck-displays.com\/fr\/rack-pour-cartes-depiants-a4-verticales-bu-a4-4v\" \/>\n<meta property=\"og:locale\" content=\"fr_FR\" \/>\n<meta property=\"og:type\" content=\"article\" \/>\n<meta property=\"og:title\" content=\"Rack pour cartes\/d\u00e9pliants A4 verticales - Buyck Displays\" \/>\n<meta property=\"og:description\" content=\"Rack pour cartes ou d\u00e9pliants A4 verticales. Ce rack peut \u00eatre mont\u00e9 sur certains nos pr\u00e9sentoirs \u00e0 cartes au sol, mais peut \u00e9galement \u00eatre accroch\u00e9 au mur.\" \/>\n<meta property=\"og:url\" content=\"https:\/\/buyck-displays.com\/fr\/rack-pour-cartes-depiants-a4-verticales-bu-a4-4v\" \/>\n<meta property=\"og:site_name\" content=\"Buyck Displays\" \/>\n<meta property=\"article:modified_time\" content=\"2025-02-13T10:21:52+00:00\" \/>\n<meta property=\"og:image\" content=\"https:\/\/buyck-displays.com\/wp-content\/uploads\/2022\/08\/Rekje-A4-verticaal.jpg\" \/>\n\t<meta property=\"og:image:width\" content=\"440\" \/>\n\t<meta property=\"og:image:height\" content=\"983\" \/>\n\t<meta property=\"og:image:type\" content=\"image\/jpeg\" \/>\n<meta name=\"twitter:card\" content=\"summary_large_image\" \/>\n<meta name=\"twitter:label1\" content=\"Dur\u00e9e de lecture estim\u00e9e\" \/>\n\t<meta name=\"twitter:data1\" content=\"1 minute\" \/>\n<script type=\"application\/ld+json\" class=\"yoast-schema-graph\">{\"@context\":\"https:\\\/\\\/schema.org\",\"@graph\":[{\"@type\":\"WebPage\",\"@id\":\"https:\\\/\\\/buyck-displays.com\\\/fr\\\/rack-pour-cartes-depiants-a4-verticales-bu-a4-4v\",\"url\":\"https:\\\/\\\/buyck-displays.com\\\/fr\\\/rack-pour-cartes-depiants-a4-verticales-bu-a4-4v\",\"name\":\"Rack pour cartes\\\/d\u00e9pliants A4 verticales - Buyck Displays\",\"isPartOf\":{\"@id\":\"https:\\\/\\\/buyck-displays.com\\\/fr\\\/#website\"},\"primaryImageOfPage\":{\"@id\":\"https:\\\/\\\/buyck-displays.com\\\/fr\\\/rack-pour-cartes-depiants-a4-verticales-bu-a4-4v#primaryimage\"},\"image\":{\"@id\":\"https:\\\/\\\/buyck-displays.com\\\/fr\\\/rack-pour-cartes-depiants-a4-verticales-bu-a4-4v#primaryimage\"},\"thumbnailUrl\":\"https:\\\/\\\/buyck-displays.com\\\/wp-content\\\/uploads\\\/2022\\\/08\\\/Rekje-A4-verticaal.jpg\",\"datePublished\":\"2022-08-30T09:46:10+00:00\",\"dateModified\":\"2025-02-13T10:21:52+00:00\",\"description\":\"Rack pour cartes ou d\u00e9pliants A4 verticales. Ce rack peut \u00eatre mont\u00e9 sur certains nos pr\u00e9sentoirs \u00e0 cartes au sol, mais peut \u00e9galement \u00eatre accroch\u00e9 au mur.\",\"breadcrumb\":{\"@id\":\"https:\\\/\\\/buyck-displays.com\\\/fr\\\/rack-pour-cartes-depiants-a4-verticales-bu-a4-4v#breadcrumb\"},\"inLanguage\":\"fr-FR\",\"potentialAction\":[{\"@type\":\"ReadAction\",\"target\":[\"https:\\\/\\\/buyck-displays.com\\\/fr\\\/rack-pour-cartes-depiants-a4-verticales-bu-a4-4v\"]}]},{\"@type\":\"ImageObject\",\"inLanguage\":\"fr-FR\",\"@id\":\"https:\\\/\\\/buyck-displays.com\\\/fr\\\/rack-pour-cartes-depiants-a4-verticales-bu-a4-4v#primaryimage\",\"url\":\"https:\\\/\\\/buyck-displays.com\\\/wp-content\\\/uploads\\\/2022\\\/08\\\/Rekje-A4-verticaal.jpg\",\"contentUrl\":\"https:\\\/\\\/buyck-displays.com\\\/wp-content\\\/uploads\\\/2022\\\/08\\\/Rekje-A4-verticaal.jpg\",\"width\":440,\"height\":983},{\"@type\":\"BreadcrumbList\",\"@id\":\"https:\\\/\\\/buyck-displays.com\\\/fr\\\/rack-pour-cartes-depiants-a4-verticales-bu-a4-4v#breadcrumb\",\"itemListElement\":[{\"@type\":\"ListItem\",\"position\":1,\"name\":\"Home\",\"item\":\"https:\\\/\\\/buyck-displays.com\\\/fr\"},{\"@type\":\"ListItem\",\"position\":2,\"name\":\"Displays\",\"item\":\"https:\\\/\\\/buyck-displays.com\\\/fr\\\/produits\"},{\"@type\":\"ListItem\",\"position\":3,\"name\":\"Rack pour cartes\\\/d\u00e9pliants A4 verticales\"}]},{\"@type\":\"WebSite\",\"@id\":\"https:\\\/\\\/buyck-displays.com\\\/fr\\\/#website\",\"url\":\"https:\\\/\\\/buyck-displays.com\\\/fr\\\/\",\"name\":\"Buyck Displays\",\"description\":\"Standaard en Maatwerk Displays\",\"potentialAction\":[{\"@type\":\"SearchAction\",\"target\":{\"@type\":\"EntryPoint\",\"urlTemplate\":\"https:\\\/\\\/buyck-displays.com\\\/fr\\\/?s={search_term_string}\"},\"query-input\":{\"@type\":\"PropertyValueSpecification\",\"valueRequired\":true,\"valueName\":\"search_term_string\"}}],\"inLanguage\":\"fr-FR\"}]}<\/script>\n<!-- \/ Yoast SEO plugin. -->","yoast_head_json":{"title":"Rack pour cartes\/d\u00e9pliants A4 verticales - Buyck Displays","description":"Rack pour cartes ou d\u00e9pliants A4 verticales. Ce rack peut \u00eatre mont\u00e9 sur certains nos pr\u00e9sentoirs \u00e0 cartes au sol, mais peut \u00e9galement \u00eatre accroch\u00e9 au mur.","robots":{"index":"index","follow":"follow","max-snippet":"max-snippet:-1","max-image-preview":"max-image-preview:large","max-video-preview":"max-video-preview:-1"},"canonical":"https:\/\/buyck-displays.com\/fr\/rack-pour-cartes-depiants-a4-verticales-bu-a4-4v","og_locale":"fr_FR","og_type":"article","og_title":"Rack pour cartes\/d\u00e9pliants A4 verticales - Buyck Displays","og_description":"Rack pour cartes ou d\u00e9pliants A4 verticales. Ce rack peut \u00eatre mont\u00e9 sur certains nos pr\u00e9sentoirs \u00e0 cartes au sol, mais peut \u00e9galement \u00eatre accroch\u00e9 au mur.","og_url":"https:\/\/buyck-displays.com\/fr\/rack-pour-cartes-depiants-a4-verticales-bu-a4-4v","og_site_name":"Buyck Displays","article_modified_time":"2025-02-13T10:21:52+00:00","og_image":[{"width":440,"height":983,"url":"https:\/\/buyck-displays.com\/wp-content\/uploads\/2022\/08\/Rekje-A4-verticaal.jpg","type":"image\/jpeg"}],"twitter_card":"summary_large_image","twitter_misc":{"Dur\u00e9e de lecture estim\u00e9e":"1 minute"},"schema":{"@context":"https:\/\/schema.org","@graph":[{"@type":"WebPage","@id":"https:\/\/buyck-displays.com\/fr\/rack-pour-cartes-depiants-a4-verticales-bu-a4-4v","url":"https:\/\/buyck-displays.com\/fr\/rack-pour-cartes-depiants-a4-verticales-bu-a4-4v","name":"Rack pour cartes\/d\u00e9pliants A4 verticales - Buyck Displays","isPartOf":{"@id":"https:\/\/buyck-displays.com\/fr\/#website"},"primaryImageOfPage":{"@id":"https:\/\/buyck-displays.com\/fr\/rack-pour-cartes-depiants-a4-verticales-bu-a4-4v#primaryimage"},"image":{"@id":"https:\/\/buyck-displays.com\/fr\/rack-pour-cartes-depiants-a4-verticales-bu-a4-4v#primaryimage"},"thumbnailUrl":"https:\/\/buyck-displays.com\/wp-content\/uploads\/2022\/08\/Rekje-A4-verticaal.jpg","datePublished":"2022-08-30T09:46:10+00:00","dateModified":"2025-02-13T10:21:52+00:00","description":"Rack pour cartes ou d\u00e9pliants A4 verticales. Ce rack peut \u00eatre mont\u00e9 sur certains nos pr\u00e9sentoirs \u00e0 cartes au sol, mais peut \u00e9galement \u00eatre accroch\u00e9 au mur.","breadcrumb":{"@id":"https:\/\/buyck-displays.com\/fr\/rack-pour-cartes-depiants-a4-verticales-bu-a4-4v#breadcrumb"},"inLanguage":"fr-FR","potentialAction":[{"@type":"ReadAction","target":["https:\/\/buyck-displays.com\/fr\/rack-pour-cartes-depiants-a4-verticales-bu-a4-4v"]}]},{"@type":"ImageObject","inLanguage":"fr-FR","@id":"https:\/\/buyck-displays.com\/fr\/rack-pour-cartes-depiants-a4-verticales-bu-a4-4v#primaryimage","url":"https:\/\/buyck-displays.com\/wp-content\/uploads\/2022\/08\/Rekje-A4-verticaal.jpg","contentUrl":"https:\/\/buyck-displays.com\/wp-content\/uploads\/2022\/08\/Rekje-A4-verticaal.jpg","width":440,"height":983},{"@type":"BreadcrumbList","@id":"https:\/\/buyck-displays.com\/fr\/rack-pour-cartes-depiants-a4-verticales-bu-a4-4v#breadcrumb","itemListElement":[{"@type":"ListItem","position":1,"name":"Home","item":"https:\/\/buyck-displays.com\/fr"},{"@type":"ListItem","position":2,"name":"Displays","item":"https:\/\/buyck-displays.com\/fr\/produits"},{"@type":"ListItem","position":3,"name":"Rack pour cartes\/d\u00e9pliants A4 verticales"}]},{"@type":"WebSite","@id":"https:\/\/buyck-displays.com\/fr\/#website","url":"https:\/\/buyck-displays.com\/fr\/","name":"Buyck Displays","description":"Standaard en Maatwerk Displays","potentialAction":[{"@type":"SearchAction","target":{"@type":"EntryPoint","urlTemplate":"https:\/\/buyck-displays.com\/fr\/?s={search_term_string}"},"query-input":{"@type":"PropertyValueSpecification","valueRequired":true,"valueName":"search_term_string"}}],"inLanguage":"fr-FR"}]}},"_links":{"self":[{"href":"https:\/\/buyck-displays.com\/fr\/wp-json\/wp\/v2\/product\/77703","targetHints":{"allow":["GET"]}}],"collection":[{"href":"https:\/\/buyck-displays.com\/fr\/wp-json\/wp\/v2\/product"}],"about":[{"href":"https:\/\/buyck-displays.com\/fr\/wp-json\/wp\/v2\/types\/product"}],"replies":[{"embeddable":true,"href":"https:\/\/buyck-displays.com\/fr\/wp-json\/wp\/v2\/comments?post=77703"}],"wp:featuredmedia":[{"embeddable":true,"href":"https:\/\/buyck-displays.com\/fr\/wp-json\/wp\/v2\/media\/77699"}],"wp:attachment":[{"href":"https:\/\/buyck-displays.com\/fr\/wp-json\/wp\/v2\/media?parent=77703"}],"wp:term":[{"taxonomy":"product_brand","embeddable":true,"href":"https:\/\/buyck-displays.com\/fr\/wp-json\/wp\/v2\/product_brand?post=77703"},{"taxonomy":"product_cat","embeddable":true,"href":"https:\/\/buyck-displays.com\/fr\/wp-json\/wp\/v2\/product_cat?post=77703"},{"taxonomy":"product_tag","embeddable":true,"href":"https:\/\/buyck-displays.com\/fr\/wp-json\/wp\/v2\/product_tag?post=77703"}],"curies":[{"name":"wp","href":"https:\/\/api.w.org\/{rel}","templated":true}]}}