{"id":77467,"date":"2022-06-20T12:19:53","date_gmt":"2022-06-20T10:19:53","guid":{"rendered":"https:\/\/buyck-displays.com\/?post_type=product&#038;p=77467"},"modified":"2026-04-27T15:49:25","modified_gmt":"2026-04-27T13:49:25","slug":"presentoir-de-comptoir-ats1510","status":"publish","type":"product","link":"https:\/\/buyck-displays.com\/fr\/presentoir-de-comptoir-ats1510","title":{"rendered":"Pr\u00e9sentoir de comptoir"},"content":{"rendered":"<p><span style=\"color: #ff0000;\"><strong>Jusqu\u2019\u00e0 \u00e9puisement des stocks !<\/strong><\/span><\/p>\n<p>Ce pr\u00e9sentoir de comptoir en m\u00e9tal est sp\u00e9cialement con\u00e7u pour y placer des bo\u00eetes ou des plateaux pour les petits articles \u00e0 pr\u00e9senter sur le comptoir, \u00e0 la caisse.<\/p>\n<p><strong>Informations sur le produit :<\/strong><\/p>\n<ul>\n<li>dimensions :\n<ul>\n<li>dimensions ext\u00e9rieures :\n<ul>\n<li>hauteur : 30 cm<\/li>\n<li>largeur : 31,8 cm<\/li>\n<li>profondeur : 25 cm<\/li>\n<\/ul>\n<\/li>\n<li>niveaux :\n<ul>\n<li>largeur : 30,8 cm<\/li>\n<li>profondeur : 18 cm<\/li>\n<li>distance entre les niveaux : 12,8 cm<\/li>\n<\/ul>\n<\/li>\n<\/ul>\n<\/li>\n<li>mat\u00e9riau : m\u00e9tal<\/li>\n<li>couleur standard : gris argent\u00e9<\/li>\n<\/ul>\n","protected":false},"excerpt":{"rendered":"<p>Jusqu\u2019\u00e0 \u00e9puisement des stocks ! Ce pr\u00e9sentoir de comptoir en m\u00e9tal est sp\u00e9cialement con\u00e7u pour y placer des bo\u00eetes ou des plateaux pour les petits articles \u00e0 pr\u00e9senter sur le comptoir, \u00e0 la caisse. Informations sur le produit : dimensions : dimensions ext\u00e9rieures : hauteur : 30 cm largeur : 31,8 cm profondeur : 25 &hellip; <a href=\"https:\/\/buyck-displays.com\/fr\/presentoir-de-comptoir-ats1510\">Suite<\/a><\/p>\n","protected":false},"featured_media":82839,"comment_status":"closed","ping_status":"closed","template":"","meta":{"_acf_changed":false},"product_brand":[],"product_cat":[568,361,371],"product_tag":[],"class_list":{"0":"post-77467","1":"product","2":"type-product","3":"status-publish","4":"has-post-thumbnail","6":"product_cat-destockage","7":"product_cat-presentoirs-standard","8":"product_cat-presentoirs-pour-articles-a-poser","10":"first","11":"instock","12":"sale","13":"taxable","14":"shipping-taxable","15":"purchasable","16":"product-type-simple"},"acf":[],"yoast_head":"<!-- This site is optimized with the Yoast SEO plugin v27.6 - https:\/\/yoast.com\/product\/yoast-seo-wordpress\/ -->\n<title>Pr\u00e9sentoir de comptoir - Buyck Displays<\/title>\n<meta name=\"description\" content=\"Pr\u00e9sentoir de comptoir en m\u00e9tal pour les bo\u00eetes de petits articles \u00e0 pr\u00e9senter sur le comptoir par le caissier.\" \/>\n<meta name=\"robots\" content=\"index, follow, max-snippet:-1, max-image-preview:large, max-video-preview:-1\" \/>\n<link rel=\"canonical\" href=\"https:\/\/buyck-displays.com\/fr\/presentoir-de-comptoir-ats1510\" \/>\n<meta property=\"og:locale\" content=\"fr_FR\" \/>\n<meta property=\"og:type\" content=\"article\" \/>\n<meta property=\"og:title\" content=\"Pr\u00e9sentoir de comptoir - Buyck Displays\" \/>\n<meta property=\"og:description\" content=\"Pr\u00e9sentoir de comptoir en m\u00e9tal pour les bo\u00eetes de petits articles \u00e0 pr\u00e9senter sur le comptoir par le caissier.\" \/>\n<meta property=\"og:url\" content=\"https:\/\/buyck-displays.com\/fr\/presentoir-de-comptoir-ats1510\" \/>\n<meta property=\"og:site_name\" content=\"Buyck Displays\" \/>\n<meta property=\"article:modified_time\" content=\"2026-04-27T13:49:25+00:00\" \/>\n<meta property=\"og:image\" content=\"https:\/\/buyck-displays.com\/wp-content\/uploads\/2022\/06\/ATS-1510-07-40-picture-4-1.jpg\" \/>\n\t<meta property=\"og:image:width\" content=\"1123\" \/>\n\t<meta property=\"og:image:height\" content=\"1579\" \/>\n\t<meta property=\"og:image:type\" content=\"image\/jpeg\" \/>\n<meta name=\"twitter:card\" content=\"summary_large_image\" \/>\n<meta name=\"twitter:label1\" content=\"Dur\u00e9e de lecture estim\u00e9e\" \/>\n\t<meta name=\"twitter:data1\" content=\"1 minute\" \/>\n<script type=\"application\/ld+json\" class=\"yoast-schema-graph\">{\"@context\":\"https:\\\/\\\/schema.org\",\"@graph\":[{\"@type\":\"WebPage\",\"@id\":\"https:\\\/\\\/buyck-displays.com\\\/fr\\\/presentoir-de-comptoir-ats1510\",\"url\":\"https:\\\/\\\/buyck-displays.com\\\/fr\\\/presentoir-de-comptoir-ats1510\",\"name\":\"Pr\u00e9sentoir de comptoir - Buyck Displays\",\"isPartOf\":{\"@id\":\"https:\\\/\\\/buyck-displays.com\\\/fr\\\/#website\"},\"primaryImageOfPage\":{\"@id\":\"https:\\\/\\\/buyck-displays.com\\\/fr\\\/presentoir-de-comptoir-ats1510#primaryimage\"},\"image\":{\"@id\":\"https:\\\/\\\/buyck-displays.com\\\/fr\\\/presentoir-de-comptoir-ats1510#primaryimage\"},\"thumbnailUrl\":\"https:\\\/\\\/buyck-displays.com\\\/wp-content\\\/uploads\\\/2022\\\/06\\\/ATS-1510-07-40-picture-4-1.jpg\",\"datePublished\":\"2022-06-20T10:19:53+00:00\",\"dateModified\":\"2026-04-27T13:49:25+00:00\",\"description\":\"Pr\u00e9sentoir de comptoir en m\u00e9tal pour les bo\u00eetes de petits articles \u00e0 pr\u00e9senter sur le comptoir par le caissier.\",\"breadcrumb\":{\"@id\":\"https:\\\/\\\/buyck-displays.com\\\/fr\\\/presentoir-de-comptoir-ats1510#breadcrumb\"},\"inLanguage\":\"fr-FR\",\"potentialAction\":[{\"@type\":\"ReadAction\",\"target\":[\"https:\\\/\\\/buyck-displays.com\\\/fr\\\/presentoir-de-comptoir-ats1510\"]}]},{\"@type\":\"ImageObject\",\"inLanguage\":\"fr-FR\",\"@id\":\"https:\\\/\\\/buyck-displays.com\\\/fr\\\/presentoir-de-comptoir-ats1510#primaryimage\",\"url\":\"https:\\\/\\\/buyck-displays.com\\\/wp-content\\\/uploads\\\/2022\\\/06\\\/ATS-1510-07-40-picture-4-1.jpg\",\"contentUrl\":\"https:\\\/\\\/buyck-displays.com\\\/wp-content\\\/uploads\\\/2022\\\/06\\\/ATS-1510-07-40-picture-4-1.jpg\",\"width\":1123,\"height\":1579},{\"@type\":\"BreadcrumbList\",\"@id\":\"https:\\\/\\\/buyck-displays.com\\\/fr\\\/presentoir-de-comptoir-ats1510#breadcrumb\",\"itemListElement\":[{\"@type\":\"ListItem\",\"position\":1,\"name\":\"Home\",\"item\":\"https:\\\/\\\/buyck-displays.com\\\/fr\"},{\"@type\":\"ListItem\",\"position\":2,\"name\":\"Displays\",\"item\":\"https:\\\/\\\/buyck-displays.com\\\/fr\\\/produits\"},{\"@type\":\"ListItem\",\"position\":3,\"name\":\"Pr\u00e9sentoir de comptoir\"}]},{\"@type\":\"WebSite\",\"@id\":\"https:\\\/\\\/buyck-displays.com\\\/fr\\\/#website\",\"url\":\"https:\\\/\\\/buyck-displays.com\\\/fr\\\/\",\"name\":\"Buyck Displays\",\"description\":\"Standaard en Maatwerk Displays\",\"potentialAction\":[{\"@type\":\"SearchAction\",\"target\":{\"@type\":\"EntryPoint\",\"urlTemplate\":\"https:\\\/\\\/buyck-displays.com\\\/fr\\\/?s={search_term_string}\"},\"query-input\":{\"@type\":\"PropertyValueSpecification\",\"valueRequired\":true,\"valueName\":\"search_term_string\"}}],\"inLanguage\":\"fr-FR\"}]}<\/script>\n<!-- \/ Yoast SEO plugin. -->","yoast_head_json":{"title":"Pr\u00e9sentoir de comptoir - Buyck Displays","description":"Pr\u00e9sentoir de comptoir en m\u00e9tal pour les bo\u00eetes de petits articles \u00e0 pr\u00e9senter sur le comptoir par le caissier.","robots":{"index":"index","follow":"follow","max-snippet":"max-snippet:-1","max-image-preview":"max-image-preview:large","max-video-preview":"max-video-preview:-1"},"canonical":"https:\/\/buyck-displays.com\/fr\/presentoir-de-comptoir-ats1510","og_locale":"fr_FR","og_type":"article","og_title":"Pr\u00e9sentoir de comptoir - Buyck Displays","og_description":"Pr\u00e9sentoir de comptoir en m\u00e9tal pour les bo\u00eetes de petits articles \u00e0 pr\u00e9senter sur le comptoir par le caissier.","og_url":"https:\/\/buyck-displays.com\/fr\/presentoir-de-comptoir-ats1510","og_site_name":"Buyck Displays","article_modified_time":"2026-04-27T13:49:25+00:00","og_image":[{"width":1123,"height":1579,"url":"https:\/\/buyck-displays.com\/wp-content\/uploads\/2022\/06\/ATS-1510-07-40-picture-4-1.jpg","type":"image\/jpeg"}],"twitter_card":"summary_large_image","twitter_misc":{"Dur\u00e9e de lecture estim\u00e9e":"1 minute"},"schema":{"@context":"https:\/\/schema.org","@graph":[{"@type":"WebPage","@id":"https:\/\/buyck-displays.com\/fr\/presentoir-de-comptoir-ats1510","url":"https:\/\/buyck-displays.com\/fr\/presentoir-de-comptoir-ats1510","name":"Pr\u00e9sentoir de comptoir - Buyck Displays","isPartOf":{"@id":"https:\/\/buyck-displays.com\/fr\/#website"},"primaryImageOfPage":{"@id":"https:\/\/buyck-displays.com\/fr\/presentoir-de-comptoir-ats1510#primaryimage"},"image":{"@id":"https:\/\/buyck-displays.com\/fr\/presentoir-de-comptoir-ats1510#primaryimage"},"thumbnailUrl":"https:\/\/buyck-displays.com\/wp-content\/uploads\/2022\/06\/ATS-1510-07-40-picture-4-1.jpg","datePublished":"2022-06-20T10:19:53+00:00","dateModified":"2026-04-27T13:49:25+00:00","description":"Pr\u00e9sentoir de comptoir en m\u00e9tal pour les bo\u00eetes de petits articles \u00e0 pr\u00e9senter sur le comptoir par le caissier.","breadcrumb":{"@id":"https:\/\/buyck-displays.com\/fr\/presentoir-de-comptoir-ats1510#breadcrumb"},"inLanguage":"fr-FR","potentialAction":[{"@type":"ReadAction","target":["https:\/\/buyck-displays.com\/fr\/presentoir-de-comptoir-ats1510"]}]},{"@type":"ImageObject","inLanguage":"fr-FR","@id":"https:\/\/buyck-displays.com\/fr\/presentoir-de-comptoir-ats1510#primaryimage","url":"https:\/\/buyck-displays.com\/wp-content\/uploads\/2022\/06\/ATS-1510-07-40-picture-4-1.jpg","contentUrl":"https:\/\/buyck-displays.com\/wp-content\/uploads\/2022\/06\/ATS-1510-07-40-picture-4-1.jpg","width":1123,"height":1579},{"@type":"BreadcrumbList","@id":"https:\/\/buyck-displays.com\/fr\/presentoir-de-comptoir-ats1510#breadcrumb","itemListElement":[{"@type":"ListItem","position":1,"name":"Home","item":"https:\/\/buyck-displays.com\/fr"},{"@type":"ListItem","position":2,"name":"Displays","item":"https:\/\/buyck-displays.com\/fr\/produits"},{"@type":"ListItem","position":3,"name":"Pr\u00e9sentoir de comptoir"}]},{"@type":"WebSite","@id":"https:\/\/buyck-displays.com\/fr\/#website","url":"https:\/\/buyck-displays.com\/fr\/","name":"Buyck Displays","description":"Standaard en Maatwerk Displays","potentialAction":[{"@type":"SearchAction","target":{"@type":"EntryPoint","urlTemplate":"https:\/\/buyck-displays.com\/fr\/?s={search_term_string}"},"query-input":{"@type":"PropertyValueSpecification","valueRequired":true,"valueName":"search_term_string"}}],"inLanguage":"fr-FR"}]}},"_links":{"self":[{"href":"https:\/\/buyck-displays.com\/fr\/wp-json\/wp\/v2\/product\/77467","targetHints":{"allow":["GET"]}}],"collection":[{"href":"https:\/\/buyck-displays.com\/fr\/wp-json\/wp\/v2\/product"}],"about":[{"href":"https:\/\/buyck-displays.com\/fr\/wp-json\/wp\/v2\/types\/product"}],"replies":[{"embeddable":true,"href":"https:\/\/buyck-displays.com\/fr\/wp-json\/wp\/v2\/comments?post=77467"}],"wp:featuredmedia":[{"embeddable":true,"href":"https:\/\/buyck-displays.com\/fr\/wp-json\/wp\/v2\/media\/82839"}],"wp:attachment":[{"href":"https:\/\/buyck-displays.com\/fr\/wp-json\/wp\/v2\/media?parent=77467"}],"wp:term":[{"taxonomy":"product_brand","embeddable":true,"href":"https:\/\/buyck-displays.com\/fr\/wp-json\/wp\/v2\/product_brand?post=77467"},{"taxonomy":"product_cat","embeddable":true,"href":"https:\/\/buyck-displays.com\/fr\/wp-json\/wp\/v2\/product_cat?post=77467"},{"taxonomy":"product_tag","embeddable":true,"href":"https:\/\/buyck-displays.com\/fr\/wp-json\/wp\/v2\/product_tag?post=77467"}],"curies":[{"name":"wp","href":"https:\/\/api.w.org\/{rel}","templated":true}]}}