{"id":77421,"date":"2022-06-13T11:35:48","date_gmt":"2022-06-13T11:17:07","guid":{"rendered":"https:\/\/buyck-displays.com\/?post_type=product&#038;p=77421"},"modified":"2024-06-19T12:04:57","modified_gmt":"2024-06-19T10:04:57","slug":"plaque-de-recouvrement-bu300","status":"publish","type":"product","link":"https:\/\/buyck-displays.com\/fr\/plaque-de-recouvrement-bu300","title":{"rendered":"Plaque de recouvrement"},"content":{"rendered":"<p>Cette plaque en plastique peut \u00eatre mont\u00e9e sur le pr\u00e9sentoir \u00e0 cartes en m\u00eame temps que les rack pour cartes. De cette fa\u00e7on, on ne peut pas voir \u00e0 travers le pr\u00e9sentoir et les cartes sont plus visibles. Command\u00e9 par pi\u00e8ce\/par c\u00f4t\u00e9.<\/p>\n<p><strong>Informations sur le produit :<\/strong><\/p>\n<ul>\n<li>dimensions :\n<ul>\n<li>largeur : 15,9 cm<\/li>\n<li>longueur : 135 cm<\/li>\n<\/ul>\n<\/li>\n<li>couleur standard : noir<\/li>\n<\/ul>\n","protected":false},"excerpt":{"rendered":"<p>Cette plaque en plastique peut \u00eatre mont\u00e9e sur le pr\u00e9sentoir \u00e0 cartes en m\u00eame temps que les rack pour cartes. De cette fa\u00e7on, on ne peut pas voir \u00e0 travers le pr\u00e9sentoir et les cartes sont plus visibles. Command\u00e9 par pi\u00e8ce\/par c\u00f4t\u00e9. Informations sur le produit : dimensions : largeur : 15,9 cm longueur : &hellip; <a href=\"https:\/\/buyck-displays.com\/fr\/plaque-de-recouvrement-bu300\">Suite<\/a><\/p>\n","protected":false},"featured_media":80101,"comment_status":"closed","ping_status":"closed","template":"","meta":{"_acf_changed":false},"product_brand":[],"product_cat":[551,559,372,361],"product_tag":[],"class_list":{"0":"post-77421","1":"product","2":"type-product","3":"status-publish","4":"has-post-thumbnail","6":"product_cat-accessoires","7":"product_cat-modeles-speciaux-et-pieces-detachees","8":"product_cat-presentoirs-a-cartes","9":"product_cat-presentoirs-standard","11":"first","12":"instock","13":"taxable","14":"shipping-taxable","15":"purchasable","16":"product-type-simple"},"acf":[],"yoast_head":"<!-- This site is optimized with the Yoast SEO plugin v27.6 - https:\/\/yoast.com\/product\/yoast-seo-wordpress\/ -->\n<title>Plaque de recouvrement - Buyck Displays<\/title>\n<meta name=\"description\" content=\"Cette plaque en plastique permet d&#039;\u00e9viter que les gens ne regardent \u00e0 travers le pr\u00e9sentoir et rend les cartes plus visibles.\u00a0\" \/>\n<meta name=\"robots\" content=\"index, follow, max-snippet:-1, max-image-preview:large, max-video-preview:-1\" \/>\n<link rel=\"canonical\" href=\"https:\/\/buyck-displays.com\/fr\/plaque-de-recouvrement-bu300\" \/>\n<meta property=\"og:locale\" content=\"fr_FR\" \/>\n<meta property=\"og:type\" content=\"article\" \/>\n<meta property=\"og:title\" content=\"Plaque de recouvrement - Buyck Displays\" \/>\n<meta property=\"og:description\" content=\"Cette plaque en plastique permet d&#039;\u00e9viter que les gens ne regardent \u00e0 travers le pr\u00e9sentoir et rend les cartes plus visibles.\u00a0\" \/>\n<meta property=\"og:url\" content=\"https:\/\/buyck-displays.com\/fr\/plaque-de-recouvrement-bu300\" \/>\n<meta property=\"og:site_name\" content=\"Buyck Displays\" \/>\n<meta property=\"article:modified_time\" content=\"2024-06-19T10:04:57+00:00\" \/>\n<meta property=\"og:image\" content=\"https:\/\/buyck-displays.com\/wp-content\/uploads\/2022\/06\/Rugplaat-BU300.jpg\" \/>\n\t<meta property=\"og:image:width\" content=\"1241\" \/>\n\t<meta property=\"og:image:height\" content=\"1920\" \/>\n\t<meta property=\"og:image:type\" content=\"image\/jpeg\" \/>\n<meta name=\"twitter:card\" content=\"summary_large_image\" \/>\n<meta name=\"twitter:label1\" content=\"Dur\u00e9e de lecture estim\u00e9e\" \/>\n\t<meta name=\"twitter:data1\" content=\"1 minute\" \/>\n<script type=\"application\/ld+json\" class=\"yoast-schema-graph\">{\"@context\":\"https:\\\/\\\/schema.org\",\"@graph\":[{\"@type\":\"WebPage\",\"@id\":\"https:\\\/\\\/buyck-displays.com\\\/fr\\\/plaque-de-recouvrement-bu300\",\"url\":\"https:\\\/\\\/buyck-displays.com\\\/fr\\\/plaque-de-recouvrement-bu300\",\"name\":\"Plaque de recouvrement - Buyck Displays\",\"isPartOf\":{\"@id\":\"https:\\\/\\\/buyck-displays.com\\\/fr\\\/#website\"},\"primaryImageOfPage\":{\"@id\":\"https:\\\/\\\/buyck-displays.com\\\/fr\\\/plaque-de-recouvrement-bu300#primaryimage\"},\"image\":{\"@id\":\"https:\\\/\\\/buyck-displays.com\\\/fr\\\/plaque-de-recouvrement-bu300#primaryimage\"},\"thumbnailUrl\":\"https:\\\/\\\/buyck-displays.com\\\/wp-content\\\/uploads\\\/2022\\\/06\\\/Rugplaat-BU300.jpg\",\"datePublished\":\"2022-06-13T11:17:07+00:00\",\"dateModified\":\"2024-06-19T10:04:57+00:00\",\"description\":\"Cette plaque en plastique permet d'\u00e9viter que les gens ne regardent \u00e0 travers le pr\u00e9sentoir et rend les cartes plus visibles.\u00a0\",\"breadcrumb\":{\"@id\":\"https:\\\/\\\/buyck-displays.com\\\/fr\\\/plaque-de-recouvrement-bu300#breadcrumb\"},\"inLanguage\":\"fr-FR\",\"potentialAction\":[{\"@type\":\"ReadAction\",\"target\":[\"https:\\\/\\\/buyck-displays.com\\\/fr\\\/plaque-de-recouvrement-bu300\"]}]},{\"@type\":\"ImageObject\",\"inLanguage\":\"fr-FR\",\"@id\":\"https:\\\/\\\/buyck-displays.com\\\/fr\\\/plaque-de-recouvrement-bu300#primaryimage\",\"url\":\"https:\\\/\\\/buyck-displays.com\\\/wp-content\\\/uploads\\\/2022\\\/06\\\/Rugplaat-BU300.jpg\",\"contentUrl\":\"https:\\\/\\\/buyck-displays.com\\\/wp-content\\\/uploads\\\/2022\\\/06\\\/Rugplaat-BU300.jpg\",\"width\":1241,\"height\":1920},{\"@type\":\"BreadcrumbList\",\"@id\":\"https:\\\/\\\/buyck-displays.com\\\/fr\\\/plaque-de-recouvrement-bu300#breadcrumb\",\"itemListElement\":[{\"@type\":\"ListItem\",\"position\":1,\"name\":\"Home\",\"item\":\"https:\\\/\\\/buyck-displays.com\\\/fr\"},{\"@type\":\"ListItem\",\"position\":2,\"name\":\"Displays\",\"item\":\"https:\\\/\\\/buyck-displays.com\\\/fr\\\/produits\"},{\"@type\":\"ListItem\",\"position\":3,\"name\":\"Plaque de recouvrement\"}]},{\"@type\":\"WebSite\",\"@id\":\"https:\\\/\\\/buyck-displays.com\\\/fr\\\/#website\",\"url\":\"https:\\\/\\\/buyck-displays.com\\\/fr\\\/\",\"name\":\"Buyck Displays\",\"description\":\"Standaard en Maatwerk Displays\",\"potentialAction\":[{\"@type\":\"SearchAction\",\"target\":{\"@type\":\"EntryPoint\",\"urlTemplate\":\"https:\\\/\\\/buyck-displays.com\\\/fr\\\/?s={search_term_string}\"},\"query-input\":{\"@type\":\"PropertyValueSpecification\",\"valueRequired\":true,\"valueName\":\"search_term_string\"}}],\"inLanguage\":\"fr-FR\"}]}<\/script>\n<!-- \/ Yoast SEO plugin. -->","yoast_head_json":{"title":"Plaque de recouvrement - Buyck Displays","description":"Cette plaque en plastique permet d'\u00e9viter que les gens ne regardent \u00e0 travers le pr\u00e9sentoir et rend les cartes plus visibles.\u00a0","robots":{"index":"index","follow":"follow","max-snippet":"max-snippet:-1","max-image-preview":"max-image-preview:large","max-video-preview":"max-video-preview:-1"},"canonical":"https:\/\/buyck-displays.com\/fr\/plaque-de-recouvrement-bu300","og_locale":"fr_FR","og_type":"article","og_title":"Plaque de recouvrement - Buyck Displays","og_description":"Cette plaque en plastique permet d'\u00e9viter que les gens ne regardent \u00e0 travers le pr\u00e9sentoir et rend les cartes plus visibles.\u00a0","og_url":"https:\/\/buyck-displays.com\/fr\/plaque-de-recouvrement-bu300","og_site_name":"Buyck Displays","article_modified_time":"2024-06-19T10:04:57+00:00","og_image":[{"width":1241,"height":1920,"url":"https:\/\/buyck-displays.com\/wp-content\/uploads\/2022\/06\/Rugplaat-BU300.jpg","type":"image\/jpeg"}],"twitter_card":"summary_large_image","twitter_misc":{"Dur\u00e9e de lecture estim\u00e9e":"1 minute"},"schema":{"@context":"https:\/\/schema.org","@graph":[{"@type":"WebPage","@id":"https:\/\/buyck-displays.com\/fr\/plaque-de-recouvrement-bu300","url":"https:\/\/buyck-displays.com\/fr\/plaque-de-recouvrement-bu300","name":"Plaque de recouvrement - Buyck Displays","isPartOf":{"@id":"https:\/\/buyck-displays.com\/fr\/#website"},"primaryImageOfPage":{"@id":"https:\/\/buyck-displays.com\/fr\/plaque-de-recouvrement-bu300#primaryimage"},"image":{"@id":"https:\/\/buyck-displays.com\/fr\/plaque-de-recouvrement-bu300#primaryimage"},"thumbnailUrl":"https:\/\/buyck-displays.com\/wp-content\/uploads\/2022\/06\/Rugplaat-BU300.jpg","datePublished":"2022-06-13T11:17:07+00:00","dateModified":"2024-06-19T10:04:57+00:00","description":"Cette plaque en plastique permet d'\u00e9viter que les gens ne regardent \u00e0 travers le pr\u00e9sentoir et rend les cartes plus visibles.\u00a0","breadcrumb":{"@id":"https:\/\/buyck-displays.com\/fr\/plaque-de-recouvrement-bu300#breadcrumb"},"inLanguage":"fr-FR","potentialAction":[{"@type":"ReadAction","target":["https:\/\/buyck-displays.com\/fr\/plaque-de-recouvrement-bu300"]}]},{"@type":"ImageObject","inLanguage":"fr-FR","@id":"https:\/\/buyck-displays.com\/fr\/plaque-de-recouvrement-bu300#primaryimage","url":"https:\/\/buyck-displays.com\/wp-content\/uploads\/2022\/06\/Rugplaat-BU300.jpg","contentUrl":"https:\/\/buyck-displays.com\/wp-content\/uploads\/2022\/06\/Rugplaat-BU300.jpg","width":1241,"height":1920},{"@type":"BreadcrumbList","@id":"https:\/\/buyck-displays.com\/fr\/plaque-de-recouvrement-bu300#breadcrumb","itemListElement":[{"@type":"ListItem","position":1,"name":"Home","item":"https:\/\/buyck-displays.com\/fr"},{"@type":"ListItem","position":2,"name":"Displays","item":"https:\/\/buyck-displays.com\/fr\/produits"},{"@type":"ListItem","position":3,"name":"Plaque de recouvrement"}]},{"@type":"WebSite","@id":"https:\/\/buyck-displays.com\/fr\/#website","url":"https:\/\/buyck-displays.com\/fr\/","name":"Buyck Displays","description":"Standaard en Maatwerk Displays","potentialAction":[{"@type":"SearchAction","target":{"@type":"EntryPoint","urlTemplate":"https:\/\/buyck-displays.com\/fr\/?s={search_term_string}"},"query-input":{"@type":"PropertyValueSpecification","valueRequired":true,"valueName":"search_term_string"}}],"inLanguage":"fr-FR"}]}},"_links":{"self":[{"href":"https:\/\/buyck-displays.com\/fr\/wp-json\/wp\/v2\/product\/77421","targetHints":{"allow":["GET"]}}],"collection":[{"href":"https:\/\/buyck-displays.com\/fr\/wp-json\/wp\/v2\/product"}],"about":[{"href":"https:\/\/buyck-displays.com\/fr\/wp-json\/wp\/v2\/types\/product"}],"replies":[{"embeddable":true,"href":"https:\/\/buyck-displays.com\/fr\/wp-json\/wp\/v2\/comments?post=77421"}],"wp:featuredmedia":[{"embeddable":true,"href":"https:\/\/buyck-displays.com\/fr\/wp-json\/wp\/v2\/media\/80101"}],"wp:attachment":[{"href":"https:\/\/buyck-displays.com\/fr\/wp-json\/wp\/v2\/media?parent=77421"}],"wp:term":[{"taxonomy":"product_brand","embeddable":true,"href":"https:\/\/buyck-displays.com\/fr\/wp-json\/wp\/v2\/product_brand?post=77421"},{"taxonomy":"product_cat","embeddable":true,"href":"https:\/\/buyck-displays.com\/fr\/wp-json\/wp\/v2\/product_cat?post=77421"},{"taxonomy":"product_tag","embeddable":true,"href":"https:\/\/buyck-displays.com\/fr\/wp-json\/wp\/v2\/product_tag?post=77421"}],"curies":[{"name":"wp","href":"https:\/\/api.w.org\/{rel}","templated":true}]}}