{"id":76994,"date":"2022-02-22T13:32:51","date_gmt":"2022-03-14T09:55:47","guid":{"rendered":"https:\/\/buyck-displays.com\/?post_type=product&#038;p=76994"},"modified":"2025-01-16T11:52:55","modified_gmt":"2025-01-16T10:52:55","slug":"rack-pour-cartes-de-voeux","status":"publish","type":"product","link":"https:\/\/buyck-displays.com\/fr\/rack-pour-cartes-de-voeux","title":{"rendered":"Rack pour cartes de v\u0153ux verticales"},"content":{"rendered":"<p>Un rack s\u00e9par\u00e9 sp\u00e9cialement con\u00e7u pour les cartes de v\u0153ux <strong>verticales<\/strong> avec 8 compartiments. Ce rack peut \u00eatre mont\u00e9 sur tous nos <span style=\"color: #3366ff;\"><a style=\"color: #3366ff;\" href=\"https:\/\/buyck-displays.com\/fr\/displays\/presentoirs-standard\/presentoirs-a-cartes\"><strong>pr\u00e9sentoirs \u00e0 cartes<\/strong><\/a><\/span> <strong>au sol, <\/strong>mais peut \u00e9galement \u00eatre accroch\u00e9 au mur.<\/p>\n<p><strong>Informations sur le produit :<\/strong><\/p>\n<ul>\n<li>dimensions :\n<ul>\n<li>compartiments vertical:\n<ul>\n<li>largeur (dimension int\u00e9rieure) : 14,5 cm<\/li>\n<li>profondeur (dimension int\u00e9rieure) : 2,5 cm<\/li>\n<li>hauteur (dimension ext\u00e9rieure) : 10 cm<\/li>\n<\/ul>\n<\/li>\n<li>rack :\n<ul>\n<li>hauteur : 133,5 cm<\/li>\n<li>largeur : 15 cm<\/li>\n<\/ul>\n<\/li>\n<\/ul>\n<\/li>\n<li>8 cases verticales<\/li>\n<li>couleur standard : argent<\/li>\n<li>Emballage <em>(par 4)<\/em> :\n<ul>\n<li>1 paquet : 137 cm x 17 cm x 14 cm<\/li>\n<\/ul>\n<\/li>\n<\/ul>\n","protected":false},"excerpt":{"rendered":"<p>Un rack s\u00e9par\u00e9 sp\u00e9cialement con\u00e7u pour les cartes de v\u0153ux verticales avec 8 compartiments. Ce rack peut \u00eatre mont\u00e9 sur tous nos pr\u00e9sentoirs \u00e0 cartes au sol, mais peut \u00e9galement \u00eatre accroch\u00e9 au mur. Informations sur le produit : dimensions : compartiments vertical: largeur (dimension int\u00e9rieure) : 14,5 cm profondeur (dimension int\u00e9rieure) : 2,5 cm &hellip; <a href=\"https:\/\/buyck-displays.com\/fr\/rack-pour-cartes-de-voeux\">Suite<\/a><\/p>\n","protected":false},"featured_media":76970,"comment_status":"closed","ping_status":"closed","template":"","meta":{"_acf_changed":false},"product_brand":[],"product_cat":[551,525,559,372,361],"product_tag":[],"class_list":{"0":"post-76994","1":"product","2":"type-product","3":"status-publish","4":"has-post-thumbnail","6":"product_cat-accessoires","7":"product_cat-cartes-de-voeux","8":"product_cat-modeles-speciaux-et-pieces-detachees","9":"product_cat-presentoirs-a-cartes","10":"product_cat-presentoirs-standard","12":"first","13":"instock","14":"taxable","15":"shipping-taxable","16":"purchasable","17":"product-type-simple"},"acf":[],"yoast_head":"<!-- This site is optimized with the Yoast SEO plugin v27.6 - https:\/\/yoast.com\/product\/yoast-seo-wordpress\/ -->\n<title>Rack pour cartes de v\u0153ux verticales - Buyck Displays - Cartes de v\u0153ux verticales<\/title>\n<meta name=\"description\" content=\"Un rack s\u00e9par\u00e9 pour les cartes de v\u0153ux verticales avec 8 compartiments. Peut \u00eatre mont\u00e9 sur tous nos pr\u00e9sentoirs \u00e0 cartes au sol.\" \/>\n<meta name=\"robots\" content=\"index, follow, max-snippet:-1, max-image-preview:large, max-video-preview:-1\" \/>\n<link rel=\"canonical\" href=\"https:\/\/buyck-displays.com\/fr\/rack-pour-cartes-de-voeux\" \/>\n<meta property=\"og:locale\" content=\"fr_FR\" \/>\n<meta property=\"og:type\" content=\"article\" \/>\n<meta property=\"og:title\" content=\"Rack pour cartes de v\u0153ux verticales - Buyck Displays - Cartes de v\u0153ux verticales\" \/>\n<meta property=\"og:description\" content=\"Un rack s\u00e9par\u00e9 pour les cartes de v\u0153ux verticales avec 8 compartiments. Peut \u00eatre mont\u00e9 sur tous nos pr\u00e9sentoirs \u00e0 cartes au sol.\" \/>\n<meta property=\"og:url\" content=\"https:\/\/buyck-displays.com\/fr\/rack-pour-cartes-de-voeux\" \/>\n<meta property=\"og:site_name\" content=\"Buyck Displays\" \/>\n<meta property=\"article:modified_time\" content=\"2025-01-16T10:52:55+00:00\" \/>\n<meta property=\"og:image\" content=\"https:\/\/buyck-displays.com\/wp-content\/uploads\/2022\/02\/Rekje-wenskaarten_Verticaal_BU.1007.14.60_2_LR.jpg\" \/>\n\t<meta property=\"og:image:width\" content=\"1000\" \/>\n\t<meta property=\"og:image:height\" content=\"1333\" \/>\n\t<meta property=\"og:image:type\" content=\"image\/jpeg\" \/>\n<meta name=\"twitter:card\" content=\"summary_large_image\" \/>\n<meta name=\"twitter:label1\" content=\"Dur\u00e9e de lecture estim\u00e9e\" \/>\n\t<meta name=\"twitter:data1\" content=\"1 minute\" \/>\n<script type=\"application\/ld+json\" class=\"yoast-schema-graph\">{\"@context\":\"https:\\\/\\\/schema.org\",\"@graph\":[{\"@type\":\"WebPage\",\"@id\":\"https:\\\/\\\/buyck-displays.com\\\/fr\\\/rack-pour-cartes-de-voeux\",\"url\":\"https:\\\/\\\/buyck-displays.com\\\/fr\\\/rack-pour-cartes-de-voeux\",\"name\":\"Rack pour cartes de v\u0153ux verticales - Buyck Displays - Cartes de v\u0153ux verticales\",\"isPartOf\":{\"@id\":\"https:\\\/\\\/buyck-displays.com\\\/fr\\\/#website\"},\"primaryImageOfPage\":{\"@id\":\"https:\\\/\\\/buyck-displays.com\\\/fr\\\/rack-pour-cartes-de-voeux#primaryimage\"},\"image\":{\"@id\":\"https:\\\/\\\/buyck-displays.com\\\/fr\\\/rack-pour-cartes-de-voeux#primaryimage\"},\"thumbnailUrl\":\"https:\\\/\\\/buyck-displays.com\\\/wp-content\\\/uploads\\\/2022\\\/02\\\/Rekje-wenskaarten_Verticaal_BU.1007.14.60_2_LR.jpg\",\"datePublished\":\"2022-03-14T09:55:47+00:00\",\"dateModified\":\"2025-01-16T10:52:55+00:00\",\"description\":\"Un rack s\u00e9par\u00e9 pour les cartes de v\u0153ux verticales avec 8 compartiments. Peut \u00eatre mont\u00e9 sur tous nos pr\u00e9sentoirs \u00e0 cartes au sol.\",\"breadcrumb\":{\"@id\":\"https:\\\/\\\/buyck-displays.com\\\/fr\\\/rack-pour-cartes-de-voeux#breadcrumb\"},\"inLanguage\":\"fr-FR\",\"potentialAction\":[{\"@type\":\"ReadAction\",\"target\":[\"https:\\\/\\\/buyck-displays.com\\\/fr\\\/rack-pour-cartes-de-voeux\"]}]},{\"@type\":\"ImageObject\",\"inLanguage\":\"fr-FR\",\"@id\":\"https:\\\/\\\/buyck-displays.com\\\/fr\\\/rack-pour-cartes-de-voeux#primaryimage\",\"url\":\"https:\\\/\\\/buyck-displays.com\\\/wp-content\\\/uploads\\\/2022\\\/02\\\/Rekje-wenskaarten_Verticaal_BU.1007.14.60_2_LR.jpg\",\"contentUrl\":\"https:\\\/\\\/buyck-displays.com\\\/wp-content\\\/uploads\\\/2022\\\/02\\\/Rekje-wenskaarten_Verticaal_BU.1007.14.60_2_LR.jpg\",\"width\":1000,\"height\":1333},{\"@type\":\"BreadcrumbList\",\"@id\":\"https:\\\/\\\/buyck-displays.com\\\/fr\\\/rack-pour-cartes-de-voeux#breadcrumb\",\"itemListElement\":[{\"@type\":\"ListItem\",\"position\":1,\"name\":\"Home\",\"item\":\"https:\\\/\\\/buyck-displays.com\\\/fr\"},{\"@type\":\"ListItem\",\"position\":2,\"name\":\"Displays\",\"item\":\"https:\\\/\\\/buyck-displays.com\\\/fr\\\/produits\"},{\"@type\":\"ListItem\",\"position\":3,\"name\":\"Rack pour cartes de v\u0153ux verticales\"}]},{\"@type\":\"WebSite\",\"@id\":\"https:\\\/\\\/buyck-displays.com\\\/fr\\\/#website\",\"url\":\"https:\\\/\\\/buyck-displays.com\\\/fr\\\/\",\"name\":\"Buyck Displays\",\"description\":\"Standaard en Maatwerk Displays\",\"potentialAction\":[{\"@type\":\"SearchAction\",\"target\":{\"@type\":\"EntryPoint\",\"urlTemplate\":\"https:\\\/\\\/buyck-displays.com\\\/fr\\\/?s={search_term_string}\"},\"query-input\":{\"@type\":\"PropertyValueSpecification\",\"valueRequired\":true,\"valueName\":\"search_term_string\"}}],\"inLanguage\":\"fr-FR\"}]}<\/script>\n<!-- \/ Yoast SEO plugin. -->","yoast_head_json":{"title":"Rack pour cartes de v\u0153ux verticales - Buyck Displays - Cartes de v\u0153ux verticales","description":"Un rack s\u00e9par\u00e9 pour les cartes de v\u0153ux verticales avec 8 compartiments. Peut \u00eatre mont\u00e9 sur tous nos pr\u00e9sentoirs \u00e0 cartes au sol.","robots":{"index":"index","follow":"follow","max-snippet":"max-snippet:-1","max-image-preview":"max-image-preview:large","max-video-preview":"max-video-preview:-1"},"canonical":"https:\/\/buyck-displays.com\/fr\/rack-pour-cartes-de-voeux","og_locale":"fr_FR","og_type":"article","og_title":"Rack pour cartes de v\u0153ux verticales - Buyck Displays - Cartes de v\u0153ux verticales","og_description":"Un rack s\u00e9par\u00e9 pour les cartes de v\u0153ux verticales avec 8 compartiments. Peut \u00eatre mont\u00e9 sur tous nos pr\u00e9sentoirs \u00e0 cartes au sol.","og_url":"https:\/\/buyck-displays.com\/fr\/rack-pour-cartes-de-voeux","og_site_name":"Buyck Displays","article_modified_time":"2025-01-16T10:52:55+00:00","og_image":[{"width":1000,"height":1333,"url":"https:\/\/buyck-displays.com\/wp-content\/uploads\/2022\/02\/Rekje-wenskaarten_Verticaal_BU.1007.14.60_2_LR.jpg","type":"image\/jpeg"}],"twitter_card":"summary_large_image","twitter_misc":{"Dur\u00e9e de lecture estim\u00e9e":"1 minute"},"schema":{"@context":"https:\/\/schema.org","@graph":[{"@type":"WebPage","@id":"https:\/\/buyck-displays.com\/fr\/rack-pour-cartes-de-voeux","url":"https:\/\/buyck-displays.com\/fr\/rack-pour-cartes-de-voeux","name":"Rack pour cartes de v\u0153ux verticales - Buyck Displays - Cartes de v\u0153ux verticales","isPartOf":{"@id":"https:\/\/buyck-displays.com\/fr\/#website"},"primaryImageOfPage":{"@id":"https:\/\/buyck-displays.com\/fr\/rack-pour-cartes-de-voeux#primaryimage"},"image":{"@id":"https:\/\/buyck-displays.com\/fr\/rack-pour-cartes-de-voeux#primaryimage"},"thumbnailUrl":"https:\/\/buyck-displays.com\/wp-content\/uploads\/2022\/02\/Rekje-wenskaarten_Verticaal_BU.1007.14.60_2_LR.jpg","datePublished":"2022-03-14T09:55:47+00:00","dateModified":"2025-01-16T10:52:55+00:00","description":"Un rack s\u00e9par\u00e9 pour les cartes de v\u0153ux verticales avec 8 compartiments. Peut \u00eatre mont\u00e9 sur tous nos pr\u00e9sentoirs \u00e0 cartes au sol.","breadcrumb":{"@id":"https:\/\/buyck-displays.com\/fr\/rack-pour-cartes-de-voeux#breadcrumb"},"inLanguage":"fr-FR","potentialAction":[{"@type":"ReadAction","target":["https:\/\/buyck-displays.com\/fr\/rack-pour-cartes-de-voeux"]}]},{"@type":"ImageObject","inLanguage":"fr-FR","@id":"https:\/\/buyck-displays.com\/fr\/rack-pour-cartes-de-voeux#primaryimage","url":"https:\/\/buyck-displays.com\/wp-content\/uploads\/2022\/02\/Rekje-wenskaarten_Verticaal_BU.1007.14.60_2_LR.jpg","contentUrl":"https:\/\/buyck-displays.com\/wp-content\/uploads\/2022\/02\/Rekje-wenskaarten_Verticaal_BU.1007.14.60_2_LR.jpg","width":1000,"height":1333},{"@type":"BreadcrumbList","@id":"https:\/\/buyck-displays.com\/fr\/rack-pour-cartes-de-voeux#breadcrumb","itemListElement":[{"@type":"ListItem","position":1,"name":"Home","item":"https:\/\/buyck-displays.com\/fr"},{"@type":"ListItem","position":2,"name":"Displays","item":"https:\/\/buyck-displays.com\/fr\/produits"},{"@type":"ListItem","position":3,"name":"Rack pour cartes de v\u0153ux verticales"}]},{"@type":"WebSite","@id":"https:\/\/buyck-displays.com\/fr\/#website","url":"https:\/\/buyck-displays.com\/fr\/","name":"Buyck Displays","description":"Standaard en Maatwerk Displays","potentialAction":[{"@type":"SearchAction","target":{"@type":"EntryPoint","urlTemplate":"https:\/\/buyck-displays.com\/fr\/?s={search_term_string}"},"query-input":{"@type":"PropertyValueSpecification","valueRequired":true,"valueName":"search_term_string"}}],"inLanguage":"fr-FR"}]}},"_links":{"self":[{"href":"https:\/\/buyck-displays.com\/fr\/wp-json\/wp\/v2\/product\/76994","targetHints":{"allow":["GET"]}}],"collection":[{"href":"https:\/\/buyck-displays.com\/fr\/wp-json\/wp\/v2\/product"}],"about":[{"href":"https:\/\/buyck-displays.com\/fr\/wp-json\/wp\/v2\/types\/product"}],"replies":[{"embeddable":true,"href":"https:\/\/buyck-displays.com\/fr\/wp-json\/wp\/v2\/comments?post=76994"}],"wp:featuredmedia":[{"embeddable":true,"href":"https:\/\/buyck-displays.com\/fr\/wp-json\/wp\/v2\/media\/76970"}],"wp:attachment":[{"href":"https:\/\/buyck-displays.com\/fr\/wp-json\/wp\/v2\/media?parent=76994"}],"wp:term":[{"taxonomy":"product_brand","embeddable":true,"href":"https:\/\/buyck-displays.com\/fr\/wp-json\/wp\/v2\/product_brand?post=76994"},{"taxonomy":"product_cat","embeddable":true,"href":"https:\/\/buyck-displays.com\/fr\/wp-json\/wp\/v2\/product_cat?post=76994"},{"taxonomy":"product_tag","embeddable":true,"href":"https:\/\/buyck-displays.com\/fr\/wp-json\/wp\/v2\/product_tag?post=76994"}],"curies":[{"name":"wp","href":"https:\/\/api.w.org\/{rel}","templated":true}]}}