{"id":66890,"date":"2019-12-16T16:01:50","date_gmt":"2019-12-17T10:04:57","guid":{"rendered":"https:\/\/www.buyck-displays.com?post_type=product&#038;p=66890"},"modified":"2024-12-03T11:55:32","modified_gmt":"2024-12-03T10:55:32","slug":"presentoir-de-comptoir-pour-cartes-postales-pc412","status":"publish","type":"product","link":"https:\/\/buyck-displays.com\/fr\/presentoir-de-comptoir-pour-cartes-postales-pc412","title":{"rendered":"Pr\u00e9sentoir de comptoir pour cartes postales"},"content":{"rendered":"<div>\n<p>Pr\u00e9sentoir de comptoir en m\u00e9tal pour cartes postales de 15 cm x 10 cm, <strong>sans<\/strong> enveloppe.<\/p>\n<p>Ce pr\u00e9sentoir de comptoir comporte 12 cases. 4 cases verticales et 8 cases horizontales (2 c\u00f4t\u00e9s avec 2 cases verticales et 2 c\u00f4t\u00e9s avec 4 cases horizontales).<\/p>\n<p>&nbsp;<\/p>\n<p><strong>Information sur le produit :<\/strong><\/p>\n<ul>\n<li>dimensions :\n<ul>\n<li>cases (dimensions int\u00e9rieurs) :\n<ul>\n<li>verticale : 10,5 cm<\/li>\n<li>horizontale : 15,5 cm<\/li>\n<\/ul>\n<\/li>\n<li>pr\u00e9sentoir :\n<ul>\n<li>hauteur : 39 cm<\/li>\n<\/ul>\n<\/li>\n<\/ul>\n<\/li>\n<li>pour cartes postales (<em>sans enveloppe<\/em>) de 15 cm x 10 cm<\/li>\n<li>rotatif<\/li>\n<li>avec porte-logo<\/li>\n<li>carr\u00e9\u00a0(4 c\u00f4t\u00e9s)<\/li>\n<li>couleur en stock: argent<\/li>\n<li>Emballage :\n<ul>\n<li>1 paquet : 38 cm x 24 cm x 23 cm<\/li>\n<\/ul>\n<\/li>\n<\/ul>\n<\/div>\n","protected":false},"excerpt":{"rendered":"<p>Pr\u00e9sentoir de comptoir en m\u00e9tal pour cartes postales de 15 cm x 10 cm, sans enveloppe. Ce pr\u00e9sentoir de comptoir comporte 12 cases. 4 cases verticales et 8 cases horizontales (2 c\u00f4t\u00e9s avec 2 cases verticales et 2 c\u00f4t\u00e9s avec 4 cases horizontales). &nbsp; Information sur le produit : dimensions : cases (dimensions int\u00e9rieurs) : &hellip; <a href=\"https:\/\/buyck-displays.com\/fr\/presentoir-de-comptoir-pour-cartes-postales-pc412\">Suite<\/a><\/p>\n","protected":false},"featured_media":74728,"comment_status":"closed","ping_status":"closed","template":"","meta":{"_acf_changed":false},"product_brand":[],"product_cat":[526,372,361],"product_tag":[],"class_list":{"0":"post-66890","1":"product","2":"type-product","3":"status-publish","4":"has-post-thumbnail","6":"product_cat-cartes-postales-15-cm-x-10-5-cm","7":"product_cat-presentoirs-a-cartes","8":"product_cat-presentoirs-standard","10":"first","11":"instock","12":"taxable","13":"shipping-taxable","14":"purchasable","15":"product-type-simple"},"acf":[],"yoast_head":"<!-- This site is optimized with the Yoast SEO plugin v27.6 - https:\/\/yoast.com\/product\/yoast-seo-wordpress\/ -->\n<title>Pr\u00e9sentoir de comptoir pour cartes postales - Buyck Displays<\/title>\n<meta name=\"description\" content=\"Pr\u00e9sentoir de comptoir en m\u00e9tal pour cartes postales (format A6) avec 4 cases verticales et 8 cases horizontales.\" \/>\n<meta name=\"robots\" content=\"index, follow, max-snippet:-1, max-image-preview:large, max-video-preview:-1\" \/>\n<link rel=\"canonical\" href=\"https:\/\/buyck-displays.com\/fr\/presentoir-de-comptoir-pour-cartes-postales-pc412\" \/>\n<meta property=\"og:locale\" content=\"fr_FR\" \/>\n<meta property=\"og:type\" content=\"article\" \/>\n<meta property=\"og:title\" content=\"Pr\u00e9sentoir de comptoir pour cartes postales - Buyck Displays\" \/>\n<meta property=\"og:description\" content=\"Pr\u00e9sentoir de comptoir en m\u00e9tal pour cartes postales (format A6) avec 4 cases verticales et 8 cases horizontales.\" \/>\n<meta property=\"og:url\" content=\"https:\/\/buyck-displays.com\/fr\/presentoir-de-comptoir-pour-cartes-postales-pc412\" \/>\n<meta property=\"og:site_name\" content=\"Buyck Displays\" \/>\n<meta property=\"article:modified_time\" content=\"2024-12-03T10:55:32+00:00\" \/>\n<meta property=\"og:image\" content=\"https:\/\/buyck-displays.com\/wp-content\/uploads\/2019\/12\/2020-PC412.jpg\" \/>\n\t<meta property=\"og:image:width\" content=\"1000\" \/>\n\t<meta property=\"og:image:height\" content=\"1333\" \/>\n\t<meta property=\"og:image:type\" content=\"image\/jpeg\" \/>\n<meta name=\"twitter:card\" content=\"summary_large_image\" \/>\n<meta name=\"twitter:label1\" content=\"Dur\u00e9e de lecture estim\u00e9e\" \/>\n\t<meta name=\"twitter:data1\" content=\"1 minute\" \/>\n<script type=\"application\/ld+json\" class=\"yoast-schema-graph\">{\"@context\":\"https:\\\/\\\/schema.org\",\"@graph\":[{\"@type\":\"WebPage\",\"@id\":\"https:\\\/\\\/buyck-displays.com\\\/fr\\\/presentoir-de-comptoir-pour-cartes-postales-pc412\",\"url\":\"https:\\\/\\\/buyck-displays.com\\\/fr\\\/presentoir-de-comptoir-pour-cartes-postales-pc412\",\"name\":\"Pr\u00e9sentoir de comptoir pour cartes postales - Buyck Displays\",\"isPartOf\":{\"@id\":\"https:\\\/\\\/buyck-displays.com\\\/fr\\\/#website\"},\"primaryImageOfPage\":{\"@id\":\"https:\\\/\\\/buyck-displays.com\\\/fr\\\/presentoir-de-comptoir-pour-cartes-postales-pc412#primaryimage\"},\"image\":{\"@id\":\"https:\\\/\\\/buyck-displays.com\\\/fr\\\/presentoir-de-comptoir-pour-cartes-postales-pc412#primaryimage\"},\"thumbnailUrl\":\"https:\\\/\\\/buyck-displays.com\\\/wp-content\\\/uploads\\\/2019\\\/12\\\/2020-PC412.jpg\",\"datePublished\":\"2019-12-17T10:04:57+00:00\",\"dateModified\":\"2024-12-03T10:55:32+00:00\",\"description\":\"Pr\u00e9sentoir de comptoir en m\u00e9tal pour cartes postales (format A6) avec 4 cases verticales et 8 cases horizontales.\",\"breadcrumb\":{\"@id\":\"https:\\\/\\\/buyck-displays.com\\\/fr\\\/presentoir-de-comptoir-pour-cartes-postales-pc412#breadcrumb\"},\"inLanguage\":\"fr-FR\",\"potentialAction\":[{\"@type\":\"ReadAction\",\"target\":[\"https:\\\/\\\/buyck-displays.com\\\/fr\\\/presentoir-de-comptoir-pour-cartes-postales-pc412\"]}]},{\"@type\":\"ImageObject\",\"inLanguage\":\"fr-FR\",\"@id\":\"https:\\\/\\\/buyck-displays.com\\\/fr\\\/presentoir-de-comptoir-pour-cartes-postales-pc412#primaryimage\",\"url\":\"https:\\\/\\\/buyck-displays.com\\\/wp-content\\\/uploads\\\/2019\\\/12\\\/2020-PC412.jpg\",\"contentUrl\":\"https:\\\/\\\/buyck-displays.com\\\/wp-content\\\/uploads\\\/2019\\\/12\\\/2020-PC412.jpg\",\"width\":1000,\"height\":1333,\"caption\":\"PC412-Buyck Displays-postkaartenmolen\"},{\"@type\":\"BreadcrumbList\",\"@id\":\"https:\\\/\\\/buyck-displays.com\\\/fr\\\/presentoir-de-comptoir-pour-cartes-postales-pc412#breadcrumb\",\"itemListElement\":[{\"@type\":\"ListItem\",\"position\":1,\"name\":\"Home\",\"item\":\"https:\\\/\\\/buyck-displays.com\\\/fr\"},{\"@type\":\"ListItem\",\"position\":2,\"name\":\"Displays\",\"item\":\"https:\\\/\\\/buyck-displays.com\\\/fr\\\/produits\"},{\"@type\":\"ListItem\",\"position\":3,\"name\":\"Pr\u00e9sentoir de comptoir pour cartes postales\"}]},{\"@type\":\"WebSite\",\"@id\":\"https:\\\/\\\/buyck-displays.com\\\/fr\\\/#website\",\"url\":\"https:\\\/\\\/buyck-displays.com\\\/fr\\\/\",\"name\":\"Buyck Displays\",\"description\":\"Standaard en Maatwerk Displays\",\"potentialAction\":[{\"@type\":\"SearchAction\",\"target\":{\"@type\":\"EntryPoint\",\"urlTemplate\":\"https:\\\/\\\/buyck-displays.com\\\/fr\\\/?s={search_term_string}\"},\"query-input\":{\"@type\":\"PropertyValueSpecification\",\"valueRequired\":true,\"valueName\":\"search_term_string\"}}],\"inLanguage\":\"fr-FR\"}]}<\/script>\n<!-- \/ Yoast SEO plugin. -->","yoast_head_json":{"title":"Pr\u00e9sentoir de comptoir pour cartes postales - Buyck Displays","description":"Pr\u00e9sentoir de comptoir en m\u00e9tal pour cartes postales (format A6) avec 4 cases verticales et 8 cases horizontales.","robots":{"index":"index","follow":"follow","max-snippet":"max-snippet:-1","max-image-preview":"max-image-preview:large","max-video-preview":"max-video-preview:-1"},"canonical":"https:\/\/buyck-displays.com\/fr\/presentoir-de-comptoir-pour-cartes-postales-pc412","og_locale":"fr_FR","og_type":"article","og_title":"Pr\u00e9sentoir de comptoir pour cartes postales - Buyck Displays","og_description":"Pr\u00e9sentoir de comptoir en m\u00e9tal pour cartes postales (format A6) avec 4 cases verticales et 8 cases horizontales.","og_url":"https:\/\/buyck-displays.com\/fr\/presentoir-de-comptoir-pour-cartes-postales-pc412","og_site_name":"Buyck Displays","article_modified_time":"2024-12-03T10:55:32+00:00","og_image":[{"width":1000,"height":1333,"url":"https:\/\/buyck-displays.com\/wp-content\/uploads\/2019\/12\/2020-PC412.jpg","type":"image\/jpeg"}],"twitter_card":"summary_large_image","twitter_misc":{"Dur\u00e9e de lecture estim\u00e9e":"1 minute"},"schema":{"@context":"https:\/\/schema.org","@graph":[{"@type":"WebPage","@id":"https:\/\/buyck-displays.com\/fr\/presentoir-de-comptoir-pour-cartes-postales-pc412","url":"https:\/\/buyck-displays.com\/fr\/presentoir-de-comptoir-pour-cartes-postales-pc412","name":"Pr\u00e9sentoir de comptoir pour cartes postales - Buyck Displays","isPartOf":{"@id":"https:\/\/buyck-displays.com\/fr\/#website"},"primaryImageOfPage":{"@id":"https:\/\/buyck-displays.com\/fr\/presentoir-de-comptoir-pour-cartes-postales-pc412#primaryimage"},"image":{"@id":"https:\/\/buyck-displays.com\/fr\/presentoir-de-comptoir-pour-cartes-postales-pc412#primaryimage"},"thumbnailUrl":"https:\/\/buyck-displays.com\/wp-content\/uploads\/2019\/12\/2020-PC412.jpg","datePublished":"2019-12-17T10:04:57+00:00","dateModified":"2024-12-03T10:55:32+00:00","description":"Pr\u00e9sentoir de comptoir en m\u00e9tal pour cartes postales (format A6) avec 4 cases verticales et 8 cases horizontales.","breadcrumb":{"@id":"https:\/\/buyck-displays.com\/fr\/presentoir-de-comptoir-pour-cartes-postales-pc412#breadcrumb"},"inLanguage":"fr-FR","potentialAction":[{"@type":"ReadAction","target":["https:\/\/buyck-displays.com\/fr\/presentoir-de-comptoir-pour-cartes-postales-pc412"]}]},{"@type":"ImageObject","inLanguage":"fr-FR","@id":"https:\/\/buyck-displays.com\/fr\/presentoir-de-comptoir-pour-cartes-postales-pc412#primaryimage","url":"https:\/\/buyck-displays.com\/wp-content\/uploads\/2019\/12\/2020-PC412.jpg","contentUrl":"https:\/\/buyck-displays.com\/wp-content\/uploads\/2019\/12\/2020-PC412.jpg","width":1000,"height":1333,"caption":"PC412-Buyck Displays-postkaartenmolen"},{"@type":"BreadcrumbList","@id":"https:\/\/buyck-displays.com\/fr\/presentoir-de-comptoir-pour-cartes-postales-pc412#breadcrumb","itemListElement":[{"@type":"ListItem","position":1,"name":"Home","item":"https:\/\/buyck-displays.com\/fr"},{"@type":"ListItem","position":2,"name":"Displays","item":"https:\/\/buyck-displays.com\/fr\/produits"},{"@type":"ListItem","position":3,"name":"Pr\u00e9sentoir de comptoir pour cartes postales"}]},{"@type":"WebSite","@id":"https:\/\/buyck-displays.com\/fr\/#website","url":"https:\/\/buyck-displays.com\/fr\/","name":"Buyck Displays","description":"Standaard en Maatwerk Displays","potentialAction":[{"@type":"SearchAction","target":{"@type":"EntryPoint","urlTemplate":"https:\/\/buyck-displays.com\/fr\/?s={search_term_string}"},"query-input":{"@type":"PropertyValueSpecification","valueRequired":true,"valueName":"search_term_string"}}],"inLanguage":"fr-FR"}]}},"_links":{"self":[{"href":"https:\/\/buyck-displays.com\/fr\/wp-json\/wp\/v2\/product\/66890","targetHints":{"allow":["GET"]}}],"collection":[{"href":"https:\/\/buyck-displays.com\/fr\/wp-json\/wp\/v2\/product"}],"about":[{"href":"https:\/\/buyck-displays.com\/fr\/wp-json\/wp\/v2\/types\/product"}],"replies":[{"embeddable":true,"href":"https:\/\/buyck-displays.com\/fr\/wp-json\/wp\/v2\/comments?post=66890"}],"wp:featuredmedia":[{"embeddable":true,"href":"https:\/\/buyck-displays.com\/fr\/wp-json\/wp\/v2\/media\/74728"}],"wp:attachment":[{"href":"https:\/\/buyck-displays.com\/fr\/wp-json\/wp\/v2\/media?parent=66890"}],"wp:term":[{"taxonomy":"product_brand","embeddable":true,"href":"https:\/\/buyck-displays.com\/fr\/wp-json\/wp\/v2\/product_brand?post=66890"},{"taxonomy":"product_cat","embeddable":true,"href":"https:\/\/buyck-displays.com\/fr\/wp-json\/wp\/v2\/product_cat?post=66890"},{"taxonomy":"product_tag","embeddable":true,"href":"https:\/\/buyck-displays.com\/fr\/wp-json\/wp\/v2\/product_tag?post=66890"}],"curies":[{"name":"wp","href":"https:\/\/api.w.org\/{rel}","templated":true}]}}