{"id":66796,"date":"2019-12-02T11:39:05","date_gmt":"2019-12-02T12:15:38","guid":{"rendered":"https:\/\/www.buyck-displays.com?post_type=product&#038;p=66796"},"modified":"2023-02-13T13:41:07","modified_gmt":"2023-02-13T12:41:07","slug":"pc-a5-21-presentoir-pour-cartes-de-voeux","status":"publish","type":"product","link":"https:\/\/buyck-displays.com\/fr\/pc-a5-21-presentoir-pour-cartes-de-voeux","title":{"rendered":"Pr\u00e9sentoir pour cartes de voeux A5"},"content":{"rendered":"<div>\n<p>Ce pr\u00e9sentoir en m\u00e9tal pour cartes de voeux a\u00a0<strong>21 cases verticales <\/strong>(3 c\u00f4t\u00e9s avec 7 cases verticales). Il s\u2019agit de grandes cases, notamment pour les cartes de v\u0153ux verticales au format A5 ou les cartes carr\u00e9es de 16 x 16 cm.<\/p>\n<\/div>\n<div>\n<p>&nbsp;<\/p>\n<p><strong>OPTIONS :<\/strong><\/p>\n<ul>\n<li><strong>Plaque perfor\u00e9e<\/strong>\u00a0: Il est \u00e9galement possible de remplacer un ou plusieurs c\u00f4t\u00e9s avec des compartiments pour cartes par une plaque m\u00e9tallique perfor\u00e9e pour broches et\/ou aimants. Pour plus d\u2019informations, voir :\u00a0<span style=\"color: #3366ff;\"><strong><a style=\"color: #3366ff;\" href=\"https:\/\/buyck-displays.com\/fr\/element-perfore-pc2020\">\u00c9l\u00e9ment perfor\u00e9<\/a><\/strong><\/span><\/li>\n<li><strong>Roues en caoutchouc<\/strong>\u00a0: ce pr\u00e9sentoir repose sur 5 roues en plastique, dont deux avec un frein, mais si vous le souhaitez, vous pouvez \u00e9galement choisir\u00a0<span style=\"color: #3366ff;\"><a style=\"color: #3366ff;\" href=\"https:\/\/buyck-displays.com\/fr\/roues-en-caoutchouc-bu100\"><strong>5 roues solides en caoutchouc <\/strong><\/a><\/span><em>(comme indiqu\u00e9 sur l&rsquo;image du produit)<\/em>.<\/li>\n<li><strong>Poids de base<\/strong>\u00a0: pour \u00e9viter que le pr\u00e9sentoir ne tombe ou ne soit emport\u00e9 par le vent, vous pouvez combiner notre poids de base avec ce porte-cartes. Si vous \u00eates int\u00e9ress\u00e9, veuillez\u00a0<span style=\"color: #3366ff;\"><strong><a style=\"color: #3366ff;\" href=\"https:\/\/buyck-displays.com\/fr\/poids-de-base-bu200\">cliquer ici<\/a><\/strong><\/span>.<\/li>\n<\/ul>\n<p>&nbsp;<\/p>\n<p><strong>Informations sur le produit<\/strong>\u00a0:<\/p>\n<ul>\n<li>dimensions :\n<ul>\n<li>cases verticales :\n<ul>\n<li>taille int\u00e9rieure : 16,5 cm<\/li>\n<\/ul>\n<\/li>\n<li>pr\u00e9sentoir :\n<ul>\n<li>hauteur : 185 cm<\/li>\n<\/ul>\n<\/li>\n<\/ul>\n<\/li>\n<li>triangulaire (3 c\u00f4t\u00e9s)<\/li>\n<li>avec porte-logo<\/li>\n<li>rotatif<\/li>\n<li>couleur standard : argent<\/li>\n<\/ul>\n<\/div>\n","protected":false},"excerpt":{"rendered":"<p>Ce pr\u00e9sentoir en m\u00e9tal pour cartes de voeux a\u00a021 cases verticales (3 c\u00f4t\u00e9s avec 7 cases verticales). Il s\u2019agit de grandes cases, notamment pour les cartes de v\u0153ux verticales au format A5 ou les cartes carr\u00e9es de 16 x 16 cm. &nbsp; OPTIONS : Plaque perfor\u00e9e\u00a0: Il est \u00e9galement possible de remplacer un ou plusieurs &hellip; <a href=\"https:\/\/buyck-displays.com\/fr\/pc-a5-21-presentoir-pour-cartes-de-voeux\">Suite<\/a><\/p>\n","protected":false},"featured_media":76845,"comment_status":"closed","ping_status":"closed","template":"","meta":{"_acf_changed":false},"product_brand":[],"product_cat":[527,372,361],"product_tag":[],"class_list":{"0":"post-66796","1":"product","2":"type-product","3":"status-publish","4":"has-post-thumbnail","6":"product_cat-format-a5-ou-16-cm-x-16-cm","7":"product_cat-presentoirs-a-cartes","8":"product_cat-presentoirs-standard","10":"first","11":"instock","12":"taxable","13":"shipping-taxable","14":"purchasable","15":"product-type-simple"},"acf":[],"yoast_head":"<!-- This site is optimized with the Yoast SEO plugin v27.6 - https:\/\/yoast.com\/product\/yoast-seo-wordpress\/ -->\n<title>Pr\u00e9sentoir pour cartes de voeux A5 - Buyck Displays<\/title>\n<meta name=\"description\" content=\"Ce pr\u00e9sentoir en m\u00e9tal pour cartes de voeux a\u00a021 cases verticales pour les cartes de v\u0153ux verticales au format A5 ou les cartes carr\u00e9es.\" \/>\n<meta name=\"robots\" content=\"index, follow, max-snippet:-1, max-image-preview:large, max-video-preview:-1\" \/>\n<link rel=\"canonical\" href=\"https:\/\/buyck-displays.com\/fr\/pc-a5-21-presentoir-pour-cartes-de-voeux\" \/>\n<meta property=\"og:locale\" content=\"fr_FR\" \/>\n<meta property=\"og:type\" content=\"article\" \/>\n<meta property=\"og:title\" content=\"Pr\u00e9sentoir pour cartes de voeux A5 - Buyck Displays\" \/>\n<meta property=\"og:description\" content=\"Ce pr\u00e9sentoir en m\u00e9tal pour cartes de voeux a\u00a021 cases verticales pour les cartes de v\u0153ux verticales au format A5 ou les cartes carr\u00e9es.\" \/>\n<meta property=\"og:url\" content=\"https:\/\/buyck-displays.com\/fr\/pc-a5-21-presentoir-pour-cartes-de-voeux\" \/>\n<meta property=\"og:site_name\" content=\"Buyck Displays\" \/>\n<meta property=\"article:modified_time\" content=\"2023-02-13T12:41:07+00:00\" \/>\n<meta property=\"og:image\" content=\"https:\/\/buyck-displays.com\/wp-content\/uploads\/2019\/12\/A5-formaat-kaartenmolen_PC.A5.21_RW_2.jpg\" \/>\n\t<meta property=\"og:image:width\" content=\"1440\" \/>\n\t<meta property=\"og:image:height\" content=\"1920\" \/>\n\t<meta property=\"og:image:type\" content=\"image\/jpeg\" \/>\n<meta name=\"twitter:card\" content=\"summary_large_image\" \/>\n<meta name=\"twitter:label1\" content=\"Dur\u00e9e de lecture estim\u00e9e\" \/>\n\t<meta name=\"twitter:data1\" content=\"1 minute\" \/>\n<script type=\"application\/ld+json\" class=\"yoast-schema-graph\">{\"@context\":\"https:\\\/\\\/schema.org\",\"@graph\":[{\"@type\":\"WebPage\",\"@id\":\"https:\\\/\\\/buyck-displays.com\\\/fr\\\/pc-a5-21-presentoir-pour-cartes-de-voeux\",\"url\":\"https:\\\/\\\/buyck-displays.com\\\/fr\\\/pc-a5-21-presentoir-pour-cartes-de-voeux\",\"name\":\"Pr\u00e9sentoir pour cartes de voeux A5 - Buyck Displays\",\"isPartOf\":{\"@id\":\"https:\\\/\\\/buyck-displays.com\\\/fr\\\/#website\"},\"primaryImageOfPage\":{\"@id\":\"https:\\\/\\\/buyck-displays.com\\\/fr\\\/pc-a5-21-presentoir-pour-cartes-de-voeux#primaryimage\"},\"image\":{\"@id\":\"https:\\\/\\\/buyck-displays.com\\\/fr\\\/pc-a5-21-presentoir-pour-cartes-de-voeux#primaryimage\"},\"thumbnailUrl\":\"https:\\\/\\\/buyck-displays.com\\\/wp-content\\\/uploads\\\/2019\\\/12\\\/A5-formaat-kaartenmolen_PC.A5.21_RW_2.jpg\",\"datePublished\":\"2019-12-02T12:15:38+00:00\",\"dateModified\":\"2023-02-13T12:41:07+00:00\",\"description\":\"Ce pr\u00e9sentoir en m\u00e9tal pour cartes de voeux a\u00a021 cases verticales pour les cartes de v\u0153ux verticales au format A5 ou les cartes carr\u00e9es.\",\"breadcrumb\":{\"@id\":\"https:\\\/\\\/buyck-displays.com\\\/fr\\\/pc-a5-21-presentoir-pour-cartes-de-voeux#breadcrumb\"},\"inLanguage\":\"fr-FR\",\"potentialAction\":[{\"@type\":\"ReadAction\",\"target\":[\"https:\\\/\\\/buyck-displays.com\\\/fr\\\/pc-a5-21-presentoir-pour-cartes-de-voeux\"]}]},{\"@type\":\"ImageObject\",\"inLanguage\":\"fr-FR\",\"@id\":\"https:\\\/\\\/buyck-displays.com\\\/fr\\\/pc-a5-21-presentoir-pour-cartes-de-voeux#primaryimage\",\"url\":\"https:\\\/\\\/buyck-displays.com\\\/wp-content\\\/uploads\\\/2019\\\/12\\\/A5-formaat-kaartenmolen_PC.A5.21_RW_2.jpg\",\"contentUrl\":\"https:\\\/\\\/buyck-displays.com\\\/wp-content\\\/uploads\\\/2019\\\/12\\\/A5-formaat-kaartenmolen_PC.A5.21_RW_2.jpg\",\"width\":1440,\"height\":1920,\"caption\":\"A5-kaartenmolen - Buyck Displays -PC.A5.21\"},{\"@type\":\"BreadcrumbList\",\"@id\":\"https:\\\/\\\/buyck-displays.com\\\/fr\\\/pc-a5-21-presentoir-pour-cartes-de-voeux#breadcrumb\",\"itemListElement\":[{\"@type\":\"ListItem\",\"position\":1,\"name\":\"Home\",\"item\":\"https:\\\/\\\/buyck-displays.com\\\/fr\"},{\"@type\":\"ListItem\",\"position\":2,\"name\":\"Displays\",\"item\":\"https:\\\/\\\/buyck-displays.com\\\/fr\\\/produits\"},{\"@type\":\"ListItem\",\"position\":3,\"name\":\"Pr\u00e9sentoir pour cartes de voeux A5\"}]},{\"@type\":\"WebSite\",\"@id\":\"https:\\\/\\\/buyck-displays.com\\\/fr\\\/#website\",\"url\":\"https:\\\/\\\/buyck-displays.com\\\/fr\\\/\",\"name\":\"Buyck Displays\",\"description\":\"Standaard en Maatwerk Displays\",\"potentialAction\":[{\"@type\":\"SearchAction\",\"target\":{\"@type\":\"EntryPoint\",\"urlTemplate\":\"https:\\\/\\\/buyck-displays.com\\\/fr\\\/?s={search_term_string}\"},\"query-input\":{\"@type\":\"PropertyValueSpecification\",\"valueRequired\":true,\"valueName\":\"search_term_string\"}}],\"inLanguage\":\"fr-FR\"}]}<\/script>\n<!-- \/ Yoast SEO plugin. -->","yoast_head_json":{"title":"Pr\u00e9sentoir pour cartes de voeux A5 - Buyck Displays","description":"Ce pr\u00e9sentoir en m\u00e9tal pour cartes de voeux a\u00a021 cases verticales pour les cartes de v\u0153ux verticales au format A5 ou les cartes carr\u00e9es.","robots":{"index":"index","follow":"follow","max-snippet":"max-snippet:-1","max-image-preview":"max-image-preview:large","max-video-preview":"max-video-preview:-1"},"canonical":"https:\/\/buyck-displays.com\/fr\/pc-a5-21-presentoir-pour-cartes-de-voeux","og_locale":"fr_FR","og_type":"article","og_title":"Pr\u00e9sentoir pour cartes de voeux A5 - Buyck Displays","og_description":"Ce pr\u00e9sentoir en m\u00e9tal pour cartes de voeux a\u00a021 cases verticales pour les cartes de v\u0153ux verticales au format A5 ou les cartes carr\u00e9es.","og_url":"https:\/\/buyck-displays.com\/fr\/pc-a5-21-presentoir-pour-cartes-de-voeux","og_site_name":"Buyck Displays","article_modified_time":"2023-02-13T12:41:07+00:00","og_image":[{"width":1440,"height":1920,"url":"https:\/\/buyck-displays.com\/wp-content\/uploads\/2019\/12\/A5-formaat-kaartenmolen_PC.A5.21_RW_2.jpg","type":"image\/jpeg"}],"twitter_card":"summary_large_image","twitter_misc":{"Dur\u00e9e de lecture estim\u00e9e":"1 minute"},"schema":{"@context":"https:\/\/schema.org","@graph":[{"@type":"WebPage","@id":"https:\/\/buyck-displays.com\/fr\/pc-a5-21-presentoir-pour-cartes-de-voeux","url":"https:\/\/buyck-displays.com\/fr\/pc-a5-21-presentoir-pour-cartes-de-voeux","name":"Pr\u00e9sentoir pour cartes de voeux A5 - Buyck Displays","isPartOf":{"@id":"https:\/\/buyck-displays.com\/fr\/#website"},"primaryImageOfPage":{"@id":"https:\/\/buyck-displays.com\/fr\/pc-a5-21-presentoir-pour-cartes-de-voeux#primaryimage"},"image":{"@id":"https:\/\/buyck-displays.com\/fr\/pc-a5-21-presentoir-pour-cartes-de-voeux#primaryimage"},"thumbnailUrl":"https:\/\/buyck-displays.com\/wp-content\/uploads\/2019\/12\/A5-formaat-kaartenmolen_PC.A5.21_RW_2.jpg","datePublished":"2019-12-02T12:15:38+00:00","dateModified":"2023-02-13T12:41:07+00:00","description":"Ce pr\u00e9sentoir en m\u00e9tal pour cartes de voeux a\u00a021 cases verticales pour les cartes de v\u0153ux verticales au format A5 ou les cartes carr\u00e9es.","breadcrumb":{"@id":"https:\/\/buyck-displays.com\/fr\/pc-a5-21-presentoir-pour-cartes-de-voeux#breadcrumb"},"inLanguage":"fr-FR","potentialAction":[{"@type":"ReadAction","target":["https:\/\/buyck-displays.com\/fr\/pc-a5-21-presentoir-pour-cartes-de-voeux"]}]},{"@type":"ImageObject","inLanguage":"fr-FR","@id":"https:\/\/buyck-displays.com\/fr\/pc-a5-21-presentoir-pour-cartes-de-voeux#primaryimage","url":"https:\/\/buyck-displays.com\/wp-content\/uploads\/2019\/12\/A5-formaat-kaartenmolen_PC.A5.21_RW_2.jpg","contentUrl":"https:\/\/buyck-displays.com\/wp-content\/uploads\/2019\/12\/A5-formaat-kaartenmolen_PC.A5.21_RW_2.jpg","width":1440,"height":1920,"caption":"A5-kaartenmolen - Buyck Displays -PC.A5.21"},{"@type":"BreadcrumbList","@id":"https:\/\/buyck-displays.com\/fr\/pc-a5-21-presentoir-pour-cartes-de-voeux#breadcrumb","itemListElement":[{"@type":"ListItem","position":1,"name":"Home","item":"https:\/\/buyck-displays.com\/fr"},{"@type":"ListItem","position":2,"name":"Displays","item":"https:\/\/buyck-displays.com\/fr\/produits"},{"@type":"ListItem","position":3,"name":"Pr\u00e9sentoir pour cartes de voeux A5"}]},{"@type":"WebSite","@id":"https:\/\/buyck-displays.com\/fr\/#website","url":"https:\/\/buyck-displays.com\/fr\/","name":"Buyck Displays","description":"Standaard en Maatwerk Displays","potentialAction":[{"@type":"SearchAction","target":{"@type":"EntryPoint","urlTemplate":"https:\/\/buyck-displays.com\/fr\/?s={search_term_string}"},"query-input":{"@type":"PropertyValueSpecification","valueRequired":true,"valueName":"search_term_string"}}],"inLanguage":"fr-FR"}]}},"_links":{"self":[{"href":"https:\/\/buyck-displays.com\/fr\/wp-json\/wp\/v2\/product\/66796","targetHints":{"allow":["GET"]}}],"collection":[{"href":"https:\/\/buyck-displays.com\/fr\/wp-json\/wp\/v2\/product"}],"about":[{"href":"https:\/\/buyck-displays.com\/fr\/wp-json\/wp\/v2\/types\/product"}],"replies":[{"embeddable":true,"href":"https:\/\/buyck-displays.com\/fr\/wp-json\/wp\/v2\/comments?post=66796"}],"wp:featuredmedia":[{"embeddable":true,"href":"https:\/\/buyck-displays.com\/fr\/wp-json\/wp\/v2\/media\/76845"}],"wp:attachment":[{"href":"https:\/\/buyck-displays.com\/fr\/wp-json\/wp\/v2\/media?parent=66796"}],"wp:term":[{"taxonomy":"product_brand","embeddable":true,"href":"https:\/\/buyck-displays.com\/fr\/wp-json\/wp\/v2\/product_brand?post=66796"},{"taxonomy":"product_cat","embeddable":true,"href":"https:\/\/buyck-displays.com\/fr\/wp-json\/wp\/v2\/product_cat?post=66796"},{"taxonomy":"product_tag","embeddable":true,"href":"https:\/\/buyck-displays.com\/fr\/wp-json\/wp\/v2\/product_tag?post=66796"}],"curies":[{"name":"wp","href":"https:\/\/api.w.org\/{rel}","templated":true}]}}