{"id":66395,"date":"2019-08-02T11:01:59","date_gmt":"2019-08-02T09:01:59","guid":{"rendered":"https:\/\/www.buyck-displays.com?post_type=product&#038;p=66395"},"modified":"2025-07-07T10:46:09","modified_gmt":"2025-07-07T08:46:09","slug":"presentoir-pour-cartes-postales-pc430vl","status":"publish","type":"product","link":"https:\/\/buyck-displays.com\/fr\/presentoir-pour-cartes-postales-pc430vl","title":{"rendered":"Pr\u00e9sentoir pour cartes postales"},"content":{"rendered":"<p>Pr\u00e9sentoir de sol en m\u00e9tal pour cartes postales\u00a0<strong>A6<\/strong>\u00a0<em>(sans enveloppe)<\/em>\u00a0de 10,5 cm x 15 cm, ou\u00a0<strong>avec<\/strong>\u00a0enveloppe <strong>C6<\/strong> de 11,4 cm x 16,2 cm.<\/p>\n<p>Ce pr\u00e9sentoir \u00e0 cartes comporte <strong>24 cases verticales<\/strong>\u00a0en standard (version 1), mais il est \u00e9galement possible de remplacer un ou plusieurs c\u00f4t\u00e9s avec des cases verticales par des c\u00f4t\u00e9s avec des cases horizontales.<\/p>\n<p>Voyez les diff\u00e9rentes possibilit\u00e9s ci-dessous. Veuillez indiquer clairement dans votre demande quelle(s) version(s) vous d\u00e9sirez.<\/p>\n<ul>\n<li><strong>Combinaisons possibles<\/strong> :\n<ul>\n<li><strong>version 1<\/strong> : 24 cases = 3 c\u00f4t\u00e9s de 8 cases\u00a0verticales<\/li>\n<li><strong>version 2<\/strong> : 27 cases = 2 c\u00f4t\u00e9s de 8 cases verticales (\u21d216 cases verticales) et 1 c\u00f4t\u00e9 de 11 cases horizontales<\/li>\n<li><strong>version 3<\/strong> : 30 cases = 1 c\u00f4t\u00e9 de 8 cases verticales et 2 c\u00f4t\u00e9s de 11 cases horizontales (\u21d222 cases horizontales)<\/li>\n<li><strong>version 4<\/strong> : 33 cases = 3 c\u00f4t\u00e9s de 11 cases horizontales<\/li>\n<\/ul>\n<\/li>\n<\/ul>\n<p>&nbsp;<\/p>\n<p><strong>OPTIONS :<\/strong><\/p>\n<ul>\n<li><strong>Plaque perfor\u00e9e<\/strong>\u00a0: Il est \u00e9galement possible de remplacer un ou plusieurs c\u00f4t\u00e9s avec des compartiments pour cartes par une plaque m\u00e9tallique perfor\u00e9e pour broches et\/ou aimants. Pour plus d\u2019informations, voir :\u00a0<span style=\"color: #3366ff;\"><strong><a style=\"color: #3366ff;\" href=\"https:\/\/buyck-displays.com\/fr\/element-perfore-pc2020\">\u00c9l\u00e9ment perfor\u00e9<\/a><\/strong><\/span><\/li>\n<li><strong>Roues en caoutchouc<\/strong>\u00a0: ce pr\u00e9sentoir repose sur 5 roues en plastique, dont deux avec un frein, mais si vous le souhaitez, vous pouvez \u00e9galement choisir <a href=\"https:\/\/buyck-displays.com\/fr\/roues-en-caoutchouc-bu100\"><span style=\"color: #3366ff;\"><strong>5 roues solides en caoutchouc<\/strong><\/span><\/a>.<\/li>\n<li><strong>Poids de base<\/strong>\u00a0: pour \u00e9viter que le pr\u00e9sentoir ne tombe ou ne soit emport\u00e9 par le vent, vous pouvez combiner notre poids de base avec ce porte-cartes. Si vous \u00eates int\u00e9ress\u00e9, veuillez\u00a0<span style=\"color: #3366ff;\"><strong><a style=\"color: #3366ff;\" href=\"https:\/\/buyck-displays.com\/fr\/poids-de-base-bu200\">cliquer ici<\/a><\/strong><\/span>.<\/li>\n<\/ul>\n<p>&nbsp;<\/p>\n<p><strong>Informations sur le produit<\/strong>\u00a0:<\/p>\n<ul>\n<li>dimensions :\n<ul>\n<li>cases :\n<ul>\n<li>vertical :\n<ul>\n<li>largeur (dimension int\u00e9rieure) : 11,5 cm<\/li>\n<li>profondeur (dimension int\u00e9rieure) : 2,7 cm<\/li>\n<li>hauteur (dimension ext\u00e9rieure) : 9 cm<\/li>\n<\/ul>\n<\/li>\n<li>horizontal :\n<ul>\n<li>largeur (dimension int\u00e9rieure) : 16,3 cm<\/li>\n<li>profondeur (dimension int\u00e9rieure) : 2,7 cm<\/li>\n<li>hauteur (dimension ext\u00e9rieure) : 6,8 cm<\/li>\n<\/ul>\n<\/li>\n<\/ul>\n<\/li>\n<li>pr\u00e9sentoir :\n<ul>\n<li>hauteur : 180 cm<\/li>\n<\/ul>\n<\/li>\n<\/ul>\n<\/li>\n<li>application :\n<ul>\n<li>cartes postales\u00a0<strong>A6<\/strong>\u00a0(10,5 cm x 15 cm) sans enveloppe<\/li>\n<li>cartes postales avec enveloppe\u00a0<strong>C6<\/strong>\u00a0(11,4 x 16,2 cm)<\/li>\n<\/ul>\n<\/li>\n<li>rotatif<\/li>\n<li>triangulaire (3 c\u00f4t\u00e9s)<\/li>\n<li>avec porte-logo<\/li>\n<li>d\u00e9montable<\/li>\n<li>couleur standard : argent<\/li>\n<\/ul>\n","protected":false},"excerpt":{"rendered":"<p>Pr\u00e9sentoir de sol en m\u00e9tal pour cartes postales\u00a0A6\u00a0(sans enveloppe)\u00a0de 10,5 cm x 15 cm, ou\u00a0avec\u00a0enveloppe C6 de 11,4 cm x 16,2 cm. Ce pr\u00e9sentoir \u00e0 cartes comporte 24 cases verticales\u00a0en standard (version 1), mais il est \u00e9galement possible de remplacer un ou plusieurs c\u00f4t\u00e9s avec des cases verticales par des c\u00f4t\u00e9s avec des cases horizontales. &hellip; <a href=\"https:\/\/buyck-displays.com\/fr\/presentoir-pour-cartes-postales-pc430vl\">Suite<\/a><\/p>\n","protected":false},"featured_media":82803,"comment_status":"closed","ping_status":"closed","template":"","meta":{"_acf_changed":false},"product_brand":[],"product_cat":[526,372,361],"product_tag":[],"class_list":{"0":"post-66395","1":"product","2":"type-product","3":"status-publish","4":"has-post-thumbnail","6":"product_cat-cartes-postales-15-cm-x-10-5-cm","7":"product_cat-presentoirs-a-cartes","8":"product_cat-presentoirs-standard","10":"first","11":"instock","12":"taxable","13":"shipping-taxable","14":"purchasable","15":"product-type-simple"},"acf":[],"yoast_head":"<!-- This site is optimized with the Yoast SEO plugin v27.6 - https:\/\/yoast.com\/product\/yoast-seo-wordpress\/ -->\n<title>Pr\u00e9sentoir pour cartes postales - Buyck Displays<\/title>\n<meta name=\"description\" content=\"Pr\u00e9sentoir de sol pour cartes postales A6 (sans enveloppe) de 10,5 cm x 15 cm, ou avec enveloppe C6 de 11,4 cm x 16,2 cm. Standard avec 24 cases verticales.\" \/>\n<meta name=\"robots\" content=\"index, follow, max-snippet:-1, max-image-preview:large, max-video-preview:-1\" \/>\n<link rel=\"canonical\" href=\"https:\/\/buyck-displays.com\/fr\/presentoir-pour-cartes-postales-pc430vl\" \/>\n<meta property=\"og:locale\" content=\"fr_FR\" \/>\n<meta property=\"og:type\" content=\"article\" \/>\n<meta property=\"og:title\" content=\"Pr\u00e9sentoir pour cartes postales - Buyck Displays\" \/>\n<meta property=\"og:description\" content=\"Pr\u00e9sentoir de sol pour cartes postales A6 (sans enveloppe) de 10,5 cm x 15 cm, ou avec enveloppe C6 de 11,4 cm x 16,2 cm. Standard avec 24 cases verticales.\" \/>\n<meta property=\"og:url\" content=\"https:\/\/buyck-displays.com\/fr\/presentoir-pour-cartes-postales-pc430vl\" \/>\n<meta property=\"og:site_name\" content=\"Buyck Displays\" \/>\n<meta property=\"article:modified_time\" content=\"2025-07-07T08:46:09+00:00\" \/>\n<meta property=\"og:image\" content=\"https:\/\/buyck-displays.com\/wp-content\/uploads\/2019\/08\/PC430VL-3.jpg\" \/>\n\t<meta property=\"og:image:width\" content=\"507\" \/>\n\t<meta property=\"og:image:height\" content=\"704\" \/>\n\t<meta property=\"og:image:type\" content=\"image\/jpeg\" \/>\n<meta name=\"twitter:card\" content=\"summary_large_image\" \/>\n<meta name=\"twitter:label1\" content=\"Dur\u00e9e de lecture estim\u00e9e\" \/>\n\t<meta name=\"twitter:data1\" content=\"2 minutes\" \/>\n<script type=\"application\/ld+json\" class=\"yoast-schema-graph\">{\"@context\":\"https:\\\/\\\/schema.org\",\"@graph\":[{\"@type\":\"WebPage\",\"@id\":\"https:\\\/\\\/buyck-displays.com\\\/fr\\\/presentoir-pour-cartes-postales-pc430vl\",\"url\":\"https:\\\/\\\/buyck-displays.com\\\/fr\\\/presentoir-pour-cartes-postales-pc430vl\",\"name\":\"Pr\u00e9sentoir pour cartes postales - Buyck Displays\",\"isPartOf\":{\"@id\":\"https:\\\/\\\/buyck-displays.com\\\/fr\\\/#website\"},\"primaryImageOfPage\":{\"@id\":\"https:\\\/\\\/buyck-displays.com\\\/fr\\\/presentoir-pour-cartes-postales-pc430vl#primaryimage\"},\"image\":{\"@id\":\"https:\\\/\\\/buyck-displays.com\\\/fr\\\/presentoir-pour-cartes-postales-pc430vl#primaryimage\"},\"thumbnailUrl\":\"https:\\\/\\\/buyck-displays.com\\\/wp-content\\\/uploads\\\/2019\\\/08\\\/PC430VL-3.jpg\",\"datePublished\":\"2019-08-02T09:01:59+00:00\",\"dateModified\":\"2025-07-07T08:46:09+00:00\",\"description\":\"Pr\u00e9sentoir de sol pour cartes postales A6 (sans enveloppe) de 10,5 cm x 15 cm, ou avec enveloppe C6 de 11,4 cm x 16,2 cm. Standard avec 24 cases verticales.\",\"breadcrumb\":{\"@id\":\"https:\\\/\\\/buyck-displays.com\\\/fr\\\/presentoir-pour-cartes-postales-pc430vl#breadcrumb\"},\"inLanguage\":\"fr-FR\",\"potentialAction\":[{\"@type\":\"ReadAction\",\"target\":[\"https:\\\/\\\/buyck-displays.com\\\/fr\\\/presentoir-pour-cartes-postales-pc430vl\"]}]},{\"@type\":\"ImageObject\",\"inLanguage\":\"fr-FR\",\"@id\":\"https:\\\/\\\/buyck-displays.com\\\/fr\\\/presentoir-pour-cartes-postales-pc430vl#primaryimage\",\"url\":\"https:\\\/\\\/buyck-displays.com\\\/wp-content\\\/uploads\\\/2019\\\/08\\\/PC430VL-3.jpg\",\"contentUrl\":\"https:\\\/\\\/buyck-displays.com\\\/wp-content\\\/uploads\\\/2019\\\/08\\\/PC430VL-3.jpg\",\"width\":507,\"height\":704},{\"@type\":\"BreadcrumbList\",\"@id\":\"https:\\\/\\\/buyck-displays.com\\\/fr\\\/presentoir-pour-cartes-postales-pc430vl#breadcrumb\",\"itemListElement\":[{\"@type\":\"ListItem\",\"position\":1,\"name\":\"Home\",\"item\":\"https:\\\/\\\/buyck-displays.com\\\/fr\"},{\"@type\":\"ListItem\",\"position\":2,\"name\":\"Displays\",\"item\":\"https:\\\/\\\/buyck-displays.com\\\/fr\\\/produits\"},{\"@type\":\"ListItem\",\"position\":3,\"name\":\"Pr\u00e9sentoir pour cartes postales\"}]},{\"@type\":\"WebSite\",\"@id\":\"https:\\\/\\\/buyck-displays.com\\\/fr\\\/#website\",\"url\":\"https:\\\/\\\/buyck-displays.com\\\/fr\\\/\",\"name\":\"Buyck Displays\",\"description\":\"Standaard en Maatwerk Displays\",\"potentialAction\":[{\"@type\":\"SearchAction\",\"target\":{\"@type\":\"EntryPoint\",\"urlTemplate\":\"https:\\\/\\\/buyck-displays.com\\\/fr\\\/?s={search_term_string}\"},\"query-input\":{\"@type\":\"PropertyValueSpecification\",\"valueRequired\":true,\"valueName\":\"search_term_string\"}}],\"inLanguage\":\"fr-FR\"}]}<\/script>\n<!-- \/ Yoast SEO plugin. -->","yoast_head_json":{"title":"Pr\u00e9sentoir pour cartes postales - Buyck Displays","description":"Pr\u00e9sentoir de sol pour cartes postales A6 (sans enveloppe) de 10,5 cm x 15 cm, ou avec enveloppe C6 de 11,4 cm x 16,2 cm. Standard avec 24 cases verticales.","robots":{"index":"index","follow":"follow","max-snippet":"max-snippet:-1","max-image-preview":"max-image-preview:large","max-video-preview":"max-video-preview:-1"},"canonical":"https:\/\/buyck-displays.com\/fr\/presentoir-pour-cartes-postales-pc430vl","og_locale":"fr_FR","og_type":"article","og_title":"Pr\u00e9sentoir pour cartes postales - Buyck Displays","og_description":"Pr\u00e9sentoir de sol pour cartes postales A6 (sans enveloppe) de 10,5 cm x 15 cm, ou avec enveloppe C6 de 11,4 cm x 16,2 cm. Standard avec 24 cases verticales.","og_url":"https:\/\/buyck-displays.com\/fr\/presentoir-pour-cartes-postales-pc430vl","og_site_name":"Buyck Displays","article_modified_time":"2025-07-07T08:46:09+00:00","og_image":[{"width":507,"height":704,"url":"https:\/\/buyck-displays.com\/wp-content\/uploads\/2019\/08\/PC430VL-3.jpg","type":"image\/jpeg"}],"twitter_card":"summary_large_image","twitter_misc":{"Dur\u00e9e de lecture estim\u00e9e":"2 minutes"},"schema":{"@context":"https:\/\/schema.org","@graph":[{"@type":"WebPage","@id":"https:\/\/buyck-displays.com\/fr\/presentoir-pour-cartes-postales-pc430vl","url":"https:\/\/buyck-displays.com\/fr\/presentoir-pour-cartes-postales-pc430vl","name":"Pr\u00e9sentoir pour cartes postales - Buyck Displays","isPartOf":{"@id":"https:\/\/buyck-displays.com\/fr\/#website"},"primaryImageOfPage":{"@id":"https:\/\/buyck-displays.com\/fr\/presentoir-pour-cartes-postales-pc430vl#primaryimage"},"image":{"@id":"https:\/\/buyck-displays.com\/fr\/presentoir-pour-cartes-postales-pc430vl#primaryimage"},"thumbnailUrl":"https:\/\/buyck-displays.com\/wp-content\/uploads\/2019\/08\/PC430VL-3.jpg","datePublished":"2019-08-02T09:01:59+00:00","dateModified":"2025-07-07T08:46:09+00:00","description":"Pr\u00e9sentoir de sol pour cartes postales A6 (sans enveloppe) de 10,5 cm x 15 cm, ou avec enveloppe C6 de 11,4 cm x 16,2 cm. Standard avec 24 cases verticales.","breadcrumb":{"@id":"https:\/\/buyck-displays.com\/fr\/presentoir-pour-cartes-postales-pc430vl#breadcrumb"},"inLanguage":"fr-FR","potentialAction":[{"@type":"ReadAction","target":["https:\/\/buyck-displays.com\/fr\/presentoir-pour-cartes-postales-pc430vl"]}]},{"@type":"ImageObject","inLanguage":"fr-FR","@id":"https:\/\/buyck-displays.com\/fr\/presentoir-pour-cartes-postales-pc430vl#primaryimage","url":"https:\/\/buyck-displays.com\/wp-content\/uploads\/2019\/08\/PC430VL-3.jpg","contentUrl":"https:\/\/buyck-displays.com\/wp-content\/uploads\/2019\/08\/PC430VL-3.jpg","width":507,"height":704},{"@type":"BreadcrumbList","@id":"https:\/\/buyck-displays.com\/fr\/presentoir-pour-cartes-postales-pc430vl#breadcrumb","itemListElement":[{"@type":"ListItem","position":1,"name":"Home","item":"https:\/\/buyck-displays.com\/fr"},{"@type":"ListItem","position":2,"name":"Displays","item":"https:\/\/buyck-displays.com\/fr\/produits"},{"@type":"ListItem","position":3,"name":"Pr\u00e9sentoir pour cartes postales"}]},{"@type":"WebSite","@id":"https:\/\/buyck-displays.com\/fr\/#website","url":"https:\/\/buyck-displays.com\/fr\/","name":"Buyck Displays","description":"Standaard en Maatwerk Displays","potentialAction":[{"@type":"SearchAction","target":{"@type":"EntryPoint","urlTemplate":"https:\/\/buyck-displays.com\/fr\/?s={search_term_string}"},"query-input":{"@type":"PropertyValueSpecification","valueRequired":true,"valueName":"search_term_string"}}],"inLanguage":"fr-FR"}]}},"_links":{"self":[{"href":"https:\/\/buyck-displays.com\/fr\/wp-json\/wp\/v2\/product\/66395","targetHints":{"allow":["GET"]}}],"collection":[{"href":"https:\/\/buyck-displays.com\/fr\/wp-json\/wp\/v2\/product"}],"about":[{"href":"https:\/\/buyck-displays.com\/fr\/wp-json\/wp\/v2\/types\/product"}],"replies":[{"embeddable":true,"href":"https:\/\/buyck-displays.com\/fr\/wp-json\/wp\/v2\/comments?post=66395"}],"wp:featuredmedia":[{"embeddable":true,"href":"https:\/\/buyck-displays.com\/fr\/wp-json\/wp\/v2\/media\/82803"}],"wp:attachment":[{"href":"https:\/\/buyck-displays.com\/fr\/wp-json\/wp\/v2\/media?parent=66395"}],"wp:term":[{"taxonomy":"product_brand","embeddable":true,"href":"https:\/\/buyck-displays.com\/fr\/wp-json\/wp\/v2\/product_brand?post=66395"},{"taxonomy":"product_cat","embeddable":true,"href":"https:\/\/buyck-displays.com\/fr\/wp-json\/wp\/v2\/product_cat?post=66395"},{"taxonomy":"product_tag","embeddable":true,"href":"https:\/\/buyck-displays.com\/fr\/wp-json\/wp\/v2\/product_tag?post=66395"}],"curies":[{"name":"wp","href":"https:\/\/api.w.org\/{rel}","templated":true}]}}