{"id":65461,"date":"2018-09-05T10:38:08","date_gmt":"2018-09-05T09:42:25","guid":{"rendered":"https:\/\/www.buyck-displays.be?post_type=product&#038;p=65461"},"modified":"2022-07-04T15:00:53","modified_gmt":"2022-07-04T13:00:53","slug":"couvercle-en-acrylique-wot1805","status":"publish","type":"product","link":"https:\/\/buyck-displays.com\/fr\/couvercle-en-acrylique-wot1805","title":{"rendered":"Couvercle en acrylique"},"content":{"rendered":"<div class=\"Wrapper\">\n<div class=\"Main\">\n<div class=\"Container\">\n<div class=\"Content Content--right\">\n<div class=\"Content-inner print-only\">\n<div class=\"u-cf\">\n<div class=\"Product-body\">\n<div class=\"Product-body-inner\">\n<div class=\"section TextSection\">\n<div class=\"Wrapper\">\n<div class=\"Main\">\n<div class=\"Container\">\n<div class=\"Content Content--right\">\n<div class=\"Content-inner print-only\">\n<div class=\"u-cf\">\n<div class=\"Product-body\">\n<div class=\"Product-body-inner\">\n<div class=\"section TextSection\">\n<p>Avec ce pr\u00e9sentoir en acrylique transparent de 3 mm d&rsquo;\u00e9paisseur, vous pouvez pr\u00e9senter votre article tr\u00e8s joliment et sans poussi\u00e8re. Il peut \u00eatre utilis\u00e9 comme bo\u00eete, couvercle ou pi\u00e9destal. Id\u00e9al pour pr\u00e9senter votre article en vitrine, sur une \u00e9tag\u00e8re ou sur le comptoir. Il a 5 c\u00f4t\u00e9s ferm\u00e9s et est ouvert sur 1 petit c\u00f4t\u00e9. Disponible en stock dans 6 tailles diff\u00e9rentes.<\/p>\n<ul>\n<li>dimensions <strong>int\u00e9rieures<\/strong>:\n<ul>\n<li>largeur: 14,2 cm<\/li>\n<li>profondeur: 14,2 cm<\/li>\n<li>hauteur: 20,7 cm<\/li>\n<\/ul>\n<\/li>\n<\/ul>\n<\/div>\n<\/div>\n<\/div>\n<\/div>\n<\/div>\n<\/div>\n<\/div>\n<\/div>\n<\/div>\n<\/div>\n<\/div>\n<\/div>\n<\/div>\n<\/div>\n<\/div>\n<\/div>\n<\/div>\n<\/div>\n","protected":false},"excerpt":{"rendered":"<p>Avec ce pr\u00e9sentoir en acrylique transparent de 3 mm d&rsquo;\u00e9paisseur, vous pouvez pr\u00e9senter votre article tr\u00e8s joliment et sans poussi\u00e8re. Il peut \u00eatre utilis\u00e9 comme bo\u00eete, couvercle ou pi\u00e9destal. Id\u00e9al pour pr\u00e9senter votre article en vitrine, sur une \u00e9tag\u00e8re ou sur le comptoir. Il a 5 c\u00f4t\u00e9s ferm\u00e9s et est ouvert sur 1 petit c\u00f4t\u00e9. &hellip; <a href=\"https:\/\/buyck-displays.com\/fr\/couvercle-en-acrylique-wot1805\">Suite<\/a><\/p>\n","protected":false},"featured_media":65609,"comment_status":"closed","ping_status":"closed","template":"","meta":{"_acf_changed":false},"product_brand":[],"product_cat":[361,368,362],"product_tag":[],"class_list":{"0":"post-65461","1":"product","2":"type-product","3":"status-publish","4":"has-post-thumbnail","6":"product_cat-presentoirs-standard","7":"product_cat-presentoirs-en-acrylique","8":"product_cat-cubes-en-acrylique","10":"first","11":"instock","12":"taxable","13":"shipping-taxable","14":"purchasable","15":"product-type-simple"},"acf":[],"yoast_head":"<!-- This site is optimized with the Yoast SEO plugin v26.8 - https:\/\/yoast.com\/product\/yoast-seo-wordpress\/ -->\n<title>Couvercle en acrylique - Buyck Displays - Pr\u00e9sentoir en acrylique<\/title>\n<meta name=\"description\" content=\"Vous cherchez une couvercle en acrylique? D\u00e9couvrez notre gamme de pr\u00e9sentoirs en acrylique en stock. La personnalisation est possible \u00e0 partir de 30 pi\u00e8ces.\" \/>\n<meta name=\"robots\" content=\"index, follow, max-snippet:-1, max-image-preview:large, max-video-preview:-1\" \/>\n<link rel=\"canonical\" href=\"https:\/\/buyck-displays.com\/fr\/couvercle-en-acrylique-wot1805\" \/>\n<meta property=\"og:locale\" content=\"fr_FR\" \/>\n<meta property=\"og:type\" content=\"article\" \/>\n<meta property=\"og:title\" content=\"Couvercle en acrylique - Buyck Displays - Pr\u00e9sentoir en acrylique\" \/>\n<meta property=\"og:description\" content=\"Vous cherchez une couvercle en acrylique? D\u00e9couvrez notre gamme de pr\u00e9sentoirs en acrylique en stock. La personnalisation est possible \u00e0 partir de 30 pi\u00e8ces.\" \/>\n<meta property=\"og:url\" content=\"https:\/\/buyck-displays.com\/fr\/couvercle-en-acrylique-wot1805\" \/>\n<meta property=\"og:site_name\" content=\"Buyck Displays\" \/>\n<meta property=\"article:modified_time\" content=\"2022-07-04T13:00:53+00:00\" \/>\n<meta property=\"og:image\" content=\"https:\/\/buyck-displays.com\/wp-content\/uploads\/2018\/09\/WOT1805-2.jpg\" \/>\n\t<meta property=\"og:image:width\" content=\"767\" \/>\n\t<meta property=\"og:image:height\" content=\"1024\" \/>\n\t<meta property=\"og:image:type\" content=\"image\/jpeg\" \/>\n<meta name=\"twitter:card\" content=\"summary_large_image\" \/>\n<meta name=\"twitter:label1\" content=\"Dur\u00e9e de lecture estim\u00e9e\" \/>\n\t<meta name=\"twitter:data1\" content=\"1 minute\" \/>\n<script type=\"application\/ld+json\" class=\"yoast-schema-graph\">{\"@context\":\"https:\/\/schema.org\",\"@graph\":[{\"@type\":\"WebPage\",\"@id\":\"https:\/\/buyck-displays.com\/fr\/couvercle-en-acrylique-wot1805\",\"url\":\"https:\/\/buyck-displays.com\/fr\/couvercle-en-acrylique-wot1805\",\"name\":\"Couvercle en acrylique - Buyck Displays - Pr\u00e9sentoir en acrylique\",\"isPartOf\":{\"@id\":\"https:\/\/buyck-displays.com\/fr\/#website\"},\"primaryImageOfPage\":{\"@id\":\"https:\/\/buyck-displays.com\/fr\/couvercle-en-acrylique-wot1805#primaryimage\"},\"image\":{\"@id\":\"https:\/\/buyck-displays.com\/fr\/couvercle-en-acrylique-wot1805#primaryimage\"},\"thumbnailUrl\":\"https:\/\/buyck-displays.com\/wp-content\/uploads\/2018\/09\/WOT1805-2.jpg\",\"datePublished\":\"2018-09-05T09:42:25+00:00\",\"dateModified\":\"2022-07-04T13:00:53+00:00\",\"description\":\"Vous cherchez une couvercle en acrylique? D\u00e9couvrez notre gamme de pr\u00e9sentoirs en acrylique en stock. La personnalisation est possible \u00e0 partir de 30 pi\u00e8ces.\",\"breadcrumb\":{\"@id\":\"https:\/\/buyck-displays.com\/fr\/couvercle-en-acrylique-wot1805#breadcrumb\"},\"inLanguage\":\"fr-FR\",\"potentialAction\":[{\"@type\":\"ReadAction\",\"target\":[\"https:\/\/buyck-displays.com\/fr\/couvercle-en-acrylique-wot1805\"]}]},{\"@type\":\"ImageObject\",\"inLanguage\":\"fr-FR\",\"@id\":\"https:\/\/buyck-displays.com\/fr\/couvercle-en-acrylique-wot1805#primaryimage\",\"url\":\"https:\/\/buyck-displays.com\/wp-content\/uploads\/2018\/09\/WOT1805-2.jpg\",\"contentUrl\":\"https:\/\/buyck-displays.com\/wp-content\/uploads\/2018\/09\/WOT1805-2.jpg\",\"width\":767,\"height\":1024},{\"@type\":\"BreadcrumbList\",\"@id\":\"https:\/\/buyck-displays.com\/fr\/couvercle-en-acrylique-wot1805#breadcrumb\",\"itemListElement\":[{\"@type\":\"ListItem\",\"position\":1,\"name\":\"Home\",\"item\":\"https:\/\/buyck-displays.com\/fr\"},{\"@type\":\"ListItem\",\"position\":2,\"name\":\"Displays\",\"item\":\"https:\/\/buyck-displays.com\/fr\/produits\"},{\"@type\":\"ListItem\",\"position\":3,\"name\":\"Couvercle en acrylique\"}]},{\"@type\":\"WebSite\",\"@id\":\"https:\/\/buyck-displays.com\/fr\/#website\",\"url\":\"https:\/\/buyck-displays.com\/fr\/\",\"name\":\"Buyck Displays\",\"description\":\"Standaard en Maatwerk Displays\",\"potentialAction\":[{\"@type\":\"SearchAction\",\"target\":{\"@type\":\"EntryPoint\",\"urlTemplate\":\"https:\/\/buyck-displays.com\/fr\/?s={search_term_string}\"},\"query-input\":{\"@type\":\"PropertyValueSpecification\",\"valueRequired\":true,\"valueName\":\"search_term_string\"}}],\"inLanguage\":\"fr-FR\"}]}<\/script>\n<!-- \/ Yoast SEO plugin. -->","yoast_head_json":{"title":"Couvercle en acrylique - Buyck Displays - Pr\u00e9sentoir en acrylique","description":"Vous cherchez une couvercle en acrylique? D\u00e9couvrez notre gamme de pr\u00e9sentoirs en acrylique en stock. La personnalisation est possible \u00e0 partir de 30 pi\u00e8ces.","robots":{"index":"index","follow":"follow","max-snippet":"max-snippet:-1","max-image-preview":"max-image-preview:large","max-video-preview":"max-video-preview:-1"},"canonical":"https:\/\/buyck-displays.com\/fr\/couvercle-en-acrylique-wot1805","og_locale":"fr_FR","og_type":"article","og_title":"Couvercle en acrylique - Buyck Displays - Pr\u00e9sentoir en acrylique","og_description":"Vous cherchez une couvercle en acrylique? D\u00e9couvrez notre gamme de pr\u00e9sentoirs en acrylique en stock. La personnalisation est possible \u00e0 partir de 30 pi\u00e8ces.","og_url":"https:\/\/buyck-displays.com\/fr\/couvercle-en-acrylique-wot1805","og_site_name":"Buyck Displays","article_modified_time":"2022-07-04T13:00:53+00:00","og_image":[{"width":767,"height":1024,"url":"https:\/\/buyck-displays.com\/wp-content\/uploads\/2018\/09\/WOT1805-2.jpg","type":"image\/jpeg"}],"twitter_card":"summary_large_image","twitter_misc":{"Dur\u00e9e de lecture estim\u00e9e":"1 minute"},"schema":{"@context":"https:\/\/schema.org","@graph":[{"@type":"WebPage","@id":"https:\/\/buyck-displays.com\/fr\/couvercle-en-acrylique-wot1805","url":"https:\/\/buyck-displays.com\/fr\/couvercle-en-acrylique-wot1805","name":"Couvercle en acrylique - Buyck Displays - Pr\u00e9sentoir en acrylique","isPartOf":{"@id":"https:\/\/buyck-displays.com\/fr\/#website"},"primaryImageOfPage":{"@id":"https:\/\/buyck-displays.com\/fr\/couvercle-en-acrylique-wot1805#primaryimage"},"image":{"@id":"https:\/\/buyck-displays.com\/fr\/couvercle-en-acrylique-wot1805#primaryimage"},"thumbnailUrl":"https:\/\/buyck-displays.com\/wp-content\/uploads\/2018\/09\/WOT1805-2.jpg","datePublished":"2018-09-05T09:42:25+00:00","dateModified":"2022-07-04T13:00:53+00:00","description":"Vous cherchez une couvercle en acrylique? D\u00e9couvrez notre gamme de pr\u00e9sentoirs en acrylique en stock. La personnalisation est possible \u00e0 partir de 30 pi\u00e8ces.","breadcrumb":{"@id":"https:\/\/buyck-displays.com\/fr\/couvercle-en-acrylique-wot1805#breadcrumb"},"inLanguage":"fr-FR","potentialAction":[{"@type":"ReadAction","target":["https:\/\/buyck-displays.com\/fr\/couvercle-en-acrylique-wot1805"]}]},{"@type":"ImageObject","inLanguage":"fr-FR","@id":"https:\/\/buyck-displays.com\/fr\/couvercle-en-acrylique-wot1805#primaryimage","url":"https:\/\/buyck-displays.com\/wp-content\/uploads\/2018\/09\/WOT1805-2.jpg","contentUrl":"https:\/\/buyck-displays.com\/wp-content\/uploads\/2018\/09\/WOT1805-2.jpg","width":767,"height":1024},{"@type":"BreadcrumbList","@id":"https:\/\/buyck-displays.com\/fr\/couvercle-en-acrylique-wot1805#breadcrumb","itemListElement":[{"@type":"ListItem","position":1,"name":"Home","item":"https:\/\/buyck-displays.com\/fr"},{"@type":"ListItem","position":2,"name":"Displays","item":"https:\/\/buyck-displays.com\/fr\/produits"},{"@type":"ListItem","position":3,"name":"Couvercle en acrylique"}]},{"@type":"WebSite","@id":"https:\/\/buyck-displays.com\/fr\/#website","url":"https:\/\/buyck-displays.com\/fr\/","name":"Buyck Displays","description":"Standaard en Maatwerk Displays","potentialAction":[{"@type":"SearchAction","target":{"@type":"EntryPoint","urlTemplate":"https:\/\/buyck-displays.com\/fr\/?s={search_term_string}"},"query-input":{"@type":"PropertyValueSpecification","valueRequired":true,"valueName":"search_term_string"}}],"inLanguage":"fr-FR"}]}},"_links":{"self":[{"href":"https:\/\/buyck-displays.com\/fr\/wp-json\/wp\/v2\/product\/65461","targetHints":{"allow":["GET"]}}],"collection":[{"href":"https:\/\/buyck-displays.com\/fr\/wp-json\/wp\/v2\/product"}],"about":[{"href":"https:\/\/buyck-displays.com\/fr\/wp-json\/wp\/v2\/types\/product"}],"replies":[{"embeddable":true,"href":"https:\/\/buyck-displays.com\/fr\/wp-json\/wp\/v2\/comments?post=65461"}],"wp:featuredmedia":[{"embeddable":true,"href":"https:\/\/buyck-displays.com\/fr\/wp-json\/wp\/v2\/media\/65609"}],"wp:attachment":[{"href":"https:\/\/buyck-displays.com\/fr\/wp-json\/wp\/v2\/media?parent=65461"}],"wp:term":[{"taxonomy":"product_brand","embeddable":true,"href":"https:\/\/buyck-displays.com\/fr\/wp-json\/wp\/v2\/product_brand?post=65461"},{"taxonomy":"product_cat","embeddable":true,"href":"https:\/\/buyck-displays.com\/fr\/wp-json\/wp\/v2\/product_cat?post=65461"},{"taxonomy":"product_tag","embeddable":true,"href":"https:\/\/buyck-displays.com\/fr\/wp-json\/wp\/v2\/product_tag?post=65461"}],"curies":[{"name":"wp","href":"https:\/\/api.w.org\/{rel}","templated":true}]}}