{"id":63220,"date":"2017-10-30T15:49:30","date_gmt":"2017-10-30T14:49:30","guid":{"rendered":"http:\/\/www.buyck-displays.com\/?post_type=product&#038;p=63220\/"},"modified":"2025-09-17T11:27:44","modified_gmt":"2025-09-17T09:27:44","slug":"boite-ronde-en-acrylique-vp-1703-20","status":"publish","type":"product","link":"https:\/\/buyck-displays.com\/fr\/boite-ronde-en-acrylique-vp-1703-20","title":{"rendered":"Bo\u00eete ronde en acrylique"},"content":{"rendered":"<p><span style=\"color: #ff0000;\"><strong>\u00c9PUIS\u00c9 !!!<\/strong><\/span><\/p>\n<p>Il s&rsquo;agit d&rsquo;une belle bo\u00eete ronde d\u00e9corative en acrylique transparent, avec un couvercle s\u00e9par\u00e9. Cette bo\u00eete se pr\u00e9sente joliment sur un comptoir ou un buffet avec, par exemple, des bonbons, des sucettes, des accessoires ou d&rsquo;autres petits articles (color\u00e9s). Disponible sur stock en 2 tailles diff\u00e9rentes.<\/p>\n<ul>\n<li>dimensions <strong>ext\u00e9rieures<\/strong>:\n<ul>\n<li>hauteur : 20 cm (sans la poign\u00e9e du couvercle = 2 cm)<\/li>\n<li>diam\u00e8tre : 20 cm<\/li>\n<\/ul>\n<\/li>\n<li>\u00e9paisseur de l&rsquo;acrylique : 4 mm<\/li>\n<\/ul>\n","protected":false},"excerpt":{"rendered":"<p>\u00c9PUIS\u00c9 !!! Il s&rsquo;agit d&rsquo;une belle bo\u00eete ronde d\u00e9corative en acrylique transparent, avec un couvercle s\u00e9par\u00e9. Cette bo\u00eete se pr\u00e9sente joliment sur un comptoir ou un buffet avec, par exemple, des bonbons, des sucettes, des accessoires ou d&rsquo;autres petits articles (color\u00e9s). Disponible sur stock en 2 tailles diff\u00e9rentes. dimensions ext\u00e9rieures: hauteur : 20 cm (sans &hellip; <a href=\"https:\/\/buyck-displays.com\/fr\/boite-ronde-en-acrylique-vp-1703-20\">Suite<\/a><\/p>\n","protected":false},"featured_media":65577,"comment_status":"closed","ping_status":"closed","template":"","meta":{"_acf_changed":false},"product_brand":[],"product_cat":[362,374,368,361,369],"product_tag":[],"class_list":{"0":"post-63220","1":"product","2":"type-product","3":"status-publish","4":"has-post-thumbnail","6":"product_cat-cubes-en-acrylique","7":"product_cat-presentoirs-sur-mesure","8":"product_cat-presentoirs-en-acrylique","9":"product_cat-presentoirs-standard","10":"product_cat-presentoirs-pour-bonbons","12":"first","13":"instock","14":"taxable","15":"shipping-taxable","16":"product-type-simple"},"acf":[],"yoast_head":"<!-- This site is optimized with the Yoast SEO plugin v27.6 - https:\/\/yoast.com\/product\/yoast-seo-wordpress\/ -->\n<title>Bo\u00eete ronde en acrylique - Buyck Displays - Display en acrylique<\/title>\n<meta name=\"description\" content=\"Vous cherchez une bo\u00eete en acrylique ? D\u00e9couvrez notre large gamme de bo\u00eetes en acrylique en stock. Sur mesure: \u00e0 partir de 30 pi\u00e8ces.\" \/>\n<meta name=\"robots\" content=\"index, follow, max-snippet:-1, max-image-preview:large, max-video-preview:-1\" \/>\n<link rel=\"canonical\" href=\"https:\/\/buyck-displays.com\/fr\/boite-ronde-en-acrylique-vp-1703-20\" \/>\n<meta property=\"og:locale\" content=\"fr_FR\" \/>\n<meta property=\"og:type\" content=\"article\" \/>\n<meta property=\"og:title\" content=\"Bo\u00eete ronde en acrylique - Buyck Displays - Display en acrylique\" \/>\n<meta property=\"og:description\" content=\"Vous cherchez une bo\u00eete en acrylique ? D\u00e9couvrez notre large gamme de bo\u00eetes en acrylique en stock. Sur mesure: \u00e0 partir de 30 pi\u00e8ces.\" \/>\n<meta property=\"og:url\" content=\"https:\/\/buyck-displays.com\/fr\/boite-ronde-en-acrylique-vp-1703-20\" \/>\n<meta property=\"og:site_name\" content=\"Buyck Displays\" \/>\n<meta property=\"article:modified_time\" content=\"2025-09-17T09:27:44+00:00\" \/>\n<meta property=\"og:image\" content=\"https:\/\/buyck-displays.com\/wp-content\/uploads\/2018\/11\/BU.1703.20.jpg\" \/>\n\t<meta property=\"og:image:width\" content=\"768\" \/>\n\t<meta property=\"og:image:height\" content=\"1024\" \/>\n\t<meta property=\"og:image:type\" content=\"image\/jpeg\" \/>\n<meta name=\"twitter:card\" content=\"summary_large_image\" \/>\n<meta name=\"twitter:label1\" content=\"Dur\u00e9e de lecture estim\u00e9e\" \/>\n\t<meta name=\"twitter:data1\" content=\"1 minute\" \/>\n<script type=\"application\/ld+json\" class=\"yoast-schema-graph\">{\"@context\":\"https:\\\/\\\/schema.org\",\"@graph\":[{\"@type\":\"WebPage\",\"@id\":\"https:\\\/\\\/buyck-displays.com\\\/fr\\\/boite-ronde-en-acrylique-vp-1703-20\",\"url\":\"https:\\\/\\\/buyck-displays.com\\\/fr\\\/boite-ronde-en-acrylique-vp-1703-20\",\"name\":\"Bo\u00eete ronde en acrylique - Buyck Displays - Display en acrylique\",\"isPartOf\":{\"@id\":\"https:\\\/\\\/buyck-displays.com\\\/fr\\\/#website\"},\"primaryImageOfPage\":{\"@id\":\"https:\\\/\\\/buyck-displays.com\\\/fr\\\/boite-ronde-en-acrylique-vp-1703-20#primaryimage\"},\"image\":{\"@id\":\"https:\\\/\\\/buyck-displays.com\\\/fr\\\/boite-ronde-en-acrylique-vp-1703-20#primaryimage\"},\"thumbnailUrl\":\"https:\\\/\\\/buyck-displays.com\\\/wp-content\\\/uploads\\\/2018\\\/11\\\/BU.1703.20.jpg\",\"datePublished\":\"2017-10-30T14:49:30+00:00\",\"dateModified\":\"2025-09-17T09:27:44+00:00\",\"description\":\"Vous cherchez une bo\u00eete en acrylique ? D\u00e9couvrez notre large gamme de bo\u00eetes en acrylique en stock. Sur mesure: \u00e0 partir de 30 pi\u00e8ces.\",\"breadcrumb\":{\"@id\":\"https:\\\/\\\/buyck-displays.com\\\/fr\\\/boite-ronde-en-acrylique-vp-1703-20#breadcrumb\"},\"inLanguage\":\"fr-FR\",\"potentialAction\":[{\"@type\":\"ReadAction\",\"target\":[\"https:\\\/\\\/buyck-displays.com\\\/fr\\\/boite-ronde-en-acrylique-vp-1703-20\"]}]},{\"@type\":\"ImageObject\",\"inLanguage\":\"fr-FR\",\"@id\":\"https:\\\/\\\/buyck-displays.com\\\/fr\\\/boite-ronde-en-acrylique-vp-1703-20#primaryimage\",\"url\":\"https:\\\/\\\/buyck-displays.com\\\/wp-content\\\/uploads\\\/2018\\\/11\\\/BU.1703.20.jpg\",\"contentUrl\":\"https:\\\/\\\/buyck-displays.com\\\/wp-content\\\/uploads\\\/2018\\\/11\\\/BU.1703.20.jpg\",\"width\":768,\"height\":1024},{\"@type\":\"BreadcrumbList\",\"@id\":\"https:\\\/\\\/buyck-displays.com\\\/fr\\\/boite-ronde-en-acrylique-vp-1703-20#breadcrumb\",\"itemListElement\":[{\"@type\":\"ListItem\",\"position\":1,\"name\":\"Home\",\"item\":\"https:\\\/\\\/buyck-displays.com\\\/fr\"},{\"@type\":\"ListItem\",\"position\":2,\"name\":\"Displays\",\"item\":\"https:\\\/\\\/buyck-displays.com\\\/fr\\\/produits\"},{\"@type\":\"ListItem\",\"position\":3,\"name\":\"Bo\u00eete ronde en acrylique\"}]},{\"@type\":\"WebSite\",\"@id\":\"https:\\\/\\\/buyck-displays.com\\\/fr\\\/#website\",\"url\":\"https:\\\/\\\/buyck-displays.com\\\/fr\\\/\",\"name\":\"Buyck Displays\",\"description\":\"Standaard en Maatwerk Displays\",\"potentialAction\":[{\"@type\":\"SearchAction\",\"target\":{\"@type\":\"EntryPoint\",\"urlTemplate\":\"https:\\\/\\\/buyck-displays.com\\\/fr\\\/?s={search_term_string}\"},\"query-input\":{\"@type\":\"PropertyValueSpecification\",\"valueRequired\":true,\"valueName\":\"search_term_string\"}}],\"inLanguage\":\"fr-FR\"}]}<\/script>\n<!-- \/ Yoast SEO plugin. -->","yoast_head_json":{"title":"Bo\u00eete ronde en acrylique - Buyck Displays - Display en acrylique","description":"Vous cherchez une bo\u00eete en acrylique ? D\u00e9couvrez notre large gamme de bo\u00eetes en acrylique en stock. Sur mesure: \u00e0 partir de 30 pi\u00e8ces.","robots":{"index":"index","follow":"follow","max-snippet":"max-snippet:-1","max-image-preview":"max-image-preview:large","max-video-preview":"max-video-preview:-1"},"canonical":"https:\/\/buyck-displays.com\/fr\/boite-ronde-en-acrylique-vp-1703-20","og_locale":"fr_FR","og_type":"article","og_title":"Bo\u00eete ronde en acrylique - Buyck Displays - Display en acrylique","og_description":"Vous cherchez une bo\u00eete en acrylique ? D\u00e9couvrez notre large gamme de bo\u00eetes en acrylique en stock. Sur mesure: \u00e0 partir de 30 pi\u00e8ces.","og_url":"https:\/\/buyck-displays.com\/fr\/boite-ronde-en-acrylique-vp-1703-20","og_site_name":"Buyck Displays","article_modified_time":"2025-09-17T09:27:44+00:00","og_image":[{"width":768,"height":1024,"url":"https:\/\/buyck-displays.com\/wp-content\/uploads\/2018\/11\/BU.1703.20.jpg","type":"image\/jpeg"}],"twitter_card":"summary_large_image","twitter_misc":{"Dur\u00e9e de lecture estim\u00e9e":"1 minute"},"schema":{"@context":"https:\/\/schema.org","@graph":[{"@type":"WebPage","@id":"https:\/\/buyck-displays.com\/fr\/boite-ronde-en-acrylique-vp-1703-20","url":"https:\/\/buyck-displays.com\/fr\/boite-ronde-en-acrylique-vp-1703-20","name":"Bo\u00eete ronde en acrylique - Buyck Displays - Display en acrylique","isPartOf":{"@id":"https:\/\/buyck-displays.com\/fr\/#website"},"primaryImageOfPage":{"@id":"https:\/\/buyck-displays.com\/fr\/boite-ronde-en-acrylique-vp-1703-20#primaryimage"},"image":{"@id":"https:\/\/buyck-displays.com\/fr\/boite-ronde-en-acrylique-vp-1703-20#primaryimage"},"thumbnailUrl":"https:\/\/buyck-displays.com\/wp-content\/uploads\/2018\/11\/BU.1703.20.jpg","datePublished":"2017-10-30T14:49:30+00:00","dateModified":"2025-09-17T09:27:44+00:00","description":"Vous cherchez une bo\u00eete en acrylique ? D\u00e9couvrez notre large gamme de bo\u00eetes en acrylique en stock. Sur mesure: \u00e0 partir de 30 pi\u00e8ces.","breadcrumb":{"@id":"https:\/\/buyck-displays.com\/fr\/boite-ronde-en-acrylique-vp-1703-20#breadcrumb"},"inLanguage":"fr-FR","potentialAction":[{"@type":"ReadAction","target":["https:\/\/buyck-displays.com\/fr\/boite-ronde-en-acrylique-vp-1703-20"]}]},{"@type":"ImageObject","inLanguage":"fr-FR","@id":"https:\/\/buyck-displays.com\/fr\/boite-ronde-en-acrylique-vp-1703-20#primaryimage","url":"https:\/\/buyck-displays.com\/wp-content\/uploads\/2018\/11\/BU.1703.20.jpg","contentUrl":"https:\/\/buyck-displays.com\/wp-content\/uploads\/2018\/11\/BU.1703.20.jpg","width":768,"height":1024},{"@type":"BreadcrumbList","@id":"https:\/\/buyck-displays.com\/fr\/boite-ronde-en-acrylique-vp-1703-20#breadcrumb","itemListElement":[{"@type":"ListItem","position":1,"name":"Home","item":"https:\/\/buyck-displays.com\/fr"},{"@type":"ListItem","position":2,"name":"Displays","item":"https:\/\/buyck-displays.com\/fr\/produits"},{"@type":"ListItem","position":3,"name":"Bo\u00eete ronde en acrylique"}]},{"@type":"WebSite","@id":"https:\/\/buyck-displays.com\/fr\/#website","url":"https:\/\/buyck-displays.com\/fr\/","name":"Buyck Displays","description":"Standaard en Maatwerk Displays","potentialAction":[{"@type":"SearchAction","target":{"@type":"EntryPoint","urlTemplate":"https:\/\/buyck-displays.com\/fr\/?s={search_term_string}"},"query-input":{"@type":"PropertyValueSpecification","valueRequired":true,"valueName":"search_term_string"}}],"inLanguage":"fr-FR"}]}},"_links":{"self":[{"href":"https:\/\/buyck-displays.com\/fr\/wp-json\/wp\/v2\/product\/63220","targetHints":{"allow":["GET"]}}],"collection":[{"href":"https:\/\/buyck-displays.com\/fr\/wp-json\/wp\/v2\/product"}],"about":[{"href":"https:\/\/buyck-displays.com\/fr\/wp-json\/wp\/v2\/types\/product"}],"replies":[{"embeddable":true,"href":"https:\/\/buyck-displays.com\/fr\/wp-json\/wp\/v2\/comments?post=63220"}],"wp:featuredmedia":[{"embeddable":true,"href":"https:\/\/buyck-displays.com\/fr\/wp-json\/wp\/v2\/media\/65577"}],"wp:attachment":[{"href":"https:\/\/buyck-displays.com\/fr\/wp-json\/wp\/v2\/media?parent=63220"}],"wp:term":[{"taxonomy":"product_brand","embeddable":true,"href":"https:\/\/buyck-displays.com\/fr\/wp-json\/wp\/v2\/product_brand?post=63220"},{"taxonomy":"product_cat","embeddable":true,"href":"https:\/\/buyck-displays.com\/fr\/wp-json\/wp\/v2\/product_cat?post=63220"},{"taxonomy":"product_tag","embeddable":true,"href":"https:\/\/buyck-displays.com\/fr\/wp-json\/wp\/v2\/product_tag?post=63220"}],"curies":[{"name":"wp","href":"https:\/\/api.w.org\/{rel}","templated":true}]}}