{"id":57592,"date":"2017-04-13T11:04:31","date_gmt":"2017-04-13T09:04:31","guid":{"rendered":"http:\/\/shipyard.intago.eu\/buyckdisplays\/product\/bu-1208-05-50\/"},"modified":"2022-07-04T13:36:42","modified_gmt":"2022-07-04T11:36:42","slug":"ponts-en-acrylique-bu-1208-05-50","status":"publish","type":"product","link":"https:\/\/buyck-displays.com\/fr\/ponts-en-acrylique-bu-1208-05-50","title":{"rendered":"Ensemble de 3 ponts\/pi\u00e9destaux en acrylique"},"content":{"rendered":"<p>Ensemble de 3 ponts\/pi\u00e9destaux en acrylique de diff\u00e9rentes tailles. Id\u00e9al pour pr\u00e9senter de plus petits objets de mani\u00e8re belle et visible dans votre vitrine\/\u00e9talage. Fabriqu\u00e9 en acrylique transparent de 4 mm d&rsquo;\u00e9paisseur.<\/p>\n<ul>\n<li>Dimensions:\n<ul>\n<li>petit mod\u00e8le: 10 cm de haut x 10 cm de large x 10 cm de profondeur<\/li>\n<li>mod\u00e8le moyen: 12 cm de haut x 12 cm de large x 12 cm de profondeur<\/li>\n<li>grand mod\u00e8le: 14 cm de haut x 14 cm de large x 14 cm de profondeur<\/li>\n<\/ul>\n<\/li>\n<\/ul>\n","protected":false},"excerpt":{"rendered":"<p>Ensemble de 3 ponts\/pi\u00e9destaux en acrylique de diff\u00e9rentes tailles. Id\u00e9al pour pr\u00e9senter de plus petits objets de mani\u00e8re belle et visible dans votre vitrine\/\u00e9talage. Fabriqu\u00e9 en acrylique transparent de 4 mm d&rsquo;\u00e9paisseur. Dimensions: petit mod\u00e8le: 10 cm de haut x 10 cm de large x 10 cm de profondeur mod\u00e8le moyen: 12 cm de haut &hellip; <a href=\"https:\/\/buyck-displays.com\/fr\/ponts-en-acrylique-bu-1208-05-50\">Suite<\/a><\/p>\n","protected":false},"featured_media":76809,"comment_status":"closed","ping_status":"closed","template":"","meta":{"_acf_changed":false},"product_brand":[],"product_cat":[368,361],"product_tag":[],"class_list":{"0":"post-57592","1":"product","2":"type-product","3":"status-publish","4":"has-post-thumbnail","6":"product_cat-presentoirs-en-acrylique","7":"product_cat-presentoirs-standard","9":"first","10":"instock","11":"taxable","12":"shipping-taxable","13":"purchasable","14":"product-type-simple"},"acf":[],"yoast_head":"<!-- This site is optimized with the Yoast SEO plugin v27.6 - https:\/\/yoast.com\/product\/yoast-seo-wordpress\/ -->\n<title>Ensemble de 3 ponts\/pi\u00e9destaux en acrylique - Buyck Displays - Vitrine<\/title>\n<meta name=\"description\" content=\"Ensemble de 3 ponts\/pi\u00e9destaux en acrylique. Id\u00e9al pour pr\u00e9senter de plus petits objets dans votre vitrine\/\u00e9talage.\" \/>\n<meta name=\"robots\" content=\"index, follow, max-snippet:-1, max-image-preview:large, max-video-preview:-1\" \/>\n<link rel=\"canonical\" href=\"https:\/\/buyck-displays.com\/fr\/ponts-en-acrylique-bu-1208-05-50\" \/>\n<meta property=\"og:locale\" content=\"fr_FR\" \/>\n<meta property=\"og:type\" content=\"article\" \/>\n<meta property=\"og:title\" content=\"Ensemble de 3 ponts\/pi\u00e9destaux en acrylique - Buyck Displays - Vitrine\" \/>\n<meta property=\"og:description\" content=\"Ensemble de 3 ponts\/pi\u00e9destaux en acrylique. Id\u00e9al pour pr\u00e9senter de plus petits objets dans votre vitrine\/\u00e9talage.\" \/>\n<meta property=\"og:url\" content=\"https:\/\/buyck-displays.com\/fr\/ponts-en-acrylique-bu-1208-05-50\" \/>\n<meta property=\"og:site_name\" content=\"Buyck Displays\" \/>\n<meta property=\"article:modified_time\" content=\"2022-07-04T11:36:42+00:00\" \/>\n<meta property=\"og:image\" content=\"https:\/\/buyck-displays.com\/wp-content\/uploads\/2017\/04\/Set-plexiglas-sokkeltjes_BU-1208-05-50_2.jpg\" \/>\n\t<meta property=\"og:image:width\" content=\"1920\" \/>\n\t<meta property=\"og:image:height\" content=\"1920\" \/>\n\t<meta property=\"og:image:type\" content=\"image\/jpeg\" \/>\n<meta name=\"twitter:card\" content=\"summary_large_image\" \/>\n<script type=\"application\/ld+json\" class=\"yoast-schema-graph\">{\"@context\":\"https:\\\/\\\/schema.org\",\"@graph\":[{\"@type\":\"WebPage\",\"@id\":\"https:\\\/\\\/buyck-displays.com\\\/fr\\\/ponts-en-acrylique-bu-1208-05-50\",\"url\":\"https:\\\/\\\/buyck-displays.com\\\/fr\\\/ponts-en-acrylique-bu-1208-05-50\",\"name\":\"Ensemble de 3 ponts\\\/pi\u00e9destaux en acrylique - Buyck Displays - Vitrine\",\"isPartOf\":{\"@id\":\"https:\\\/\\\/buyck-displays.com\\\/fr\\\/#website\"},\"primaryImageOfPage\":{\"@id\":\"https:\\\/\\\/buyck-displays.com\\\/fr\\\/ponts-en-acrylique-bu-1208-05-50#primaryimage\"},\"image\":{\"@id\":\"https:\\\/\\\/buyck-displays.com\\\/fr\\\/ponts-en-acrylique-bu-1208-05-50#primaryimage\"},\"thumbnailUrl\":\"https:\\\/\\\/buyck-displays.com\\\/wp-content\\\/uploads\\\/2017\\\/04\\\/Set-plexiglas-sokkeltjes_BU-1208-05-50_2.jpg\",\"datePublished\":\"2017-04-13T09:04:31+00:00\",\"dateModified\":\"2022-07-04T11:36:42+00:00\",\"description\":\"Ensemble de 3 ponts\\\/pi\u00e9destaux en acrylique. Id\u00e9al pour pr\u00e9senter de plus petits objets dans votre vitrine\\\/\u00e9talage.\",\"breadcrumb\":{\"@id\":\"https:\\\/\\\/buyck-displays.com\\\/fr\\\/ponts-en-acrylique-bu-1208-05-50#breadcrumb\"},\"inLanguage\":\"fr-FR\",\"potentialAction\":[{\"@type\":\"ReadAction\",\"target\":[\"https:\\\/\\\/buyck-displays.com\\\/fr\\\/ponts-en-acrylique-bu-1208-05-50\"]}]},{\"@type\":\"ImageObject\",\"inLanguage\":\"fr-FR\",\"@id\":\"https:\\\/\\\/buyck-displays.com\\\/fr\\\/ponts-en-acrylique-bu-1208-05-50#primaryimage\",\"url\":\"https:\\\/\\\/buyck-displays.com\\\/wp-content\\\/uploads\\\/2017\\\/04\\\/Set-plexiglas-sokkeltjes_BU-1208-05-50_2.jpg\",\"contentUrl\":\"https:\\\/\\\/buyck-displays.com\\\/wp-content\\\/uploads\\\/2017\\\/04\\\/Set-plexiglas-sokkeltjes_BU-1208-05-50_2.jpg\",\"width\":1920,\"height\":1920},{\"@type\":\"BreadcrumbList\",\"@id\":\"https:\\\/\\\/buyck-displays.com\\\/fr\\\/ponts-en-acrylique-bu-1208-05-50#breadcrumb\",\"itemListElement\":[{\"@type\":\"ListItem\",\"position\":1,\"name\":\"Home\",\"item\":\"https:\\\/\\\/buyck-displays.com\\\/fr\"},{\"@type\":\"ListItem\",\"position\":2,\"name\":\"Displays\",\"item\":\"https:\\\/\\\/buyck-displays.com\\\/fr\\\/produits\"},{\"@type\":\"ListItem\",\"position\":3,\"name\":\"Ensemble de 3 ponts\\\/pi\u00e9destaux en acrylique\"}]},{\"@type\":\"WebSite\",\"@id\":\"https:\\\/\\\/buyck-displays.com\\\/fr\\\/#website\",\"url\":\"https:\\\/\\\/buyck-displays.com\\\/fr\\\/\",\"name\":\"Buyck Displays\",\"description\":\"Standaard en Maatwerk Displays\",\"potentialAction\":[{\"@type\":\"SearchAction\",\"target\":{\"@type\":\"EntryPoint\",\"urlTemplate\":\"https:\\\/\\\/buyck-displays.com\\\/fr\\\/?s={search_term_string}\"},\"query-input\":{\"@type\":\"PropertyValueSpecification\",\"valueRequired\":true,\"valueName\":\"search_term_string\"}}],\"inLanguage\":\"fr-FR\"}]}<\/script>\n<!-- \/ Yoast SEO plugin. -->","yoast_head_json":{"title":"Ensemble de 3 ponts\/pi\u00e9destaux en acrylique - Buyck Displays - Vitrine","description":"Ensemble de 3 ponts\/pi\u00e9destaux en acrylique. Id\u00e9al pour pr\u00e9senter de plus petits objets dans votre vitrine\/\u00e9talage.","robots":{"index":"index","follow":"follow","max-snippet":"max-snippet:-1","max-image-preview":"max-image-preview:large","max-video-preview":"max-video-preview:-1"},"canonical":"https:\/\/buyck-displays.com\/fr\/ponts-en-acrylique-bu-1208-05-50","og_locale":"fr_FR","og_type":"article","og_title":"Ensemble de 3 ponts\/pi\u00e9destaux en acrylique - Buyck Displays - Vitrine","og_description":"Ensemble de 3 ponts\/pi\u00e9destaux en acrylique. Id\u00e9al pour pr\u00e9senter de plus petits objets dans votre vitrine\/\u00e9talage.","og_url":"https:\/\/buyck-displays.com\/fr\/ponts-en-acrylique-bu-1208-05-50","og_site_name":"Buyck Displays","article_modified_time":"2022-07-04T11:36:42+00:00","og_image":[{"width":1920,"height":1920,"url":"https:\/\/buyck-displays.com\/wp-content\/uploads\/2017\/04\/Set-plexiglas-sokkeltjes_BU-1208-05-50_2.jpg","type":"image\/jpeg"}],"twitter_card":"summary_large_image","schema":{"@context":"https:\/\/schema.org","@graph":[{"@type":"WebPage","@id":"https:\/\/buyck-displays.com\/fr\/ponts-en-acrylique-bu-1208-05-50","url":"https:\/\/buyck-displays.com\/fr\/ponts-en-acrylique-bu-1208-05-50","name":"Ensemble de 3 ponts\/pi\u00e9destaux en acrylique - Buyck Displays - Vitrine","isPartOf":{"@id":"https:\/\/buyck-displays.com\/fr\/#website"},"primaryImageOfPage":{"@id":"https:\/\/buyck-displays.com\/fr\/ponts-en-acrylique-bu-1208-05-50#primaryimage"},"image":{"@id":"https:\/\/buyck-displays.com\/fr\/ponts-en-acrylique-bu-1208-05-50#primaryimage"},"thumbnailUrl":"https:\/\/buyck-displays.com\/wp-content\/uploads\/2017\/04\/Set-plexiglas-sokkeltjes_BU-1208-05-50_2.jpg","datePublished":"2017-04-13T09:04:31+00:00","dateModified":"2022-07-04T11:36:42+00:00","description":"Ensemble de 3 ponts\/pi\u00e9destaux en acrylique. Id\u00e9al pour pr\u00e9senter de plus petits objets dans votre vitrine\/\u00e9talage.","breadcrumb":{"@id":"https:\/\/buyck-displays.com\/fr\/ponts-en-acrylique-bu-1208-05-50#breadcrumb"},"inLanguage":"fr-FR","potentialAction":[{"@type":"ReadAction","target":["https:\/\/buyck-displays.com\/fr\/ponts-en-acrylique-bu-1208-05-50"]}]},{"@type":"ImageObject","inLanguage":"fr-FR","@id":"https:\/\/buyck-displays.com\/fr\/ponts-en-acrylique-bu-1208-05-50#primaryimage","url":"https:\/\/buyck-displays.com\/wp-content\/uploads\/2017\/04\/Set-plexiglas-sokkeltjes_BU-1208-05-50_2.jpg","contentUrl":"https:\/\/buyck-displays.com\/wp-content\/uploads\/2017\/04\/Set-plexiglas-sokkeltjes_BU-1208-05-50_2.jpg","width":1920,"height":1920},{"@type":"BreadcrumbList","@id":"https:\/\/buyck-displays.com\/fr\/ponts-en-acrylique-bu-1208-05-50#breadcrumb","itemListElement":[{"@type":"ListItem","position":1,"name":"Home","item":"https:\/\/buyck-displays.com\/fr"},{"@type":"ListItem","position":2,"name":"Displays","item":"https:\/\/buyck-displays.com\/fr\/produits"},{"@type":"ListItem","position":3,"name":"Ensemble de 3 ponts\/pi\u00e9destaux en acrylique"}]},{"@type":"WebSite","@id":"https:\/\/buyck-displays.com\/fr\/#website","url":"https:\/\/buyck-displays.com\/fr\/","name":"Buyck Displays","description":"Standaard en Maatwerk Displays","potentialAction":[{"@type":"SearchAction","target":{"@type":"EntryPoint","urlTemplate":"https:\/\/buyck-displays.com\/fr\/?s={search_term_string}"},"query-input":{"@type":"PropertyValueSpecification","valueRequired":true,"valueName":"search_term_string"}}],"inLanguage":"fr-FR"}]}},"_links":{"self":[{"href":"https:\/\/buyck-displays.com\/fr\/wp-json\/wp\/v2\/product\/57592","targetHints":{"allow":["GET"]}}],"collection":[{"href":"https:\/\/buyck-displays.com\/fr\/wp-json\/wp\/v2\/product"}],"about":[{"href":"https:\/\/buyck-displays.com\/fr\/wp-json\/wp\/v2\/types\/product"}],"replies":[{"embeddable":true,"href":"https:\/\/buyck-displays.com\/fr\/wp-json\/wp\/v2\/comments?post=57592"}],"wp:featuredmedia":[{"embeddable":true,"href":"https:\/\/buyck-displays.com\/fr\/wp-json\/wp\/v2\/media\/76809"}],"wp:attachment":[{"href":"https:\/\/buyck-displays.com\/fr\/wp-json\/wp\/v2\/media?parent=57592"}],"wp:term":[{"taxonomy":"product_brand","embeddable":true,"href":"https:\/\/buyck-displays.com\/fr\/wp-json\/wp\/v2\/product_brand?post=57592"},{"taxonomy":"product_cat","embeddable":true,"href":"https:\/\/buyck-displays.com\/fr\/wp-json\/wp\/v2\/product_cat?post=57592"},{"taxonomy":"product_tag","embeddable":true,"href":"https:\/\/buyck-displays.com\/fr\/wp-json\/wp\/v2\/product_tag?post=57592"}],"curies":[{"name":"wp","href":"https:\/\/api.w.org\/{rel}","templated":true}]}}