{"id":56741,"date":"2017-04-04T10:41:43","date_gmt":"2017-04-04T08:41:43","guid":{"rendered":"http:\/\/shipyard.intago.eu\/buyckdisplays\/product\/display-voor-pennen-5\/"},"modified":"2026-05-04T14:17:09","modified_gmt":"2026-05-04T12:17:09","slug":"presentoirs-a-stylos-pnh12","status":"publish","type":"product","link":"https:\/\/buyck-displays.com\/fr\/presentoirs-a-stylos-pnh12","title":{"rendered":"Presentoir \u00e0 stylos"},"content":{"rendered":"<p><span style=\"color: #ff0000;\"><em><strong>D\u00e9sol\u00e9, cet article est actuellement \u00e9puis\u00e9 !<\/strong><\/em><\/span><\/p>\n<p>Un pr\u00e9sentoir pour 8 stylos. Fabriqu\u00e9 en acrylique extra \u00e9pais de haute qualit\u00e9, avec des c\u00f4t\u00e9s polis. Id\u00e9al pour mettre en valeur une ou plusieurs s\u00e9ries de stylos sur une table, votre comptoir ou dans votre vitrine.<\/p>\n<p><strong>Informations sur le produit :<\/strong><\/p>\n<ul>\n<li>dimensions :\n<ul>\n<li>dimensions ext\u00e9rieures :\n<ul>\n<li>largeur : 28,5 cm<\/li>\n<li>hauteur : 7,5 cm<\/li>\n<li>profondeur : 12 cm<\/li>\n<\/ul>\n<\/li>\n<li>\u00e9paisseur de l&rsquo;acrylique : 8 mm<\/li>\n<\/ul>\n<\/li>\n<li>mat\u00e9riau : acrylique clair et transparent<\/li>\n<li>application : pr\u00e9sentation de 8 stylos<\/li>\n<\/ul>\n<div class=\"Wrapper\">\n<div class=\"Main\">\n<div class=\"Container\">\n<div class=\"Content Content--right\">\n<div class=\"Content-inner print-only\">\n<div class=\"u-cf\">\n<div class=\"Product-body\">\n<div class=\"Product-body-inner\"><\/div>\n<\/div>\n<\/div>\n<\/div>\n<\/div>\n<\/div>\n<\/div>\n<\/div>\n","protected":false},"excerpt":{"rendered":"<p>D\u00e9sol\u00e9, cet article est actuellement \u00e9puis\u00e9 ! Un pr\u00e9sentoir pour 8 stylos. Fabriqu\u00e9 en acrylique extra \u00e9pais de haute qualit\u00e9, avec des c\u00f4t\u00e9s polis. Id\u00e9al pour mettre en valeur une ou plusieurs s\u00e9ries de stylos sur une table, votre comptoir ou dans votre vitrine. Informations sur le produit : dimensions : dimensions ext\u00e9rieures : largeur &hellip; <a href=\"https:\/\/buyck-displays.com\/fr\/presentoirs-a-stylos-pnh12\">Suite<\/a><\/p>\n","protected":false},"featured_media":67744,"comment_status":"closed","ping_status":"closed","template":"","meta":{"_acf_changed":false},"product_brand":[],"product_cat":[368,364,361],"product_tag":[],"class_list":{"0":"post-56741","1":"product","2":"type-product","3":"status-publish","4":"has-post-thumbnail","6":"product_cat-presentoirs-en-acrylique","7":"product_cat-presentoirs-de-porte-plumes","8":"product_cat-presentoirs-standard","10":"first","11":"instock","12":"taxable","13":"shipping-taxable","14":"purchasable","15":"product-type-simple"},"acf":[],"yoast_head":"<!-- This site is optimized with the Yoast SEO plugin v27.6 - https:\/\/yoast.com\/product\/yoast-seo-wordpress\/ -->\n<title>Presentoir \u00e0 stylos - Buyck Displays<\/title>\n<meta name=\"description\" content=\"Pr\u00e9sentoir \u00e0 stylos en acrylique pour 8 stylos. Id\u00e9al pour mettre en valeur une ou plusieurs s\u00e9ries de stylos sur votre comptoir ou dans votre vitrine.\" \/>\n<meta name=\"robots\" content=\"index, follow, max-snippet:-1, max-image-preview:large, max-video-preview:-1\" \/>\n<link rel=\"canonical\" href=\"https:\/\/buyck-displays.com\/fr\/presentoirs-a-stylos-pnh12\" \/>\n<meta property=\"og:locale\" content=\"fr_FR\" \/>\n<meta property=\"og:type\" content=\"article\" \/>\n<meta property=\"og:title\" content=\"Presentoir \u00e0 stylos - Buyck Displays\" \/>\n<meta property=\"og:description\" content=\"Pr\u00e9sentoir \u00e0 stylos en acrylique pour 8 stylos. Id\u00e9al pour mettre en valeur une ou plusieurs s\u00e9ries de stylos sur votre comptoir ou dans votre vitrine.\" \/>\n<meta property=\"og:url\" content=\"https:\/\/buyck-displays.com\/fr\/presentoirs-a-stylos-pnh12\" \/>\n<meta property=\"og:site_name\" content=\"Buyck Displays\" \/>\n<meta property=\"article:modified_time\" content=\"2026-05-04T12:17:09+00:00\" \/>\n<meta property=\"og:image\" content=\"https:\/\/buyck-displays.com\/wp-content\/uploads\/2017\/04\/PNH12.jpg\" \/>\n\t<meta property=\"og:image:width\" content=\"1829\" \/>\n\t<meta property=\"og:image:height\" content=\"1182\" \/>\n\t<meta property=\"og:image:type\" content=\"image\/jpeg\" \/>\n<meta name=\"twitter:card\" content=\"summary_large_image\" \/>\n<meta name=\"twitter:label1\" content=\"Dur\u00e9e de lecture estim\u00e9e\" \/>\n\t<meta name=\"twitter:data1\" content=\"1 minute\" \/>\n<script type=\"application\/ld+json\" class=\"yoast-schema-graph\">{\"@context\":\"https:\\\/\\\/schema.org\",\"@graph\":[{\"@type\":\"WebPage\",\"@id\":\"https:\\\/\\\/buyck-displays.com\\\/fr\\\/presentoirs-a-stylos-pnh12\",\"url\":\"https:\\\/\\\/buyck-displays.com\\\/fr\\\/presentoirs-a-stylos-pnh12\",\"name\":\"Presentoir \u00e0 stylos - Buyck Displays\",\"isPartOf\":{\"@id\":\"https:\\\/\\\/buyck-displays.com\\\/fr\\\/#website\"},\"primaryImageOfPage\":{\"@id\":\"https:\\\/\\\/buyck-displays.com\\\/fr\\\/presentoirs-a-stylos-pnh12#primaryimage\"},\"image\":{\"@id\":\"https:\\\/\\\/buyck-displays.com\\\/fr\\\/presentoirs-a-stylos-pnh12#primaryimage\"},\"thumbnailUrl\":\"https:\\\/\\\/buyck-displays.com\\\/wp-content\\\/uploads\\\/2017\\\/04\\\/PNH12.jpg\",\"datePublished\":\"2017-04-04T08:41:43+00:00\",\"dateModified\":\"2026-05-04T12:17:09+00:00\",\"description\":\"Pr\u00e9sentoir \u00e0 stylos en acrylique pour 8 stylos. Id\u00e9al pour mettre en valeur une ou plusieurs s\u00e9ries de stylos sur votre comptoir ou dans votre vitrine.\",\"breadcrumb\":{\"@id\":\"https:\\\/\\\/buyck-displays.com\\\/fr\\\/presentoirs-a-stylos-pnh12#breadcrumb\"},\"inLanguage\":\"fr-FR\",\"potentialAction\":[{\"@type\":\"ReadAction\",\"target\":[\"https:\\\/\\\/buyck-displays.com\\\/fr\\\/presentoirs-a-stylos-pnh12\"]}]},{\"@type\":\"ImageObject\",\"inLanguage\":\"fr-FR\",\"@id\":\"https:\\\/\\\/buyck-displays.com\\\/fr\\\/presentoirs-a-stylos-pnh12#primaryimage\",\"url\":\"https:\\\/\\\/buyck-displays.com\\\/wp-content\\\/uploads\\\/2017\\\/04\\\/PNH12.jpg\",\"contentUrl\":\"https:\\\/\\\/buyck-displays.com\\\/wp-content\\\/uploads\\\/2017\\\/04\\\/PNH12.jpg\",\"width\":1829,\"height\":1182},{\"@type\":\"BreadcrumbList\",\"@id\":\"https:\\\/\\\/buyck-displays.com\\\/fr\\\/presentoirs-a-stylos-pnh12#breadcrumb\",\"itemListElement\":[{\"@type\":\"ListItem\",\"position\":1,\"name\":\"Home\",\"item\":\"https:\\\/\\\/buyck-displays.com\\\/fr\"},{\"@type\":\"ListItem\",\"position\":2,\"name\":\"Displays\",\"item\":\"https:\\\/\\\/buyck-displays.com\\\/fr\\\/produits\"},{\"@type\":\"ListItem\",\"position\":3,\"name\":\"Presentoir \u00e0 stylos\"}]},{\"@type\":\"WebSite\",\"@id\":\"https:\\\/\\\/buyck-displays.com\\\/fr\\\/#website\",\"url\":\"https:\\\/\\\/buyck-displays.com\\\/fr\\\/\",\"name\":\"Buyck Displays\",\"description\":\"Standaard en Maatwerk Displays\",\"potentialAction\":[{\"@type\":\"SearchAction\",\"target\":{\"@type\":\"EntryPoint\",\"urlTemplate\":\"https:\\\/\\\/buyck-displays.com\\\/fr\\\/?s={search_term_string}\"},\"query-input\":{\"@type\":\"PropertyValueSpecification\",\"valueRequired\":true,\"valueName\":\"search_term_string\"}}],\"inLanguage\":\"fr-FR\"}]}<\/script>\n<!-- \/ Yoast SEO plugin. -->","yoast_head_json":{"title":"Presentoir \u00e0 stylos - Buyck Displays","description":"Pr\u00e9sentoir \u00e0 stylos en acrylique pour 8 stylos. Id\u00e9al pour mettre en valeur une ou plusieurs s\u00e9ries de stylos sur votre comptoir ou dans votre vitrine.","robots":{"index":"index","follow":"follow","max-snippet":"max-snippet:-1","max-image-preview":"max-image-preview:large","max-video-preview":"max-video-preview:-1"},"canonical":"https:\/\/buyck-displays.com\/fr\/presentoirs-a-stylos-pnh12","og_locale":"fr_FR","og_type":"article","og_title":"Presentoir \u00e0 stylos - Buyck Displays","og_description":"Pr\u00e9sentoir \u00e0 stylos en acrylique pour 8 stylos. Id\u00e9al pour mettre en valeur une ou plusieurs s\u00e9ries de stylos sur votre comptoir ou dans votre vitrine.","og_url":"https:\/\/buyck-displays.com\/fr\/presentoirs-a-stylos-pnh12","og_site_name":"Buyck Displays","article_modified_time":"2026-05-04T12:17:09+00:00","og_image":[{"width":1829,"height":1182,"url":"https:\/\/buyck-displays.com\/wp-content\/uploads\/2017\/04\/PNH12.jpg","type":"image\/jpeg"}],"twitter_card":"summary_large_image","twitter_misc":{"Dur\u00e9e de lecture estim\u00e9e":"1 minute"},"schema":{"@context":"https:\/\/schema.org","@graph":[{"@type":"WebPage","@id":"https:\/\/buyck-displays.com\/fr\/presentoirs-a-stylos-pnh12","url":"https:\/\/buyck-displays.com\/fr\/presentoirs-a-stylos-pnh12","name":"Presentoir \u00e0 stylos - Buyck Displays","isPartOf":{"@id":"https:\/\/buyck-displays.com\/fr\/#website"},"primaryImageOfPage":{"@id":"https:\/\/buyck-displays.com\/fr\/presentoirs-a-stylos-pnh12#primaryimage"},"image":{"@id":"https:\/\/buyck-displays.com\/fr\/presentoirs-a-stylos-pnh12#primaryimage"},"thumbnailUrl":"https:\/\/buyck-displays.com\/wp-content\/uploads\/2017\/04\/PNH12.jpg","datePublished":"2017-04-04T08:41:43+00:00","dateModified":"2026-05-04T12:17:09+00:00","description":"Pr\u00e9sentoir \u00e0 stylos en acrylique pour 8 stylos. Id\u00e9al pour mettre en valeur une ou plusieurs s\u00e9ries de stylos sur votre comptoir ou dans votre vitrine.","breadcrumb":{"@id":"https:\/\/buyck-displays.com\/fr\/presentoirs-a-stylos-pnh12#breadcrumb"},"inLanguage":"fr-FR","potentialAction":[{"@type":"ReadAction","target":["https:\/\/buyck-displays.com\/fr\/presentoirs-a-stylos-pnh12"]}]},{"@type":"ImageObject","inLanguage":"fr-FR","@id":"https:\/\/buyck-displays.com\/fr\/presentoirs-a-stylos-pnh12#primaryimage","url":"https:\/\/buyck-displays.com\/wp-content\/uploads\/2017\/04\/PNH12.jpg","contentUrl":"https:\/\/buyck-displays.com\/wp-content\/uploads\/2017\/04\/PNH12.jpg","width":1829,"height":1182},{"@type":"BreadcrumbList","@id":"https:\/\/buyck-displays.com\/fr\/presentoirs-a-stylos-pnh12#breadcrumb","itemListElement":[{"@type":"ListItem","position":1,"name":"Home","item":"https:\/\/buyck-displays.com\/fr"},{"@type":"ListItem","position":2,"name":"Displays","item":"https:\/\/buyck-displays.com\/fr\/produits"},{"@type":"ListItem","position":3,"name":"Presentoir \u00e0 stylos"}]},{"@type":"WebSite","@id":"https:\/\/buyck-displays.com\/fr\/#website","url":"https:\/\/buyck-displays.com\/fr\/","name":"Buyck Displays","description":"Standaard en Maatwerk Displays","potentialAction":[{"@type":"SearchAction","target":{"@type":"EntryPoint","urlTemplate":"https:\/\/buyck-displays.com\/fr\/?s={search_term_string}"},"query-input":{"@type":"PropertyValueSpecification","valueRequired":true,"valueName":"search_term_string"}}],"inLanguage":"fr-FR"}]}},"_links":{"self":[{"href":"https:\/\/buyck-displays.com\/fr\/wp-json\/wp\/v2\/product\/56741","targetHints":{"allow":["GET"]}}],"collection":[{"href":"https:\/\/buyck-displays.com\/fr\/wp-json\/wp\/v2\/product"}],"about":[{"href":"https:\/\/buyck-displays.com\/fr\/wp-json\/wp\/v2\/types\/product"}],"replies":[{"embeddable":true,"href":"https:\/\/buyck-displays.com\/fr\/wp-json\/wp\/v2\/comments?post=56741"}],"wp:featuredmedia":[{"embeddable":true,"href":"https:\/\/buyck-displays.com\/fr\/wp-json\/wp\/v2\/media\/67744"}],"wp:attachment":[{"href":"https:\/\/buyck-displays.com\/fr\/wp-json\/wp\/v2\/media?parent=56741"}],"wp:term":[{"taxonomy":"product_brand","embeddable":true,"href":"https:\/\/buyck-displays.com\/fr\/wp-json\/wp\/v2\/product_brand?post=56741"},{"taxonomy":"product_cat","embeddable":true,"href":"https:\/\/buyck-displays.com\/fr\/wp-json\/wp\/v2\/product_cat?post=56741"},{"taxonomy":"product_tag","embeddable":true,"href":"https:\/\/buyck-displays.com\/fr\/wp-json\/wp\/v2\/product_tag?post=56741"}],"curies":[{"name":"wp","href":"https:\/\/api.w.org\/{rel}","templated":true}]}}