{"id":56681,"date":"2017-04-04T09:49:02","date_gmt":"2017-04-04T07:49:02","guid":{"rendered":"http:\/\/shipyard.intago.eu\/buyckdisplays\/product\/prospekthouder-voor-een-blad-2\/"},"modified":"2022-07-19T09:20:06","modified_gmt":"2022-07-19T07:20:06","slug":"porte-document-porte-etiquettes-bu2006-a4","status":"publish","type":"product","link":"https:\/\/buyck-displays.com\/fr\/porte-document-porte-etiquettes-bu2006-a4","title":{"rendered":"Porte-documents"},"content":{"rendered":"<p>Support robuste pour les documents de format A4 verticaux. Fabriqu\u00e9 en acrylique de haute qualit\u00e9 avec des c\u00f4t\u00e9s polis. Ce support en L convient parfaitement \u00e0 la pr\u00e9sentation unilat\u00e9rale de cartes volantes telles qu&rsquo;une liste de prix, une carte de menu, une affiche, une annonce, &#8230;.. sur votre comptoir, votre bureau, votre table, etc.<\/p>\n<p><strong>Informations sur le produit :<\/strong><\/p>\n<ul>\n<li>dimensions :\n<ul>\n<li>largeur : 21 cm<\/li>\n<li>hauteur : 30,5 cm<\/li>\n<li>profondeur (pied) : 7,5 cm<\/li>\n<li>\u00e9paisseur de l&rsquo;acrylique : 2 mm<\/li>\n<\/ul>\n<\/li>\n<li>mat\u00e9riau : acrylique clair et transparent<\/li>\n<li>application : pr\u00e9sentation de documents verticaux au format A4<\/li>\n<\/ul>\n","protected":false},"excerpt":{"rendered":"<p>Support robuste pour les documents de format A4 verticaux. Fabriqu\u00e9 en acrylique de haute qualit\u00e9 avec des c\u00f4t\u00e9s polis. Ce support en L convient parfaitement \u00e0 la pr\u00e9sentation unilat\u00e9rale de cartes volantes telles qu&rsquo;une liste de prix, une carte de menu, une affiche, une annonce, &#8230;.. sur votre comptoir, votre bureau, votre table, etc. Informations &hellip; <a href=\"https:\/\/buyck-displays.com\/fr\/porte-document-porte-etiquettes-bu2006-a4\">Suite<\/a><\/p>\n","protected":false},"featured_media":73102,"comment_status":"closed","ping_status":"closed","template":"","meta":{"_acf_changed":false},"product_brand":[],"product_cat":[367,368,361],"product_tag":[],"class_list":{"0":"post-56681","1":"product","2":"type-product","3":"status-publish","4":"has-post-thumbnail","6":"product_cat-porte-document-porte-etiquettes","7":"product_cat-presentoirs-en-acrylique","8":"product_cat-presentoirs-standard","10":"first","11":"instock","12":"taxable","13":"shipping-taxable","14":"purchasable","15":"product-type-simple"},"acf":[],"yoast_head":"<!-- This site is optimized with the Yoast SEO plugin v27.6 - https:\/\/yoast.com\/product\/yoast-seo-wordpress\/ -->\n<title>Porte-documents - Buyck Displays - Pr\u00e9sentoir en acrylique<\/title>\n<meta name=\"description\" content=\"Porte-prospectus en L de format A4 pour documents verticaux. Fabriqu\u00e9 en acrylique de haute qualit\u00e9 avec des c\u00f4t\u00e9s polis.\" \/>\n<meta name=\"robots\" content=\"index, follow, max-snippet:-1, max-image-preview:large, max-video-preview:-1\" \/>\n<link rel=\"canonical\" href=\"https:\/\/buyck-displays.com\/fr\/porte-document-porte-etiquettes-bu2006-a4\" \/>\n<meta property=\"og:locale\" content=\"fr_FR\" \/>\n<meta property=\"og:type\" content=\"article\" \/>\n<meta property=\"og:title\" content=\"Porte-documents - Buyck Displays - Pr\u00e9sentoir en acrylique\" \/>\n<meta property=\"og:description\" content=\"Porte-prospectus en L de format A4 pour documents verticaux. Fabriqu\u00e9 en acrylique de haute qualit\u00e9 avec des c\u00f4t\u00e9s polis.\" \/>\n<meta property=\"og:url\" content=\"https:\/\/buyck-displays.com\/fr\/porte-document-porte-etiquettes-bu2006-a4\" \/>\n<meta property=\"og:site_name\" content=\"Buyck Displays\" \/>\n<meta property=\"article:modified_time\" content=\"2022-07-19T07:20:06+00:00\" \/>\n<meta property=\"og:image\" content=\"https:\/\/buyck-displays.com\/wp-content\/uploads\/2018\/03\/BU2006-.jpg\" \/>\n\t<meta property=\"og:image:width\" content=\"478\" \/>\n\t<meta property=\"og:image:height\" content=\"653\" \/>\n\t<meta property=\"og:image:type\" content=\"image\/jpeg\" \/>\n<meta name=\"twitter:card\" content=\"summary_large_image\" \/>\n<meta name=\"twitter:label1\" content=\"Dur\u00e9e de lecture estim\u00e9e\" \/>\n\t<meta name=\"twitter:data1\" content=\"1 minute\" \/>\n<script type=\"application\/ld+json\" class=\"yoast-schema-graph\">{\"@context\":\"https:\\\/\\\/schema.org\",\"@graph\":[{\"@type\":\"WebPage\",\"@id\":\"https:\\\/\\\/buyck-displays.com\\\/fr\\\/porte-document-porte-etiquettes-bu2006-a4\",\"url\":\"https:\\\/\\\/buyck-displays.com\\\/fr\\\/porte-document-porte-etiquettes-bu2006-a4\",\"name\":\"Porte-documents - Buyck Displays - Pr\u00e9sentoir en acrylique\",\"isPartOf\":{\"@id\":\"https:\\\/\\\/buyck-displays.com\\\/fr\\\/#website\"},\"primaryImageOfPage\":{\"@id\":\"https:\\\/\\\/buyck-displays.com\\\/fr\\\/porte-document-porte-etiquettes-bu2006-a4#primaryimage\"},\"image\":{\"@id\":\"https:\\\/\\\/buyck-displays.com\\\/fr\\\/porte-document-porte-etiquettes-bu2006-a4#primaryimage\"},\"thumbnailUrl\":\"https:\\\/\\\/buyck-displays.com\\\/wp-content\\\/uploads\\\/2018\\\/03\\\/BU2006-.jpg\",\"datePublished\":\"2017-04-04T07:49:02+00:00\",\"dateModified\":\"2022-07-19T07:20:06+00:00\",\"description\":\"Porte-prospectus en L de format A4 pour documents verticaux. Fabriqu\u00e9 en acrylique de haute qualit\u00e9 avec des c\u00f4t\u00e9s polis.\",\"breadcrumb\":{\"@id\":\"https:\\\/\\\/buyck-displays.com\\\/fr\\\/porte-document-porte-etiquettes-bu2006-a4#breadcrumb\"},\"inLanguage\":\"fr-FR\",\"potentialAction\":[{\"@type\":\"ReadAction\",\"target\":[\"https:\\\/\\\/buyck-displays.com\\\/fr\\\/porte-document-porte-etiquettes-bu2006-a4\"]}]},{\"@type\":\"ImageObject\",\"inLanguage\":\"fr-FR\",\"@id\":\"https:\\\/\\\/buyck-displays.com\\\/fr\\\/porte-document-porte-etiquettes-bu2006-a4#primaryimage\",\"url\":\"https:\\\/\\\/buyck-displays.com\\\/wp-content\\\/uploads\\\/2018\\\/03\\\/BU2006-.jpg\",\"contentUrl\":\"https:\\\/\\\/buyck-displays.com\\\/wp-content\\\/uploads\\\/2018\\\/03\\\/BU2006-.jpg\",\"width\":478,\"height\":653},{\"@type\":\"BreadcrumbList\",\"@id\":\"https:\\\/\\\/buyck-displays.com\\\/fr\\\/porte-document-porte-etiquettes-bu2006-a4#breadcrumb\",\"itemListElement\":[{\"@type\":\"ListItem\",\"position\":1,\"name\":\"Home\",\"item\":\"https:\\\/\\\/buyck-displays.com\\\/fr\"},{\"@type\":\"ListItem\",\"position\":2,\"name\":\"Displays\",\"item\":\"https:\\\/\\\/buyck-displays.com\\\/fr\\\/produits\"},{\"@type\":\"ListItem\",\"position\":3,\"name\":\"Porte-documents\"}]},{\"@type\":\"WebSite\",\"@id\":\"https:\\\/\\\/buyck-displays.com\\\/fr\\\/#website\",\"url\":\"https:\\\/\\\/buyck-displays.com\\\/fr\\\/\",\"name\":\"Buyck Displays\",\"description\":\"Standaard en Maatwerk Displays\",\"potentialAction\":[{\"@type\":\"SearchAction\",\"target\":{\"@type\":\"EntryPoint\",\"urlTemplate\":\"https:\\\/\\\/buyck-displays.com\\\/fr\\\/?s={search_term_string}\"},\"query-input\":{\"@type\":\"PropertyValueSpecification\",\"valueRequired\":true,\"valueName\":\"search_term_string\"}}],\"inLanguage\":\"fr-FR\"}]}<\/script>\n<!-- \/ Yoast SEO plugin. -->","yoast_head_json":{"title":"Porte-documents - Buyck Displays - Pr\u00e9sentoir en acrylique","description":"Porte-prospectus en L de format A4 pour documents verticaux. Fabriqu\u00e9 en acrylique de haute qualit\u00e9 avec des c\u00f4t\u00e9s polis.","robots":{"index":"index","follow":"follow","max-snippet":"max-snippet:-1","max-image-preview":"max-image-preview:large","max-video-preview":"max-video-preview:-1"},"canonical":"https:\/\/buyck-displays.com\/fr\/porte-document-porte-etiquettes-bu2006-a4","og_locale":"fr_FR","og_type":"article","og_title":"Porte-documents - Buyck Displays - Pr\u00e9sentoir en acrylique","og_description":"Porte-prospectus en L de format A4 pour documents verticaux. Fabriqu\u00e9 en acrylique de haute qualit\u00e9 avec des c\u00f4t\u00e9s polis.","og_url":"https:\/\/buyck-displays.com\/fr\/porte-document-porte-etiquettes-bu2006-a4","og_site_name":"Buyck Displays","article_modified_time":"2022-07-19T07:20:06+00:00","og_image":[{"width":478,"height":653,"url":"https:\/\/buyck-displays.com\/wp-content\/uploads\/2018\/03\/BU2006-.jpg","type":"image\/jpeg"}],"twitter_card":"summary_large_image","twitter_misc":{"Dur\u00e9e de lecture estim\u00e9e":"1 minute"},"schema":{"@context":"https:\/\/schema.org","@graph":[{"@type":"WebPage","@id":"https:\/\/buyck-displays.com\/fr\/porte-document-porte-etiquettes-bu2006-a4","url":"https:\/\/buyck-displays.com\/fr\/porte-document-porte-etiquettes-bu2006-a4","name":"Porte-documents - Buyck Displays - Pr\u00e9sentoir en acrylique","isPartOf":{"@id":"https:\/\/buyck-displays.com\/fr\/#website"},"primaryImageOfPage":{"@id":"https:\/\/buyck-displays.com\/fr\/porte-document-porte-etiquettes-bu2006-a4#primaryimage"},"image":{"@id":"https:\/\/buyck-displays.com\/fr\/porte-document-porte-etiquettes-bu2006-a4#primaryimage"},"thumbnailUrl":"https:\/\/buyck-displays.com\/wp-content\/uploads\/2018\/03\/BU2006-.jpg","datePublished":"2017-04-04T07:49:02+00:00","dateModified":"2022-07-19T07:20:06+00:00","description":"Porte-prospectus en L de format A4 pour documents verticaux. Fabriqu\u00e9 en acrylique de haute qualit\u00e9 avec des c\u00f4t\u00e9s polis.","breadcrumb":{"@id":"https:\/\/buyck-displays.com\/fr\/porte-document-porte-etiquettes-bu2006-a4#breadcrumb"},"inLanguage":"fr-FR","potentialAction":[{"@type":"ReadAction","target":["https:\/\/buyck-displays.com\/fr\/porte-document-porte-etiquettes-bu2006-a4"]}]},{"@type":"ImageObject","inLanguage":"fr-FR","@id":"https:\/\/buyck-displays.com\/fr\/porte-document-porte-etiquettes-bu2006-a4#primaryimage","url":"https:\/\/buyck-displays.com\/wp-content\/uploads\/2018\/03\/BU2006-.jpg","contentUrl":"https:\/\/buyck-displays.com\/wp-content\/uploads\/2018\/03\/BU2006-.jpg","width":478,"height":653},{"@type":"BreadcrumbList","@id":"https:\/\/buyck-displays.com\/fr\/porte-document-porte-etiquettes-bu2006-a4#breadcrumb","itemListElement":[{"@type":"ListItem","position":1,"name":"Home","item":"https:\/\/buyck-displays.com\/fr"},{"@type":"ListItem","position":2,"name":"Displays","item":"https:\/\/buyck-displays.com\/fr\/produits"},{"@type":"ListItem","position":3,"name":"Porte-documents"}]},{"@type":"WebSite","@id":"https:\/\/buyck-displays.com\/fr\/#website","url":"https:\/\/buyck-displays.com\/fr\/","name":"Buyck Displays","description":"Standaard en Maatwerk Displays","potentialAction":[{"@type":"SearchAction","target":{"@type":"EntryPoint","urlTemplate":"https:\/\/buyck-displays.com\/fr\/?s={search_term_string}"},"query-input":{"@type":"PropertyValueSpecification","valueRequired":true,"valueName":"search_term_string"}}],"inLanguage":"fr-FR"}]}},"_links":{"self":[{"href":"https:\/\/buyck-displays.com\/fr\/wp-json\/wp\/v2\/product\/56681","targetHints":{"allow":["GET"]}}],"collection":[{"href":"https:\/\/buyck-displays.com\/fr\/wp-json\/wp\/v2\/product"}],"about":[{"href":"https:\/\/buyck-displays.com\/fr\/wp-json\/wp\/v2\/types\/product"}],"replies":[{"embeddable":true,"href":"https:\/\/buyck-displays.com\/fr\/wp-json\/wp\/v2\/comments?post=56681"}],"wp:featuredmedia":[{"embeddable":true,"href":"https:\/\/buyck-displays.com\/fr\/wp-json\/wp\/v2\/media\/73102"}],"wp:attachment":[{"href":"https:\/\/buyck-displays.com\/fr\/wp-json\/wp\/v2\/media?parent=56681"}],"wp:term":[{"taxonomy":"product_brand","embeddable":true,"href":"https:\/\/buyck-displays.com\/fr\/wp-json\/wp\/v2\/product_brand?post=56681"},{"taxonomy":"product_cat","embeddable":true,"href":"https:\/\/buyck-displays.com\/fr\/wp-json\/wp\/v2\/product_cat?post=56681"},{"taxonomy":"product_tag","embeddable":true,"href":"https:\/\/buyck-displays.com\/fr\/wp-json\/wp\/v2\/product_tag?post=56681"}],"curies":[{"name":"wp","href":"https:\/\/api.w.org\/{rel}","templated":true}]}}