{"id":56598,"date":"2017-04-04T09:40:47","date_gmt":"2017-04-04T07:40:47","guid":{"rendered":"http:\/\/shipyard.intago.eu\/buyckdisplays\/product\/vloer-folderhouder-in-metaal\/"},"modified":"2022-12-19T16:22:05","modified_gmt":"2022-12-19T15:22:05","slug":"porte-brochures-porte-document-porte-etiquettes-bu4020","status":"publish","type":"product","link":"https:\/\/buyck-displays.com\/fr\/porte-brochures-porte-document-porte-etiquettes-bu4020","title":{"rendered":"Porte-brochures &#8211; sur pied"},"content":{"rendered":"<p>Un magnifique porte-brochures sur pied en m\u00e9tal avec 3 compartiments verticaux au format A4 pour les d\u00e9pliants ou les magazines. Id\u00e9al pour \u00eatre plac\u00e9 \u00e0 la r\u00e9ception d&rsquo;un hall d&rsquo;entr\u00e9e ou dans une salle d&rsquo;attente.<\/p>\n<p><strong>Informations sur le produit :<\/strong><\/p>\n<ul>\n<li>dimensions :\n<ul>\n<li>pr\u00e9sentoir :\n<ul>\n<li>hauteur : 121 cm<\/li>\n<li>largeur : 23 cm<\/li>\n<li>profondeur : 35 cm<\/li>\n<\/ul>\n<\/li>\n<li>compartiments :\n<ul>\n<li>profondeur : 2 cm<\/li>\n<\/ul>\n<\/li>\n<\/ul>\n<\/li>\n<li>couleur standard : gris argent\u00e9<\/li>\n<\/ul>\n<div>\n<div>\n<div><\/div>\n<\/div>\n<\/div>\n","protected":false},"excerpt":{"rendered":"<p>Un magnifique porte-brochures sur pied en m\u00e9tal avec 3 compartiments verticaux au format A4 pour les d\u00e9pliants ou les magazines. Id\u00e9al pour \u00eatre plac\u00e9 \u00e0 la r\u00e9ception d&rsquo;un hall d&rsquo;entr\u00e9e ou dans une salle d&rsquo;attente. Informations sur le produit : dimensions : pr\u00e9sentoir : hauteur : 121 cm largeur : 23 cm profondeur : 35 &hellip; <a href=\"https:\/\/buyck-displays.com\/fr\/porte-brochures-porte-document-porte-etiquettes-bu4020\">Suite<\/a><\/p>\n","protected":false},"featured_media":65232,"comment_status":"closed","ping_status":"closed","template":"","meta":{"_acf_changed":false},"product_brand":[],"product_cat":[361,367,502],"product_tag":[],"class_list":{"0":"post-56598","1":"product","2":"type-product","3":"status-publish","4":"has-post-thumbnail","6":"product_cat-presentoirs-standard","7":"product_cat-porte-document-porte-etiquettes","8":"product_cat-presentoir-documents","10":"first","11":"instock","12":"taxable","13":"shipping-taxable","14":"purchasable","15":"product-type-simple"},"acf":[],"yoast_head":"<!-- This site is optimized with the Yoast SEO plugin v26.8 - https:\/\/yoast.com\/product\/yoast-seo-wordpress\/ -->\n<title>Porte-brochures - sur pied - Buyck Displays<\/title>\n<meta name=\"description\" content=\"Porte-brochures en m\u00e9tal avec 3 cases verticaux au format A4 pour les d\u00e9pliants ou magazines. Id\u00e9al pour \u00eatre plac\u00e9 dans la r\u00e9ception ou salle d&#039;attente.\" \/>\n<meta name=\"robots\" content=\"index, follow, max-snippet:-1, max-image-preview:large, max-video-preview:-1\" \/>\n<link rel=\"canonical\" href=\"https:\/\/buyck-displays.com\/fr\/porte-brochures-porte-document-porte-etiquettes-bu4020\" \/>\n<meta property=\"og:locale\" content=\"fr_FR\" \/>\n<meta property=\"og:type\" content=\"article\" \/>\n<meta property=\"og:title\" content=\"Porte-brochures - sur pied - Buyck Displays\" \/>\n<meta property=\"og:description\" content=\"Porte-brochures en m\u00e9tal avec 3 cases verticaux au format A4 pour les d\u00e9pliants ou magazines. Id\u00e9al pour \u00eatre plac\u00e9 dans la r\u00e9ception ou salle d&#039;attente.\" \/>\n<meta property=\"og:url\" content=\"https:\/\/buyck-displays.com\/fr\/porte-brochures-porte-document-porte-etiquettes-bu4020\" \/>\n<meta property=\"og:site_name\" content=\"Buyck Displays\" \/>\n<meta property=\"article:modified_time\" content=\"2022-12-19T15:22:05+00:00\" \/>\n<meta property=\"og:image\" content=\"https:\/\/buyck-displays.com\/wp-content\/uploads\/2017\/04\/BU4020-scaled.jpg\" \/>\n\t<meta property=\"og:image:width\" content=\"1872\" \/>\n\t<meta property=\"og:image:height\" content=\"2560\" \/>\n\t<meta property=\"og:image:type\" content=\"image\/jpeg\" \/>\n<meta name=\"twitter:card\" content=\"summary_large_image\" \/>\n<meta name=\"twitter:label1\" content=\"Dur\u00e9e de lecture estim\u00e9e\" \/>\n\t<meta name=\"twitter:data1\" content=\"1 minute\" \/>\n<script type=\"application\/ld+json\" class=\"yoast-schema-graph\">{\"@context\":\"https:\/\/schema.org\",\"@graph\":[{\"@type\":\"WebPage\",\"@id\":\"https:\/\/buyck-displays.com\/fr\/porte-brochures-porte-document-porte-etiquettes-bu4020\",\"url\":\"https:\/\/buyck-displays.com\/fr\/porte-brochures-porte-document-porte-etiquettes-bu4020\",\"name\":\"Porte-brochures - sur pied - Buyck Displays\",\"isPartOf\":{\"@id\":\"https:\/\/buyck-displays.com\/fr\/#website\"},\"primaryImageOfPage\":{\"@id\":\"https:\/\/buyck-displays.com\/fr\/porte-brochures-porte-document-porte-etiquettes-bu4020#primaryimage\"},\"image\":{\"@id\":\"https:\/\/buyck-displays.com\/fr\/porte-brochures-porte-document-porte-etiquettes-bu4020#primaryimage\"},\"thumbnailUrl\":\"https:\/\/buyck-displays.com\/wp-content\/uploads\/2017\/04\/BU4020-scaled.jpg\",\"datePublished\":\"2017-04-04T07:40:47+00:00\",\"dateModified\":\"2022-12-19T15:22:05+00:00\",\"description\":\"Porte-brochures en m\u00e9tal avec 3 cases verticaux au format A4 pour les d\u00e9pliants ou magazines. Id\u00e9al pour \u00eatre plac\u00e9 dans la r\u00e9ception ou salle d'attente.\",\"breadcrumb\":{\"@id\":\"https:\/\/buyck-displays.com\/fr\/porte-brochures-porte-document-porte-etiquettes-bu4020#breadcrumb\"},\"inLanguage\":\"fr-FR\",\"potentialAction\":[{\"@type\":\"ReadAction\",\"target\":[\"https:\/\/buyck-displays.com\/fr\/porte-brochures-porte-document-porte-etiquettes-bu4020\"]}]},{\"@type\":\"ImageObject\",\"inLanguage\":\"fr-FR\",\"@id\":\"https:\/\/buyck-displays.com\/fr\/porte-brochures-porte-document-porte-etiquettes-bu4020#primaryimage\",\"url\":\"https:\/\/buyck-displays.com\/wp-content\/uploads\/2017\/04\/BU4020-scaled.jpg\",\"contentUrl\":\"https:\/\/buyck-displays.com\/wp-content\/uploads\/2017\/04\/BU4020-scaled.jpg\",\"width\":1872,\"height\":2560},{\"@type\":\"BreadcrumbList\",\"@id\":\"https:\/\/buyck-displays.com\/fr\/porte-brochures-porte-document-porte-etiquettes-bu4020#breadcrumb\",\"itemListElement\":[{\"@type\":\"ListItem\",\"position\":1,\"name\":\"Home\",\"item\":\"https:\/\/buyck-displays.com\/fr\"},{\"@type\":\"ListItem\",\"position\":2,\"name\":\"Displays\",\"item\":\"https:\/\/buyck-displays.com\/fr\/produits\"},{\"@type\":\"ListItem\",\"position\":3,\"name\":\"Porte-brochures &#8211; sur pied\"}]},{\"@type\":\"WebSite\",\"@id\":\"https:\/\/buyck-displays.com\/fr\/#website\",\"url\":\"https:\/\/buyck-displays.com\/fr\/\",\"name\":\"Buyck Displays\",\"description\":\"Standaard en Maatwerk Displays\",\"potentialAction\":[{\"@type\":\"SearchAction\",\"target\":{\"@type\":\"EntryPoint\",\"urlTemplate\":\"https:\/\/buyck-displays.com\/fr\/?s={search_term_string}\"},\"query-input\":{\"@type\":\"PropertyValueSpecification\",\"valueRequired\":true,\"valueName\":\"search_term_string\"}}],\"inLanguage\":\"fr-FR\"}]}<\/script>\n<!-- \/ Yoast SEO plugin. -->","yoast_head_json":{"title":"Porte-brochures - sur pied - Buyck Displays","description":"Porte-brochures en m\u00e9tal avec 3 cases verticaux au format A4 pour les d\u00e9pliants ou magazines. Id\u00e9al pour \u00eatre plac\u00e9 dans la r\u00e9ception ou salle d'attente.","robots":{"index":"index","follow":"follow","max-snippet":"max-snippet:-1","max-image-preview":"max-image-preview:large","max-video-preview":"max-video-preview:-1"},"canonical":"https:\/\/buyck-displays.com\/fr\/porte-brochures-porte-document-porte-etiquettes-bu4020","og_locale":"fr_FR","og_type":"article","og_title":"Porte-brochures - sur pied - Buyck Displays","og_description":"Porte-brochures en m\u00e9tal avec 3 cases verticaux au format A4 pour les d\u00e9pliants ou magazines. Id\u00e9al pour \u00eatre plac\u00e9 dans la r\u00e9ception ou salle d'attente.","og_url":"https:\/\/buyck-displays.com\/fr\/porte-brochures-porte-document-porte-etiquettes-bu4020","og_site_name":"Buyck Displays","article_modified_time":"2022-12-19T15:22:05+00:00","og_image":[{"width":1872,"height":2560,"url":"https:\/\/buyck-displays.com\/wp-content\/uploads\/2017\/04\/BU4020-scaled.jpg","type":"image\/jpeg"}],"twitter_card":"summary_large_image","twitter_misc":{"Dur\u00e9e de lecture estim\u00e9e":"1 minute"},"schema":{"@context":"https:\/\/schema.org","@graph":[{"@type":"WebPage","@id":"https:\/\/buyck-displays.com\/fr\/porte-brochures-porte-document-porte-etiquettes-bu4020","url":"https:\/\/buyck-displays.com\/fr\/porte-brochures-porte-document-porte-etiquettes-bu4020","name":"Porte-brochures - sur pied - Buyck Displays","isPartOf":{"@id":"https:\/\/buyck-displays.com\/fr\/#website"},"primaryImageOfPage":{"@id":"https:\/\/buyck-displays.com\/fr\/porte-brochures-porte-document-porte-etiquettes-bu4020#primaryimage"},"image":{"@id":"https:\/\/buyck-displays.com\/fr\/porte-brochures-porte-document-porte-etiquettes-bu4020#primaryimage"},"thumbnailUrl":"https:\/\/buyck-displays.com\/wp-content\/uploads\/2017\/04\/BU4020-scaled.jpg","datePublished":"2017-04-04T07:40:47+00:00","dateModified":"2022-12-19T15:22:05+00:00","description":"Porte-brochures en m\u00e9tal avec 3 cases verticaux au format A4 pour les d\u00e9pliants ou magazines. Id\u00e9al pour \u00eatre plac\u00e9 dans la r\u00e9ception ou salle d'attente.","breadcrumb":{"@id":"https:\/\/buyck-displays.com\/fr\/porte-brochures-porte-document-porte-etiquettes-bu4020#breadcrumb"},"inLanguage":"fr-FR","potentialAction":[{"@type":"ReadAction","target":["https:\/\/buyck-displays.com\/fr\/porte-brochures-porte-document-porte-etiquettes-bu4020"]}]},{"@type":"ImageObject","inLanguage":"fr-FR","@id":"https:\/\/buyck-displays.com\/fr\/porte-brochures-porte-document-porte-etiquettes-bu4020#primaryimage","url":"https:\/\/buyck-displays.com\/wp-content\/uploads\/2017\/04\/BU4020-scaled.jpg","contentUrl":"https:\/\/buyck-displays.com\/wp-content\/uploads\/2017\/04\/BU4020-scaled.jpg","width":1872,"height":2560},{"@type":"BreadcrumbList","@id":"https:\/\/buyck-displays.com\/fr\/porte-brochures-porte-document-porte-etiquettes-bu4020#breadcrumb","itemListElement":[{"@type":"ListItem","position":1,"name":"Home","item":"https:\/\/buyck-displays.com\/fr"},{"@type":"ListItem","position":2,"name":"Displays","item":"https:\/\/buyck-displays.com\/fr\/produits"},{"@type":"ListItem","position":3,"name":"Porte-brochures &#8211; sur pied"}]},{"@type":"WebSite","@id":"https:\/\/buyck-displays.com\/fr\/#website","url":"https:\/\/buyck-displays.com\/fr\/","name":"Buyck Displays","description":"Standaard en Maatwerk Displays","potentialAction":[{"@type":"SearchAction","target":{"@type":"EntryPoint","urlTemplate":"https:\/\/buyck-displays.com\/fr\/?s={search_term_string}"},"query-input":{"@type":"PropertyValueSpecification","valueRequired":true,"valueName":"search_term_string"}}],"inLanguage":"fr-FR"}]}},"_links":{"self":[{"href":"https:\/\/buyck-displays.com\/fr\/wp-json\/wp\/v2\/product\/56598","targetHints":{"allow":["GET"]}}],"collection":[{"href":"https:\/\/buyck-displays.com\/fr\/wp-json\/wp\/v2\/product"}],"about":[{"href":"https:\/\/buyck-displays.com\/fr\/wp-json\/wp\/v2\/types\/product"}],"replies":[{"embeddable":true,"href":"https:\/\/buyck-displays.com\/fr\/wp-json\/wp\/v2\/comments?post=56598"}],"wp:featuredmedia":[{"embeddable":true,"href":"https:\/\/buyck-displays.com\/fr\/wp-json\/wp\/v2\/media\/65232"}],"wp:attachment":[{"href":"https:\/\/buyck-displays.com\/fr\/wp-json\/wp\/v2\/media?parent=56598"}],"wp:term":[{"taxonomy":"product_brand","embeddable":true,"href":"https:\/\/buyck-displays.com\/fr\/wp-json\/wp\/v2\/product_brand?post=56598"},{"taxonomy":"product_cat","embeddable":true,"href":"https:\/\/buyck-displays.com\/fr\/wp-json\/wp\/v2\/product_cat?post=56598"},{"taxonomy":"product_tag","embeddable":true,"href":"https:\/\/buyck-displays.com\/fr\/wp-json\/wp\/v2\/product_tag?post=56598"}],"curies":[{"name":"wp","href":"https:\/\/api.w.org\/{rel}","templated":true}]}}