{"id":56516,"date":"2017-04-04T10:34:40","date_gmt":"2017-04-04T08:34:40","guid":{"rendered":"http:\/\/shipyard.intago.eu\/buyckdisplays\/product\/display-voor-een-pen-3\/"},"modified":"2026-01-27T13:49:20","modified_gmt":"2026-01-27T12:49:20","slug":"presentoirs-de-porte-plumes-pa001-3","status":"publish","type":"product","link":"https:\/\/buyck-displays.com\/fr\/presentoirs-de-porte-plumes-pa001-3","title":{"rendered":"Presentoir \u00e0 stylos"},"content":{"rendered":"<p>Un pr\u00e9sentoir pour 1 stylo. Fabriqu\u00e9 en acrylique de haute qualit\u00e9. Id\u00e9al pour mettre en valeur un stylo sur une table, un comptoir ou une vitrine. Disponible en 3 hauteurs diff\u00e9rentes.<\/p>\n<p><strong>Informations sur le produit :<\/strong><\/p>\n<ul>\n<li>dimensions :\n<ul>\n<li>dimensions ext\u00e9rieures :\n<ul>\n<li>hauteur : <strong>4 cm<\/strong><\/li>\n<li>largeur : 3,5 cm<\/li>\n<li>\u00e9paisseur : 2 cm<\/li>\n<\/ul>\n<\/li>\n<\/ul>\n<\/li>\n<li>mat\u00e9riau : acrylique clair et transparent<\/li>\n<li>application : pr\u00e9sentation de 1 stylo<\/li>\n<li>Fabrication uniquement sur commande &#8211; minimum 25 pi\u00e8ces<\/li>\n<\/ul>\n","protected":false},"excerpt":{"rendered":"<p>Un pr\u00e9sentoir pour 1 stylo. Fabriqu\u00e9 en acrylique de haute qualit\u00e9. Id\u00e9al pour mettre en valeur un stylo sur une table, un comptoir ou une vitrine. Disponible en 3 hauteurs diff\u00e9rentes. Informations sur le produit : dimensions : dimensions ext\u00e9rieures : hauteur : 4 cm largeur : 3,5 cm \u00e9paisseur : 2 cm mat\u00e9riau : &hellip; <a href=\"https:\/\/buyck-displays.com\/fr\/presentoirs-de-porte-plumes-pa001-3\">Suite<\/a><\/p>\n","protected":false},"featured_media":67726,"comment_status":"closed","ping_status":"closed","template":"","meta":{"_acf_changed":false},"product_brand":[],"product_cat":[368,364,361],"product_tag":[],"class_list":{"0":"post-56516","1":"product","2":"type-product","3":"status-publish","4":"has-post-thumbnail","6":"product_cat-presentoirs-en-acrylique","7":"product_cat-presentoirs-de-porte-plumes","8":"product_cat-presentoirs-standard","10":"first","11":"instock","12":"taxable","13":"shipping-taxable","14":"purchasable","15":"product-type-simple"},"acf":[],"yoast_head":"<!-- This site is optimized with the Yoast SEO plugin v27.6 - https:\/\/yoast.com\/product\/yoast-seo-wordpress\/ -->\n<title>Presentoir \u00e0 stylos - Buyck Displays<\/title>\n<meta name=\"description\" content=\"Un pr\u00e9sentoir pour 1 stylo. Fabriqu\u00e9 en acrylique de haute qualit\u00e9. Id\u00e9al pour mettre en valeur un stylo sur une table, un comptoir ou une vitrine.\" \/>\n<meta name=\"robots\" content=\"index, follow, max-snippet:-1, max-image-preview:large, max-video-preview:-1\" \/>\n<link rel=\"canonical\" href=\"https:\/\/buyck-displays.com\/fr\/presentoirs-de-porte-plumes-pa001-3\" \/>\n<meta property=\"og:locale\" content=\"fr_FR\" \/>\n<meta property=\"og:type\" content=\"article\" \/>\n<meta property=\"og:title\" content=\"Presentoir \u00e0 stylos - Buyck Displays\" \/>\n<meta property=\"og:description\" content=\"Un pr\u00e9sentoir pour 1 stylo. Fabriqu\u00e9 en acrylique de haute qualit\u00e9. Id\u00e9al pour mettre en valeur un stylo sur une table, un comptoir ou une vitrine.\" \/>\n<meta property=\"og:url\" content=\"https:\/\/buyck-displays.com\/fr\/presentoirs-de-porte-plumes-pa001-3\" \/>\n<meta property=\"og:site_name\" content=\"Buyck Displays\" \/>\n<meta property=\"article:modified_time\" content=\"2026-01-27T12:49:20+00:00\" \/>\n<meta property=\"og:image\" content=\"https:\/\/buyck-displays.com\/wp-content\/uploads\/2017\/04\/PA001.3.jpg\" \/>\n\t<meta property=\"og:image:width\" content=\"540\" \/>\n\t<meta property=\"og:image:height\" content=\"730\" \/>\n\t<meta property=\"og:image:type\" content=\"image\/jpeg\" \/>\n<meta name=\"twitter:card\" content=\"summary_large_image\" \/>\n<meta name=\"twitter:label1\" content=\"Dur\u00e9e de lecture estim\u00e9e\" \/>\n\t<meta name=\"twitter:data1\" content=\"1 minute\" \/>\n<script type=\"application\/ld+json\" class=\"yoast-schema-graph\">{\"@context\":\"https:\\\/\\\/schema.org\",\"@graph\":[{\"@type\":\"WebPage\",\"@id\":\"https:\\\/\\\/buyck-displays.com\\\/fr\\\/presentoirs-de-porte-plumes-pa001-3\",\"url\":\"https:\\\/\\\/buyck-displays.com\\\/fr\\\/presentoirs-de-porte-plumes-pa001-3\",\"name\":\"Presentoir \u00e0 stylos - Buyck Displays\",\"isPartOf\":{\"@id\":\"https:\\\/\\\/buyck-displays.com\\\/fr\\\/#website\"},\"primaryImageOfPage\":{\"@id\":\"https:\\\/\\\/buyck-displays.com\\\/fr\\\/presentoirs-de-porte-plumes-pa001-3#primaryimage\"},\"image\":{\"@id\":\"https:\\\/\\\/buyck-displays.com\\\/fr\\\/presentoirs-de-porte-plumes-pa001-3#primaryimage\"},\"thumbnailUrl\":\"https:\\\/\\\/buyck-displays.com\\\/wp-content\\\/uploads\\\/2017\\\/04\\\/PA001.3.jpg\",\"datePublished\":\"2017-04-04T08:34:40+00:00\",\"dateModified\":\"2026-01-27T12:49:20+00:00\",\"description\":\"Un pr\u00e9sentoir pour 1 stylo. Fabriqu\u00e9 en acrylique de haute qualit\u00e9. Id\u00e9al pour mettre en valeur un stylo sur une table, un comptoir ou une vitrine.\",\"breadcrumb\":{\"@id\":\"https:\\\/\\\/buyck-displays.com\\\/fr\\\/presentoirs-de-porte-plumes-pa001-3#breadcrumb\"},\"inLanguage\":\"fr-FR\",\"potentialAction\":[{\"@type\":\"ReadAction\",\"target\":[\"https:\\\/\\\/buyck-displays.com\\\/fr\\\/presentoirs-de-porte-plumes-pa001-3\"]}]},{\"@type\":\"ImageObject\",\"inLanguage\":\"fr-FR\",\"@id\":\"https:\\\/\\\/buyck-displays.com\\\/fr\\\/presentoirs-de-porte-plumes-pa001-3#primaryimage\",\"url\":\"https:\\\/\\\/buyck-displays.com\\\/wp-content\\\/uploads\\\/2017\\\/04\\\/PA001.3.jpg\",\"contentUrl\":\"https:\\\/\\\/buyck-displays.com\\\/wp-content\\\/uploads\\\/2017\\\/04\\\/PA001.3.jpg\",\"width\":540,\"height\":730},{\"@type\":\"BreadcrumbList\",\"@id\":\"https:\\\/\\\/buyck-displays.com\\\/fr\\\/presentoirs-de-porte-plumes-pa001-3#breadcrumb\",\"itemListElement\":[{\"@type\":\"ListItem\",\"position\":1,\"name\":\"Home\",\"item\":\"https:\\\/\\\/buyck-displays.com\\\/fr\"},{\"@type\":\"ListItem\",\"position\":2,\"name\":\"Displays\",\"item\":\"https:\\\/\\\/buyck-displays.com\\\/fr\\\/produits\"},{\"@type\":\"ListItem\",\"position\":3,\"name\":\"Presentoir \u00e0 stylos\"}]},{\"@type\":\"WebSite\",\"@id\":\"https:\\\/\\\/buyck-displays.com\\\/fr\\\/#website\",\"url\":\"https:\\\/\\\/buyck-displays.com\\\/fr\\\/\",\"name\":\"Buyck Displays\",\"description\":\"Standaard en Maatwerk Displays\",\"potentialAction\":[{\"@type\":\"SearchAction\",\"target\":{\"@type\":\"EntryPoint\",\"urlTemplate\":\"https:\\\/\\\/buyck-displays.com\\\/fr\\\/?s={search_term_string}\"},\"query-input\":{\"@type\":\"PropertyValueSpecification\",\"valueRequired\":true,\"valueName\":\"search_term_string\"}}],\"inLanguage\":\"fr-FR\"}]}<\/script>\n<!-- \/ Yoast SEO plugin. -->","yoast_head_json":{"title":"Presentoir \u00e0 stylos - Buyck Displays","description":"Un pr\u00e9sentoir pour 1 stylo. Fabriqu\u00e9 en acrylique de haute qualit\u00e9. Id\u00e9al pour mettre en valeur un stylo sur une table, un comptoir ou une vitrine.","robots":{"index":"index","follow":"follow","max-snippet":"max-snippet:-1","max-image-preview":"max-image-preview:large","max-video-preview":"max-video-preview:-1"},"canonical":"https:\/\/buyck-displays.com\/fr\/presentoirs-de-porte-plumes-pa001-3","og_locale":"fr_FR","og_type":"article","og_title":"Presentoir \u00e0 stylos - Buyck Displays","og_description":"Un pr\u00e9sentoir pour 1 stylo. Fabriqu\u00e9 en acrylique de haute qualit\u00e9. Id\u00e9al pour mettre en valeur un stylo sur une table, un comptoir ou une vitrine.","og_url":"https:\/\/buyck-displays.com\/fr\/presentoirs-de-porte-plumes-pa001-3","og_site_name":"Buyck Displays","article_modified_time":"2026-01-27T12:49:20+00:00","og_image":[{"width":540,"height":730,"url":"https:\/\/buyck-displays.com\/wp-content\/uploads\/2017\/04\/PA001.3.jpg","type":"image\/jpeg"}],"twitter_card":"summary_large_image","twitter_misc":{"Dur\u00e9e de lecture estim\u00e9e":"1 minute"},"schema":{"@context":"https:\/\/schema.org","@graph":[{"@type":"WebPage","@id":"https:\/\/buyck-displays.com\/fr\/presentoirs-de-porte-plumes-pa001-3","url":"https:\/\/buyck-displays.com\/fr\/presentoirs-de-porte-plumes-pa001-3","name":"Presentoir \u00e0 stylos - Buyck Displays","isPartOf":{"@id":"https:\/\/buyck-displays.com\/fr\/#website"},"primaryImageOfPage":{"@id":"https:\/\/buyck-displays.com\/fr\/presentoirs-de-porte-plumes-pa001-3#primaryimage"},"image":{"@id":"https:\/\/buyck-displays.com\/fr\/presentoirs-de-porte-plumes-pa001-3#primaryimage"},"thumbnailUrl":"https:\/\/buyck-displays.com\/wp-content\/uploads\/2017\/04\/PA001.3.jpg","datePublished":"2017-04-04T08:34:40+00:00","dateModified":"2026-01-27T12:49:20+00:00","description":"Un pr\u00e9sentoir pour 1 stylo. Fabriqu\u00e9 en acrylique de haute qualit\u00e9. Id\u00e9al pour mettre en valeur un stylo sur une table, un comptoir ou une vitrine.","breadcrumb":{"@id":"https:\/\/buyck-displays.com\/fr\/presentoirs-de-porte-plumes-pa001-3#breadcrumb"},"inLanguage":"fr-FR","potentialAction":[{"@type":"ReadAction","target":["https:\/\/buyck-displays.com\/fr\/presentoirs-de-porte-plumes-pa001-3"]}]},{"@type":"ImageObject","inLanguage":"fr-FR","@id":"https:\/\/buyck-displays.com\/fr\/presentoirs-de-porte-plumes-pa001-3#primaryimage","url":"https:\/\/buyck-displays.com\/wp-content\/uploads\/2017\/04\/PA001.3.jpg","contentUrl":"https:\/\/buyck-displays.com\/wp-content\/uploads\/2017\/04\/PA001.3.jpg","width":540,"height":730},{"@type":"BreadcrumbList","@id":"https:\/\/buyck-displays.com\/fr\/presentoirs-de-porte-plumes-pa001-3#breadcrumb","itemListElement":[{"@type":"ListItem","position":1,"name":"Home","item":"https:\/\/buyck-displays.com\/fr"},{"@type":"ListItem","position":2,"name":"Displays","item":"https:\/\/buyck-displays.com\/fr\/produits"},{"@type":"ListItem","position":3,"name":"Presentoir \u00e0 stylos"}]},{"@type":"WebSite","@id":"https:\/\/buyck-displays.com\/fr\/#website","url":"https:\/\/buyck-displays.com\/fr\/","name":"Buyck Displays","description":"Standaard en Maatwerk Displays","potentialAction":[{"@type":"SearchAction","target":{"@type":"EntryPoint","urlTemplate":"https:\/\/buyck-displays.com\/fr\/?s={search_term_string}"},"query-input":{"@type":"PropertyValueSpecification","valueRequired":true,"valueName":"search_term_string"}}],"inLanguage":"fr-FR"}]}},"_links":{"self":[{"href":"https:\/\/buyck-displays.com\/fr\/wp-json\/wp\/v2\/product\/56516","targetHints":{"allow":["GET"]}}],"collection":[{"href":"https:\/\/buyck-displays.com\/fr\/wp-json\/wp\/v2\/product"}],"about":[{"href":"https:\/\/buyck-displays.com\/fr\/wp-json\/wp\/v2\/types\/product"}],"replies":[{"embeddable":true,"href":"https:\/\/buyck-displays.com\/fr\/wp-json\/wp\/v2\/comments?post=56516"}],"wp:featuredmedia":[{"embeddable":true,"href":"https:\/\/buyck-displays.com\/fr\/wp-json\/wp\/v2\/media\/67726"}],"wp:attachment":[{"href":"https:\/\/buyck-displays.com\/fr\/wp-json\/wp\/v2\/media?parent=56516"}],"wp:term":[{"taxonomy":"product_brand","embeddable":true,"href":"https:\/\/buyck-displays.com\/fr\/wp-json\/wp\/v2\/product_brand?post=56516"},{"taxonomy":"product_cat","embeddable":true,"href":"https:\/\/buyck-displays.com\/fr\/wp-json\/wp\/v2\/product_cat?post=56516"},{"taxonomy":"product_tag","embeddable":true,"href":"https:\/\/buyck-displays.com\/fr\/wp-json\/wp\/v2\/product_tag?post=56516"}],"curies":[{"name":"wp","href":"https:\/\/api.w.org\/{rel}","templated":true}]}}