{"id":56282,"date":"2017-04-04T10:50:40","date_gmt":"2017-04-04T08:50:40","guid":{"rendered":"http:\/\/shipyard.intago.eu\/buyckdisplays\/product\/vloerdisplay-met-wielen-voor-placemats\/"},"modified":"2026-04-13T12:57:37","modified_gmt":"2026-04-13T10:57:37","slug":"presentoir-pour-sets-de-table-bu1001","status":"publish","type":"product","link":"https:\/\/buyck-displays.com\/fr\/presentoir-pour-sets-de-table-bu1001","title":{"rendered":"Pr\u00e9sentoir pour sets de table"},"content":{"rendered":"<p><span style=\"color: #ff0000;\"><em><strong>D\u00e9sol\u00e9, cet article est actuellement \u00e9puis\u00e9 !<\/strong><\/em><\/span><\/p>\n<p>Pr\u00e9sentoir de sol en m\u00e9tal avec roues pour sets de table.<\/p>\n<p><strong>Informations sur le produit :<\/strong><\/p>\n<ul>\n<li>dimensions :\n<ul>\n<li>dimensions ext\u00e9rieures du pr\u00e9sentoir :\n<ul>\n<li>hauteur : 172,5 cm<\/li>\n<li>largeur : 52 cm<\/li>\n<li>profondeur : 37 cm<\/li>\n<\/ul>\n<\/li>\n<li>dimensions int\u00e9rieures \u00e9tages :\n<ul>\n<li>largeur : 48 cm<\/li>\n<li>profondeur : 33 cm<\/li>\n<li>hauteur (distance entre les \u00e9tages) : 11 cm<\/li>\n<\/ul>\n<\/li>\n<\/ul>\n<\/li>\n<li>10 \u00e9tages<\/li>\n<li>4 roues en caoutchouc dont 2 avec frein<\/li>\n<li>avec porte-logo<\/li>\n<li>Couleur : noir<\/li>\n<li>emballage :\n<ul>\n<li>2 paquets<\/li>\n<li>dimensions :\n<ul>\n<li>100 cm x 39 cm x 10 cm<\/li>\n<li>56 cm x 40 cm x 13 cm<\/li>\n<\/ul>\n<\/li>\n<\/ul>\n<\/li>\n<\/ul>\n","protected":false},"excerpt":{"rendered":"<p>D\u00e9sol\u00e9, cet article est actuellement \u00e9puis\u00e9 ! Pr\u00e9sentoir de sol en m\u00e9tal avec roues pour sets de table. Informations sur le produit : dimensions : dimensions ext\u00e9rieures du pr\u00e9sentoir : hauteur : 172,5 cm largeur : 52 cm profondeur : 37 cm dimensions int\u00e9rieures \u00e9tages : largeur : 48 cm profondeur : 33 cm hauteur &hellip; <a href=\"https:\/\/buyck-displays.com\/fr\/presentoir-pour-sets-de-table-bu1001\">Suite<\/a><\/p>\n","protected":false},"featured_media":80093,"comment_status":"closed","ping_status":"closed","template":"","meta":{"_acf_changed":false},"product_brand":[],"product_cat":[363,361,371],"product_tag":[],"class_list":{"0":"post-56282","1":"product","2":"type-product","3":"status-publish","4":"has-post-thumbnail","6":"product_cat-presentoirs-a-cadeaux","7":"product_cat-presentoirs-standard","8":"product_cat-presentoirs-pour-articles-a-poser","10":"first","11":"instock","12":"taxable","13":"shipping-taxable","14":"purchasable","15":"product-type-simple"},"acf":[],"yoast_head":"<!-- This site is optimized with the Yoast SEO plugin v27.6 - https:\/\/yoast.com\/product\/yoast-seo-wordpress\/ -->\n<title>Pr\u00e9sentoir pour sets de table - Buyck Displays<\/title>\n<meta name=\"description\" content=\"Pr\u00e9sentoir pratique en m\u00e9tal pour sets de table sur roulettes, facile \u00e0 d\u00e9placer. Il comporte 10 \u00e9tages et est \u00e9quip\u00e9 d&#039;un porte-logo.\" \/>\n<meta name=\"robots\" content=\"index, follow, max-snippet:-1, max-image-preview:large, max-video-preview:-1\" \/>\n<link rel=\"canonical\" href=\"https:\/\/buyck-displays.com\/fr\/presentoir-pour-sets-de-table-bu1001\" \/>\n<meta property=\"og:locale\" content=\"fr_FR\" \/>\n<meta property=\"og:type\" content=\"article\" \/>\n<meta property=\"og:title\" content=\"Pr\u00e9sentoir pour sets de table - Buyck Displays\" \/>\n<meta property=\"og:description\" content=\"Pr\u00e9sentoir pratique en m\u00e9tal pour sets de table sur roulettes, facile \u00e0 d\u00e9placer. Il comporte 10 \u00e9tages et est \u00e9quip\u00e9 d&#039;un porte-logo.\" \/>\n<meta property=\"og:url\" content=\"https:\/\/buyck-displays.com\/fr\/presentoir-pour-sets-de-table-bu1001\" \/>\n<meta property=\"og:site_name\" content=\"Buyck Displays\" \/>\n<meta property=\"article:modified_time\" content=\"2026-04-13T10:57:37+00:00\" \/>\n<meta property=\"og:image\" content=\"https:\/\/buyck-displays.com\/wp-content\/uploads\/2017\/04\/Display-voor-placemats-BU1001.jpg\" \/>\n\t<meta property=\"og:image:width\" content=\"1440\" \/>\n\t<meta property=\"og:image:height\" content=\"1920\" \/>\n\t<meta property=\"og:image:type\" content=\"image\/jpeg\" \/>\n<meta name=\"twitter:card\" content=\"summary_large_image\" \/>\n<meta name=\"twitter:label1\" content=\"Dur\u00e9e de lecture estim\u00e9e\" \/>\n\t<meta name=\"twitter:data1\" content=\"1 minute\" \/>\n<script type=\"application\/ld+json\" class=\"yoast-schema-graph\">{\"@context\":\"https:\\\/\\\/schema.org\",\"@graph\":[{\"@type\":\"WebPage\",\"@id\":\"https:\\\/\\\/buyck-displays.com\\\/fr\\\/presentoir-pour-sets-de-table-bu1001\",\"url\":\"https:\\\/\\\/buyck-displays.com\\\/fr\\\/presentoir-pour-sets-de-table-bu1001\",\"name\":\"Pr\u00e9sentoir pour sets de table - Buyck Displays\",\"isPartOf\":{\"@id\":\"https:\\\/\\\/buyck-displays.com\\\/fr\\\/#website\"},\"primaryImageOfPage\":{\"@id\":\"https:\\\/\\\/buyck-displays.com\\\/fr\\\/presentoir-pour-sets-de-table-bu1001#primaryimage\"},\"image\":{\"@id\":\"https:\\\/\\\/buyck-displays.com\\\/fr\\\/presentoir-pour-sets-de-table-bu1001#primaryimage\"},\"thumbnailUrl\":\"https:\\\/\\\/buyck-displays.com\\\/wp-content\\\/uploads\\\/2017\\\/04\\\/Display-voor-placemats-BU1001.jpg\",\"datePublished\":\"2017-04-04T08:50:40+00:00\",\"dateModified\":\"2026-04-13T10:57:37+00:00\",\"description\":\"Pr\u00e9sentoir pratique en m\u00e9tal pour sets de table sur roulettes, facile \u00e0 d\u00e9placer. Il comporte 10 \u00e9tages et est \u00e9quip\u00e9 d'un porte-logo.\",\"breadcrumb\":{\"@id\":\"https:\\\/\\\/buyck-displays.com\\\/fr\\\/presentoir-pour-sets-de-table-bu1001#breadcrumb\"},\"inLanguage\":\"fr-FR\",\"potentialAction\":[{\"@type\":\"ReadAction\",\"target\":[\"https:\\\/\\\/buyck-displays.com\\\/fr\\\/presentoir-pour-sets-de-table-bu1001\"]}]},{\"@type\":\"ImageObject\",\"inLanguage\":\"fr-FR\",\"@id\":\"https:\\\/\\\/buyck-displays.com\\\/fr\\\/presentoir-pour-sets-de-table-bu1001#primaryimage\",\"url\":\"https:\\\/\\\/buyck-displays.com\\\/wp-content\\\/uploads\\\/2017\\\/04\\\/Display-voor-placemats-BU1001.jpg\",\"contentUrl\":\"https:\\\/\\\/buyck-displays.com\\\/wp-content\\\/uploads\\\/2017\\\/04\\\/Display-voor-placemats-BU1001.jpg\",\"width\":1440,\"height\":1920},{\"@type\":\"BreadcrumbList\",\"@id\":\"https:\\\/\\\/buyck-displays.com\\\/fr\\\/presentoir-pour-sets-de-table-bu1001#breadcrumb\",\"itemListElement\":[{\"@type\":\"ListItem\",\"position\":1,\"name\":\"Home\",\"item\":\"https:\\\/\\\/buyck-displays.com\\\/fr\"},{\"@type\":\"ListItem\",\"position\":2,\"name\":\"Displays\",\"item\":\"https:\\\/\\\/buyck-displays.com\\\/fr\\\/produits\"},{\"@type\":\"ListItem\",\"position\":3,\"name\":\"Pr\u00e9sentoir pour sets de table\"}]},{\"@type\":\"WebSite\",\"@id\":\"https:\\\/\\\/buyck-displays.com\\\/fr\\\/#website\",\"url\":\"https:\\\/\\\/buyck-displays.com\\\/fr\\\/\",\"name\":\"Buyck Displays\",\"description\":\"Standaard en Maatwerk Displays\",\"potentialAction\":[{\"@type\":\"SearchAction\",\"target\":{\"@type\":\"EntryPoint\",\"urlTemplate\":\"https:\\\/\\\/buyck-displays.com\\\/fr\\\/?s={search_term_string}\"},\"query-input\":{\"@type\":\"PropertyValueSpecification\",\"valueRequired\":true,\"valueName\":\"search_term_string\"}}],\"inLanguage\":\"fr-FR\"}]}<\/script>\n<!-- \/ Yoast SEO plugin. -->","yoast_head_json":{"title":"Pr\u00e9sentoir pour sets de table - Buyck Displays","description":"Pr\u00e9sentoir pratique en m\u00e9tal pour sets de table sur roulettes, facile \u00e0 d\u00e9placer. Il comporte 10 \u00e9tages et est \u00e9quip\u00e9 d'un porte-logo.","robots":{"index":"index","follow":"follow","max-snippet":"max-snippet:-1","max-image-preview":"max-image-preview:large","max-video-preview":"max-video-preview:-1"},"canonical":"https:\/\/buyck-displays.com\/fr\/presentoir-pour-sets-de-table-bu1001","og_locale":"fr_FR","og_type":"article","og_title":"Pr\u00e9sentoir pour sets de table - Buyck Displays","og_description":"Pr\u00e9sentoir pratique en m\u00e9tal pour sets de table sur roulettes, facile \u00e0 d\u00e9placer. Il comporte 10 \u00e9tages et est \u00e9quip\u00e9 d'un porte-logo.","og_url":"https:\/\/buyck-displays.com\/fr\/presentoir-pour-sets-de-table-bu1001","og_site_name":"Buyck Displays","article_modified_time":"2026-04-13T10:57:37+00:00","og_image":[{"width":1440,"height":1920,"url":"https:\/\/buyck-displays.com\/wp-content\/uploads\/2017\/04\/Display-voor-placemats-BU1001.jpg","type":"image\/jpeg"}],"twitter_card":"summary_large_image","twitter_misc":{"Dur\u00e9e de lecture estim\u00e9e":"1 minute"},"schema":{"@context":"https:\/\/schema.org","@graph":[{"@type":"WebPage","@id":"https:\/\/buyck-displays.com\/fr\/presentoir-pour-sets-de-table-bu1001","url":"https:\/\/buyck-displays.com\/fr\/presentoir-pour-sets-de-table-bu1001","name":"Pr\u00e9sentoir pour sets de table - Buyck Displays","isPartOf":{"@id":"https:\/\/buyck-displays.com\/fr\/#website"},"primaryImageOfPage":{"@id":"https:\/\/buyck-displays.com\/fr\/presentoir-pour-sets-de-table-bu1001#primaryimage"},"image":{"@id":"https:\/\/buyck-displays.com\/fr\/presentoir-pour-sets-de-table-bu1001#primaryimage"},"thumbnailUrl":"https:\/\/buyck-displays.com\/wp-content\/uploads\/2017\/04\/Display-voor-placemats-BU1001.jpg","datePublished":"2017-04-04T08:50:40+00:00","dateModified":"2026-04-13T10:57:37+00:00","description":"Pr\u00e9sentoir pratique en m\u00e9tal pour sets de table sur roulettes, facile \u00e0 d\u00e9placer. Il comporte 10 \u00e9tages et est \u00e9quip\u00e9 d'un porte-logo.","breadcrumb":{"@id":"https:\/\/buyck-displays.com\/fr\/presentoir-pour-sets-de-table-bu1001#breadcrumb"},"inLanguage":"fr-FR","potentialAction":[{"@type":"ReadAction","target":["https:\/\/buyck-displays.com\/fr\/presentoir-pour-sets-de-table-bu1001"]}]},{"@type":"ImageObject","inLanguage":"fr-FR","@id":"https:\/\/buyck-displays.com\/fr\/presentoir-pour-sets-de-table-bu1001#primaryimage","url":"https:\/\/buyck-displays.com\/wp-content\/uploads\/2017\/04\/Display-voor-placemats-BU1001.jpg","contentUrl":"https:\/\/buyck-displays.com\/wp-content\/uploads\/2017\/04\/Display-voor-placemats-BU1001.jpg","width":1440,"height":1920},{"@type":"BreadcrumbList","@id":"https:\/\/buyck-displays.com\/fr\/presentoir-pour-sets-de-table-bu1001#breadcrumb","itemListElement":[{"@type":"ListItem","position":1,"name":"Home","item":"https:\/\/buyck-displays.com\/fr"},{"@type":"ListItem","position":2,"name":"Displays","item":"https:\/\/buyck-displays.com\/fr\/produits"},{"@type":"ListItem","position":3,"name":"Pr\u00e9sentoir pour sets de table"}]},{"@type":"WebSite","@id":"https:\/\/buyck-displays.com\/fr\/#website","url":"https:\/\/buyck-displays.com\/fr\/","name":"Buyck Displays","description":"Standaard en Maatwerk Displays","potentialAction":[{"@type":"SearchAction","target":{"@type":"EntryPoint","urlTemplate":"https:\/\/buyck-displays.com\/fr\/?s={search_term_string}"},"query-input":{"@type":"PropertyValueSpecification","valueRequired":true,"valueName":"search_term_string"}}],"inLanguage":"fr-FR"}]}},"_links":{"self":[{"href":"https:\/\/buyck-displays.com\/fr\/wp-json\/wp\/v2\/product\/56282","targetHints":{"allow":["GET"]}}],"collection":[{"href":"https:\/\/buyck-displays.com\/fr\/wp-json\/wp\/v2\/product"}],"about":[{"href":"https:\/\/buyck-displays.com\/fr\/wp-json\/wp\/v2\/types\/product"}],"replies":[{"embeddable":true,"href":"https:\/\/buyck-displays.com\/fr\/wp-json\/wp\/v2\/comments?post=56282"}],"wp:featuredmedia":[{"embeddable":true,"href":"https:\/\/buyck-displays.com\/fr\/wp-json\/wp\/v2\/media\/80093"}],"wp:attachment":[{"href":"https:\/\/buyck-displays.com\/fr\/wp-json\/wp\/v2\/media?parent=56282"}],"wp:term":[{"taxonomy":"product_brand","embeddable":true,"href":"https:\/\/buyck-displays.com\/fr\/wp-json\/wp\/v2\/product_brand?post=56282"},{"taxonomy":"product_cat","embeddable":true,"href":"https:\/\/buyck-displays.com\/fr\/wp-json\/wp\/v2\/product_cat?post=56282"},{"taxonomy":"product_tag","embeddable":true,"href":"https:\/\/buyck-displays.com\/fr\/wp-json\/wp\/v2\/product_tag?post=56282"}],"curies":[{"name":"wp","href":"https:\/\/api.w.org\/{rel}","templated":true}]}}