{"id":56219,"date":"2017-04-04T09:20:37","date_gmt":"2017-04-04T07:20:37","guid":{"rendered":"http:\/\/shipyard.intago.eu\/buyckdisplays\/product\/plexi-box-met-deksel\/"},"modified":"2024-10-15T11:24:46","modified_gmt":"2024-10-15T09:24:46","slug":"boite-de-loterie-en-acrylique-sp1208","status":"publish","type":"product","link":"https:\/\/buyck-displays.com\/fr\/boite-de-loterie-en-acrylique-sp1208","title":{"rendered":"Bo\u00eete de loterie en acrylique"},"content":{"rendered":"<p>Cette bo\u00eete de loterie est en acrylique transparent. Le couvercle est fix\u00e9 par 2 charni\u00e8res, a une rainure de 14,5 cm de long et est muni d&rsquo;une serrure \u00e0 2 cl\u00e9s. Il s&rsquo;agit d&rsquo;une belle bo\u00eete qui peut servir \u00e0 diff\u00e9rentes fins, comme un pot \u00e0 pourboires, une bo\u00eete de collecte, une bo\u00eete \u00e0 suggestions, une tirelire ou comme une bo\u00eete \u00e0 enveloppes sur la table des cadeaux. Disponible sur stock en 2 tailles diff\u00e9rentes.<\/p>\n<ul>\n<li>dimensions <strong>exterieur<\/strong> de la bo\u00eete: 20 cm x 20 cm x 20 cm<\/li>\n<li>\u00e9paisseur de l&rsquo;acrylique : 4 mm<\/li>\n<li>dimension de la rainure : 145 x 7 mm<\/li>\n<li>Emballage :\n<ul>\n<li>1 paquet : 26 cm x 26 cm x 28 cm<\/li>\n<\/ul>\n<\/li>\n<\/ul>\n<div class=\"Wrapper\">\n<div class=\"Main\">\n<div class=\"Container\">\n<div class=\"Content Content--right\">\n<div class=\"Content-inner print-only\">\n<div class=\"u-cf\">\n<div class=\"Product-body\">\n<div class=\"Product-body-inner\">\n<div class=\"section TextSection\">\n<div class=\"Wrapper\">\n<div class=\"Main\">\n<div class=\"Container\">\n<div class=\"Content Content--right\">\n<div class=\"Content-inner print-only\">\n<div class=\"u-cf\">\n<div class=\"Product-body\">\n<div class=\"Product-body-inner\">\n<div class=\"section TextSection\"><\/div>\n<\/div>\n<\/div>\n<\/div>\n<\/div>\n<\/div>\n<\/div>\n<\/div>\n<\/div>\n<\/div>\n<\/div>\n<\/div>\n<\/div>\n<\/div>\n<\/div>\n<\/div>\n<\/div>\n<\/div>\n","protected":false},"excerpt":{"rendered":"<p>Cette bo\u00eete de loterie est en acrylique transparent. Le couvercle est fix\u00e9 par 2 charni\u00e8res, a une rainure de 14,5 cm de long et est muni d&rsquo;une serrure \u00e0 2 cl\u00e9s. Il s&rsquo;agit d&rsquo;une belle bo\u00eete qui peut servir \u00e0 diff\u00e9rentes fins, comme un pot \u00e0 pourboires, une bo\u00eete de collecte, une bo\u00eete \u00e0 suggestions, &hellip; <a href=\"https:\/\/buyck-displays.com\/fr\/boite-de-loterie-en-acrylique-sp1208\">Suite<\/a><\/p>\n","protected":false},"featured_media":72976,"comment_status":"closed","ping_status":"closed","template":"","meta":{"_acf_changed":false},"product_brand":[],"product_cat":[362,368,361],"product_tag":[],"class_list":{"0":"post-56219","1":"product","2":"type-product","3":"status-publish","4":"has-post-thumbnail","6":"product_cat-cubes-en-acrylique","7":"product_cat-presentoirs-en-acrylique","8":"product_cat-presentoirs-standard","10":"first","11":"instock","12":"taxable","13":"shipping-taxable","14":"purchasable","15":"product-type-simple"},"acf":[],"yoast_head":"<!-- This site is optimized with the Yoast SEO plugin v27.6 - https:\/\/yoast.com\/product\/yoast-seo-wordpress\/ -->\n<title>Bo\u00eete de loterie en acrylique - Buyck Displays - tirelire en acrylique<\/title>\n<meta name=\"description\" content=\"Belle bo\u00eete de loterie en acrylique transparent, munie d&#039;un couvercle \u00e0 charni\u00e8re avec serrure et rainure. Taille : 20 x 20 x 20 cm.\" \/>\n<meta name=\"robots\" content=\"index, follow, max-snippet:-1, max-image-preview:large, max-video-preview:-1\" \/>\n<link rel=\"canonical\" href=\"https:\/\/buyck-displays.com\/fr\/boite-de-loterie-en-acrylique-sp1208\" \/>\n<meta property=\"og:locale\" content=\"fr_FR\" \/>\n<meta property=\"og:type\" content=\"article\" \/>\n<meta property=\"og:title\" content=\"Bo\u00eete de loterie en acrylique - Buyck Displays - tirelire en acrylique\" \/>\n<meta property=\"og:description\" content=\"Belle bo\u00eete de loterie en acrylique transparent, munie d&#039;un couvercle \u00e0 charni\u00e8re avec serrure et rainure. Taille : 20 x 20 x 20 cm.\" \/>\n<meta property=\"og:url\" content=\"https:\/\/buyck-displays.com\/fr\/boite-de-loterie-en-acrylique-sp1208\" \/>\n<meta property=\"og:site_name\" content=\"Buyck Displays\" \/>\n<meta property=\"article:modified_time\" content=\"2024-10-15T09:24:46+00:00\" \/>\n<meta property=\"og:image\" content=\"https:\/\/buyck-displays.com\/wp-content\/uploads\/2017\/12\/Buyck-032.jpg\" \/>\n\t<meta property=\"og:image:width\" content=\"1000\" \/>\n\t<meta property=\"og:image:height\" content=\"1333\" \/>\n\t<meta property=\"og:image:type\" content=\"image\/jpeg\" \/>\n<meta name=\"twitter:card\" content=\"summary_large_image\" \/>\n<meta name=\"twitter:label1\" content=\"Dur\u00e9e de lecture estim\u00e9e\" \/>\n\t<meta name=\"twitter:data1\" content=\"1 minute\" \/>\n<script type=\"application\/ld+json\" class=\"yoast-schema-graph\">{\"@context\":\"https:\\\/\\\/schema.org\",\"@graph\":[{\"@type\":\"WebPage\",\"@id\":\"https:\\\/\\\/buyck-displays.com\\\/fr\\\/boite-de-loterie-en-acrylique-sp1208\",\"url\":\"https:\\\/\\\/buyck-displays.com\\\/fr\\\/boite-de-loterie-en-acrylique-sp1208\",\"name\":\"Bo\u00eete de loterie en acrylique - Buyck Displays - tirelire en acrylique\",\"isPartOf\":{\"@id\":\"https:\\\/\\\/buyck-displays.com\\\/fr\\\/#website\"},\"primaryImageOfPage\":{\"@id\":\"https:\\\/\\\/buyck-displays.com\\\/fr\\\/boite-de-loterie-en-acrylique-sp1208#primaryimage\"},\"image\":{\"@id\":\"https:\\\/\\\/buyck-displays.com\\\/fr\\\/boite-de-loterie-en-acrylique-sp1208#primaryimage\"},\"thumbnailUrl\":\"https:\\\/\\\/buyck-displays.com\\\/wp-content\\\/uploads\\\/2017\\\/12\\\/Buyck-032.jpg\",\"datePublished\":\"2017-04-04T07:20:37+00:00\",\"dateModified\":\"2024-10-15T09:24:46+00:00\",\"description\":\"Belle bo\u00eete de loterie en acrylique transparent, munie d'un couvercle \u00e0 charni\u00e8re avec serrure et rainure. Taille : 20 x 20 x 20 cm.\",\"breadcrumb\":{\"@id\":\"https:\\\/\\\/buyck-displays.com\\\/fr\\\/boite-de-loterie-en-acrylique-sp1208#breadcrumb\"},\"inLanguage\":\"fr-FR\",\"potentialAction\":[{\"@type\":\"ReadAction\",\"target\":[\"https:\\\/\\\/buyck-displays.com\\\/fr\\\/boite-de-loterie-en-acrylique-sp1208\"]}]},{\"@type\":\"ImageObject\",\"inLanguage\":\"fr-FR\",\"@id\":\"https:\\\/\\\/buyck-displays.com\\\/fr\\\/boite-de-loterie-en-acrylique-sp1208#primaryimage\",\"url\":\"https:\\\/\\\/buyck-displays.com\\\/wp-content\\\/uploads\\\/2017\\\/12\\\/Buyck-032.jpg\",\"contentUrl\":\"https:\\\/\\\/buyck-displays.com\\\/wp-content\\\/uploads\\\/2017\\\/12\\\/Buyck-032.jpg\",\"width\":1000,\"height\":1333},{\"@type\":\"BreadcrumbList\",\"@id\":\"https:\\\/\\\/buyck-displays.com\\\/fr\\\/boite-de-loterie-en-acrylique-sp1208#breadcrumb\",\"itemListElement\":[{\"@type\":\"ListItem\",\"position\":1,\"name\":\"Home\",\"item\":\"https:\\\/\\\/buyck-displays.com\\\/fr\"},{\"@type\":\"ListItem\",\"position\":2,\"name\":\"Displays\",\"item\":\"https:\\\/\\\/buyck-displays.com\\\/fr\\\/produits\"},{\"@type\":\"ListItem\",\"position\":3,\"name\":\"Bo\u00eete de loterie en acrylique\"}]},{\"@type\":\"WebSite\",\"@id\":\"https:\\\/\\\/buyck-displays.com\\\/fr\\\/#website\",\"url\":\"https:\\\/\\\/buyck-displays.com\\\/fr\\\/\",\"name\":\"Buyck Displays\",\"description\":\"Standaard en Maatwerk Displays\",\"potentialAction\":[{\"@type\":\"SearchAction\",\"target\":{\"@type\":\"EntryPoint\",\"urlTemplate\":\"https:\\\/\\\/buyck-displays.com\\\/fr\\\/?s={search_term_string}\"},\"query-input\":{\"@type\":\"PropertyValueSpecification\",\"valueRequired\":true,\"valueName\":\"search_term_string\"}}],\"inLanguage\":\"fr-FR\"}]}<\/script>\n<!-- \/ Yoast SEO plugin. -->","yoast_head_json":{"title":"Bo\u00eete de loterie en acrylique - Buyck Displays - tirelire en acrylique","description":"Belle bo\u00eete de loterie en acrylique transparent, munie d'un couvercle \u00e0 charni\u00e8re avec serrure et rainure. Taille : 20 x 20 x 20 cm.","robots":{"index":"index","follow":"follow","max-snippet":"max-snippet:-1","max-image-preview":"max-image-preview:large","max-video-preview":"max-video-preview:-1"},"canonical":"https:\/\/buyck-displays.com\/fr\/boite-de-loterie-en-acrylique-sp1208","og_locale":"fr_FR","og_type":"article","og_title":"Bo\u00eete de loterie en acrylique - Buyck Displays - tirelire en acrylique","og_description":"Belle bo\u00eete de loterie en acrylique transparent, munie d'un couvercle \u00e0 charni\u00e8re avec serrure et rainure. Taille : 20 x 20 x 20 cm.","og_url":"https:\/\/buyck-displays.com\/fr\/boite-de-loterie-en-acrylique-sp1208","og_site_name":"Buyck Displays","article_modified_time":"2024-10-15T09:24:46+00:00","og_image":[{"width":1000,"height":1333,"url":"https:\/\/buyck-displays.com\/wp-content\/uploads\/2017\/12\/Buyck-032.jpg","type":"image\/jpeg"}],"twitter_card":"summary_large_image","twitter_misc":{"Dur\u00e9e de lecture estim\u00e9e":"1 minute"},"schema":{"@context":"https:\/\/schema.org","@graph":[{"@type":"WebPage","@id":"https:\/\/buyck-displays.com\/fr\/boite-de-loterie-en-acrylique-sp1208","url":"https:\/\/buyck-displays.com\/fr\/boite-de-loterie-en-acrylique-sp1208","name":"Bo\u00eete de loterie en acrylique - Buyck Displays - tirelire en acrylique","isPartOf":{"@id":"https:\/\/buyck-displays.com\/fr\/#website"},"primaryImageOfPage":{"@id":"https:\/\/buyck-displays.com\/fr\/boite-de-loterie-en-acrylique-sp1208#primaryimage"},"image":{"@id":"https:\/\/buyck-displays.com\/fr\/boite-de-loterie-en-acrylique-sp1208#primaryimage"},"thumbnailUrl":"https:\/\/buyck-displays.com\/wp-content\/uploads\/2017\/12\/Buyck-032.jpg","datePublished":"2017-04-04T07:20:37+00:00","dateModified":"2024-10-15T09:24:46+00:00","description":"Belle bo\u00eete de loterie en acrylique transparent, munie d'un couvercle \u00e0 charni\u00e8re avec serrure et rainure. Taille : 20 x 20 x 20 cm.","breadcrumb":{"@id":"https:\/\/buyck-displays.com\/fr\/boite-de-loterie-en-acrylique-sp1208#breadcrumb"},"inLanguage":"fr-FR","potentialAction":[{"@type":"ReadAction","target":["https:\/\/buyck-displays.com\/fr\/boite-de-loterie-en-acrylique-sp1208"]}]},{"@type":"ImageObject","inLanguage":"fr-FR","@id":"https:\/\/buyck-displays.com\/fr\/boite-de-loterie-en-acrylique-sp1208#primaryimage","url":"https:\/\/buyck-displays.com\/wp-content\/uploads\/2017\/12\/Buyck-032.jpg","contentUrl":"https:\/\/buyck-displays.com\/wp-content\/uploads\/2017\/12\/Buyck-032.jpg","width":1000,"height":1333},{"@type":"BreadcrumbList","@id":"https:\/\/buyck-displays.com\/fr\/boite-de-loterie-en-acrylique-sp1208#breadcrumb","itemListElement":[{"@type":"ListItem","position":1,"name":"Home","item":"https:\/\/buyck-displays.com\/fr"},{"@type":"ListItem","position":2,"name":"Displays","item":"https:\/\/buyck-displays.com\/fr\/produits"},{"@type":"ListItem","position":3,"name":"Bo\u00eete de loterie en acrylique"}]},{"@type":"WebSite","@id":"https:\/\/buyck-displays.com\/fr\/#website","url":"https:\/\/buyck-displays.com\/fr\/","name":"Buyck Displays","description":"Standaard en Maatwerk Displays","potentialAction":[{"@type":"SearchAction","target":{"@type":"EntryPoint","urlTemplate":"https:\/\/buyck-displays.com\/fr\/?s={search_term_string}"},"query-input":{"@type":"PropertyValueSpecification","valueRequired":true,"valueName":"search_term_string"}}],"inLanguage":"fr-FR"}]}},"_links":{"self":[{"href":"https:\/\/buyck-displays.com\/fr\/wp-json\/wp\/v2\/product\/56219","targetHints":{"allow":["GET"]}}],"collection":[{"href":"https:\/\/buyck-displays.com\/fr\/wp-json\/wp\/v2\/product"}],"about":[{"href":"https:\/\/buyck-displays.com\/fr\/wp-json\/wp\/v2\/types\/product"}],"replies":[{"embeddable":true,"href":"https:\/\/buyck-displays.com\/fr\/wp-json\/wp\/v2\/comments?post=56219"}],"wp:featuredmedia":[{"embeddable":true,"href":"https:\/\/buyck-displays.com\/fr\/wp-json\/wp\/v2\/media\/72976"}],"wp:attachment":[{"href":"https:\/\/buyck-displays.com\/fr\/wp-json\/wp\/v2\/media?parent=56219"}],"wp:term":[{"taxonomy":"product_brand","embeddable":true,"href":"https:\/\/buyck-displays.com\/fr\/wp-json\/wp\/v2\/product_brand?post=56219"},{"taxonomy":"product_cat","embeddable":true,"href":"https:\/\/buyck-displays.com\/fr\/wp-json\/wp\/v2\/product_cat?post=56219"},{"taxonomy":"product_tag","embeddable":true,"href":"https:\/\/buyck-displays.com\/fr\/wp-json\/wp\/v2\/product_tag?post=56219"}],"curies":[{"name":"wp","href":"https:\/\/api.w.org\/{rel}","templated":true}]}}