{"id":56050,"date":"2017-04-04T09:03:49","date_gmt":"2017-04-04T07:03:49","guid":{"rendered":"http:\/\/shipyard.intago.eu\/buyckdisplays\/product\/display-in-plexiglas-4mm\/"},"modified":"2025-01-29T11:10:50","modified_gmt":"2025-01-29T10:10:50","slug":"porte-parapluie-en-acrylique-ws55042","status":"publish","type":"product","link":"https:\/\/buyck-displays.com\/fr\/porte-parapluie-en-acrylique-ws55042","title":{"rendered":"Porte-parapluie en acrylique"},"content":{"rendered":"<p>Cette bo\u00eete en acrylique transparent est g\u00e9n\u00e9ralement utilis\u00e9e comme porte-parapluie. Mais elle peut aussi \u00eatre utilis\u00e9e comme couvercle ou comme socle, par exemple dans une vitrine de magasin, pour mettre une article particulier sous les feux de la rampe. Elle a 5 c\u00f4t\u00e9s ferm\u00e9s et est ouverte sur 1 petit c\u00f4t\u00e9. Disponible sur stock.<\/p>\n<ul>\n<li>dimensions <strong>ext\u00e9rieures<\/strong>: 25 cm x 25 cm x 50 cm<\/li>\n<li>l&rsquo;\u00e9paisseur de l&rsquo;acrylique : 4 mm<\/li>\n<li>Emballage :\n<ul>\n<li>1 paquet : 57 cm x 31 cm x 31 cm<\/li>\n<\/ul>\n<\/li>\n<\/ul>\n","protected":false},"excerpt":{"rendered":"<p>Cette bo\u00eete en acrylique transparent est g\u00e9n\u00e9ralement utilis\u00e9e comme porte-parapluie. Mais elle peut aussi \u00eatre utilis\u00e9e comme couvercle ou comme socle, par exemple dans une vitrine de magasin, pour mettre une article particulier sous les feux de la rampe. Elle a 5 c\u00f4t\u00e9s ferm\u00e9s et est ouverte sur 1 petit c\u00f4t\u00e9. Disponible sur stock. dimensions &hellip; <a href=\"https:\/\/buyck-displays.com\/fr\/porte-parapluie-en-acrylique-ws55042\">Suite<\/a><\/p>\n","protected":false},"featured_media":65511,"comment_status":"closed","ping_status":"closed","template":"","meta":{"_acf_changed":false},"product_brand":[],"product_cat":[361,368,362],"product_tag":[],"class_list":{"0":"post-56050","1":"product","2":"type-product","3":"status-publish","4":"has-post-thumbnail","6":"product_cat-presentoirs-standard","7":"product_cat-presentoirs-en-acrylique","8":"product_cat-cubes-en-acrylique","10":"first","11":"instock","12":"taxable","13":"shipping-taxable","14":"purchasable","15":"product-type-simple"},"acf":[],"yoast_head":"<!-- This site is optimized with the Yoast SEO plugin v26.8 - https:\/\/yoast.com\/product\/yoast-seo-wordpress\/ -->\n<title>Porte-parapluie en acrylique - Buyck Displays - Pr\u00e9sentoir en acrylique<\/title>\n<meta name=\"description\" content=\"Cette bo\u00eete en acrylique est g\u00e9n\u00e9ralement utilis\u00e9e comme porte-parapluie. Mais elle peut \u00e9galement servir de couvercle ou de pi\u00e9destal.\" \/>\n<meta name=\"robots\" content=\"index, follow, max-snippet:-1, max-image-preview:large, max-video-preview:-1\" \/>\n<link rel=\"canonical\" href=\"https:\/\/buyck-displays.com\/fr\/porte-parapluie-en-acrylique-ws55042\" \/>\n<meta property=\"og:locale\" content=\"fr_FR\" \/>\n<meta property=\"og:type\" content=\"article\" \/>\n<meta property=\"og:title\" content=\"Porte-parapluie en acrylique - Buyck Displays - Pr\u00e9sentoir en acrylique\" \/>\n<meta property=\"og:description\" content=\"Cette bo\u00eete en acrylique est g\u00e9n\u00e9ralement utilis\u00e9e comme porte-parapluie. Mais elle peut \u00e9galement servir de couvercle ou de pi\u00e9destal.\" \/>\n<meta property=\"og:url\" content=\"https:\/\/buyck-displays.com\/fr\/porte-parapluie-en-acrylique-ws55042\" \/>\n<meta property=\"og:site_name\" content=\"Buyck Displays\" \/>\n<meta property=\"article:modified_time\" content=\"2025-01-29T10:10:50+00:00\" \/>\n<meta property=\"og:image\" content=\"https:\/\/buyck-displays.com\/wp-content\/uploads\/2017\/04\/WS55042-scaled.jpg\" \/>\n\t<meta property=\"og:image:width\" content=\"1919\" \/>\n\t<meta property=\"og:image:height\" content=\"2560\" \/>\n\t<meta property=\"og:image:type\" content=\"image\/jpeg\" \/>\n<meta name=\"twitter:card\" content=\"summary_large_image\" \/>\n<meta name=\"twitter:label1\" content=\"Dur\u00e9e de lecture estim\u00e9e\" \/>\n\t<meta name=\"twitter:data1\" content=\"1 minute\" \/>\n<script type=\"application\/ld+json\" class=\"yoast-schema-graph\">{\"@context\":\"https:\/\/schema.org\",\"@graph\":[{\"@type\":\"WebPage\",\"@id\":\"https:\/\/buyck-displays.com\/fr\/porte-parapluie-en-acrylique-ws55042\",\"url\":\"https:\/\/buyck-displays.com\/fr\/porte-parapluie-en-acrylique-ws55042\",\"name\":\"Porte-parapluie en acrylique - Buyck Displays - Pr\u00e9sentoir en acrylique\",\"isPartOf\":{\"@id\":\"https:\/\/buyck-displays.com\/fr\/#website\"},\"primaryImageOfPage\":{\"@id\":\"https:\/\/buyck-displays.com\/fr\/porte-parapluie-en-acrylique-ws55042#primaryimage\"},\"image\":{\"@id\":\"https:\/\/buyck-displays.com\/fr\/porte-parapluie-en-acrylique-ws55042#primaryimage\"},\"thumbnailUrl\":\"https:\/\/buyck-displays.com\/wp-content\/uploads\/2017\/04\/WS55042-scaled.jpg\",\"datePublished\":\"2017-04-04T07:03:49+00:00\",\"dateModified\":\"2025-01-29T10:10:50+00:00\",\"description\":\"Cette bo\u00eete en acrylique est g\u00e9n\u00e9ralement utilis\u00e9e comme porte-parapluie. Mais elle peut \u00e9galement servir de couvercle ou de pi\u00e9destal.\",\"breadcrumb\":{\"@id\":\"https:\/\/buyck-displays.com\/fr\/porte-parapluie-en-acrylique-ws55042#breadcrumb\"},\"inLanguage\":\"fr-FR\",\"potentialAction\":[{\"@type\":\"ReadAction\",\"target\":[\"https:\/\/buyck-displays.com\/fr\/porte-parapluie-en-acrylique-ws55042\"]}]},{\"@type\":\"ImageObject\",\"inLanguage\":\"fr-FR\",\"@id\":\"https:\/\/buyck-displays.com\/fr\/porte-parapluie-en-acrylique-ws55042#primaryimage\",\"url\":\"https:\/\/buyck-displays.com\/wp-content\/uploads\/2017\/04\/WS55042-scaled.jpg\",\"contentUrl\":\"https:\/\/buyck-displays.com\/wp-content\/uploads\/2017\/04\/WS55042-scaled.jpg\",\"width\":1919,\"height\":2560},{\"@type\":\"BreadcrumbList\",\"@id\":\"https:\/\/buyck-displays.com\/fr\/porte-parapluie-en-acrylique-ws55042#breadcrumb\",\"itemListElement\":[{\"@type\":\"ListItem\",\"position\":1,\"name\":\"Home\",\"item\":\"https:\/\/buyck-displays.com\/fr\"},{\"@type\":\"ListItem\",\"position\":2,\"name\":\"Displays\",\"item\":\"https:\/\/buyck-displays.com\/fr\/produits\"},{\"@type\":\"ListItem\",\"position\":3,\"name\":\"Porte-parapluie en acrylique\"}]},{\"@type\":\"WebSite\",\"@id\":\"https:\/\/buyck-displays.com\/fr\/#website\",\"url\":\"https:\/\/buyck-displays.com\/fr\/\",\"name\":\"Buyck Displays\",\"description\":\"Standaard en Maatwerk Displays\",\"potentialAction\":[{\"@type\":\"SearchAction\",\"target\":{\"@type\":\"EntryPoint\",\"urlTemplate\":\"https:\/\/buyck-displays.com\/fr\/?s={search_term_string}\"},\"query-input\":{\"@type\":\"PropertyValueSpecification\",\"valueRequired\":true,\"valueName\":\"search_term_string\"}}],\"inLanguage\":\"fr-FR\"}]}<\/script>\n<!-- \/ Yoast SEO plugin. -->","yoast_head_json":{"title":"Porte-parapluie en acrylique - Buyck Displays - Pr\u00e9sentoir en acrylique","description":"Cette bo\u00eete en acrylique est g\u00e9n\u00e9ralement utilis\u00e9e comme porte-parapluie. Mais elle peut \u00e9galement servir de couvercle ou de pi\u00e9destal.","robots":{"index":"index","follow":"follow","max-snippet":"max-snippet:-1","max-image-preview":"max-image-preview:large","max-video-preview":"max-video-preview:-1"},"canonical":"https:\/\/buyck-displays.com\/fr\/porte-parapluie-en-acrylique-ws55042","og_locale":"fr_FR","og_type":"article","og_title":"Porte-parapluie en acrylique - Buyck Displays - Pr\u00e9sentoir en acrylique","og_description":"Cette bo\u00eete en acrylique est g\u00e9n\u00e9ralement utilis\u00e9e comme porte-parapluie. Mais elle peut \u00e9galement servir de couvercle ou de pi\u00e9destal.","og_url":"https:\/\/buyck-displays.com\/fr\/porte-parapluie-en-acrylique-ws55042","og_site_name":"Buyck Displays","article_modified_time":"2025-01-29T10:10:50+00:00","og_image":[{"width":1919,"height":2560,"url":"https:\/\/buyck-displays.com\/wp-content\/uploads\/2017\/04\/WS55042-scaled.jpg","type":"image\/jpeg"}],"twitter_card":"summary_large_image","twitter_misc":{"Dur\u00e9e de lecture estim\u00e9e":"1 minute"},"schema":{"@context":"https:\/\/schema.org","@graph":[{"@type":"WebPage","@id":"https:\/\/buyck-displays.com\/fr\/porte-parapluie-en-acrylique-ws55042","url":"https:\/\/buyck-displays.com\/fr\/porte-parapluie-en-acrylique-ws55042","name":"Porte-parapluie en acrylique - Buyck Displays - Pr\u00e9sentoir en acrylique","isPartOf":{"@id":"https:\/\/buyck-displays.com\/fr\/#website"},"primaryImageOfPage":{"@id":"https:\/\/buyck-displays.com\/fr\/porte-parapluie-en-acrylique-ws55042#primaryimage"},"image":{"@id":"https:\/\/buyck-displays.com\/fr\/porte-parapluie-en-acrylique-ws55042#primaryimage"},"thumbnailUrl":"https:\/\/buyck-displays.com\/wp-content\/uploads\/2017\/04\/WS55042-scaled.jpg","datePublished":"2017-04-04T07:03:49+00:00","dateModified":"2025-01-29T10:10:50+00:00","description":"Cette bo\u00eete en acrylique est g\u00e9n\u00e9ralement utilis\u00e9e comme porte-parapluie. Mais elle peut \u00e9galement servir de couvercle ou de pi\u00e9destal.","breadcrumb":{"@id":"https:\/\/buyck-displays.com\/fr\/porte-parapluie-en-acrylique-ws55042#breadcrumb"},"inLanguage":"fr-FR","potentialAction":[{"@type":"ReadAction","target":["https:\/\/buyck-displays.com\/fr\/porte-parapluie-en-acrylique-ws55042"]}]},{"@type":"ImageObject","inLanguage":"fr-FR","@id":"https:\/\/buyck-displays.com\/fr\/porte-parapluie-en-acrylique-ws55042#primaryimage","url":"https:\/\/buyck-displays.com\/wp-content\/uploads\/2017\/04\/WS55042-scaled.jpg","contentUrl":"https:\/\/buyck-displays.com\/wp-content\/uploads\/2017\/04\/WS55042-scaled.jpg","width":1919,"height":2560},{"@type":"BreadcrumbList","@id":"https:\/\/buyck-displays.com\/fr\/porte-parapluie-en-acrylique-ws55042#breadcrumb","itemListElement":[{"@type":"ListItem","position":1,"name":"Home","item":"https:\/\/buyck-displays.com\/fr"},{"@type":"ListItem","position":2,"name":"Displays","item":"https:\/\/buyck-displays.com\/fr\/produits"},{"@type":"ListItem","position":3,"name":"Porte-parapluie en acrylique"}]},{"@type":"WebSite","@id":"https:\/\/buyck-displays.com\/fr\/#website","url":"https:\/\/buyck-displays.com\/fr\/","name":"Buyck Displays","description":"Standaard en Maatwerk Displays","potentialAction":[{"@type":"SearchAction","target":{"@type":"EntryPoint","urlTemplate":"https:\/\/buyck-displays.com\/fr\/?s={search_term_string}"},"query-input":{"@type":"PropertyValueSpecification","valueRequired":true,"valueName":"search_term_string"}}],"inLanguage":"fr-FR"}]}},"_links":{"self":[{"href":"https:\/\/buyck-displays.com\/fr\/wp-json\/wp\/v2\/product\/56050","targetHints":{"allow":["GET"]}}],"collection":[{"href":"https:\/\/buyck-displays.com\/fr\/wp-json\/wp\/v2\/product"}],"about":[{"href":"https:\/\/buyck-displays.com\/fr\/wp-json\/wp\/v2\/types\/product"}],"replies":[{"embeddable":true,"href":"https:\/\/buyck-displays.com\/fr\/wp-json\/wp\/v2\/comments?post=56050"}],"wp:featuredmedia":[{"embeddable":true,"href":"https:\/\/buyck-displays.com\/fr\/wp-json\/wp\/v2\/media\/65511"}],"wp:attachment":[{"href":"https:\/\/buyck-displays.com\/fr\/wp-json\/wp\/v2\/media?parent=56050"}],"wp:term":[{"taxonomy":"product_brand","embeddable":true,"href":"https:\/\/buyck-displays.com\/fr\/wp-json\/wp\/v2\/product_brand?post=56050"},{"taxonomy":"product_cat","embeddable":true,"href":"https:\/\/buyck-displays.com\/fr\/wp-json\/wp\/v2\/product_cat?post=56050"},{"taxonomy":"product_tag","embeddable":true,"href":"https:\/\/buyck-displays.com\/fr\/wp-json\/wp\/v2\/product_tag?post=56050"}],"curies":[{"name":"wp","href":"https:\/\/api.w.org\/{rel}","templated":true}]}}