{"id":56014,"date":"2017-04-04T08:41:48","date_gmt":"2017-04-04T06:41:48","guid":{"rendered":"http:\/\/shipyard.intago.eu\/buyckdisplays\/product\/display-in-plexiglas-4-mm\/"},"modified":"2024-10-15T11:07:17","modified_gmt":"2024-10-15T09:07:17","slug":"cube-en-acrylique-25-cub2525","status":"publish","type":"product","link":"https:\/\/buyck-displays.com\/fr\/cube-en-acrylique-25-cub2525","title":{"rendered":"Cube en acrylique 25"},"content":{"rendered":"<p>Il s&rsquo;agit d&rsquo;une bo\u00eete carr\u00e9e en acrylique transparent. Elle est g\u00e9n\u00e9ralement utilis\u00e9e comme r\u00e9cipient pour pr\u00e9senter de petits objets individuels. Mais elle peut \u00e9galement \u00eatre utilis\u00e9 comme couvercle ou comme socle, par exemple dans une vitrine de magasin, pour mettre une article particulier sous les feux de la rampe. Elle a 5 c\u00f4t\u00e9s ferm\u00e9s et est ouverte sur 1 c\u00f4t\u00e9. Ce produit est disponible de stock en 7 tailles diff\u00e9rentes.<\/p>\n<ul>\n<li>dimensions <strong>ext\u00e9rieures<\/strong>: 25 cm x 25 cm x 25 cm<\/li>\n<li>l&rsquo;\u00e9paisseur de l&rsquo;acrylique : 4 mm<\/li>\n<li>Emballage :\n<ul>\n<li>1 paquet : 31 cm x 31 cm x 32 cm\n<div class=\"product-description\"><\/div>\n<\/li>\n<\/ul>\n<\/li>\n<\/ul>\n","protected":false},"excerpt":{"rendered":"<p>Il s&rsquo;agit d&rsquo;une bo\u00eete carr\u00e9e en acrylique transparent. Elle est g\u00e9n\u00e9ralement utilis\u00e9e comme r\u00e9cipient pour pr\u00e9senter de petits objets individuels. Mais elle peut \u00e9galement \u00eatre utilis\u00e9 comme couvercle ou comme socle, par exemple dans une vitrine de magasin, pour mettre une article particulier sous les feux de la rampe. Elle a 5 c\u00f4t\u00e9s ferm\u00e9s et &hellip; <a href=\"https:\/\/buyck-displays.com\/fr\/cube-en-acrylique-25-cub2525\">Suite<\/a><\/p>\n","protected":false},"featured_media":65498,"comment_status":"closed","ping_status":"closed","template":"","meta":{"_acf_changed":false},"product_brand":[],"product_cat":[362,368,361,369],"product_tag":[],"class_list":{"0":"post-56014","1":"product","2":"type-product","3":"status-publish","4":"has-post-thumbnail","6":"product_cat-cubes-en-acrylique","7":"product_cat-presentoirs-en-acrylique","8":"product_cat-presentoirs-standard","9":"product_cat-presentoirs-pour-bonbons","11":"first","12":"instock","13":"taxable","14":"shipping-taxable","15":"purchasable","16":"product-type-simple"},"acf":[],"yoast_head":"<!-- This site is optimized with the Yoast SEO plugin v27.6 - https:\/\/yoast.com\/product\/yoast-seo-wordpress\/ -->\n<title>Cube en acrylique 25 - Buyck Displays - pr\u00e9sentoir en acrylique<\/title>\n<meta name=\"description\" content=\"Ce cube en acrylique est utilis\u00e9e pour pr\u00e9senter des petits objets individuels. Mais peut \u00e9galement \u00eatre utilis\u00e9 comme couvercle ou de socle.\" \/>\n<meta name=\"robots\" content=\"index, follow, max-snippet:-1, max-image-preview:large, max-video-preview:-1\" \/>\n<link rel=\"canonical\" href=\"https:\/\/buyck-displays.com\/fr\/cube-en-acrylique-25-cub2525\" \/>\n<meta property=\"og:locale\" content=\"fr_FR\" \/>\n<meta property=\"og:type\" content=\"article\" \/>\n<meta property=\"og:title\" content=\"Cube en acrylique 25 - Buyck Displays - pr\u00e9sentoir en acrylique\" \/>\n<meta property=\"og:description\" content=\"Ce cube en acrylique est utilis\u00e9e pour pr\u00e9senter des petits objets individuels. Mais peut \u00e9galement \u00eatre utilis\u00e9 comme couvercle ou de socle.\" \/>\n<meta property=\"og:url\" content=\"https:\/\/buyck-displays.com\/fr\/cube-en-acrylique-25-cub2525\" \/>\n<meta property=\"og:site_name\" content=\"Buyck Displays\" \/>\n<meta property=\"article:modified_time\" content=\"2024-10-15T09:07:17+00:00\" \/>\n<meta property=\"og:image\" content=\"https:\/\/buyck-displays.com\/wp-content\/uploads\/2017\/04\/WS55043.jpg\" \/>\n\t<meta property=\"og:image:width\" content=\"2400\" \/>\n\t<meta property=\"og:image:height\" content=\"1798\" \/>\n\t<meta property=\"og:image:type\" content=\"image\/jpeg\" \/>\n<meta name=\"twitter:card\" content=\"summary_large_image\" \/>\n<meta name=\"twitter:label1\" content=\"Dur\u00e9e de lecture estim\u00e9e\" \/>\n\t<meta name=\"twitter:data1\" content=\"1 minute\" \/>\n<script type=\"application\/ld+json\" class=\"yoast-schema-graph\">{\"@context\":\"https:\\\/\\\/schema.org\",\"@graph\":[{\"@type\":\"WebPage\",\"@id\":\"https:\\\/\\\/buyck-displays.com\\\/fr\\\/cube-en-acrylique-25-cub2525\",\"url\":\"https:\\\/\\\/buyck-displays.com\\\/fr\\\/cube-en-acrylique-25-cub2525\",\"name\":\"Cube en acrylique 25 - Buyck Displays - pr\u00e9sentoir en acrylique\",\"isPartOf\":{\"@id\":\"https:\\\/\\\/buyck-displays.com\\\/fr\\\/#website\"},\"primaryImageOfPage\":{\"@id\":\"https:\\\/\\\/buyck-displays.com\\\/fr\\\/cube-en-acrylique-25-cub2525#primaryimage\"},\"image\":{\"@id\":\"https:\\\/\\\/buyck-displays.com\\\/fr\\\/cube-en-acrylique-25-cub2525#primaryimage\"},\"thumbnailUrl\":\"https:\\\/\\\/buyck-displays.com\\\/wp-content\\\/uploads\\\/2017\\\/04\\\/WS55043.jpg\",\"datePublished\":\"2017-04-04T06:41:48+00:00\",\"dateModified\":\"2024-10-15T09:07:17+00:00\",\"description\":\"Ce cube en acrylique est utilis\u00e9e pour pr\u00e9senter des petits objets individuels. Mais peut \u00e9galement \u00eatre utilis\u00e9 comme couvercle ou de socle.\",\"breadcrumb\":{\"@id\":\"https:\\\/\\\/buyck-displays.com\\\/fr\\\/cube-en-acrylique-25-cub2525#breadcrumb\"},\"inLanguage\":\"fr-FR\",\"potentialAction\":[{\"@type\":\"ReadAction\",\"target\":[\"https:\\\/\\\/buyck-displays.com\\\/fr\\\/cube-en-acrylique-25-cub2525\"]}]},{\"@type\":\"ImageObject\",\"inLanguage\":\"fr-FR\",\"@id\":\"https:\\\/\\\/buyck-displays.com\\\/fr\\\/cube-en-acrylique-25-cub2525#primaryimage\",\"url\":\"https:\\\/\\\/buyck-displays.com\\\/wp-content\\\/uploads\\\/2017\\\/04\\\/WS55043.jpg\",\"contentUrl\":\"https:\\\/\\\/buyck-displays.com\\\/wp-content\\\/uploads\\\/2017\\\/04\\\/WS55043.jpg\",\"width\":2400,\"height\":1798},{\"@type\":\"BreadcrumbList\",\"@id\":\"https:\\\/\\\/buyck-displays.com\\\/fr\\\/cube-en-acrylique-25-cub2525#breadcrumb\",\"itemListElement\":[{\"@type\":\"ListItem\",\"position\":1,\"name\":\"Home\",\"item\":\"https:\\\/\\\/buyck-displays.com\\\/fr\"},{\"@type\":\"ListItem\",\"position\":2,\"name\":\"Displays\",\"item\":\"https:\\\/\\\/buyck-displays.com\\\/fr\\\/produits\"},{\"@type\":\"ListItem\",\"position\":3,\"name\":\"Cube en acrylique 25\"}]},{\"@type\":\"WebSite\",\"@id\":\"https:\\\/\\\/buyck-displays.com\\\/fr\\\/#website\",\"url\":\"https:\\\/\\\/buyck-displays.com\\\/fr\\\/\",\"name\":\"Buyck Displays\",\"description\":\"Standaard en Maatwerk Displays\",\"potentialAction\":[{\"@type\":\"SearchAction\",\"target\":{\"@type\":\"EntryPoint\",\"urlTemplate\":\"https:\\\/\\\/buyck-displays.com\\\/fr\\\/?s={search_term_string}\"},\"query-input\":{\"@type\":\"PropertyValueSpecification\",\"valueRequired\":true,\"valueName\":\"search_term_string\"}}],\"inLanguage\":\"fr-FR\"}]}<\/script>\n<!-- \/ Yoast SEO plugin. -->","yoast_head_json":{"title":"Cube en acrylique 25 - Buyck Displays - pr\u00e9sentoir en acrylique","description":"Ce cube en acrylique est utilis\u00e9e pour pr\u00e9senter des petits objets individuels. Mais peut \u00e9galement \u00eatre utilis\u00e9 comme couvercle ou de socle.","robots":{"index":"index","follow":"follow","max-snippet":"max-snippet:-1","max-image-preview":"max-image-preview:large","max-video-preview":"max-video-preview:-1"},"canonical":"https:\/\/buyck-displays.com\/fr\/cube-en-acrylique-25-cub2525","og_locale":"fr_FR","og_type":"article","og_title":"Cube en acrylique 25 - Buyck Displays - pr\u00e9sentoir en acrylique","og_description":"Ce cube en acrylique est utilis\u00e9e pour pr\u00e9senter des petits objets individuels. Mais peut \u00e9galement \u00eatre utilis\u00e9 comme couvercle ou de socle.","og_url":"https:\/\/buyck-displays.com\/fr\/cube-en-acrylique-25-cub2525","og_site_name":"Buyck Displays","article_modified_time":"2024-10-15T09:07:17+00:00","og_image":[{"width":2400,"height":1798,"url":"https:\/\/buyck-displays.com\/wp-content\/uploads\/2017\/04\/WS55043.jpg","type":"image\/jpeg"}],"twitter_card":"summary_large_image","twitter_misc":{"Dur\u00e9e de lecture estim\u00e9e":"1 minute"},"schema":{"@context":"https:\/\/schema.org","@graph":[{"@type":"WebPage","@id":"https:\/\/buyck-displays.com\/fr\/cube-en-acrylique-25-cub2525","url":"https:\/\/buyck-displays.com\/fr\/cube-en-acrylique-25-cub2525","name":"Cube en acrylique 25 - Buyck Displays - pr\u00e9sentoir en acrylique","isPartOf":{"@id":"https:\/\/buyck-displays.com\/fr\/#website"},"primaryImageOfPage":{"@id":"https:\/\/buyck-displays.com\/fr\/cube-en-acrylique-25-cub2525#primaryimage"},"image":{"@id":"https:\/\/buyck-displays.com\/fr\/cube-en-acrylique-25-cub2525#primaryimage"},"thumbnailUrl":"https:\/\/buyck-displays.com\/wp-content\/uploads\/2017\/04\/WS55043.jpg","datePublished":"2017-04-04T06:41:48+00:00","dateModified":"2024-10-15T09:07:17+00:00","description":"Ce cube en acrylique est utilis\u00e9e pour pr\u00e9senter des petits objets individuels. Mais peut \u00e9galement \u00eatre utilis\u00e9 comme couvercle ou de socle.","breadcrumb":{"@id":"https:\/\/buyck-displays.com\/fr\/cube-en-acrylique-25-cub2525#breadcrumb"},"inLanguage":"fr-FR","potentialAction":[{"@type":"ReadAction","target":["https:\/\/buyck-displays.com\/fr\/cube-en-acrylique-25-cub2525"]}]},{"@type":"ImageObject","inLanguage":"fr-FR","@id":"https:\/\/buyck-displays.com\/fr\/cube-en-acrylique-25-cub2525#primaryimage","url":"https:\/\/buyck-displays.com\/wp-content\/uploads\/2017\/04\/WS55043.jpg","contentUrl":"https:\/\/buyck-displays.com\/wp-content\/uploads\/2017\/04\/WS55043.jpg","width":2400,"height":1798},{"@type":"BreadcrumbList","@id":"https:\/\/buyck-displays.com\/fr\/cube-en-acrylique-25-cub2525#breadcrumb","itemListElement":[{"@type":"ListItem","position":1,"name":"Home","item":"https:\/\/buyck-displays.com\/fr"},{"@type":"ListItem","position":2,"name":"Displays","item":"https:\/\/buyck-displays.com\/fr\/produits"},{"@type":"ListItem","position":3,"name":"Cube en acrylique 25"}]},{"@type":"WebSite","@id":"https:\/\/buyck-displays.com\/fr\/#website","url":"https:\/\/buyck-displays.com\/fr\/","name":"Buyck Displays","description":"Standaard en Maatwerk Displays","potentialAction":[{"@type":"SearchAction","target":{"@type":"EntryPoint","urlTemplate":"https:\/\/buyck-displays.com\/fr\/?s={search_term_string}"},"query-input":{"@type":"PropertyValueSpecification","valueRequired":true,"valueName":"search_term_string"}}],"inLanguage":"fr-FR"}]}},"_links":{"self":[{"href":"https:\/\/buyck-displays.com\/fr\/wp-json\/wp\/v2\/product\/56014","targetHints":{"allow":["GET"]}}],"collection":[{"href":"https:\/\/buyck-displays.com\/fr\/wp-json\/wp\/v2\/product"}],"about":[{"href":"https:\/\/buyck-displays.com\/fr\/wp-json\/wp\/v2\/types\/product"}],"replies":[{"embeddable":true,"href":"https:\/\/buyck-displays.com\/fr\/wp-json\/wp\/v2\/comments?post=56014"}],"wp:featuredmedia":[{"embeddable":true,"href":"https:\/\/buyck-displays.com\/fr\/wp-json\/wp\/v2\/media\/65498"}],"wp:attachment":[{"href":"https:\/\/buyck-displays.com\/fr\/wp-json\/wp\/v2\/media?parent=56014"}],"wp:term":[{"taxonomy":"product_brand","embeddable":true,"href":"https:\/\/buyck-displays.com\/fr\/wp-json\/wp\/v2\/product_brand?post=56014"},{"taxonomy":"product_cat","embeddable":true,"href":"https:\/\/buyck-displays.com\/fr\/wp-json\/wp\/v2\/product_cat?post=56014"},{"taxonomy":"product_tag","embeddable":true,"href":"https:\/\/buyck-displays.com\/fr\/wp-json\/wp\/v2\/product_tag?post=56014"}],"curies":[{"name":"wp","href":"https:\/\/api.w.org\/{rel}","templated":true}]}}