{"id":55925,"date":"2017-04-03T17:12:38","date_gmt":"2017-04-03T15:12:38","guid":{"rendered":"http:\/\/shipyard.intago.eu\/buyckdisplays\/product\/display-uit-metaal-4-manden\/"},"modified":"2023-10-25T11:00:29","modified_gmt":"2023-10-25T09:00:29","slug":"presentoirs-pour-articles-a-poser-presentoir-avec-paniers-sc0520","status":"publish","type":"product","link":"https:\/\/buyck-displays.com\/fr\/presentoirs-pour-articles-a-poser-presentoir-avec-paniers-sc0520","title":{"rendered":"Pr\u00e9sentoir avec paniers"},"content":{"rendered":"<p>Ce pr\u00e9sentoir de sol en m\u00e9tal comporte 4 paniers rectangulaires superpos\u00e9s et est id\u00e9al pour pr\u00e9senter des articles en vrac. Il repose sur 4 roues en caoutchouc robustes, ce qui permet de le d\u00e9placer facilement.<\/p>\n<p><strong>Informations sur le produit :<\/strong><\/p>\n<ul>\n<li>Dimensions :\n<ul>\n<li>pr\u00e9sentoir :\n<ul>\n<li>hauteur : 165 cm<\/li>\n<li>largeur : 50 cm<\/li>\n<li>profondeur : 50 cm<\/li>\n<\/ul>\n<\/li>\n<li>paniers :\n<ul>\n<li>largeur : 46 cm<\/li>\n<li>profondeur :\n<ul>\n<li>3 paniers sup\u00e9rieurs : 40 cm<\/li>\n<li>panier inf\u00e9rieur : 50 cm<\/li>\n<\/ul>\n<\/li>\n<li>hauteur : 12 cm<\/li>\n<\/ul>\n<\/li>\n<\/ul>\n<\/li>\n<li>espace entre les paniers : 29,5 cm<\/li>\n<li>4 \u00e9tages<\/li>\n<li>sur 4 roulettes robustes en caoutchouc, dont 2 avec frein<\/li>\n<li>couleur standard : argent<\/li>\n<\/ul>\n","protected":false},"excerpt":{"rendered":"<p>Ce pr\u00e9sentoir de sol en m\u00e9tal comporte 4 paniers rectangulaires superpos\u00e9s et est id\u00e9al pour pr\u00e9senter des articles en vrac. Il repose sur 4 roues en caoutchouc robustes, ce qui permet de le d\u00e9placer facilement. Informations sur le produit : Dimensions : pr\u00e9sentoir : hauteur : 165 cm largeur : 50 cm profondeur : 50 &hellip; <a href=\"https:\/\/buyck-displays.com\/fr\/presentoirs-pour-articles-a-poser-presentoir-avec-paniers-sc0520\">Suite<\/a><\/p>\n","protected":false},"featured_media":67460,"comment_status":"closed","ping_status":"closed","template":"","meta":{"_acf_changed":false},"product_brand":[],"product_cat":[361,371],"product_tag":[],"class_list":{"0":"post-55925","1":"product","2":"type-product","3":"status-publish","4":"has-post-thumbnail","6":"product_cat-presentoirs-standard","7":"product_cat-presentoirs-pour-articles-a-poser","9":"first","10":"instock","11":"taxable","12":"shipping-taxable","13":"purchasable","14":"product-type-simple"},"acf":[],"yoast_head":"<!-- This site is optimized with the Yoast SEO plugin v27.6 - https:\/\/yoast.com\/product\/yoast-seo-wordpress\/ -->\n<title>Pr\u00e9sentoir avec paniers - Buyck Displays<\/title>\n<meta name=\"description\" content=\"Ce pr\u00e9sentoir comporte 4 paniers rectangulaires superpos\u00e9s et est id\u00e9al pour pr\u00e9senter des articles en vrac. Il repose sur 4 roues en caoutchouc robustes.\" \/>\n<meta name=\"robots\" content=\"index, follow, max-snippet:-1, max-image-preview:large, max-video-preview:-1\" \/>\n<link rel=\"canonical\" href=\"https:\/\/buyck-displays.com\/fr\/presentoirs-pour-articles-a-poser-presentoir-avec-paniers-sc0520\" \/>\n<meta property=\"og:locale\" content=\"fr_FR\" \/>\n<meta property=\"og:type\" content=\"article\" \/>\n<meta property=\"og:title\" content=\"Pr\u00e9sentoir avec paniers - Buyck Displays\" \/>\n<meta property=\"og:description\" content=\"Ce pr\u00e9sentoir comporte 4 paniers rectangulaires superpos\u00e9s et est id\u00e9al pour pr\u00e9senter des articles en vrac. Il repose sur 4 roues en caoutchouc robustes.\" \/>\n<meta property=\"og:url\" content=\"https:\/\/buyck-displays.com\/fr\/presentoirs-pour-articles-a-poser-presentoir-avec-paniers-sc0520\" \/>\n<meta property=\"og:site_name\" content=\"Buyck Displays\" \/>\n<meta property=\"article:modified_time\" content=\"2023-10-25T09:00:29+00:00\" \/>\n<meta property=\"og:image\" content=\"https:\/\/buyck-displays.com\/wp-content\/uploads\/2017\/04\/SC0520.jpg\" \/>\n\t<meta property=\"og:image:width\" content=\"1850\" \/>\n\t<meta property=\"og:image:height\" content=\"2520\" \/>\n\t<meta property=\"og:image:type\" content=\"image\/jpeg\" \/>\n<meta name=\"twitter:card\" content=\"summary_large_image\" \/>\n<meta name=\"twitter:label1\" content=\"Dur\u00e9e de lecture estim\u00e9e\" \/>\n\t<meta name=\"twitter:data1\" content=\"1 minute\" \/>\n<script type=\"application\/ld+json\" class=\"yoast-schema-graph\">{\"@context\":\"https:\\\/\\\/schema.org\",\"@graph\":[{\"@type\":\"WebPage\",\"@id\":\"https:\\\/\\\/buyck-displays.com\\\/fr\\\/presentoirs-pour-articles-a-poser-presentoir-avec-paniers-sc0520\",\"url\":\"https:\\\/\\\/buyck-displays.com\\\/fr\\\/presentoirs-pour-articles-a-poser-presentoir-avec-paniers-sc0520\",\"name\":\"Pr\u00e9sentoir avec paniers - Buyck Displays\",\"isPartOf\":{\"@id\":\"https:\\\/\\\/buyck-displays.com\\\/fr\\\/#website\"},\"primaryImageOfPage\":{\"@id\":\"https:\\\/\\\/buyck-displays.com\\\/fr\\\/presentoirs-pour-articles-a-poser-presentoir-avec-paniers-sc0520#primaryimage\"},\"image\":{\"@id\":\"https:\\\/\\\/buyck-displays.com\\\/fr\\\/presentoirs-pour-articles-a-poser-presentoir-avec-paniers-sc0520#primaryimage\"},\"thumbnailUrl\":\"https:\\\/\\\/buyck-displays.com\\\/wp-content\\\/uploads\\\/2017\\\/04\\\/SC0520.jpg\",\"datePublished\":\"2017-04-03T15:12:38+00:00\",\"dateModified\":\"2023-10-25T09:00:29+00:00\",\"description\":\"Ce pr\u00e9sentoir comporte 4 paniers rectangulaires superpos\u00e9s et est id\u00e9al pour pr\u00e9senter des articles en vrac. Il repose sur 4 roues en caoutchouc robustes.\",\"breadcrumb\":{\"@id\":\"https:\\\/\\\/buyck-displays.com\\\/fr\\\/presentoirs-pour-articles-a-poser-presentoir-avec-paniers-sc0520#breadcrumb\"},\"inLanguage\":\"fr-FR\",\"potentialAction\":[{\"@type\":\"ReadAction\",\"target\":[\"https:\\\/\\\/buyck-displays.com\\\/fr\\\/presentoirs-pour-articles-a-poser-presentoir-avec-paniers-sc0520\"]}]},{\"@type\":\"ImageObject\",\"inLanguage\":\"fr-FR\",\"@id\":\"https:\\\/\\\/buyck-displays.com\\\/fr\\\/presentoirs-pour-articles-a-poser-presentoir-avec-paniers-sc0520#primaryimage\",\"url\":\"https:\\\/\\\/buyck-displays.com\\\/wp-content\\\/uploads\\\/2017\\\/04\\\/SC0520.jpg\",\"contentUrl\":\"https:\\\/\\\/buyck-displays.com\\\/wp-content\\\/uploads\\\/2017\\\/04\\\/SC0520.jpg\",\"width\":1850,\"height\":2520},{\"@type\":\"BreadcrumbList\",\"@id\":\"https:\\\/\\\/buyck-displays.com\\\/fr\\\/presentoirs-pour-articles-a-poser-presentoir-avec-paniers-sc0520#breadcrumb\",\"itemListElement\":[{\"@type\":\"ListItem\",\"position\":1,\"name\":\"Home\",\"item\":\"https:\\\/\\\/buyck-displays.com\\\/fr\"},{\"@type\":\"ListItem\",\"position\":2,\"name\":\"Displays\",\"item\":\"https:\\\/\\\/buyck-displays.com\\\/fr\\\/produits\"},{\"@type\":\"ListItem\",\"position\":3,\"name\":\"Pr\u00e9sentoir avec paniers\"}]},{\"@type\":\"WebSite\",\"@id\":\"https:\\\/\\\/buyck-displays.com\\\/fr\\\/#website\",\"url\":\"https:\\\/\\\/buyck-displays.com\\\/fr\\\/\",\"name\":\"Buyck Displays\",\"description\":\"Standaard en Maatwerk Displays\",\"potentialAction\":[{\"@type\":\"SearchAction\",\"target\":{\"@type\":\"EntryPoint\",\"urlTemplate\":\"https:\\\/\\\/buyck-displays.com\\\/fr\\\/?s={search_term_string}\"},\"query-input\":{\"@type\":\"PropertyValueSpecification\",\"valueRequired\":true,\"valueName\":\"search_term_string\"}}],\"inLanguage\":\"fr-FR\"}]}<\/script>\n<!-- \/ Yoast SEO plugin. -->","yoast_head_json":{"title":"Pr\u00e9sentoir avec paniers - Buyck Displays","description":"Ce pr\u00e9sentoir comporte 4 paniers rectangulaires superpos\u00e9s et est id\u00e9al pour pr\u00e9senter des articles en vrac. Il repose sur 4 roues en caoutchouc robustes.","robots":{"index":"index","follow":"follow","max-snippet":"max-snippet:-1","max-image-preview":"max-image-preview:large","max-video-preview":"max-video-preview:-1"},"canonical":"https:\/\/buyck-displays.com\/fr\/presentoirs-pour-articles-a-poser-presentoir-avec-paniers-sc0520","og_locale":"fr_FR","og_type":"article","og_title":"Pr\u00e9sentoir avec paniers - Buyck Displays","og_description":"Ce pr\u00e9sentoir comporte 4 paniers rectangulaires superpos\u00e9s et est id\u00e9al pour pr\u00e9senter des articles en vrac. Il repose sur 4 roues en caoutchouc robustes.","og_url":"https:\/\/buyck-displays.com\/fr\/presentoirs-pour-articles-a-poser-presentoir-avec-paniers-sc0520","og_site_name":"Buyck Displays","article_modified_time":"2023-10-25T09:00:29+00:00","og_image":[{"width":1850,"height":2520,"url":"https:\/\/buyck-displays.com\/wp-content\/uploads\/2017\/04\/SC0520.jpg","type":"image\/jpeg"}],"twitter_card":"summary_large_image","twitter_misc":{"Dur\u00e9e de lecture estim\u00e9e":"1 minute"},"schema":{"@context":"https:\/\/schema.org","@graph":[{"@type":"WebPage","@id":"https:\/\/buyck-displays.com\/fr\/presentoirs-pour-articles-a-poser-presentoir-avec-paniers-sc0520","url":"https:\/\/buyck-displays.com\/fr\/presentoirs-pour-articles-a-poser-presentoir-avec-paniers-sc0520","name":"Pr\u00e9sentoir avec paniers - Buyck Displays","isPartOf":{"@id":"https:\/\/buyck-displays.com\/fr\/#website"},"primaryImageOfPage":{"@id":"https:\/\/buyck-displays.com\/fr\/presentoirs-pour-articles-a-poser-presentoir-avec-paniers-sc0520#primaryimage"},"image":{"@id":"https:\/\/buyck-displays.com\/fr\/presentoirs-pour-articles-a-poser-presentoir-avec-paniers-sc0520#primaryimage"},"thumbnailUrl":"https:\/\/buyck-displays.com\/wp-content\/uploads\/2017\/04\/SC0520.jpg","datePublished":"2017-04-03T15:12:38+00:00","dateModified":"2023-10-25T09:00:29+00:00","description":"Ce pr\u00e9sentoir comporte 4 paniers rectangulaires superpos\u00e9s et est id\u00e9al pour pr\u00e9senter des articles en vrac. Il repose sur 4 roues en caoutchouc robustes.","breadcrumb":{"@id":"https:\/\/buyck-displays.com\/fr\/presentoirs-pour-articles-a-poser-presentoir-avec-paniers-sc0520#breadcrumb"},"inLanguage":"fr-FR","potentialAction":[{"@type":"ReadAction","target":["https:\/\/buyck-displays.com\/fr\/presentoirs-pour-articles-a-poser-presentoir-avec-paniers-sc0520"]}]},{"@type":"ImageObject","inLanguage":"fr-FR","@id":"https:\/\/buyck-displays.com\/fr\/presentoirs-pour-articles-a-poser-presentoir-avec-paniers-sc0520#primaryimage","url":"https:\/\/buyck-displays.com\/wp-content\/uploads\/2017\/04\/SC0520.jpg","contentUrl":"https:\/\/buyck-displays.com\/wp-content\/uploads\/2017\/04\/SC0520.jpg","width":1850,"height":2520},{"@type":"BreadcrumbList","@id":"https:\/\/buyck-displays.com\/fr\/presentoirs-pour-articles-a-poser-presentoir-avec-paniers-sc0520#breadcrumb","itemListElement":[{"@type":"ListItem","position":1,"name":"Home","item":"https:\/\/buyck-displays.com\/fr"},{"@type":"ListItem","position":2,"name":"Displays","item":"https:\/\/buyck-displays.com\/fr\/produits"},{"@type":"ListItem","position":3,"name":"Pr\u00e9sentoir avec paniers"}]},{"@type":"WebSite","@id":"https:\/\/buyck-displays.com\/fr\/#website","url":"https:\/\/buyck-displays.com\/fr\/","name":"Buyck Displays","description":"Standaard en Maatwerk Displays","potentialAction":[{"@type":"SearchAction","target":{"@type":"EntryPoint","urlTemplate":"https:\/\/buyck-displays.com\/fr\/?s={search_term_string}"},"query-input":{"@type":"PropertyValueSpecification","valueRequired":true,"valueName":"search_term_string"}}],"inLanguage":"fr-FR"}]}},"_links":{"self":[{"href":"https:\/\/buyck-displays.com\/fr\/wp-json\/wp\/v2\/product\/55925","targetHints":{"allow":["GET"]}}],"collection":[{"href":"https:\/\/buyck-displays.com\/fr\/wp-json\/wp\/v2\/product"}],"about":[{"href":"https:\/\/buyck-displays.com\/fr\/wp-json\/wp\/v2\/types\/product"}],"replies":[{"embeddable":true,"href":"https:\/\/buyck-displays.com\/fr\/wp-json\/wp\/v2\/comments?post=55925"}],"wp:featuredmedia":[{"embeddable":true,"href":"https:\/\/buyck-displays.com\/fr\/wp-json\/wp\/v2\/media\/67460"}],"wp:attachment":[{"href":"https:\/\/buyck-displays.com\/fr\/wp-json\/wp\/v2\/media?parent=55925"}],"wp:term":[{"taxonomy":"product_brand","embeddable":true,"href":"https:\/\/buyck-displays.com\/fr\/wp-json\/wp\/v2\/product_brand?post=55925"},{"taxonomy":"product_cat","embeddable":true,"href":"https:\/\/buyck-displays.com\/fr\/wp-json\/wp\/v2\/product_cat?post=55925"},{"taxonomy":"product_tag","embeddable":true,"href":"https:\/\/buyck-displays.com\/fr\/wp-json\/wp\/v2\/product_tag?post=55925"}],"curies":[{"name":"wp","href":"https:\/\/api.w.org\/{rel}","templated":true}]}}