{"id":55231,"date":"2017-04-03T16:01:12","date_gmt":"2017-04-03T14:01:12","guid":{"rendered":"http:\/\/shipyard.intago.eu\/buyckdisplays\/product\/haken-voor-geperforeerde-metaalplaten-2\/"},"modified":"2022-07-19T11:35:14","modified_gmt":"2022-07-19T09:35:14","slug":"broche-double-hpd-6","status":"publish","type":"product","link":"https:\/\/buyck-displays.com\/fr\/broche-double-hpd-6","title":{"rendered":"Broche double"},"content":{"rendered":"<p>Ce broche double peut \u00eatre utilis\u00e9 en combinaison avec notre gamme de <span style=\"color: #3366ff;\"><strong><a style=\"color: #3366ff;\" href=\"https:\/\/buyck-displays.com\/fr\/presentoirs\/presentoirs-standard\/presentoirs-avec-broches-fr\/page\/2\">pr\u00e9sentoirs en t\u00f4le perfor\u00e9e<\/a><\/strong><\/span>.<\/p>\n<p>Id\u00e9al pour la pr\u00e9sentation belle et pratique de tous vos articles sous blister. Disponible en 6 longueurs diff\u00e9rentes.<\/p>\n<ul>\n<li>longueur: 6 cm<\/li>\n<li>couleur disponible: argent<\/li>\n<\/ul>\n","protected":false},"excerpt":{"rendered":"<p>Ce broche double peut \u00eatre utilis\u00e9 en combinaison avec notre gamme de pr\u00e9sentoirs en t\u00f4le perfor\u00e9e. Id\u00e9al pour la pr\u00e9sentation belle et pratique de tous vos articles sous blister. Disponible en 6 longueurs diff\u00e9rentes. longueur: 6 cm couleur disponible: argent<\/p>\n","protected":false},"featured_media":55226,"comment_status":"closed","ping_status":"closed","template":"","meta":{"_acf_changed":false},"product_brand":[],"product_cat":[551,487,361],"product_tag":[],"class_list":{"0":"post-55231","1":"product","2":"type-product","3":"status-publish","4":"has-post-thumbnail","6":"product_cat-accessoires","7":"product_cat-broches","8":"product_cat-presentoirs-standard","10":"first","11":"instock","12":"taxable","13":"shipping-taxable","14":"purchasable","15":"product-type-simple"},"acf":[],"yoast_head":"<!-- This site is optimized with the Yoast SEO plugin v27.6 - https:\/\/yoast.com\/product\/yoast-seo-wordpress\/ -->\n<title>Broche double - Buyck Displays - pr\u00e9sentoirs en t\u00f4le perfor\u00e9e<\/title>\n<meta name=\"description\" content=\"Ce broche double, d\u2019une longueur de 6\u00a0cm, peut \u00eatre utilis\u00e9 en combinaison avec notre gamme de pr\u00e9sentoirs en t\u00f4le perfor\u00e9e.\" \/>\n<meta name=\"robots\" content=\"index, follow, max-snippet:-1, max-image-preview:large, max-video-preview:-1\" \/>\n<link rel=\"canonical\" href=\"https:\/\/buyck-displays.com\/fr\/broche-double-hpd-6\" \/>\n<meta property=\"og:locale\" content=\"fr_FR\" \/>\n<meta property=\"og:type\" content=\"article\" \/>\n<meta property=\"og:title\" content=\"Broche double - Buyck Displays - pr\u00e9sentoirs en t\u00f4le perfor\u00e9e\" \/>\n<meta property=\"og:description\" content=\"Ce broche double, d\u2019une longueur de 6\u00a0cm, peut \u00eatre utilis\u00e9 en combinaison avec notre gamme de pr\u00e9sentoirs en t\u00f4le perfor\u00e9e.\" \/>\n<meta property=\"og:url\" content=\"https:\/\/buyck-displays.com\/fr\/broche-double-hpd-6\" \/>\n<meta property=\"og:site_name\" content=\"Buyck Displays\" \/>\n<meta property=\"article:modified_time\" content=\"2022-07-19T09:35:14+00:00\" \/>\n<meta property=\"og:image\" content=\"https:\/\/buyck-displays.com\/wp-content\/uploads\/2017\/04\/HPD-6-1.jpg\" \/>\n\t<meta property=\"og:image:width\" content=\"598\" \/>\n\t<meta property=\"og:image:height\" content=\"213\" \/>\n\t<meta property=\"og:image:type\" content=\"image\/jpeg\" \/>\n<meta name=\"twitter:card\" content=\"summary_large_image\" \/>\n<meta name=\"twitter:label1\" content=\"Dur\u00e9e de lecture estim\u00e9e\" \/>\n\t<meta name=\"twitter:data1\" content=\"1 minute\" \/>\n<script type=\"application\/ld+json\" class=\"yoast-schema-graph\">{\"@context\":\"https:\\\/\\\/schema.org\",\"@graph\":[{\"@type\":\"WebPage\",\"@id\":\"https:\\\/\\\/buyck-displays.com\\\/fr\\\/broche-double-hpd-6\",\"url\":\"https:\\\/\\\/buyck-displays.com\\\/fr\\\/broche-double-hpd-6\",\"name\":\"Broche double - Buyck Displays - pr\u00e9sentoirs en t\u00f4le perfor\u00e9e\",\"isPartOf\":{\"@id\":\"https:\\\/\\\/buyck-displays.com\\\/fr\\\/#website\"},\"primaryImageOfPage\":{\"@id\":\"https:\\\/\\\/buyck-displays.com\\\/fr\\\/broche-double-hpd-6#primaryimage\"},\"image\":{\"@id\":\"https:\\\/\\\/buyck-displays.com\\\/fr\\\/broche-double-hpd-6#primaryimage\"},\"thumbnailUrl\":\"https:\\\/\\\/buyck-displays.com\\\/wp-content\\\/uploads\\\/2017\\\/04\\\/HPD-6-1.jpg\",\"datePublished\":\"2017-04-03T14:01:12+00:00\",\"dateModified\":\"2022-07-19T09:35:14+00:00\",\"description\":\"Ce broche double, d\u2019une longueur de 6\u00a0cm, peut \u00eatre utilis\u00e9 en combinaison avec notre gamme de pr\u00e9sentoirs en t\u00f4le perfor\u00e9e.\",\"breadcrumb\":{\"@id\":\"https:\\\/\\\/buyck-displays.com\\\/fr\\\/broche-double-hpd-6#breadcrumb\"},\"inLanguage\":\"fr-FR\",\"potentialAction\":[{\"@type\":\"ReadAction\",\"target\":[\"https:\\\/\\\/buyck-displays.com\\\/fr\\\/broche-double-hpd-6\"]}]},{\"@type\":\"ImageObject\",\"inLanguage\":\"fr-FR\",\"@id\":\"https:\\\/\\\/buyck-displays.com\\\/fr\\\/broche-double-hpd-6#primaryimage\",\"url\":\"https:\\\/\\\/buyck-displays.com\\\/wp-content\\\/uploads\\\/2017\\\/04\\\/HPD-6-1.jpg\",\"contentUrl\":\"https:\\\/\\\/buyck-displays.com\\\/wp-content\\\/uploads\\\/2017\\\/04\\\/HPD-6-1.jpg\",\"width\":598,\"height\":213},{\"@type\":\"BreadcrumbList\",\"@id\":\"https:\\\/\\\/buyck-displays.com\\\/fr\\\/broche-double-hpd-6#breadcrumb\",\"itemListElement\":[{\"@type\":\"ListItem\",\"position\":1,\"name\":\"Home\",\"item\":\"https:\\\/\\\/buyck-displays.com\\\/fr\"},{\"@type\":\"ListItem\",\"position\":2,\"name\":\"Displays\",\"item\":\"https:\\\/\\\/buyck-displays.com\\\/fr\\\/produits\"},{\"@type\":\"ListItem\",\"position\":3,\"name\":\"Broche double\"}]},{\"@type\":\"WebSite\",\"@id\":\"https:\\\/\\\/buyck-displays.com\\\/fr\\\/#website\",\"url\":\"https:\\\/\\\/buyck-displays.com\\\/fr\\\/\",\"name\":\"Buyck Displays\",\"description\":\"Standaard en Maatwerk Displays\",\"potentialAction\":[{\"@type\":\"SearchAction\",\"target\":{\"@type\":\"EntryPoint\",\"urlTemplate\":\"https:\\\/\\\/buyck-displays.com\\\/fr\\\/?s={search_term_string}\"},\"query-input\":{\"@type\":\"PropertyValueSpecification\",\"valueRequired\":true,\"valueName\":\"search_term_string\"}}],\"inLanguage\":\"fr-FR\"}]}<\/script>\n<!-- \/ Yoast SEO plugin. -->","yoast_head_json":{"title":"Broche double - Buyck Displays - pr\u00e9sentoirs en t\u00f4le perfor\u00e9e","description":"Ce broche double, d\u2019une longueur de 6\u00a0cm, peut \u00eatre utilis\u00e9 en combinaison avec notre gamme de pr\u00e9sentoirs en t\u00f4le perfor\u00e9e.","robots":{"index":"index","follow":"follow","max-snippet":"max-snippet:-1","max-image-preview":"max-image-preview:large","max-video-preview":"max-video-preview:-1"},"canonical":"https:\/\/buyck-displays.com\/fr\/broche-double-hpd-6","og_locale":"fr_FR","og_type":"article","og_title":"Broche double - Buyck Displays - pr\u00e9sentoirs en t\u00f4le perfor\u00e9e","og_description":"Ce broche double, d\u2019une longueur de 6\u00a0cm, peut \u00eatre utilis\u00e9 en combinaison avec notre gamme de pr\u00e9sentoirs en t\u00f4le perfor\u00e9e.","og_url":"https:\/\/buyck-displays.com\/fr\/broche-double-hpd-6","og_site_name":"Buyck Displays","article_modified_time":"2022-07-19T09:35:14+00:00","og_image":[{"width":598,"height":213,"url":"https:\/\/buyck-displays.com\/wp-content\/uploads\/2017\/04\/HPD-6-1.jpg","type":"image\/jpeg"}],"twitter_card":"summary_large_image","twitter_misc":{"Dur\u00e9e de lecture estim\u00e9e":"1 minute"},"schema":{"@context":"https:\/\/schema.org","@graph":[{"@type":"WebPage","@id":"https:\/\/buyck-displays.com\/fr\/broche-double-hpd-6","url":"https:\/\/buyck-displays.com\/fr\/broche-double-hpd-6","name":"Broche double - Buyck Displays - pr\u00e9sentoirs en t\u00f4le perfor\u00e9e","isPartOf":{"@id":"https:\/\/buyck-displays.com\/fr\/#website"},"primaryImageOfPage":{"@id":"https:\/\/buyck-displays.com\/fr\/broche-double-hpd-6#primaryimage"},"image":{"@id":"https:\/\/buyck-displays.com\/fr\/broche-double-hpd-6#primaryimage"},"thumbnailUrl":"https:\/\/buyck-displays.com\/wp-content\/uploads\/2017\/04\/HPD-6-1.jpg","datePublished":"2017-04-03T14:01:12+00:00","dateModified":"2022-07-19T09:35:14+00:00","description":"Ce broche double, d\u2019une longueur de 6\u00a0cm, peut \u00eatre utilis\u00e9 en combinaison avec notre gamme de pr\u00e9sentoirs en t\u00f4le perfor\u00e9e.","breadcrumb":{"@id":"https:\/\/buyck-displays.com\/fr\/broche-double-hpd-6#breadcrumb"},"inLanguage":"fr-FR","potentialAction":[{"@type":"ReadAction","target":["https:\/\/buyck-displays.com\/fr\/broche-double-hpd-6"]}]},{"@type":"ImageObject","inLanguage":"fr-FR","@id":"https:\/\/buyck-displays.com\/fr\/broche-double-hpd-6#primaryimage","url":"https:\/\/buyck-displays.com\/wp-content\/uploads\/2017\/04\/HPD-6-1.jpg","contentUrl":"https:\/\/buyck-displays.com\/wp-content\/uploads\/2017\/04\/HPD-6-1.jpg","width":598,"height":213},{"@type":"BreadcrumbList","@id":"https:\/\/buyck-displays.com\/fr\/broche-double-hpd-6#breadcrumb","itemListElement":[{"@type":"ListItem","position":1,"name":"Home","item":"https:\/\/buyck-displays.com\/fr"},{"@type":"ListItem","position":2,"name":"Displays","item":"https:\/\/buyck-displays.com\/fr\/produits"},{"@type":"ListItem","position":3,"name":"Broche double"}]},{"@type":"WebSite","@id":"https:\/\/buyck-displays.com\/fr\/#website","url":"https:\/\/buyck-displays.com\/fr\/","name":"Buyck Displays","description":"Standaard en Maatwerk Displays","potentialAction":[{"@type":"SearchAction","target":{"@type":"EntryPoint","urlTemplate":"https:\/\/buyck-displays.com\/fr\/?s={search_term_string}"},"query-input":{"@type":"PropertyValueSpecification","valueRequired":true,"valueName":"search_term_string"}}],"inLanguage":"fr-FR"}]}},"_links":{"self":[{"href":"https:\/\/buyck-displays.com\/fr\/wp-json\/wp\/v2\/product\/55231","targetHints":{"allow":["GET"]}}],"collection":[{"href":"https:\/\/buyck-displays.com\/fr\/wp-json\/wp\/v2\/product"}],"about":[{"href":"https:\/\/buyck-displays.com\/fr\/wp-json\/wp\/v2\/types\/product"}],"replies":[{"embeddable":true,"href":"https:\/\/buyck-displays.com\/fr\/wp-json\/wp\/v2\/comments?post=55231"}],"wp:featuredmedia":[{"embeddable":true,"href":"https:\/\/buyck-displays.com\/fr\/wp-json\/wp\/v2\/media\/55226"}],"wp:attachment":[{"href":"https:\/\/buyck-displays.com\/fr\/wp-json\/wp\/v2\/media?parent=55231"}],"wp:term":[{"taxonomy":"product_brand","embeddable":true,"href":"https:\/\/buyck-displays.com\/fr\/wp-json\/wp\/v2\/product_brand?post=55231"},{"taxonomy":"product_cat","embeddable":true,"href":"https:\/\/buyck-displays.com\/fr\/wp-json\/wp\/v2\/product_cat?post=55231"},{"taxonomy":"product_tag","embeddable":true,"href":"https:\/\/buyck-displays.com\/fr\/wp-json\/wp\/v2\/product_tag?post=55231"}],"curies":[{"name":"wp","href":"https:\/\/api.w.org\/{rel}","templated":true}]}}