{"id":55112,"date":"2017-04-03T15:52:10","date_gmt":"2017-04-03T13:52:10","guid":{"rendered":"http:\/\/shipyard.intago.eu\/buyckdisplays\/product\/haken-voor-netdisplays-7\/"},"modified":"2022-07-19T11:21:02","modified_gmt":"2022-07-19T09:21:02","slug":"broche-simple-pour-grille-hk-3-4","status":"publish","type":"product","link":"https:\/\/buyck-displays.com\/fr\/broche-simple-pour-grille-hk-3-4","title":{"rendered":"Broche simple pour grille"},"content":{"rendered":"<p>Ce broche simple peut \u00eatre utilis\u00e9 en combinaison avec notre gamme de <span style=\"color: #3366ff;\"><strong><a style=\"color: #3366ff;\" href=\"https:\/\/buyck-displays.com\/fr\/presentoirs\/presentoirs-standard\/presentoirs-avec-broches-fr\">pr\u00e9sentoires grille<\/a><\/strong><\/span>.<\/p>\n<p>Id\u00e9al pour la pr\u00e9sentation belle et pratique de tous vos articles sous blister. Disponible en 5 longueurs diff\u00e9rentes.<\/p>\n<ul>\n<li>longueur: 10 cm<\/li>\n<li>couleur disponible: blanc<\/li>\n<\/ul>\n","protected":false},"excerpt":{"rendered":"<p>Ce broche simple peut \u00eatre utilis\u00e9 en combinaison avec notre gamme de pr\u00e9sentoires grille. Id\u00e9al pour la pr\u00e9sentation belle et pratique de tous vos articles sous blister. Disponible en 5 longueurs diff\u00e9rentes. longueur: 10 cm couleur disponible: blanc<\/p>\n","protected":false},"featured_media":67349,"comment_status":"closed","ping_status":"closed","template":"","meta":{"_acf_changed":false},"product_brand":[],"product_cat":[551,487,361],"product_tag":[],"class_list":{"0":"post-55112","1":"product","2":"type-product","3":"status-publish","4":"has-post-thumbnail","6":"product_cat-accessoires","7":"product_cat-broches","8":"product_cat-presentoirs-standard","10":"first","11":"instock","12":"taxable","13":"shipping-taxable","14":"purchasable","15":"product-type-simple"},"acf":[],"yoast_head":"<!-- This site is optimized with the Yoast SEO plugin v27.6 - https:\/\/yoast.com\/product\/yoast-seo-wordpress\/ -->\n<title>Broche simple pour grille - Buyck Displays - Panneaux grilles<\/title>\n<meta name=\"description\" content=\"Ce broche simple, d&#039;une longueur de 10 cm, peut \u00eatre utilis\u00e9 en combinaison avec notre large gamme de pr\u00e9sentoirs grille.\" \/>\n<meta name=\"robots\" content=\"index, follow, max-snippet:-1, max-image-preview:large, max-video-preview:-1\" \/>\n<link rel=\"canonical\" href=\"https:\/\/buyck-displays.com\/fr\/broche-simple-pour-grille-hk-3-4\" \/>\n<meta property=\"og:locale\" content=\"fr_FR\" \/>\n<meta property=\"og:type\" content=\"article\" \/>\n<meta property=\"og:title\" content=\"Broche simple pour grille - Buyck Displays - Panneaux grilles\" \/>\n<meta property=\"og:description\" content=\"Ce broche simple, d&#039;une longueur de 10 cm, peut \u00eatre utilis\u00e9 en combinaison avec notre large gamme de pr\u00e9sentoirs grille.\" \/>\n<meta property=\"og:url\" content=\"https:\/\/buyck-displays.com\/fr\/broche-simple-pour-grille-hk-3-4\" \/>\n<meta property=\"og:site_name\" content=\"Buyck Displays\" \/>\n<meta property=\"article:modified_time\" content=\"2022-07-19T09:21:02+00:00\" \/>\n<meta property=\"og:image\" content=\"https:\/\/buyck-displays.com\/wp-content\/uploads\/2017\/04\/HK-3-4.jpg\" \/>\n\t<meta property=\"og:image:width\" content=\"583\" \/>\n\t<meta property=\"og:image:height\" content=\"499\" \/>\n\t<meta property=\"og:image:type\" content=\"image\/jpeg\" \/>\n<meta name=\"twitter:card\" content=\"summary_large_image\" \/>\n<meta name=\"twitter:label1\" content=\"Dur\u00e9e de lecture estim\u00e9e\" \/>\n\t<meta name=\"twitter:data1\" content=\"1 minute\" \/>\n<script type=\"application\/ld+json\" class=\"yoast-schema-graph\">{\"@context\":\"https:\\\/\\\/schema.org\",\"@graph\":[{\"@type\":\"WebPage\",\"@id\":\"https:\\\/\\\/buyck-displays.com\\\/fr\\\/broche-simple-pour-grille-hk-3-4\",\"url\":\"https:\\\/\\\/buyck-displays.com\\\/fr\\\/broche-simple-pour-grille-hk-3-4\",\"name\":\"Broche simple pour grille - Buyck Displays - Panneaux grilles\",\"isPartOf\":{\"@id\":\"https:\\\/\\\/buyck-displays.com\\\/fr\\\/#website\"},\"primaryImageOfPage\":{\"@id\":\"https:\\\/\\\/buyck-displays.com\\\/fr\\\/broche-simple-pour-grille-hk-3-4#primaryimage\"},\"image\":{\"@id\":\"https:\\\/\\\/buyck-displays.com\\\/fr\\\/broche-simple-pour-grille-hk-3-4#primaryimage\"},\"thumbnailUrl\":\"https:\\\/\\\/buyck-displays.com\\\/wp-content\\\/uploads\\\/2017\\\/04\\\/HK-3-4.jpg\",\"datePublished\":\"2017-04-03T13:52:10+00:00\",\"dateModified\":\"2022-07-19T09:21:02+00:00\",\"description\":\"Ce broche simple, d'une longueur de 10 cm, peut \u00eatre utilis\u00e9 en combinaison avec notre large gamme de pr\u00e9sentoirs grille.\",\"breadcrumb\":{\"@id\":\"https:\\\/\\\/buyck-displays.com\\\/fr\\\/broche-simple-pour-grille-hk-3-4#breadcrumb\"},\"inLanguage\":\"fr-FR\",\"potentialAction\":[{\"@type\":\"ReadAction\",\"target\":[\"https:\\\/\\\/buyck-displays.com\\\/fr\\\/broche-simple-pour-grille-hk-3-4\"]}]},{\"@type\":\"ImageObject\",\"inLanguage\":\"fr-FR\",\"@id\":\"https:\\\/\\\/buyck-displays.com\\\/fr\\\/broche-simple-pour-grille-hk-3-4#primaryimage\",\"url\":\"https:\\\/\\\/buyck-displays.com\\\/wp-content\\\/uploads\\\/2017\\\/04\\\/HK-3-4.jpg\",\"contentUrl\":\"https:\\\/\\\/buyck-displays.com\\\/wp-content\\\/uploads\\\/2017\\\/04\\\/HK-3-4.jpg\",\"width\":583,\"height\":499},{\"@type\":\"BreadcrumbList\",\"@id\":\"https:\\\/\\\/buyck-displays.com\\\/fr\\\/broche-simple-pour-grille-hk-3-4#breadcrumb\",\"itemListElement\":[{\"@type\":\"ListItem\",\"position\":1,\"name\":\"Home\",\"item\":\"https:\\\/\\\/buyck-displays.com\\\/fr\"},{\"@type\":\"ListItem\",\"position\":2,\"name\":\"Displays\",\"item\":\"https:\\\/\\\/buyck-displays.com\\\/fr\\\/produits\"},{\"@type\":\"ListItem\",\"position\":3,\"name\":\"Broche simple pour grille\"}]},{\"@type\":\"WebSite\",\"@id\":\"https:\\\/\\\/buyck-displays.com\\\/fr\\\/#website\",\"url\":\"https:\\\/\\\/buyck-displays.com\\\/fr\\\/\",\"name\":\"Buyck Displays\",\"description\":\"Standaard en Maatwerk Displays\",\"potentialAction\":[{\"@type\":\"SearchAction\",\"target\":{\"@type\":\"EntryPoint\",\"urlTemplate\":\"https:\\\/\\\/buyck-displays.com\\\/fr\\\/?s={search_term_string}\"},\"query-input\":{\"@type\":\"PropertyValueSpecification\",\"valueRequired\":true,\"valueName\":\"search_term_string\"}}],\"inLanguage\":\"fr-FR\"}]}<\/script>\n<!-- \/ Yoast SEO plugin. -->","yoast_head_json":{"title":"Broche simple pour grille - Buyck Displays - Panneaux grilles","description":"Ce broche simple, d'une longueur de 10 cm, peut \u00eatre utilis\u00e9 en combinaison avec notre large gamme de pr\u00e9sentoirs grille.","robots":{"index":"index","follow":"follow","max-snippet":"max-snippet:-1","max-image-preview":"max-image-preview:large","max-video-preview":"max-video-preview:-1"},"canonical":"https:\/\/buyck-displays.com\/fr\/broche-simple-pour-grille-hk-3-4","og_locale":"fr_FR","og_type":"article","og_title":"Broche simple pour grille - Buyck Displays - Panneaux grilles","og_description":"Ce broche simple, d'une longueur de 10 cm, peut \u00eatre utilis\u00e9 en combinaison avec notre large gamme de pr\u00e9sentoirs grille.","og_url":"https:\/\/buyck-displays.com\/fr\/broche-simple-pour-grille-hk-3-4","og_site_name":"Buyck Displays","article_modified_time":"2022-07-19T09:21:02+00:00","og_image":[{"width":583,"height":499,"url":"https:\/\/buyck-displays.com\/wp-content\/uploads\/2017\/04\/HK-3-4.jpg","type":"image\/jpeg"}],"twitter_card":"summary_large_image","twitter_misc":{"Dur\u00e9e de lecture estim\u00e9e":"1 minute"},"schema":{"@context":"https:\/\/schema.org","@graph":[{"@type":"WebPage","@id":"https:\/\/buyck-displays.com\/fr\/broche-simple-pour-grille-hk-3-4","url":"https:\/\/buyck-displays.com\/fr\/broche-simple-pour-grille-hk-3-4","name":"Broche simple pour grille - Buyck Displays - Panneaux grilles","isPartOf":{"@id":"https:\/\/buyck-displays.com\/fr\/#website"},"primaryImageOfPage":{"@id":"https:\/\/buyck-displays.com\/fr\/broche-simple-pour-grille-hk-3-4#primaryimage"},"image":{"@id":"https:\/\/buyck-displays.com\/fr\/broche-simple-pour-grille-hk-3-4#primaryimage"},"thumbnailUrl":"https:\/\/buyck-displays.com\/wp-content\/uploads\/2017\/04\/HK-3-4.jpg","datePublished":"2017-04-03T13:52:10+00:00","dateModified":"2022-07-19T09:21:02+00:00","description":"Ce broche simple, d'une longueur de 10 cm, peut \u00eatre utilis\u00e9 en combinaison avec notre large gamme de pr\u00e9sentoirs grille.","breadcrumb":{"@id":"https:\/\/buyck-displays.com\/fr\/broche-simple-pour-grille-hk-3-4#breadcrumb"},"inLanguage":"fr-FR","potentialAction":[{"@type":"ReadAction","target":["https:\/\/buyck-displays.com\/fr\/broche-simple-pour-grille-hk-3-4"]}]},{"@type":"ImageObject","inLanguage":"fr-FR","@id":"https:\/\/buyck-displays.com\/fr\/broche-simple-pour-grille-hk-3-4#primaryimage","url":"https:\/\/buyck-displays.com\/wp-content\/uploads\/2017\/04\/HK-3-4.jpg","contentUrl":"https:\/\/buyck-displays.com\/wp-content\/uploads\/2017\/04\/HK-3-4.jpg","width":583,"height":499},{"@type":"BreadcrumbList","@id":"https:\/\/buyck-displays.com\/fr\/broche-simple-pour-grille-hk-3-4#breadcrumb","itemListElement":[{"@type":"ListItem","position":1,"name":"Home","item":"https:\/\/buyck-displays.com\/fr"},{"@type":"ListItem","position":2,"name":"Displays","item":"https:\/\/buyck-displays.com\/fr\/produits"},{"@type":"ListItem","position":3,"name":"Broche simple pour grille"}]},{"@type":"WebSite","@id":"https:\/\/buyck-displays.com\/fr\/#website","url":"https:\/\/buyck-displays.com\/fr\/","name":"Buyck Displays","description":"Standaard en Maatwerk Displays","potentialAction":[{"@type":"SearchAction","target":{"@type":"EntryPoint","urlTemplate":"https:\/\/buyck-displays.com\/fr\/?s={search_term_string}"},"query-input":{"@type":"PropertyValueSpecification","valueRequired":true,"valueName":"search_term_string"}}],"inLanguage":"fr-FR"}]}},"_links":{"self":[{"href":"https:\/\/buyck-displays.com\/fr\/wp-json\/wp\/v2\/product\/55112","targetHints":{"allow":["GET"]}}],"collection":[{"href":"https:\/\/buyck-displays.com\/fr\/wp-json\/wp\/v2\/product"}],"about":[{"href":"https:\/\/buyck-displays.com\/fr\/wp-json\/wp\/v2\/types\/product"}],"replies":[{"embeddable":true,"href":"https:\/\/buyck-displays.com\/fr\/wp-json\/wp\/v2\/comments?post=55112"}],"wp:featuredmedia":[{"embeddable":true,"href":"https:\/\/buyck-displays.com\/fr\/wp-json\/wp\/v2\/media\/67349"}],"wp:attachment":[{"href":"https:\/\/buyck-displays.com\/fr\/wp-json\/wp\/v2\/media?parent=55112"}],"wp:term":[{"taxonomy":"product_brand","embeddable":true,"href":"https:\/\/buyck-displays.com\/fr\/wp-json\/wp\/v2\/product_brand?post=55112"},{"taxonomy":"product_cat","embeddable":true,"href":"https:\/\/buyck-displays.com\/fr\/wp-json\/wp\/v2\/product_cat?post=55112"},{"taxonomy":"product_tag","embeddable":true,"href":"https:\/\/buyck-displays.com\/fr\/wp-json\/wp\/v2\/product_tag?post=55112"}],"curies":[{"name":"wp","href":"https:\/\/api.w.org\/{rel}","templated":true}]}}