{"id":54798,"date":"2017-04-03T14:32:21","date_gmt":"2017-04-03T12:32:21","guid":{"rendered":"http:\/\/shipyard.intago.eu\/buyckdisplays\/product\/toonbankdisplay-voor-haken-1-zijde\/"},"modified":"2023-11-22T11:28:33","modified_gmt":"2023-11-22T10:28:33","slug":"presentoir-de-comptoir-perfore-bu950","status":"publish","type":"product","link":"https:\/\/buyck-displays.com\/fr\/presentoir-de-comptoir-perfore-bu950","title":{"rendered":"Pr\u00e9sentoir de comptoir perfor\u00e9"},"content":{"rendered":"<p>Il s&rsquo;agit d&rsquo;un beau et solide pr\u00e9sentoir de comptoir fait d&rsquo;une t\u00f4le pliss\u00e9e et perfor\u00e9e pour les broches amovibles. Id\u00e9al pour pr\u00e9senter les petits blisters, entre autres. Les broches amovibles vous permettent de cr\u00e9er vous-m\u00eame la disposition id\u00e9ale, en fonction de la taille des articles \u00e0 pr\u00e9senter. Ce pr\u00e9sentoir peut \u00e9galement \u00eatre utilis\u00e9 pour pr\u00e9senter des aimants. Les <span style=\"color: #3366ff;\"><strong><a style=\"color: #3366ff;\" href=\"https:\/\/buyck-displays.com\/fr\/presentoirs\/presentoirs-standard\/presentoirs-avec-broches-fr\/broches\">broches<\/a><\/strong><\/span> amovibles peuvent \u00eatre command\u00e9s s\u00e9par\u00e9ment.<\/p>\n<p><strong>Informations sur le produit :<\/strong><\/p>\n<ul>\n<li>dimensions:\n<ul>\n<li>hauteur: 68 cm<\/li>\n<li>largeur: 35 cm<\/li>\n<\/ul>\n<\/li>\n<li>\u00e9paisseur de la plaque : 2 mm<\/li>\n<li>1 c\u00f4t\u00e9<\/li>\n<li>place pour un logo (logo non inclus)<\/li>\n<li>couleur standard : argent<\/li>\n<\/ul>\n","protected":false},"excerpt":{"rendered":"<p>Il s&rsquo;agit d&rsquo;un beau et solide pr\u00e9sentoir de comptoir fait d&rsquo;une t\u00f4le pliss\u00e9e et perfor\u00e9e pour les broches amovibles. Id\u00e9al pour pr\u00e9senter les petits blisters, entre autres. Les broches amovibles vous permettent de cr\u00e9er vous-m\u00eame la disposition id\u00e9ale, en fonction de la taille des articles \u00e0 pr\u00e9senter. Ce pr\u00e9sentoir peut \u00e9galement \u00eatre utilis\u00e9 pour pr\u00e9senter &hellip; <a href=\"https:\/\/buyck-displays.com\/fr\/presentoir-de-comptoir-perfore-bu950\">Suite<\/a><\/p>\n","protected":false},"featured_media":66121,"comment_status":"closed","ping_status":"closed","template":"","meta":{"_acf_changed":false},"product_brand":[],"product_cat":[361,373,575],"product_tag":[],"class_list":{"0":"post-54798","1":"product","2":"type-product","3":"status-publish","4":"has-post-thumbnail","6":"product_cat-presentoirs-standard","7":"product_cat-presentoirs-avec-broches-fr","8":"product_cat-presentoirs-pour-aimants-fr","10":"first","11":"instock","12":"taxable","13":"shipping-taxable","14":"purchasable","15":"product-type-simple"},"acf":[],"yoast_head":"<!-- This site is optimized with the Yoast SEO plugin v26.8 - https:\/\/yoast.com\/product\/yoast-seo-wordpress\/ -->\n<title>Pr\u00e9sentoir de comptoir perfor\u00e9 - Buyck Displays - Broches amovibles<\/title>\n<meta name=\"description\" content=\"Pr\u00e9sentoir de comptoir en t\u00f4le perfor\u00e9e pour les broches amovibles. Id\u00e9al pour la pr\u00e9sentation de petits blisters ou d&#039;aimants.\" \/>\n<meta name=\"robots\" content=\"index, follow, max-snippet:-1, max-image-preview:large, max-video-preview:-1\" \/>\n<link rel=\"canonical\" href=\"https:\/\/buyck-displays.com\/fr\/presentoir-de-comptoir-perfore-bu950\" \/>\n<meta property=\"og:locale\" content=\"fr_FR\" \/>\n<meta property=\"og:type\" content=\"article\" \/>\n<meta property=\"og:title\" content=\"Pr\u00e9sentoir de comptoir perfor\u00e9 - Buyck Displays - Broches amovibles\" \/>\n<meta property=\"og:description\" content=\"Pr\u00e9sentoir de comptoir en t\u00f4le perfor\u00e9e pour les broches amovibles. Id\u00e9al pour la pr\u00e9sentation de petits blisters ou d&#039;aimants.\" \/>\n<meta property=\"og:url\" content=\"https:\/\/buyck-displays.com\/fr\/presentoir-de-comptoir-perfore-bu950\" \/>\n<meta property=\"og:site_name\" content=\"Buyck Displays\" \/>\n<meta property=\"article:modified_time\" content=\"2023-11-22T10:28:33+00:00\" \/>\n<meta property=\"og:image\" content=\"https:\/\/buyck-displays.com\/wp-content\/uploads\/2017\/04\/BU950-1.jpg\" \/>\n\t<meta property=\"og:image:width\" content=\"374\" \/>\n\t<meta property=\"og:image:height\" content=\"510\" \/>\n\t<meta property=\"og:image:type\" content=\"image\/jpeg\" \/>\n<meta name=\"twitter:card\" content=\"summary_large_image\" \/>\n<meta name=\"twitter:label1\" content=\"Dur\u00e9e de lecture estim\u00e9e\" \/>\n\t<meta name=\"twitter:data1\" content=\"1 minute\" \/>\n<script type=\"application\/ld+json\" class=\"yoast-schema-graph\">{\"@context\":\"https:\/\/schema.org\",\"@graph\":[{\"@type\":\"WebPage\",\"@id\":\"https:\/\/buyck-displays.com\/fr\/presentoir-de-comptoir-perfore-bu950\",\"url\":\"https:\/\/buyck-displays.com\/fr\/presentoir-de-comptoir-perfore-bu950\",\"name\":\"Pr\u00e9sentoir de comptoir perfor\u00e9 - Buyck Displays - Broches amovibles\",\"isPartOf\":{\"@id\":\"https:\/\/buyck-displays.com\/fr\/#website\"},\"primaryImageOfPage\":{\"@id\":\"https:\/\/buyck-displays.com\/fr\/presentoir-de-comptoir-perfore-bu950#primaryimage\"},\"image\":{\"@id\":\"https:\/\/buyck-displays.com\/fr\/presentoir-de-comptoir-perfore-bu950#primaryimage\"},\"thumbnailUrl\":\"https:\/\/buyck-displays.com\/wp-content\/uploads\/2017\/04\/BU950-1.jpg\",\"datePublished\":\"2017-04-03T12:32:21+00:00\",\"dateModified\":\"2023-11-22T10:28:33+00:00\",\"description\":\"Pr\u00e9sentoir de comptoir en t\u00f4le perfor\u00e9e pour les broches amovibles. Id\u00e9al pour la pr\u00e9sentation de petits blisters ou d'aimants.\",\"breadcrumb\":{\"@id\":\"https:\/\/buyck-displays.com\/fr\/presentoir-de-comptoir-perfore-bu950#breadcrumb\"},\"inLanguage\":\"fr-FR\",\"potentialAction\":[{\"@type\":\"ReadAction\",\"target\":[\"https:\/\/buyck-displays.com\/fr\/presentoir-de-comptoir-perfore-bu950\"]}]},{\"@type\":\"ImageObject\",\"inLanguage\":\"fr-FR\",\"@id\":\"https:\/\/buyck-displays.com\/fr\/presentoir-de-comptoir-perfore-bu950#primaryimage\",\"url\":\"https:\/\/buyck-displays.com\/wp-content\/uploads\/2017\/04\/BU950-1.jpg\",\"contentUrl\":\"https:\/\/buyck-displays.com\/wp-content\/uploads\/2017\/04\/BU950-1.jpg\",\"width\":374,\"height\":510,\"caption\":\"presentoir pour broches - buyck displays - BU950\"},{\"@type\":\"BreadcrumbList\",\"@id\":\"https:\/\/buyck-displays.com\/fr\/presentoir-de-comptoir-perfore-bu950#breadcrumb\",\"itemListElement\":[{\"@type\":\"ListItem\",\"position\":1,\"name\":\"Home\",\"item\":\"https:\/\/buyck-displays.com\/fr\"},{\"@type\":\"ListItem\",\"position\":2,\"name\":\"Displays\",\"item\":\"https:\/\/buyck-displays.com\/fr\/produits\"},{\"@type\":\"ListItem\",\"position\":3,\"name\":\"Pr\u00e9sentoir de comptoir perfor\u00e9\"}]},{\"@type\":\"WebSite\",\"@id\":\"https:\/\/buyck-displays.com\/fr\/#website\",\"url\":\"https:\/\/buyck-displays.com\/fr\/\",\"name\":\"Buyck Displays\",\"description\":\"Standaard en Maatwerk Displays\",\"potentialAction\":[{\"@type\":\"SearchAction\",\"target\":{\"@type\":\"EntryPoint\",\"urlTemplate\":\"https:\/\/buyck-displays.com\/fr\/?s={search_term_string}\"},\"query-input\":{\"@type\":\"PropertyValueSpecification\",\"valueRequired\":true,\"valueName\":\"search_term_string\"}}],\"inLanguage\":\"fr-FR\"}]}<\/script>\n<!-- \/ Yoast SEO plugin. -->","yoast_head_json":{"title":"Pr\u00e9sentoir de comptoir perfor\u00e9 - Buyck Displays - Broches amovibles","description":"Pr\u00e9sentoir de comptoir en t\u00f4le perfor\u00e9e pour les broches amovibles. Id\u00e9al pour la pr\u00e9sentation de petits blisters ou d'aimants.","robots":{"index":"index","follow":"follow","max-snippet":"max-snippet:-1","max-image-preview":"max-image-preview:large","max-video-preview":"max-video-preview:-1"},"canonical":"https:\/\/buyck-displays.com\/fr\/presentoir-de-comptoir-perfore-bu950","og_locale":"fr_FR","og_type":"article","og_title":"Pr\u00e9sentoir de comptoir perfor\u00e9 - Buyck Displays - Broches amovibles","og_description":"Pr\u00e9sentoir de comptoir en t\u00f4le perfor\u00e9e pour les broches amovibles. Id\u00e9al pour la pr\u00e9sentation de petits blisters ou d'aimants.","og_url":"https:\/\/buyck-displays.com\/fr\/presentoir-de-comptoir-perfore-bu950","og_site_name":"Buyck Displays","article_modified_time":"2023-11-22T10:28:33+00:00","og_image":[{"width":374,"height":510,"url":"https:\/\/buyck-displays.com\/wp-content\/uploads\/2017\/04\/BU950-1.jpg","type":"image\/jpeg"}],"twitter_card":"summary_large_image","twitter_misc":{"Dur\u00e9e de lecture estim\u00e9e":"1 minute"},"schema":{"@context":"https:\/\/schema.org","@graph":[{"@type":"WebPage","@id":"https:\/\/buyck-displays.com\/fr\/presentoir-de-comptoir-perfore-bu950","url":"https:\/\/buyck-displays.com\/fr\/presentoir-de-comptoir-perfore-bu950","name":"Pr\u00e9sentoir de comptoir perfor\u00e9 - Buyck Displays - Broches amovibles","isPartOf":{"@id":"https:\/\/buyck-displays.com\/fr\/#website"},"primaryImageOfPage":{"@id":"https:\/\/buyck-displays.com\/fr\/presentoir-de-comptoir-perfore-bu950#primaryimage"},"image":{"@id":"https:\/\/buyck-displays.com\/fr\/presentoir-de-comptoir-perfore-bu950#primaryimage"},"thumbnailUrl":"https:\/\/buyck-displays.com\/wp-content\/uploads\/2017\/04\/BU950-1.jpg","datePublished":"2017-04-03T12:32:21+00:00","dateModified":"2023-11-22T10:28:33+00:00","description":"Pr\u00e9sentoir de comptoir en t\u00f4le perfor\u00e9e pour les broches amovibles. Id\u00e9al pour la pr\u00e9sentation de petits blisters ou d'aimants.","breadcrumb":{"@id":"https:\/\/buyck-displays.com\/fr\/presentoir-de-comptoir-perfore-bu950#breadcrumb"},"inLanguage":"fr-FR","potentialAction":[{"@type":"ReadAction","target":["https:\/\/buyck-displays.com\/fr\/presentoir-de-comptoir-perfore-bu950"]}]},{"@type":"ImageObject","inLanguage":"fr-FR","@id":"https:\/\/buyck-displays.com\/fr\/presentoir-de-comptoir-perfore-bu950#primaryimage","url":"https:\/\/buyck-displays.com\/wp-content\/uploads\/2017\/04\/BU950-1.jpg","contentUrl":"https:\/\/buyck-displays.com\/wp-content\/uploads\/2017\/04\/BU950-1.jpg","width":374,"height":510,"caption":"presentoir pour broches - buyck displays - BU950"},{"@type":"BreadcrumbList","@id":"https:\/\/buyck-displays.com\/fr\/presentoir-de-comptoir-perfore-bu950#breadcrumb","itemListElement":[{"@type":"ListItem","position":1,"name":"Home","item":"https:\/\/buyck-displays.com\/fr"},{"@type":"ListItem","position":2,"name":"Displays","item":"https:\/\/buyck-displays.com\/fr\/produits"},{"@type":"ListItem","position":3,"name":"Pr\u00e9sentoir de comptoir perfor\u00e9"}]},{"@type":"WebSite","@id":"https:\/\/buyck-displays.com\/fr\/#website","url":"https:\/\/buyck-displays.com\/fr\/","name":"Buyck Displays","description":"Standaard en Maatwerk Displays","potentialAction":[{"@type":"SearchAction","target":{"@type":"EntryPoint","urlTemplate":"https:\/\/buyck-displays.com\/fr\/?s={search_term_string}"},"query-input":{"@type":"PropertyValueSpecification","valueRequired":true,"valueName":"search_term_string"}}],"inLanguage":"fr-FR"}]}},"_links":{"self":[{"href":"https:\/\/buyck-displays.com\/fr\/wp-json\/wp\/v2\/product\/54798","targetHints":{"allow":["GET"]}}],"collection":[{"href":"https:\/\/buyck-displays.com\/fr\/wp-json\/wp\/v2\/product"}],"about":[{"href":"https:\/\/buyck-displays.com\/fr\/wp-json\/wp\/v2\/types\/product"}],"replies":[{"embeddable":true,"href":"https:\/\/buyck-displays.com\/fr\/wp-json\/wp\/v2\/comments?post=54798"}],"wp:featuredmedia":[{"embeddable":true,"href":"https:\/\/buyck-displays.com\/fr\/wp-json\/wp\/v2\/media\/66121"}],"wp:attachment":[{"href":"https:\/\/buyck-displays.com\/fr\/wp-json\/wp\/v2\/media?parent=54798"}],"wp:term":[{"taxonomy":"product_brand","embeddable":true,"href":"https:\/\/buyck-displays.com\/fr\/wp-json\/wp\/v2\/product_brand?post=54798"},{"taxonomy":"product_cat","embeddable":true,"href":"https:\/\/buyck-displays.com\/fr\/wp-json\/wp\/v2\/product_cat?post=54798"},{"taxonomy":"product_tag","embeddable":true,"href":"https:\/\/buyck-displays.com\/fr\/wp-json\/wp\/v2\/product_tag?post=54798"}],"curies":[{"name":"wp","href":"https:\/\/api.w.org\/{rel}","templated":true}]}}