{"id":54752,"date":"2017-04-03T14:19:53","date_gmt":"2017-04-03T12:19:53","guid":{"rendered":"http:\/\/shipyard.intago.eu\/buyckdisplays\/product\/vloerdisplay-voor-haken\/"},"modified":"2024-12-23T09:48:13","modified_gmt":"2024-12-23T08:48:13","slug":"presentoir-en-tole-perforee-bu930","status":"publish","type":"product","link":"https:\/\/buyck-displays.com\/fr\/presentoir-en-tole-perforee-bu930","title":{"rendered":"Pr\u00e9sentoir en t\u00f4le perfor\u00e9e"},"content":{"rendered":"<p>Il s&rsquo;agit d&rsquo;un magnifique pr\u00e9sentoir de sol avec 4 t\u00f4les perfor\u00e9es pour les broches amovibles. Vous pouvez d\u00e9cider vous-m\u00eame o\u00f9 placer les broches, en fonction de la taille des articles \u00e0 pr\u00e9senter. Vous pouvez \u00e9galement utiliser ce pr\u00e9sentoir pour la pr\u00e9sentation d&rsquo;aimants. Les <a href=\"https:\/\/buyck-displays.com\/fr\/presentoirs\/presentoirs-standard\/presentoirs-avec-broches-fr\/broches\"><span style=\"color: #3366ff;\"><strong>broches<\/strong><\/span><\/a> amovibles peuvent \u00eatre command\u00e9s s\u00e9par\u00e9ment.<\/p>\n<p><strong>Informations sur le produit :<\/strong><\/p>\n<ul>\n<li>dimensions:\n<ul>\n<li>hauteur totale: 175 cm<\/li>\n<li>cage:\n<ul>\n<li>hauteur: 124 cm<\/li>\n<li>largeur: 30 cm x 30 cm<\/li>\n<\/ul>\n<\/li>\n<li>diam\u00e8tre de la base : 60 cm<\/li>\n<\/ul>\n<\/li>\n<li>carr\u00e9 (4 c\u00f4t\u00e9s)<\/li>\n<li>rotatif<\/li>\n<li>sur 5 roues en <strong>caoutchouc<\/strong><\/li>\n<li>couleur standard : gris argent\u00e9\n<ul>\n<li>\u00e9galement disponible en noir. Voir : <span style=\"color: #3366ff;\"><a style=\"color: #3366ff;\" href=\"https:\/\/buyck-displays.com\/fr\/presentoir-en-tole-perforee-bu930-b\"><strong>BU930-B<\/strong><\/a><\/span><\/li>\n<\/ul>\n<\/li>\n<li>emballage :\n<ul>\n<li>2 paquets<\/li>\n<li>dimensions :\n<ul>\n<li>126 cm x 36 cm x 5 cm<\/li>\n<li>58 cm x 27 cm x 60 cm<\/li>\n<\/ul>\n<\/li>\n<\/ul>\n<\/li>\n<\/ul>\n","protected":false},"excerpt":{"rendered":"<p>Il s&rsquo;agit d&rsquo;un magnifique pr\u00e9sentoir de sol avec 4 t\u00f4les perfor\u00e9es pour les broches amovibles. Vous pouvez d\u00e9cider vous-m\u00eame o\u00f9 placer les broches, en fonction de la taille des articles \u00e0 pr\u00e9senter. Vous pouvez \u00e9galement utiliser ce pr\u00e9sentoir pour la pr\u00e9sentation d&rsquo;aimants. Les broches amovibles peuvent \u00eatre command\u00e9s s\u00e9par\u00e9ment. Informations sur le produit : dimensions: &hellip; <a href=\"https:\/\/buyck-displays.com\/fr\/presentoir-en-tole-perforee-bu930\">Suite<\/a><\/p>\n","protected":false},"featured_media":65832,"comment_status":"closed","ping_status":"closed","template":"","meta":{"_acf_changed":false},"product_brand":[],"product_cat":[363,373,361,575],"product_tag":[],"class_list":{"0":"post-54752","1":"product","2":"type-product","3":"status-publish","4":"has-post-thumbnail","6":"product_cat-presentoirs-a-cadeaux","7":"product_cat-presentoirs-avec-broches-fr","8":"product_cat-presentoirs-standard","9":"product_cat-presentoirs-pour-aimants-fr","11":"first","12":"instock","13":"taxable","14":"shipping-taxable","15":"purchasable","16":"product-type-simple"},"acf":[],"yoast_head":"<!-- This site is optimized with the Yoast SEO plugin v27.6 - https:\/\/yoast.com\/product\/yoast-seo-wordpress\/ -->\n<title>Pr\u00e9sentoir en t\u00f4le perfor\u00e9e - Buyck Displays - Pr\u00e9sentoir de sol<\/title>\n<meta name=\"description\" content=\"Avec ce pr\u00e9sentoir en t\u00f4le perfor\u00e9e, vous pouvez composer votre propre pr\u00e9sentoir id\u00e9al avec des broches amovibles pour tous vos blisters.\" \/>\n<meta name=\"robots\" content=\"index, follow, max-snippet:-1, max-image-preview:large, max-video-preview:-1\" \/>\n<link rel=\"canonical\" href=\"https:\/\/buyck-displays.com\/fr\/presentoir-en-tole-perforee-bu930\" \/>\n<meta property=\"og:locale\" content=\"fr_FR\" \/>\n<meta property=\"og:type\" content=\"article\" \/>\n<meta property=\"og:title\" content=\"Pr\u00e9sentoir en t\u00f4le perfor\u00e9e - Buyck Displays - Pr\u00e9sentoir de sol\" \/>\n<meta property=\"og:description\" content=\"Avec ce pr\u00e9sentoir en t\u00f4le perfor\u00e9e, vous pouvez composer votre propre pr\u00e9sentoir id\u00e9al avec des broches amovibles pour tous vos blisters.\" \/>\n<meta property=\"og:url\" content=\"https:\/\/buyck-displays.com\/fr\/presentoir-en-tole-perforee-bu930\" \/>\n<meta property=\"og:site_name\" content=\"Buyck Displays\" \/>\n<meta property=\"article:modified_time\" content=\"2024-12-23T08:48:13+00:00\" \/>\n<meta property=\"og:image\" content=\"https:\/\/buyck-displays.com\/wp-content\/uploads\/2017\/04\/BU930-1.jpg\" \/>\n\t<meta property=\"og:image:width\" content=\"1850\" \/>\n\t<meta property=\"og:image:height\" content=\"2378\" \/>\n\t<meta property=\"og:image:type\" content=\"image\/jpeg\" \/>\n<meta name=\"twitter:card\" content=\"summary_large_image\" \/>\n<meta name=\"twitter:label1\" content=\"Dur\u00e9e de lecture estim\u00e9e\" \/>\n\t<meta name=\"twitter:data1\" content=\"1 minute\" \/>\n<script type=\"application\/ld+json\" class=\"yoast-schema-graph\">{\"@context\":\"https:\\\/\\\/schema.org\",\"@graph\":[{\"@type\":\"WebPage\",\"@id\":\"https:\\\/\\\/buyck-displays.com\\\/fr\\\/presentoir-en-tole-perforee-bu930\",\"url\":\"https:\\\/\\\/buyck-displays.com\\\/fr\\\/presentoir-en-tole-perforee-bu930\",\"name\":\"Pr\u00e9sentoir en t\u00f4le perfor\u00e9e - Buyck Displays - Pr\u00e9sentoir de sol\",\"isPartOf\":{\"@id\":\"https:\\\/\\\/buyck-displays.com\\\/fr\\\/#website\"},\"primaryImageOfPage\":{\"@id\":\"https:\\\/\\\/buyck-displays.com\\\/fr\\\/presentoir-en-tole-perforee-bu930#primaryimage\"},\"image\":{\"@id\":\"https:\\\/\\\/buyck-displays.com\\\/fr\\\/presentoir-en-tole-perforee-bu930#primaryimage\"},\"thumbnailUrl\":\"https:\\\/\\\/buyck-displays.com\\\/wp-content\\\/uploads\\\/2017\\\/04\\\/BU930-1.jpg\",\"datePublished\":\"2017-04-03T12:19:53+00:00\",\"dateModified\":\"2024-12-23T08:48:13+00:00\",\"description\":\"Avec ce pr\u00e9sentoir en t\u00f4le perfor\u00e9e, vous pouvez composer votre propre pr\u00e9sentoir id\u00e9al avec des broches amovibles pour tous vos blisters.\",\"breadcrumb\":{\"@id\":\"https:\\\/\\\/buyck-displays.com\\\/fr\\\/presentoir-en-tole-perforee-bu930#breadcrumb\"},\"inLanguage\":\"fr-FR\",\"potentialAction\":[{\"@type\":\"ReadAction\",\"target\":[\"https:\\\/\\\/buyck-displays.com\\\/fr\\\/presentoir-en-tole-perforee-bu930\"]}]},{\"@type\":\"ImageObject\",\"inLanguage\":\"fr-FR\",\"@id\":\"https:\\\/\\\/buyck-displays.com\\\/fr\\\/presentoir-en-tole-perforee-bu930#primaryimage\",\"url\":\"https:\\\/\\\/buyck-displays.com\\\/wp-content\\\/uploads\\\/2017\\\/04\\\/BU930-1.jpg\",\"contentUrl\":\"https:\\\/\\\/buyck-displays.com\\\/wp-content\\\/uploads\\\/2017\\\/04\\\/BU930-1.jpg\",\"width\":1850,\"height\":2378},{\"@type\":\"BreadcrumbList\",\"@id\":\"https:\\\/\\\/buyck-displays.com\\\/fr\\\/presentoir-en-tole-perforee-bu930#breadcrumb\",\"itemListElement\":[{\"@type\":\"ListItem\",\"position\":1,\"name\":\"Home\",\"item\":\"https:\\\/\\\/buyck-displays.com\\\/fr\"},{\"@type\":\"ListItem\",\"position\":2,\"name\":\"Displays\",\"item\":\"https:\\\/\\\/buyck-displays.com\\\/fr\\\/produits\"},{\"@type\":\"ListItem\",\"position\":3,\"name\":\"Pr\u00e9sentoir en t\u00f4le perfor\u00e9e\"}]},{\"@type\":\"WebSite\",\"@id\":\"https:\\\/\\\/buyck-displays.com\\\/fr\\\/#website\",\"url\":\"https:\\\/\\\/buyck-displays.com\\\/fr\\\/\",\"name\":\"Buyck Displays\",\"description\":\"Standaard en Maatwerk Displays\",\"potentialAction\":[{\"@type\":\"SearchAction\",\"target\":{\"@type\":\"EntryPoint\",\"urlTemplate\":\"https:\\\/\\\/buyck-displays.com\\\/fr\\\/?s={search_term_string}\"},\"query-input\":{\"@type\":\"PropertyValueSpecification\",\"valueRequired\":true,\"valueName\":\"search_term_string\"}}],\"inLanguage\":\"fr-FR\"}]}<\/script>\n<!-- \/ Yoast SEO plugin. -->","yoast_head_json":{"title":"Pr\u00e9sentoir en t\u00f4le perfor\u00e9e - Buyck Displays - Pr\u00e9sentoir de sol","description":"Avec ce pr\u00e9sentoir en t\u00f4le perfor\u00e9e, vous pouvez composer votre propre pr\u00e9sentoir id\u00e9al avec des broches amovibles pour tous vos blisters.","robots":{"index":"index","follow":"follow","max-snippet":"max-snippet:-1","max-image-preview":"max-image-preview:large","max-video-preview":"max-video-preview:-1"},"canonical":"https:\/\/buyck-displays.com\/fr\/presentoir-en-tole-perforee-bu930","og_locale":"fr_FR","og_type":"article","og_title":"Pr\u00e9sentoir en t\u00f4le perfor\u00e9e - Buyck Displays - Pr\u00e9sentoir de sol","og_description":"Avec ce pr\u00e9sentoir en t\u00f4le perfor\u00e9e, vous pouvez composer votre propre pr\u00e9sentoir id\u00e9al avec des broches amovibles pour tous vos blisters.","og_url":"https:\/\/buyck-displays.com\/fr\/presentoir-en-tole-perforee-bu930","og_site_name":"Buyck Displays","article_modified_time":"2024-12-23T08:48:13+00:00","og_image":[{"width":1850,"height":2378,"url":"https:\/\/buyck-displays.com\/wp-content\/uploads\/2017\/04\/BU930-1.jpg","type":"image\/jpeg"}],"twitter_card":"summary_large_image","twitter_misc":{"Dur\u00e9e de lecture estim\u00e9e":"1 minute"},"schema":{"@context":"https:\/\/schema.org","@graph":[{"@type":"WebPage","@id":"https:\/\/buyck-displays.com\/fr\/presentoir-en-tole-perforee-bu930","url":"https:\/\/buyck-displays.com\/fr\/presentoir-en-tole-perforee-bu930","name":"Pr\u00e9sentoir en t\u00f4le perfor\u00e9e - Buyck Displays - Pr\u00e9sentoir de sol","isPartOf":{"@id":"https:\/\/buyck-displays.com\/fr\/#website"},"primaryImageOfPage":{"@id":"https:\/\/buyck-displays.com\/fr\/presentoir-en-tole-perforee-bu930#primaryimage"},"image":{"@id":"https:\/\/buyck-displays.com\/fr\/presentoir-en-tole-perforee-bu930#primaryimage"},"thumbnailUrl":"https:\/\/buyck-displays.com\/wp-content\/uploads\/2017\/04\/BU930-1.jpg","datePublished":"2017-04-03T12:19:53+00:00","dateModified":"2024-12-23T08:48:13+00:00","description":"Avec ce pr\u00e9sentoir en t\u00f4le perfor\u00e9e, vous pouvez composer votre propre pr\u00e9sentoir id\u00e9al avec des broches amovibles pour tous vos blisters.","breadcrumb":{"@id":"https:\/\/buyck-displays.com\/fr\/presentoir-en-tole-perforee-bu930#breadcrumb"},"inLanguage":"fr-FR","potentialAction":[{"@type":"ReadAction","target":["https:\/\/buyck-displays.com\/fr\/presentoir-en-tole-perforee-bu930"]}]},{"@type":"ImageObject","inLanguage":"fr-FR","@id":"https:\/\/buyck-displays.com\/fr\/presentoir-en-tole-perforee-bu930#primaryimage","url":"https:\/\/buyck-displays.com\/wp-content\/uploads\/2017\/04\/BU930-1.jpg","contentUrl":"https:\/\/buyck-displays.com\/wp-content\/uploads\/2017\/04\/BU930-1.jpg","width":1850,"height":2378},{"@type":"BreadcrumbList","@id":"https:\/\/buyck-displays.com\/fr\/presentoir-en-tole-perforee-bu930#breadcrumb","itemListElement":[{"@type":"ListItem","position":1,"name":"Home","item":"https:\/\/buyck-displays.com\/fr"},{"@type":"ListItem","position":2,"name":"Displays","item":"https:\/\/buyck-displays.com\/fr\/produits"},{"@type":"ListItem","position":3,"name":"Pr\u00e9sentoir en t\u00f4le perfor\u00e9e"}]},{"@type":"WebSite","@id":"https:\/\/buyck-displays.com\/fr\/#website","url":"https:\/\/buyck-displays.com\/fr\/","name":"Buyck Displays","description":"Standaard en Maatwerk Displays","potentialAction":[{"@type":"SearchAction","target":{"@type":"EntryPoint","urlTemplate":"https:\/\/buyck-displays.com\/fr\/?s={search_term_string}"},"query-input":{"@type":"PropertyValueSpecification","valueRequired":true,"valueName":"search_term_string"}}],"inLanguage":"fr-FR"}]}},"_links":{"self":[{"href":"https:\/\/buyck-displays.com\/fr\/wp-json\/wp\/v2\/product\/54752","targetHints":{"allow":["GET"]}}],"collection":[{"href":"https:\/\/buyck-displays.com\/fr\/wp-json\/wp\/v2\/product"}],"about":[{"href":"https:\/\/buyck-displays.com\/fr\/wp-json\/wp\/v2\/types\/product"}],"replies":[{"embeddable":true,"href":"https:\/\/buyck-displays.com\/fr\/wp-json\/wp\/v2\/comments?post=54752"}],"wp:featuredmedia":[{"embeddable":true,"href":"https:\/\/buyck-displays.com\/fr\/wp-json\/wp\/v2\/media\/65832"}],"wp:attachment":[{"href":"https:\/\/buyck-displays.com\/fr\/wp-json\/wp\/v2\/media?parent=54752"}],"wp:term":[{"taxonomy":"product_brand","embeddable":true,"href":"https:\/\/buyck-displays.com\/fr\/wp-json\/wp\/v2\/product_brand?post=54752"},{"taxonomy":"product_cat","embeddable":true,"href":"https:\/\/buyck-displays.com\/fr\/wp-json\/wp\/v2\/product_cat?post=54752"},{"taxonomy":"product_tag","embeddable":true,"href":"https:\/\/buyck-displays.com\/fr\/wp-json\/wp\/v2\/product_tag?post=54752"}],"curies":[{"name":"wp","href":"https:\/\/api.w.org\/{rel}","templated":true}]}}