{"id":54732,"date":"2017-04-03T14:17:53","date_gmt":"2017-04-03T12:17:53","guid":{"rendered":"http:\/\/shipyard.intago.eu\/buyckdisplays\/product\/toonbankdisplay-voor-haken-2-zijdig-draaibaar\/"},"modified":"2024-10-17T11:05:34","modified_gmt":"2024-10-17T09:05:34","slug":"presentoir-de-comptoir-perfore-bu960","status":"publish","type":"product","link":"https:\/\/buyck-displays.com\/fr\/presentoir-de-comptoir-perfore-bu960","title":{"rendered":"Pr\u00e9sentoir de comptoir perfor\u00e9"},"content":{"rendered":"<p>Il s&rsquo;agit d&rsquo;un pr\u00e9sentoir de comptoir beau et pratique, compos\u00e9 de 2 t\u00f4les perfor\u00e9es pour les broches amovibles. Il repose sur une base solide et est facile \u00e0 faire pivoter. Id\u00e9al pour pr\u00e9senter les petits blisters, entre autres. Les broches amovibles vous permettent de cr\u00e9er vous-m\u00eame la disposition id\u00e9ale, en fonction de la taille des articles \u00e0 pr\u00e9senter. Ce pr\u00e9sentoir peut \u00e9galement \u00eatre utilis\u00e9 pour pr\u00e9senter des aimants. Les <span style=\"color: #3366ff;\"><strong><a style=\"color: #3366ff;\" href=\"https:\/\/buyck-displays.com\/fr\/presentoirs\/presentoirs-standard\/presentoirs-avec-broches-fr\/broches\">broches<\/a><\/strong><\/span> amovibles peuvent \u00eatre command\u00e9s s\u00e9par\u00e9ment.<\/p>\n<p><strong>Informations sur le produit :<\/strong><\/p>\n<ul>\n<li>dimensions:\n<ul>\n<li>hauteur totale: 60cm<\/li>\n<li>cage:\n<ul>\n<li>hauteur: 52 cm<\/li>\n<li>largeur: 35 cm<\/li>\n<\/ul>\n<\/li>\n<\/ul>\n<\/li>\n<li>\u00e9paisseur de la plaque : 2 mm<\/li>\n<li>2 c\u00f4t\u00e9s<\/li>\n<li>rotatif<\/li>\n<li>couleur standard: argent<\/li>\n<li>Emballage :\n<ul>\n<li>1 paquet : 64 cm x 40 cm x 40 cm<\/li>\n<\/ul>\n<\/li>\n<\/ul>\n","protected":false},"excerpt":{"rendered":"<p>Il s&rsquo;agit d&rsquo;un pr\u00e9sentoir de comptoir beau et pratique, compos\u00e9 de 2 t\u00f4les perfor\u00e9es pour les broches amovibles. Il repose sur une base solide et est facile \u00e0 faire pivoter. Id\u00e9al pour pr\u00e9senter les petits blisters, entre autres. Les broches amovibles vous permettent de cr\u00e9er vous-m\u00eame la disposition id\u00e9ale, en fonction de la taille des &hellip; <a href=\"https:\/\/buyck-displays.com\/fr\/presentoir-de-comptoir-perfore-bu960\">Suite<\/a><\/p>\n","protected":false},"featured_media":66060,"comment_status":"closed","ping_status":"closed","template":"","meta":{"_acf_changed":false},"product_brand":[],"product_cat":[361,373,575,363],"product_tag":[],"class_list":{"0":"post-54732","1":"product","2":"type-product","3":"status-publish","4":"has-post-thumbnail","6":"product_cat-presentoirs-standard","7":"product_cat-presentoirs-avec-broches-fr","8":"product_cat-presentoirs-pour-aimants-fr","9":"product_cat-presentoirs-a-cadeaux","11":"first","12":"instock","13":"taxable","14":"shipping-taxable","15":"purchasable","16":"product-type-simple"},"acf":[],"yoast_head":"<!-- This site is optimized with the Yoast SEO plugin v26.8 - https:\/\/yoast.com\/product\/yoast-seo-wordpress\/ -->\n<title>Pr\u00e9sentoir de comptoir perfor\u00e9 - Buyck Displays - Broches amovibles<\/title>\n<meta name=\"description\" content=\"Pr\u00e9sentoir de comptoir en t\u00f4le perfor\u00e9e pour les broches amovibles. Id\u00e9al pour la pr\u00e9sentation de petits blisters ou d&#039;aimants.\" \/>\n<meta name=\"robots\" content=\"index, follow, max-snippet:-1, max-image-preview:large, max-video-preview:-1\" \/>\n<link rel=\"canonical\" href=\"https:\/\/buyck-displays.com\/fr\/presentoir-de-comptoir-perfore-bu960\" \/>\n<meta property=\"og:locale\" content=\"fr_FR\" \/>\n<meta property=\"og:type\" content=\"article\" \/>\n<meta property=\"og:title\" content=\"Pr\u00e9sentoir de comptoir perfor\u00e9 - Buyck Displays - Broches amovibles\" \/>\n<meta property=\"og:description\" content=\"Pr\u00e9sentoir de comptoir en t\u00f4le perfor\u00e9e pour les broches amovibles. Id\u00e9al pour la pr\u00e9sentation de petits blisters ou d&#039;aimants.\" \/>\n<meta property=\"og:url\" content=\"https:\/\/buyck-displays.com\/fr\/presentoir-de-comptoir-perfore-bu960\" \/>\n<meta property=\"og:site_name\" content=\"Buyck Displays\" \/>\n<meta property=\"article:modified_time\" content=\"2024-10-17T09:05:34+00:00\" \/>\n<meta property=\"og:image\" content=\"https:\/\/buyck-displays.com\/wp-content\/uploads\/2017\/04\/BU960-1.jpg\" \/>\n\t<meta property=\"og:image:width\" content=\"1850\" \/>\n\t<meta property=\"og:image:height\" content=\"2520\" \/>\n\t<meta property=\"og:image:type\" content=\"image\/jpeg\" \/>\n<meta name=\"twitter:card\" content=\"summary_large_image\" \/>\n<meta name=\"twitter:label1\" content=\"Dur\u00e9e de lecture estim\u00e9e\" \/>\n\t<meta name=\"twitter:data1\" content=\"1 minute\" \/>\n<script type=\"application\/ld+json\" class=\"yoast-schema-graph\">{\"@context\":\"https:\/\/schema.org\",\"@graph\":[{\"@type\":\"WebPage\",\"@id\":\"https:\/\/buyck-displays.com\/fr\/presentoir-de-comptoir-perfore-bu960\",\"url\":\"https:\/\/buyck-displays.com\/fr\/presentoir-de-comptoir-perfore-bu960\",\"name\":\"Pr\u00e9sentoir de comptoir perfor\u00e9 - Buyck Displays - Broches amovibles\",\"isPartOf\":{\"@id\":\"https:\/\/buyck-displays.com\/fr\/#website\"},\"primaryImageOfPage\":{\"@id\":\"https:\/\/buyck-displays.com\/fr\/presentoir-de-comptoir-perfore-bu960#primaryimage\"},\"image\":{\"@id\":\"https:\/\/buyck-displays.com\/fr\/presentoir-de-comptoir-perfore-bu960#primaryimage\"},\"thumbnailUrl\":\"https:\/\/buyck-displays.com\/wp-content\/uploads\/2017\/04\/BU960-1.jpg\",\"datePublished\":\"2017-04-03T12:17:53+00:00\",\"dateModified\":\"2024-10-17T09:05:34+00:00\",\"description\":\"Pr\u00e9sentoir de comptoir en t\u00f4le perfor\u00e9e pour les broches amovibles. Id\u00e9al pour la pr\u00e9sentation de petits blisters ou d'aimants.\",\"breadcrumb\":{\"@id\":\"https:\/\/buyck-displays.com\/fr\/presentoir-de-comptoir-perfore-bu960#breadcrumb\"},\"inLanguage\":\"fr-FR\",\"potentialAction\":[{\"@type\":\"ReadAction\",\"target\":[\"https:\/\/buyck-displays.com\/fr\/presentoir-de-comptoir-perfore-bu960\"]}]},{\"@type\":\"ImageObject\",\"inLanguage\":\"fr-FR\",\"@id\":\"https:\/\/buyck-displays.com\/fr\/presentoir-de-comptoir-perfore-bu960#primaryimage\",\"url\":\"https:\/\/buyck-displays.com\/wp-content\/uploads\/2017\/04\/BU960-1.jpg\",\"contentUrl\":\"https:\/\/buyck-displays.com\/wp-content\/uploads\/2017\/04\/BU960-1.jpg\",\"width\":1850,\"height\":2520,\"caption\":\"presentoir pour broches - buyck displays - BU960\"},{\"@type\":\"BreadcrumbList\",\"@id\":\"https:\/\/buyck-displays.com\/fr\/presentoir-de-comptoir-perfore-bu960#breadcrumb\",\"itemListElement\":[{\"@type\":\"ListItem\",\"position\":1,\"name\":\"Home\",\"item\":\"https:\/\/buyck-displays.com\/fr\"},{\"@type\":\"ListItem\",\"position\":2,\"name\":\"Displays\",\"item\":\"https:\/\/buyck-displays.com\/fr\/produits\"},{\"@type\":\"ListItem\",\"position\":3,\"name\":\"Pr\u00e9sentoir de comptoir perfor\u00e9\"}]},{\"@type\":\"WebSite\",\"@id\":\"https:\/\/buyck-displays.com\/fr\/#website\",\"url\":\"https:\/\/buyck-displays.com\/fr\/\",\"name\":\"Buyck Displays\",\"description\":\"Standaard en Maatwerk Displays\",\"potentialAction\":[{\"@type\":\"SearchAction\",\"target\":{\"@type\":\"EntryPoint\",\"urlTemplate\":\"https:\/\/buyck-displays.com\/fr\/?s={search_term_string}\"},\"query-input\":{\"@type\":\"PropertyValueSpecification\",\"valueRequired\":true,\"valueName\":\"search_term_string\"}}],\"inLanguage\":\"fr-FR\"}]}<\/script>\n<!-- \/ Yoast SEO plugin. -->","yoast_head_json":{"title":"Pr\u00e9sentoir de comptoir perfor\u00e9 - Buyck Displays - Broches amovibles","description":"Pr\u00e9sentoir de comptoir en t\u00f4le perfor\u00e9e pour les broches amovibles. Id\u00e9al pour la pr\u00e9sentation de petits blisters ou d'aimants.","robots":{"index":"index","follow":"follow","max-snippet":"max-snippet:-1","max-image-preview":"max-image-preview:large","max-video-preview":"max-video-preview:-1"},"canonical":"https:\/\/buyck-displays.com\/fr\/presentoir-de-comptoir-perfore-bu960","og_locale":"fr_FR","og_type":"article","og_title":"Pr\u00e9sentoir de comptoir perfor\u00e9 - Buyck Displays - Broches amovibles","og_description":"Pr\u00e9sentoir de comptoir en t\u00f4le perfor\u00e9e pour les broches amovibles. Id\u00e9al pour la pr\u00e9sentation de petits blisters ou d'aimants.","og_url":"https:\/\/buyck-displays.com\/fr\/presentoir-de-comptoir-perfore-bu960","og_site_name":"Buyck Displays","article_modified_time":"2024-10-17T09:05:34+00:00","og_image":[{"width":1850,"height":2520,"url":"https:\/\/buyck-displays.com\/wp-content\/uploads\/2017\/04\/BU960-1.jpg","type":"image\/jpeg"}],"twitter_card":"summary_large_image","twitter_misc":{"Dur\u00e9e de lecture estim\u00e9e":"1 minute"},"schema":{"@context":"https:\/\/schema.org","@graph":[{"@type":"WebPage","@id":"https:\/\/buyck-displays.com\/fr\/presentoir-de-comptoir-perfore-bu960","url":"https:\/\/buyck-displays.com\/fr\/presentoir-de-comptoir-perfore-bu960","name":"Pr\u00e9sentoir de comptoir perfor\u00e9 - Buyck Displays - Broches amovibles","isPartOf":{"@id":"https:\/\/buyck-displays.com\/fr\/#website"},"primaryImageOfPage":{"@id":"https:\/\/buyck-displays.com\/fr\/presentoir-de-comptoir-perfore-bu960#primaryimage"},"image":{"@id":"https:\/\/buyck-displays.com\/fr\/presentoir-de-comptoir-perfore-bu960#primaryimage"},"thumbnailUrl":"https:\/\/buyck-displays.com\/wp-content\/uploads\/2017\/04\/BU960-1.jpg","datePublished":"2017-04-03T12:17:53+00:00","dateModified":"2024-10-17T09:05:34+00:00","description":"Pr\u00e9sentoir de comptoir en t\u00f4le perfor\u00e9e pour les broches amovibles. Id\u00e9al pour la pr\u00e9sentation de petits blisters ou d'aimants.","breadcrumb":{"@id":"https:\/\/buyck-displays.com\/fr\/presentoir-de-comptoir-perfore-bu960#breadcrumb"},"inLanguage":"fr-FR","potentialAction":[{"@type":"ReadAction","target":["https:\/\/buyck-displays.com\/fr\/presentoir-de-comptoir-perfore-bu960"]}]},{"@type":"ImageObject","inLanguage":"fr-FR","@id":"https:\/\/buyck-displays.com\/fr\/presentoir-de-comptoir-perfore-bu960#primaryimage","url":"https:\/\/buyck-displays.com\/wp-content\/uploads\/2017\/04\/BU960-1.jpg","contentUrl":"https:\/\/buyck-displays.com\/wp-content\/uploads\/2017\/04\/BU960-1.jpg","width":1850,"height":2520,"caption":"presentoir pour broches - buyck displays - BU960"},{"@type":"BreadcrumbList","@id":"https:\/\/buyck-displays.com\/fr\/presentoir-de-comptoir-perfore-bu960#breadcrumb","itemListElement":[{"@type":"ListItem","position":1,"name":"Home","item":"https:\/\/buyck-displays.com\/fr"},{"@type":"ListItem","position":2,"name":"Displays","item":"https:\/\/buyck-displays.com\/fr\/produits"},{"@type":"ListItem","position":3,"name":"Pr\u00e9sentoir de comptoir perfor\u00e9"}]},{"@type":"WebSite","@id":"https:\/\/buyck-displays.com\/fr\/#website","url":"https:\/\/buyck-displays.com\/fr\/","name":"Buyck Displays","description":"Standaard en Maatwerk Displays","potentialAction":[{"@type":"SearchAction","target":{"@type":"EntryPoint","urlTemplate":"https:\/\/buyck-displays.com\/fr\/?s={search_term_string}"},"query-input":{"@type":"PropertyValueSpecification","valueRequired":true,"valueName":"search_term_string"}}],"inLanguage":"fr-FR"}]}},"_links":{"self":[{"href":"https:\/\/buyck-displays.com\/fr\/wp-json\/wp\/v2\/product\/54732","targetHints":{"allow":["GET"]}}],"collection":[{"href":"https:\/\/buyck-displays.com\/fr\/wp-json\/wp\/v2\/product"}],"about":[{"href":"https:\/\/buyck-displays.com\/fr\/wp-json\/wp\/v2\/types\/product"}],"replies":[{"embeddable":true,"href":"https:\/\/buyck-displays.com\/fr\/wp-json\/wp\/v2\/comments?post=54732"}],"wp:featuredmedia":[{"embeddable":true,"href":"https:\/\/buyck-displays.com\/fr\/wp-json\/wp\/v2\/media\/66060"}],"wp:attachment":[{"href":"https:\/\/buyck-displays.com\/fr\/wp-json\/wp\/v2\/media?parent=54732"}],"wp:term":[{"taxonomy":"product_brand","embeddable":true,"href":"https:\/\/buyck-displays.com\/fr\/wp-json\/wp\/v2\/product_brand?post=54732"},{"taxonomy":"product_cat","embeddable":true,"href":"https:\/\/buyck-displays.com\/fr\/wp-json\/wp\/v2\/product_cat?post=54732"},{"taxonomy":"product_tag","embeddable":true,"href":"https:\/\/buyck-displays.com\/fr\/wp-json\/wp\/v2\/product_tag?post=54732"}],"curies":[{"name":"wp","href":"https:\/\/api.w.org\/{rel}","templated":true}]}}