{"id":54705,"date":"2017-04-03T14:14:30","date_gmt":"2017-04-03T12:14:30","guid":{"rendered":"http:\/\/shipyard.intago.eu\/buyckdisplays\/product\/metalen-netdisplay-voor-haken\/"},"modified":"2025-01-13T15:49:14","modified_gmt":"2025-01-13T14:49:14","slug":"presentoir-grille-pw004","status":"publish","type":"product","link":"https:\/\/buyck-displays.com\/fr\/presentoir-grille-pw004","title":{"rendered":"Pr\u00e9sentoir grille"},"content":{"rendered":"<div>\n<p>Pr\u00e9sentoir \u00e0 grille en m\u00e9tal laqu\u00e9 blanc pour broches amovibles. Les broches amovibles vous permettent de choisir la disposition de ce pr\u00e9sentoir en fonction des articles \u00e0 pr\u00e9senter. Id\u00e9al pour pr\u00e9senter tous vos articles sous blister ou autres produits suspendus de mani\u00e8re attractive et pratique. Ce pr\u00e9sentoir repose sur 4 roues, ce qui le rend facile \u00e0 d\u00e9placer. Les <span style=\"color: #3366ff;\"><strong><a style=\"color: #3366ff;\" href=\"https:\/\/buyck-displays.com\/fr\/displays\/presentoirs-standard\/presentoirs-avec-broches-fr\/broches\">broches amovibles<\/a><\/strong><\/span>\u00a0peuvent \u00eatre command\u00e9s s\u00e9par\u00e9ment.<\/p>\n<p><strong>OPTION :<\/strong><\/p>\n<p><strong>Paniers pour pr\u00e9sentoirs en filet<\/strong> : outre les crochets amovibles, nous proposons \u00e9galement 2 tailles de paniers amovibles dans notre gamme, \u00e0 savoir 1 de\u00a0<span style=\"color: #3366ff;\"><strong><a style=\"color: #3366ff;\" href=\"https:\/\/buyck-displays.com\/fr\/panier-pour-presentoir-grille-bb-1904-18-29\">30 cm de largeur<\/a><\/strong><\/span>\u00a0et 1 de\u00a0<span style=\"color: #3366ff;\"><a style=\"color: #3366ff;\" href=\"https:\/\/buyck-displays.com\/fr\/panier-pour-presentoir-grille-kp2105\"><strong>60 cm de largeur<\/strong><\/a><\/span>. Cela vous permet de cr\u00e9er encore plus de possibilit\u00e9s de pr\u00e9sentation avec un seul pr\u00e9sentoir.<\/p>\n<p>&nbsp;<\/p>\n<\/div>\n<div>\n<p><strong>Informations sur le produit<\/strong>\u00a0:<\/p>\n<\/div>\n<ul>\n<li>dimensions:\n<ul>\n<li>hauteur: 185 cm<\/li>\n<li>largeur: 65 cm<\/li>\n<li>profondeur (pied): 52,5 cm<\/li>\n<li>grille: bo\u00eetes de grille horizontales de 10 cm x 2,5 cm<\/li>\n<\/ul>\n<\/li>\n<li>les <span style=\"color: #3366ff;\"><a style=\"color: #3366ff;\" href=\"https:\/\/buyck-displays.com\/fr\/presentoirs\/presentoirs-standard\/presentoirs-avec-broches-fr\/broches\"><strong>broches et les paniers<\/strong><\/a><\/span> peuvent \u00eatre command\u00e9s s\u00e9par\u00e9ment<\/li>\n<li>sur 4 roues en plastique<\/li>\n<li>avec porte-logo<\/li>\n<li>d\u00e9montable<\/li>\n<li>couleur en stock: blanc<\/li>\n<li>emballage :\n<ul>\n<li>1 paquet : 100 cm x 69 cm x 7 cm<\/li>\n<\/ul>\n<\/li>\n<\/ul>\n","protected":false},"excerpt":{"rendered":"<p>Pr\u00e9sentoir \u00e0 grille en m\u00e9tal laqu\u00e9 blanc pour broches amovibles. Les broches amovibles vous permettent de choisir la disposition de ce pr\u00e9sentoir en fonction des articles \u00e0 pr\u00e9senter. Id\u00e9al pour pr\u00e9senter tous vos articles sous blister ou autres produits suspendus de mani\u00e8re attractive et pratique. Ce pr\u00e9sentoir repose sur 4 roues, ce qui le rend &hellip; <a href=\"https:\/\/buyck-displays.com\/fr\/presentoir-grille-pw004\">Suite<\/a><\/p>\n","protected":false},"featured_media":65219,"comment_status":"closed","ping_status":"closed","template":"","meta":{"_acf_changed":false},"product_brand":[],"product_cat":[373,361],"product_tag":[],"class_list":{"0":"post-54705","1":"product","2":"type-product","3":"status-publish","4":"has-post-thumbnail","6":"product_cat-presentoirs-avec-broches-fr","7":"product_cat-presentoirs-standard","9":"first","10":"instock","11":"taxable","12":"shipping-taxable","13":"purchasable","14":"product-type-simple"},"acf":[],"yoast_head":"<!-- This site is optimized with the Yoast SEO plugin v27.6 - https:\/\/yoast.com\/product\/yoast-seo-wordpress\/ -->\n<title>Pr\u00e9sentoir grille - Buyck Displays - Pr\u00e9sentoir de sol - Broches<\/title>\n<meta name=\"description\" content=\"Pr\u00e9sentoir grille en m\u00e9tal pour les broches en vrac. Les broches amovibles vous permettent de d\u00e9terminer la disposition de votre pr\u00e9sentoir.\" \/>\n<meta name=\"robots\" content=\"index, follow, max-snippet:-1, max-image-preview:large, max-video-preview:-1\" \/>\n<link rel=\"canonical\" href=\"https:\/\/buyck-displays.com\/fr\/presentoir-grille-pw004\" \/>\n<meta property=\"og:locale\" content=\"fr_FR\" \/>\n<meta property=\"og:type\" content=\"article\" \/>\n<meta property=\"og:title\" content=\"Pr\u00e9sentoir grille - Buyck Displays - Pr\u00e9sentoir de sol - Broches\" \/>\n<meta property=\"og:description\" content=\"Pr\u00e9sentoir grille en m\u00e9tal pour les broches en vrac. Les broches amovibles vous permettent de d\u00e9terminer la disposition de votre pr\u00e9sentoir.\" \/>\n<meta property=\"og:url\" content=\"https:\/\/buyck-displays.com\/fr\/presentoir-grille-pw004\" \/>\n<meta property=\"og:site_name\" content=\"Buyck Displays\" \/>\n<meta property=\"article:modified_time\" content=\"2025-01-13T14:49:14+00:00\" \/>\n<meta property=\"og:image\" content=\"https:\/\/buyck-displays.com\/wp-content\/uploads\/2017\/04\/PW004-1-scaled.jpg\" \/>\n\t<meta property=\"og:image:width\" content=\"1800\" \/>\n\t<meta property=\"og:image:height\" content=\"2560\" \/>\n\t<meta property=\"og:image:type\" content=\"image\/jpeg\" \/>\n<meta name=\"twitter:card\" content=\"summary_large_image\" \/>\n<meta name=\"twitter:label1\" content=\"Dur\u00e9e de lecture estim\u00e9e\" \/>\n\t<meta name=\"twitter:data1\" content=\"2 minutes\" \/>\n<script type=\"application\/ld+json\" class=\"yoast-schema-graph\">{\"@context\":\"https:\\\/\\\/schema.org\",\"@graph\":[{\"@type\":\"WebPage\",\"@id\":\"https:\\\/\\\/buyck-displays.com\\\/fr\\\/presentoir-grille-pw004\",\"url\":\"https:\\\/\\\/buyck-displays.com\\\/fr\\\/presentoir-grille-pw004\",\"name\":\"Pr\u00e9sentoir grille - Buyck Displays - Pr\u00e9sentoir de sol - Broches\",\"isPartOf\":{\"@id\":\"https:\\\/\\\/buyck-displays.com\\\/fr\\\/#website\"},\"primaryImageOfPage\":{\"@id\":\"https:\\\/\\\/buyck-displays.com\\\/fr\\\/presentoir-grille-pw004#primaryimage\"},\"image\":{\"@id\":\"https:\\\/\\\/buyck-displays.com\\\/fr\\\/presentoir-grille-pw004#primaryimage\"},\"thumbnailUrl\":\"https:\\\/\\\/buyck-displays.com\\\/wp-content\\\/uploads\\\/2017\\\/04\\\/PW004-1-scaled.jpg\",\"datePublished\":\"2017-04-03T12:14:30+00:00\",\"dateModified\":\"2025-01-13T14:49:14+00:00\",\"description\":\"Pr\u00e9sentoir grille en m\u00e9tal pour les broches en vrac. Les broches amovibles vous permettent de d\u00e9terminer la disposition de votre pr\u00e9sentoir.\",\"breadcrumb\":{\"@id\":\"https:\\\/\\\/buyck-displays.com\\\/fr\\\/presentoir-grille-pw004#breadcrumb\"},\"inLanguage\":\"fr-FR\",\"potentialAction\":[{\"@type\":\"ReadAction\",\"target\":[\"https:\\\/\\\/buyck-displays.com\\\/fr\\\/presentoir-grille-pw004\"]}]},{\"@type\":\"ImageObject\",\"inLanguage\":\"fr-FR\",\"@id\":\"https:\\\/\\\/buyck-displays.com\\\/fr\\\/presentoir-grille-pw004#primaryimage\",\"url\":\"https:\\\/\\\/buyck-displays.com\\\/wp-content\\\/uploads\\\/2017\\\/04\\\/PW004-1-scaled.jpg\",\"contentUrl\":\"https:\\\/\\\/buyck-displays.com\\\/wp-content\\\/uploads\\\/2017\\\/04\\\/PW004-1-scaled.jpg\",\"width\":1800,\"height\":2560},{\"@type\":\"BreadcrumbList\",\"@id\":\"https:\\\/\\\/buyck-displays.com\\\/fr\\\/presentoir-grille-pw004#breadcrumb\",\"itemListElement\":[{\"@type\":\"ListItem\",\"position\":1,\"name\":\"Home\",\"item\":\"https:\\\/\\\/buyck-displays.com\\\/fr\"},{\"@type\":\"ListItem\",\"position\":2,\"name\":\"Displays\",\"item\":\"https:\\\/\\\/buyck-displays.com\\\/fr\\\/produits\"},{\"@type\":\"ListItem\",\"position\":3,\"name\":\"Pr\u00e9sentoir grille\"}]},{\"@type\":\"WebSite\",\"@id\":\"https:\\\/\\\/buyck-displays.com\\\/fr\\\/#website\",\"url\":\"https:\\\/\\\/buyck-displays.com\\\/fr\\\/\",\"name\":\"Buyck Displays\",\"description\":\"Standaard en Maatwerk Displays\",\"potentialAction\":[{\"@type\":\"SearchAction\",\"target\":{\"@type\":\"EntryPoint\",\"urlTemplate\":\"https:\\\/\\\/buyck-displays.com\\\/fr\\\/?s={search_term_string}\"},\"query-input\":{\"@type\":\"PropertyValueSpecification\",\"valueRequired\":true,\"valueName\":\"search_term_string\"}}],\"inLanguage\":\"fr-FR\"}]}<\/script>\n<!-- \/ Yoast SEO plugin. -->","yoast_head_json":{"title":"Pr\u00e9sentoir grille - Buyck Displays - Pr\u00e9sentoir de sol - Broches","description":"Pr\u00e9sentoir grille en m\u00e9tal pour les broches en vrac. Les broches amovibles vous permettent de d\u00e9terminer la disposition de votre pr\u00e9sentoir.","robots":{"index":"index","follow":"follow","max-snippet":"max-snippet:-1","max-image-preview":"max-image-preview:large","max-video-preview":"max-video-preview:-1"},"canonical":"https:\/\/buyck-displays.com\/fr\/presentoir-grille-pw004","og_locale":"fr_FR","og_type":"article","og_title":"Pr\u00e9sentoir grille - Buyck Displays - Pr\u00e9sentoir de sol - Broches","og_description":"Pr\u00e9sentoir grille en m\u00e9tal pour les broches en vrac. Les broches amovibles vous permettent de d\u00e9terminer la disposition de votre pr\u00e9sentoir.","og_url":"https:\/\/buyck-displays.com\/fr\/presentoir-grille-pw004","og_site_name":"Buyck Displays","article_modified_time":"2025-01-13T14:49:14+00:00","og_image":[{"width":1800,"height":2560,"url":"https:\/\/buyck-displays.com\/wp-content\/uploads\/2017\/04\/PW004-1-scaled.jpg","type":"image\/jpeg"}],"twitter_card":"summary_large_image","twitter_misc":{"Dur\u00e9e de lecture estim\u00e9e":"2 minutes"},"schema":{"@context":"https:\/\/schema.org","@graph":[{"@type":"WebPage","@id":"https:\/\/buyck-displays.com\/fr\/presentoir-grille-pw004","url":"https:\/\/buyck-displays.com\/fr\/presentoir-grille-pw004","name":"Pr\u00e9sentoir grille - Buyck Displays - Pr\u00e9sentoir de sol - Broches","isPartOf":{"@id":"https:\/\/buyck-displays.com\/fr\/#website"},"primaryImageOfPage":{"@id":"https:\/\/buyck-displays.com\/fr\/presentoir-grille-pw004#primaryimage"},"image":{"@id":"https:\/\/buyck-displays.com\/fr\/presentoir-grille-pw004#primaryimage"},"thumbnailUrl":"https:\/\/buyck-displays.com\/wp-content\/uploads\/2017\/04\/PW004-1-scaled.jpg","datePublished":"2017-04-03T12:14:30+00:00","dateModified":"2025-01-13T14:49:14+00:00","description":"Pr\u00e9sentoir grille en m\u00e9tal pour les broches en vrac. Les broches amovibles vous permettent de d\u00e9terminer la disposition de votre pr\u00e9sentoir.","breadcrumb":{"@id":"https:\/\/buyck-displays.com\/fr\/presentoir-grille-pw004#breadcrumb"},"inLanguage":"fr-FR","potentialAction":[{"@type":"ReadAction","target":["https:\/\/buyck-displays.com\/fr\/presentoir-grille-pw004"]}]},{"@type":"ImageObject","inLanguage":"fr-FR","@id":"https:\/\/buyck-displays.com\/fr\/presentoir-grille-pw004#primaryimage","url":"https:\/\/buyck-displays.com\/wp-content\/uploads\/2017\/04\/PW004-1-scaled.jpg","contentUrl":"https:\/\/buyck-displays.com\/wp-content\/uploads\/2017\/04\/PW004-1-scaled.jpg","width":1800,"height":2560},{"@type":"BreadcrumbList","@id":"https:\/\/buyck-displays.com\/fr\/presentoir-grille-pw004#breadcrumb","itemListElement":[{"@type":"ListItem","position":1,"name":"Home","item":"https:\/\/buyck-displays.com\/fr"},{"@type":"ListItem","position":2,"name":"Displays","item":"https:\/\/buyck-displays.com\/fr\/produits"},{"@type":"ListItem","position":3,"name":"Pr\u00e9sentoir grille"}]},{"@type":"WebSite","@id":"https:\/\/buyck-displays.com\/fr\/#website","url":"https:\/\/buyck-displays.com\/fr\/","name":"Buyck Displays","description":"Standaard en Maatwerk Displays","potentialAction":[{"@type":"SearchAction","target":{"@type":"EntryPoint","urlTemplate":"https:\/\/buyck-displays.com\/fr\/?s={search_term_string}"},"query-input":{"@type":"PropertyValueSpecification","valueRequired":true,"valueName":"search_term_string"}}],"inLanguage":"fr-FR"}]}},"_links":{"self":[{"href":"https:\/\/buyck-displays.com\/fr\/wp-json\/wp\/v2\/product\/54705","targetHints":{"allow":["GET"]}}],"collection":[{"href":"https:\/\/buyck-displays.com\/fr\/wp-json\/wp\/v2\/product"}],"about":[{"href":"https:\/\/buyck-displays.com\/fr\/wp-json\/wp\/v2\/types\/product"}],"replies":[{"embeddable":true,"href":"https:\/\/buyck-displays.com\/fr\/wp-json\/wp\/v2\/comments?post=54705"}],"wp:featuredmedia":[{"embeddable":true,"href":"https:\/\/buyck-displays.com\/fr\/wp-json\/wp\/v2\/media\/65219"}],"wp:attachment":[{"href":"https:\/\/buyck-displays.com\/fr\/wp-json\/wp\/v2\/media?parent=54705"}],"wp:term":[{"taxonomy":"product_brand","embeddable":true,"href":"https:\/\/buyck-displays.com\/fr\/wp-json\/wp\/v2\/product_brand?post=54705"},{"taxonomy":"product_cat","embeddable":true,"href":"https:\/\/buyck-displays.com\/fr\/wp-json\/wp\/v2\/product_cat?post=54705"},{"taxonomy":"product_tag","embeddable":true,"href":"https:\/\/buyck-displays.com\/fr\/wp-json\/wp\/v2\/product_tag?post=54705"}],"curies":[{"name":"wp","href":"https:\/\/api.w.org\/{rel}","templated":true}]}}