{"id":54692,"date":"2017-04-03T14:12:31","date_gmt":"2017-04-03T12:12:31","guid":{"rendered":"http:\/\/shipyard.intago.eu\/buyckdisplays\/product\/metalen-display\/"},"modified":"2024-12-03T11:07:18","modified_gmt":"2024-12-03T10:07:18","slug":"presentoir-de-sol-avec-broches-doubles-fixes-pw085","status":"publish","type":"product","link":"https:\/\/buyck-displays.com\/fr\/presentoir-de-sol-avec-broches-doubles-fixes-pw085","title":{"rendered":"Pr\u00e9sentoir de sol avec broches doubles fixes"},"content":{"rendered":"<p>Pr\u00e9sentoir de sol en m\u00e9tal avec 48 broches <strong>doubles<\/strong> et fixes.\u00a0 Compos\u00e9 de 6 \u00e9tages rotatifs s\u00e9par\u00e9s, chacun avec 8 broches <strong>doubles<\/strong>. Id\u00e9al pour pr\u00e9senter joliment tous vos articles emball\u00e9s sous blister ou autres produits suspendus.<\/p>\n<p><strong>OPTION :<\/strong><\/p>\n<ul>\n<li><strong>Poids de base<\/strong>\u00a0: pour \u00e9viter que le pr\u00e9sentoir ne tombe ou ne soit emport\u00e9 par le vent, vous pouvez combiner notre poids de base avec ce porte-cartes. Si vous \u00eates int\u00e9ress\u00e9, veuillez\u00a0<span style=\"color: #3366ff;\"><strong><a style=\"color: #3366ff;\" href=\"https:\/\/buyck-displays.com\/fr\/poids-de-base-bu200\">cliquer ici<\/a><\/strong><\/span>.<\/li>\n<\/ul>\n<p>&nbsp;<\/p>\n<p><strong>INFORMATIONS SUR LE PRODUIT :<\/strong><\/p>\n<ul>\n<li>dimensions :\n<ul>\n<li>pr\u00e9sentoir :\n<ul>\n<li>hauteur : 180 cm<\/li>\n<li>diam\u00e8tre des \u00e9tages : 50 cm<\/li>\n<\/ul>\n<\/li>\n<li>broches :\n<ul>\n<li>longueur utilisable par crochet : 16 cm<\/li>\n<\/ul>\n<\/li>\n<\/ul>\n<\/li>\n<li>48 broches doubles = 6 \u00e9tages de 8 broches doubles<\/li>\n<li>la distance entre les \u00e9tages est adaptable en hauteur<\/li>\n<li>rotatif<\/li>\n<li>avec porte-logo<\/li>\n<li>sur 5 roues en plastique<\/li>\n<li>couleur en stock: argent<\/li>\n<li>Emballage :\n<ul>\n<li>1 paquet : 66 cm x 54 cm x 18 cm\n<ul>\n<li>22 cartons par palette<\/li>\n<\/ul>\n<\/li>\n<\/ul>\n<\/li>\n<\/ul>\n","protected":false},"excerpt":{"rendered":"<p>Pr\u00e9sentoir de sol en m\u00e9tal avec 48 broches doubles et fixes.\u00a0 Compos\u00e9 de 6 \u00e9tages rotatifs s\u00e9par\u00e9s, chacun avec 8 broches doubles. Id\u00e9al pour pr\u00e9senter joliment tous vos articles emball\u00e9s sous blister ou autres produits suspendus. OPTION : Poids de base\u00a0: pour \u00e9viter que le pr\u00e9sentoir ne tombe ou ne soit emport\u00e9 par le vent, &hellip; <a href=\"https:\/\/buyck-displays.com\/fr\/presentoir-de-sol-avec-broches-doubles-fixes-pw085\">Suite<\/a><\/p>\n","protected":false},"featured_media":65202,"comment_status":"closed","ping_status":"closed","template":"","meta":{"_acf_changed":false},"product_brand":[],"product_cat":[363,373,361],"product_tag":[],"class_list":{"0":"post-54692","1":"product","2":"type-product","3":"status-publish","4":"has-post-thumbnail","6":"product_cat-presentoirs-a-cadeaux","7":"product_cat-presentoirs-avec-broches-fr","8":"product_cat-presentoirs-standard","10":"first","11":"instock","12":"taxable","13":"shipping-taxable","14":"purchasable","15":"product-type-simple"},"acf":[],"yoast_head":"<!-- This site is optimized with the Yoast SEO plugin v27.6 - https:\/\/yoast.com\/product\/yoast-seo-wordpress\/ -->\n<title>Pr\u00e9sentoir de sol avec broches doubles fixes - Buyck Displays<\/title>\n<meta name=\"description\" content=\"Un pr\u00e9sentoir de sol avec 48 broches doubles fixes. Id\u00e9al pour pr\u00e9senter joliment tous vos articles sous blister ou autres articles suspendus.\" \/>\n<meta name=\"robots\" content=\"index, follow, max-snippet:-1, max-image-preview:large, max-video-preview:-1\" \/>\n<link rel=\"canonical\" href=\"https:\/\/buyck-displays.com\/fr\/presentoir-de-sol-avec-broches-doubles-fixes-pw085\" \/>\n<meta property=\"og:locale\" content=\"fr_FR\" \/>\n<meta property=\"og:type\" content=\"article\" \/>\n<meta property=\"og:title\" content=\"Pr\u00e9sentoir de sol avec broches doubles fixes - Buyck Displays\" \/>\n<meta property=\"og:description\" content=\"Un pr\u00e9sentoir de sol avec 48 broches doubles fixes. Id\u00e9al pour pr\u00e9senter joliment tous vos articles sous blister ou autres articles suspendus.\" \/>\n<meta property=\"og:url\" content=\"https:\/\/buyck-displays.com\/fr\/presentoir-de-sol-avec-broches-doubles-fixes-pw085\" \/>\n<meta property=\"og:site_name\" content=\"Buyck Displays\" \/>\n<meta property=\"article:modified_time\" content=\"2024-12-03T10:07:18+00:00\" \/>\n<meta property=\"og:image\" content=\"https:\/\/buyck-displays.com\/wp-content\/uploads\/2017\/04\/PW085-1.jpg\" \/>\n\t<meta property=\"og:image:width\" content=\"373\" \/>\n\t<meta property=\"og:image:height\" content=\"510\" \/>\n\t<meta property=\"og:image:type\" content=\"image\/jpeg\" \/>\n<meta name=\"twitter:card\" content=\"summary_large_image\" \/>\n<meta name=\"twitter:label1\" content=\"Dur\u00e9e de lecture estim\u00e9e\" \/>\n\t<meta name=\"twitter:data1\" content=\"1 minute\" \/>\n<script type=\"application\/ld+json\" class=\"yoast-schema-graph\">{\"@context\":\"https:\\\/\\\/schema.org\",\"@graph\":[{\"@type\":\"WebPage\",\"@id\":\"https:\\\/\\\/buyck-displays.com\\\/fr\\\/presentoir-de-sol-avec-broches-doubles-fixes-pw085\",\"url\":\"https:\\\/\\\/buyck-displays.com\\\/fr\\\/presentoir-de-sol-avec-broches-doubles-fixes-pw085\",\"name\":\"Pr\u00e9sentoir de sol avec broches doubles fixes - Buyck Displays\",\"isPartOf\":{\"@id\":\"https:\\\/\\\/buyck-displays.com\\\/fr\\\/#website\"},\"primaryImageOfPage\":{\"@id\":\"https:\\\/\\\/buyck-displays.com\\\/fr\\\/presentoir-de-sol-avec-broches-doubles-fixes-pw085#primaryimage\"},\"image\":{\"@id\":\"https:\\\/\\\/buyck-displays.com\\\/fr\\\/presentoir-de-sol-avec-broches-doubles-fixes-pw085#primaryimage\"},\"thumbnailUrl\":\"https:\\\/\\\/buyck-displays.com\\\/wp-content\\\/uploads\\\/2017\\\/04\\\/PW085-1.jpg\",\"datePublished\":\"2017-04-03T12:12:31+00:00\",\"dateModified\":\"2024-12-03T10:07:18+00:00\",\"description\":\"Un pr\u00e9sentoir de sol avec 48 broches doubles fixes. Id\u00e9al pour pr\u00e9senter joliment tous vos articles sous blister ou autres articles suspendus.\",\"breadcrumb\":{\"@id\":\"https:\\\/\\\/buyck-displays.com\\\/fr\\\/presentoir-de-sol-avec-broches-doubles-fixes-pw085#breadcrumb\"},\"inLanguage\":\"fr-FR\",\"potentialAction\":[{\"@type\":\"ReadAction\",\"target\":[\"https:\\\/\\\/buyck-displays.com\\\/fr\\\/presentoir-de-sol-avec-broches-doubles-fixes-pw085\"]}]},{\"@type\":\"ImageObject\",\"inLanguage\":\"fr-FR\",\"@id\":\"https:\\\/\\\/buyck-displays.com\\\/fr\\\/presentoir-de-sol-avec-broches-doubles-fixes-pw085#primaryimage\",\"url\":\"https:\\\/\\\/buyck-displays.com\\\/wp-content\\\/uploads\\\/2017\\\/04\\\/PW085-1.jpg\",\"contentUrl\":\"https:\\\/\\\/buyck-displays.com\\\/wp-content\\\/uploads\\\/2017\\\/04\\\/PW085-1.jpg\",\"width\":373,\"height\":510,\"caption\":\"PW085 - Buyck Displays - Pr\u00e9sentoir de sol tournant - \u00e9tages avec broches\"},{\"@type\":\"BreadcrumbList\",\"@id\":\"https:\\\/\\\/buyck-displays.com\\\/fr\\\/presentoir-de-sol-avec-broches-doubles-fixes-pw085#breadcrumb\",\"itemListElement\":[{\"@type\":\"ListItem\",\"position\":1,\"name\":\"Home\",\"item\":\"https:\\\/\\\/buyck-displays.com\\\/fr\"},{\"@type\":\"ListItem\",\"position\":2,\"name\":\"Displays\",\"item\":\"https:\\\/\\\/buyck-displays.com\\\/fr\\\/produits\"},{\"@type\":\"ListItem\",\"position\":3,\"name\":\"Pr\u00e9sentoir de sol avec broches doubles fixes\"}]},{\"@type\":\"WebSite\",\"@id\":\"https:\\\/\\\/buyck-displays.com\\\/fr\\\/#website\",\"url\":\"https:\\\/\\\/buyck-displays.com\\\/fr\\\/\",\"name\":\"Buyck Displays\",\"description\":\"Standaard en Maatwerk Displays\",\"potentialAction\":[{\"@type\":\"SearchAction\",\"target\":{\"@type\":\"EntryPoint\",\"urlTemplate\":\"https:\\\/\\\/buyck-displays.com\\\/fr\\\/?s={search_term_string}\"},\"query-input\":{\"@type\":\"PropertyValueSpecification\",\"valueRequired\":true,\"valueName\":\"search_term_string\"}}],\"inLanguage\":\"fr-FR\"}]}<\/script>\n<!-- \/ Yoast SEO plugin. -->","yoast_head_json":{"title":"Pr\u00e9sentoir de sol avec broches doubles fixes - Buyck Displays","description":"Un pr\u00e9sentoir de sol avec 48 broches doubles fixes. Id\u00e9al pour pr\u00e9senter joliment tous vos articles sous blister ou autres articles suspendus.","robots":{"index":"index","follow":"follow","max-snippet":"max-snippet:-1","max-image-preview":"max-image-preview:large","max-video-preview":"max-video-preview:-1"},"canonical":"https:\/\/buyck-displays.com\/fr\/presentoir-de-sol-avec-broches-doubles-fixes-pw085","og_locale":"fr_FR","og_type":"article","og_title":"Pr\u00e9sentoir de sol avec broches doubles fixes - Buyck Displays","og_description":"Un pr\u00e9sentoir de sol avec 48 broches doubles fixes. Id\u00e9al pour pr\u00e9senter joliment tous vos articles sous blister ou autres articles suspendus.","og_url":"https:\/\/buyck-displays.com\/fr\/presentoir-de-sol-avec-broches-doubles-fixes-pw085","og_site_name":"Buyck Displays","article_modified_time":"2024-12-03T10:07:18+00:00","og_image":[{"width":373,"height":510,"url":"https:\/\/buyck-displays.com\/wp-content\/uploads\/2017\/04\/PW085-1.jpg","type":"image\/jpeg"}],"twitter_card":"summary_large_image","twitter_misc":{"Dur\u00e9e de lecture estim\u00e9e":"1 minute"},"schema":{"@context":"https:\/\/schema.org","@graph":[{"@type":"WebPage","@id":"https:\/\/buyck-displays.com\/fr\/presentoir-de-sol-avec-broches-doubles-fixes-pw085","url":"https:\/\/buyck-displays.com\/fr\/presentoir-de-sol-avec-broches-doubles-fixes-pw085","name":"Pr\u00e9sentoir de sol avec broches doubles fixes - Buyck Displays","isPartOf":{"@id":"https:\/\/buyck-displays.com\/fr\/#website"},"primaryImageOfPage":{"@id":"https:\/\/buyck-displays.com\/fr\/presentoir-de-sol-avec-broches-doubles-fixes-pw085#primaryimage"},"image":{"@id":"https:\/\/buyck-displays.com\/fr\/presentoir-de-sol-avec-broches-doubles-fixes-pw085#primaryimage"},"thumbnailUrl":"https:\/\/buyck-displays.com\/wp-content\/uploads\/2017\/04\/PW085-1.jpg","datePublished":"2017-04-03T12:12:31+00:00","dateModified":"2024-12-03T10:07:18+00:00","description":"Un pr\u00e9sentoir de sol avec 48 broches doubles fixes. Id\u00e9al pour pr\u00e9senter joliment tous vos articles sous blister ou autres articles suspendus.","breadcrumb":{"@id":"https:\/\/buyck-displays.com\/fr\/presentoir-de-sol-avec-broches-doubles-fixes-pw085#breadcrumb"},"inLanguage":"fr-FR","potentialAction":[{"@type":"ReadAction","target":["https:\/\/buyck-displays.com\/fr\/presentoir-de-sol-avec-broches-doubles-fixes-pw085"]}]},{"@type":"ImageObject","inLanguage":"fr-FR","@id":"https:\/\/buyck-displays.com\/fr\/presentoir-de-sol-avec-broches-doubles-fixes-pw085#primaryimage","url":"https:\/\/buyck-displays.com\/wp-content\/uploads\/2017\/04\/PW085-1.jpg","contentUrl":"https:\/\/buyck-displays.com\/wp-content\/uploads\/2017\/04\/PW085-1.jpg","width":373,"height":510,"caption":"PW085 - Buyck Displays - Pr\u00e9sentoir de sol tournant - \u00e9tages avec broches"},{"@type":"BreadcrumbList","@id":"https:\/\/buyck-displays.com\/fr\/presentoir-de-sol-avec-broches-doubles-fixes-pw085#breadcrumb","itemListElement":[{"@type":"ListItem","position":1,"name":"Home","item":"https:\/\/buyck-displays.com\/fr"},{"@type":"ListItem","position":2,"name":"Displays","item":"https:\/\/buyck-displays.com\/fr\/produits"},{"@type":"ListItem","position":3,"name":"Pr\u00e9sentoir de sol avec broches doubles fixes"}]},{"@type":"WebSite","@id":"https:\/\/buyck-displays.com\/fr\/#website","url":"https:\/\/buyck-displays.com\/fr\/","name":"Buyck Displays","description":"Standaard en Maatwerk Displays","potentialAction":[{"@type":"SearchAction","target":{"@type":"EntryPoint","urlTemplate":"https:\/\/buyck-displays.com\/fr\/?s={search_term_string}"},"query-input":{"@type":"PropertyValueSpecification","valueRequired":true,"valueName":"search_term_string"}}],"inLanguage":"fr-FR"}]}},"_links":{"self":[{"href":"https:\/\/buyck-displays.com\/fr\/wp-json\/wp\/v2\/product\/54692","targetHints":{"allow":["GET"]}}],"collection":[{"href":"https:\/\/buyck-displays.com\/fr\/wp-json\/wp\/v2\/product"}],"about":[{"href":"https:\/\/buyck-displays.com\/fr\/wp-json\/wp\/v2\/types\/product"}],"replies":[{"embeddable":true,"href":"https:\/\/buyck-displays.com\/fr\/wp-json\/wp\/v2\/comments?post=54692"}],"wp:featuredmedia":[{"embeddable":true,"href":"https:\/\/buyck-displays.com\/fr\/wp-json\/wp\/v2\/media\/65202"}],"wp:attachment":[{"href":"https:\/\/buyck-displays.com\/fr\/wp-json\/wp\/v2\/media?parent=54692"}],"wp:term":[{"taxonomy":"product_brand","embeddable":true,"href":"https:\/\/buyck-displays.com\/fr\/wp-json\/wp\/v2\/product_brand?post=54692"},{"taxonomy":"product_cat","embeddable":true,"href":"https:\/\/buyck-displays.com\/fr\/wp-json\/wp\/v2\/product_cat?post=54692"},{"taxonomy":"product_tag","embeddable":true,"href":"https:\/\/buyck-displays.com\/fr\/wp-json\/wp\/v2\/product_tag?post=54692"}],"curies":[{"name":"wp","href":"https:\/\/api.w.org\/{rel}","templated":true}]}}