{"id":82740,"date":"2026-04-17T10:22:12","date_gmt":"2026-04-17T08:22:12","guid":{"rendered":"https:\/\/buyck-displays.com\/?post_type=product&#038;p=82740"},"modified":"2026-04-17T10:46:11","modified_gmt":"2026-04-17T08:46:11","slug":"lochblechstander-bu925-b","status":"publish","type":"product","link":"https:\/\/buyck-displays.com\/de\/lochblechstander-bu925-b","title":{"rendered":"Lochblechst\u00e4nder"},"content":{"rendered":"<p>Es ist ein sch\u00f6nes Lochblechbodenst\u00e4nder aus Metal mit 4 Seiten f\u00fcr lose Haken. Sie k\u00f6nnen selbst entscheiden, wo Sie die Haken anbringen, je nach Gr\u00f6\u00dfe der zu pr\u00e4sentierenden Artikel. Sie k\u00f6nnen dieses Display auch f\u00fcr die Pr\u00e4sentation von Magneten verwenden. Die abnehmbaren <span style=\"color: #3366ff;\"><strong><a style=\"color: #3366ff;\" href=\"https:\/\/buyck-displays.com\/de\/displays\/standard-displays-de\/haken-displays\/haken-de\">Haken<\/a><\/strong><\/span> m\u00fcssen separat bestellt werden.<\/p>\n<p><strong>Informationen zum Produkt:<\/strong><\/p>\n<ul>\n<li>Ma\u00dfe:\n<ul>\n<li>Gesamth\u00f6he: 175 cm<\/li>\n<li>S\u00e4ule:\n<ul>\n<li>H\u00f6he: 124 cm<\/li>\n<li>Breite: 25 cm x 25 cm<\/li>\n<\/ul>\n<\/li>\n<li>Durchmesser der Basis: 60 cm<\/li>\n<\/ul>\n<\/li>\n<li>Quadratisch (4 Seiten)<\/li>\n<li>drehbar<\/li>\n<li>auf 5 <strong>Gummi<\/strong>r\u00e4dern<\/li>\n<li>Standardfarbe: <strong>Schwarz<\/strong><\/li>\n<li>Verpackung:\n<ul>\n<li>2 Pakete<\/li>\n<li>Abmessungen:\n<ul>\n<li>126 cm x 34 cm x 5 cm<\/li>\n<li>58 cm x 27 cm x 60 cm<\/li>\n<\/ul>\n<\/li>\n<\/ul>\n<\/li>\n<\/ul>\n","protected":false},"excerpt":{"rendered":"<p>Es ist ein sch\u00f6nes Lochblechbodenst\u00e4nder aus Metal mit 4 Seiten f\u00fcr lose Haken. Sie k\u00f6nnen selbst entscheiden, wo Sie die Haken anbringen, je nach Gr\u00f6\u00dfe der zu pr\u00e4sentierenden Artikel. Sie k\u00f6nnen dieses Display auch f\u00fcr die Pr\u00e4sentation von Magneten verwenden. Die abnehmbaren Haken m\u00fcssen separat bestellt werden. Informationen zum Produkt: Ma\u00dfe: Gesamth\u00f6he: 175 cm S\u00e4ule: &hellip; <a href=\"https:\/\/buyck-displays.com\/de\/lochblechstander-bu925-b\">Fortsetzung<\/a><\/p>\n","protected":false},"featured_media":82750,"comment_status":"closed","ping_status":"closed","template":"","meta":{"_acf_changed":false},"product_brand":[],"product_cat":[189,576,249,239],"product_tag":[],"class_list":{"0":"post-82740","1":"product","2":"type-product","3":"status-publish","4":"has-post-thumbnail","6":"product_cat-standard-displays-de","7":"product_cat-displays-fuer-magneten-de","8":"product_cat-geschenke-displays","9":"product_cat-haken-displays","11":"first","12":"instock","13":"taxable","14":"shipping-taxable","15":"purchasable","16":"product-type-simple"},"acf":[],"yoast_head":"<!-- This site is optimized with the Yoast SEO plugin v27.6 - https:\/\/yoast.com\/product\/yoast-seo-wordpress\/ -->\n<title>Lochblechst\u00e4nder - Buyck Displays - f\u00fcr Lose Haken<\/title>\n<meta name=\"description\" content=\"Ein Lochblechst\u00e4nder f\u00fcr lose Haken. Sie k\u00f6nnen selbst entscheiden, wo Sie die Haken anbringen m\u00f6chten. Auch f\u00fcr Magnete geeignet.\" \/>\n<meta name=\"robots\" content=\"index, follow, max-snippet:-1, max-image-preview:large, max-video-preview:-1\" \/>\n<link rel=\"canonical\" href=\"https:\/\/buyck-displays.com\/de\/lochblechstander-bu925-b\" \/>\n<meta property=\"og:locale\" content=\"de_DE\" \/>\n<meta property=\"og:type\" content=\"article\" \/>\n<meta property=\"og:title\" content=\"Lochblechst\u00e4nder - Buyck Displays - f\u00fcr Lose Haken\" \/>\n<meta property=\"og:description\" content=\"Ein Lochblechst\u00e4nder f\u00fcr lose Haken. Sie k\u00f6nnen selbst entscheiden, wo Sie die Haken anbringen m\u00f6chten. Auch f\u00fcr Magnete geeignet.\" \/>\n<meta property=\"og:url\" content=\"https:\/\/buyck-displays.com\/de\/lochblechstander-bu925-b\" \/>\n<meta property=\"og:site_name\" content=\"Buyck Displays\" \/>\n<meta property=\"article:modified_time\" content=\"2026-04-17T08:46:11+00:00\" \/>\n<meta property=\"og:image\" content=\"https:\/\/buyck-displays.com\/wp-content\/uploads\/2026\/04\/BU925-B-3.jpeg\" \/>\n\t<meta property=\"og:image:width\" content=\"828\" \/>\n\t<meta property=\"og:image:height\" content=\"1560\" \/>\n\t<meta property=\"og:image:type\" content=\"image\/jpeg\" \/>\n<meta name=\"twitter:card\" content=\"summary_large_image\" \/>\n<meta name=\"twitter:label1\" content=\"Gesch\u00e4tzte Lesezeit\" \/>\n\t<meta name=\"twitter:data1\" content=\"1\u00a0Minute\" \/>\n<script type=\"application\/ld+json\" class=\"yoast-schema-graph\">{\"@context\":\"https:\\\/\\\/schema.org\",\"@graph\":[{\"@type\":\"WebPage\",\"@id\":\"https:\\\/\\\/buyck-displays.com\\\/de\\\/lochblechstander-bu925-b\",\"url\":\"https:\\\/\\\/buyck-displays.com\\\/de\\\/lochblechstander-bu925-b\",\"name\":\"Lochblechst\u00e4nder - Buyck Displays - f\u00fcr Lose Haken\",\"isPartOf\":{\"@id\":\"https:\\\/\\\/buyck-displays.com\\\/de#website\"},\"primaryImageOfPage\":{\"@id\":\"https:\\\/\\\/buyck-displays.com\\\/de\\\/lochblechstander-bu925-b#primaryimage\"},\"image\":{\"@id\":\"https:\\\/\\\/buyck-displays.com\\\/de\\\/lochblechstander-bu925-b#primaryimage\"},\"thumbnailUrl\":\"https:\\\/\\\/buyck-displays.com\\\/wp-content\\\/uploads\\\/2026\\\/04\\\/BU925-B-3.jpeg\",\"datePublished\":\"2026-04-17T08:22:12+00:00\",\"dateModified\":\"2026-04-17T08:46:11+00:00\",\"description\":\"Ein Lochblechst\u00e4nder f\u00fcr lose Haken. Sie k\u00f6nnen selbst entscheiden, wo Sie die Haken anbringen m\u00f6chten. Auch f\u00fcr Magnete geeignet.\",\"breadcrumb\":{\"@id\":\"https:\\\/\\\/buyck-displays.com\\\/de\\\/lochblechstander-bu925-b#breadcrumb\"},\"inLanguage\":\"de\",\"potentialAction\":[{\"@type\":\"ReadAction\",\"target\":[\"https:\\\/\\\/buyck-displays.com\\\/de\\\/lochblechstander-bu925-b\"]}]},{\"@type\":\"ImageObject\",\"inLanguage\":\"de\",\"@id\":\"https:\\\/\\\/buyck-displays.com\\\/de\\\/lochblechstander-bu925-b#primaryimage\",\"url\":\"https:\\\/\\\/buyck-displays.com\\\/wp-content\\\/uploads\\\/2026\\\/04\\\/BU925-B-3.jpeg\",\"contentUrl\":\"https:\\\/\\\/buyck-displays.com\\\/wp-content\\\/uploads\\\/2026\\\/04\\\/BU925-B-3.jpeg\",\"width\":828,\"height\":1560},{\"@type\":\"BreadcrumbList\",\"@id\":\"https:\\\/\\\/buyck-displays.com\\\/de\\\/lochblechstander-bu925-b#breadcrumb\",\"itemListElement\":[{\"@type\":\"ListItem\",\"position\":1,\"name\":\"Home\",\"item\":\"https:\\\/\\\/buyck-displays.com\\\/de\"},{\"@type\":\"ListItem\",\"position\":2,\"name\":\"Displays\",\"item\":\"https:\\\/\\\/buyck-displays.com\\\/de\\\/produkte\"},{\"@type\":\"ListItem\",\"position\":3,\"name\":\"Lochblechst\u00e4nder\"}]},{\"@type\":\"WebSite\",\"@id\":\"https:\\\/\\\/buyck-displays.com\\\/de#website\",\"url\":\"https:\\\/\\\/buyck-displays.com\\\/de\",\"name\":\"Buyck Displays\",\"description\":\"Standaard en Maatwerk Displays\",\"potentialAction\":[{\"@type\":\"SearchAction\",\"target\":{\"@type\":\"EntryPoint\",\"urlTemplate\":\"https:\\\/\\\/buyck-displays.com\\\/de?s={search_term_string}\"},\"query-input\":{\"@type\":\"PropertyValueSpecification\",\"valueRequired\":true,\"valueName\":\"search_term_string\"}}],\"inLanguage\":\"de\"}]}<\/script>\n<!-- \/ Yoast SEO plugin. -->","yoast_head_json":{"title":"Lochblechst\u00e4nder - Buyck Displays - f\u00fcr Lose Haken","description":"Ein Lochblechst\u00e4nder f\u00fcr lose Haken. Sie k\u00f6nnen selbst entscheiden, wo Sie die Haken anbringen m\u00f6chten. Auch f\u00fcr Magnete geeignet.","robots":{"index":"index","follow":"follow","max-snippet":"max-snippet:-1","max-image-preview":"max-image-preview:large","max-video-preview":"max-video-preview:-1"},"canonical":"https:\/\/buyck-displays.com\/de\/lochblechstander-bu925-b","og_locale":"de_DE","og_type":"article","og_title":"Lochblechst\u00e4nder - Buyck Displays - f\u00fcr Lose Haken","og_description":"Ein Lochblechst\u00e4nder f\u00fcr lose Haken. Sie k\u00f6nnen selbst entscheiden, wo Sie die Haken anbringen m\u00f6chten. Auch f\u00fcr Magnete geeignet.","og_url":"https:\/\/buyck-displays.com\/de\/lochblechstander-bu925-b","og_site_name":"Buyck Displays","article_modified_time":"2026-04-17T08:46:11+00:00","og_image":[{"width":828,"height":1560,"url":"https:\/\/buyck-displays.com\/wp-content\/uploads\/2026\/04\/BU925-B-3.jpeg","type":"image\/jpeg"}],"twitter_card":"summary_large_image","twitter_misc":{"Gesch\u00e4tzte Lesezeit":"1\u00a0Minute"},"schema":{"@context":"https:\/\/schema.org","@graph":[{"@type":"WebPage","@id":"https:\/\/buyck-displays.com\/de\/lochblechstander-bu925-b","url":"https:\/\/buyck-displays.com\/de\/lochblechstander-bu925-b","name":"Lochblechst\u00e4nder - Buyck Displays - f\u00fcr Lose Haken","isPartOf":{"@id":"https:\/\/buyck-displays.com\/de#website"},"primaryImageOfPage":{"@id":"https:\/\/buyck-displays.com\/de\/lochblechstander-bu925-b#primaryimage"},"image":{"@id":"https:\/\/buyck-displays.com\/de\/lochblechstander-bu925-b#primaryimage"},"thumbnailUrl":"https:\/\/buyck-displays.com\/wp-content\/uploads\/2026\/04\/BU925-B-3.jpeg","datePublished":"2026-04-17T08:22:12+00:00","dateModified":"2026-04-17T08:46:11+00:00","description":"Ein Lochblechst\u00e4nder f\u00fcr lose Haken. Sie k\u00f6nnen selbst entscheiden, wo Sie die Haken anbringen m\u00f6chten. Auch f\u00fcr Magnete geeignet.","breadcrumb":{"@id":"https:\/\/buyck-displays.com\/de\/lochblechstander-bu925-b#breadcrumb"},"inLanguage":"de","potentialAction":[{"@type":"ReadAction","target":["https:\/\/buyck-displays.com\/de\/lochblechstander-bu925-b"]}]},{"@type":"ImageObject","inLanguage":"de","@id":"https:\/\/buyck-displays.com\/de\/lochblechstander-bu925-b#primaryimage","url":"https:\/\/buyck-displays.com\/wp-content\/uploads\/2026\/04\/BU925-B-3.jpeg","contentUrl":"https:\/\/buyck-displays.com\/wp-content\/uploads\/2026\/04\/BU925-B-3.jpeg","width":828,"height":1560},{"@type":"BreadcrumbList","@id":"https:\/\/buyck-displays.com\/de\/lochblechstander-bu925-b#breadcrumb","itemListElement":[{"@type":"ListItem","position":1,"name":"Home","item":"https:\/\/buyck-displays.com\/de"},{"@type":"ListItem","position":2,"name":"Displays","item":"https:\/\/buyck-displays.com\/de\/produkte"},{"@type":"ListItem","position":3,"name":"Lochblechst\u00e4nder"}]},{"@type":"WebSite","@id":"https:\/\/buyck-displays.com\/de#website","url":"https:\/\/buyck-displays.com\/de","name":"Buyck Displays","description":"Standaard en Maatwerk Displays","potentialAction":[{"@type":"SearchAction","target":{"@type":"EntryPoint","urlTemplate":"https:\/\/buyck-displays.com\/de?s={search_term_string}"},"query-input":{"@type":"PropertyValueSpecification","valueRequired":true,"valueName":"search_term_string"}}],"inLanguage":"de"}]}},"_links":{"self":[{"href":"https:\/\/buyck-displays.com\/de\/wp-json\/wp\/v2\/product\/82740","targetHints":{"allow":["GET"]}}],"collection":[{"href":"https:\/\/buyck-displays.com\/de\/wp-json\/wp\/v2\/product"}],"about":[{"href":"https:\/\/buyck-displays.com\/de\/wp-json\/wp\/v2\/types\/product"}],"replies":[{"embeddable":true,"href":"https:\/\/buyck-displays.com\/de\/wp-json\/wp\/v2\/comments?post=82740"}],"wp:featuredmedia":[{"embeddable":true,"href":"https:\/\/buyck-displays.com\/de\/wp-json\/wp\/v2\/media\/82750"}],"wp:attachment":[{"href":"https:\/\/buyck-displays.com\/de\/wp-json\/wp\/v2\/media?parent=82740"}],"wp:term":[{"taxonomy":"product_brand","embeddable":true,"href":"https:\/\/buyck-displays.com\/de\/wp-json\/wp\/v2\/product_brand?post=82740"},{"taxonomy":"product_cat","embeddable":true,"href":"https:\/\/buyck-displays.com\/de\/wp-json\/wp\/v2\/product_cat?post=82740"},{"taxonomy":"product_tag","embeddable":true,"href":"https:\/\/buyck-displays.com\/de\/wp-json\/wp\/v2\/product_tag?post=82740"}],"curies":[{"name":"wp","href":"https:\/\/api.w.org\/{rel}","templated":true}]}}