{"id":81481,"date":"2025-06-16T16:36:44","date_gmt":"2025-06-16T14:36:44","guid":{"rendered":"https:\/\/buyck-displays.com\/?post_type=product&#038;p=81481"},"modified":"2025-09-02T15:13:21","modified_gmt":"2025-09-02T13:13:21","slug":"wandregal-fuer-a3-grusskarten-bu-a3-4010","status":"publish","type":"product","link":"https:\/\/buyck-displays.com\/de\/wandregal-fuer-a3-grusskarten-bu-a3-4010","title":{"rendered":"Wandregal f\u00fcr A3-Gru\u00dfkarten"},"content":{"rendered":"<p>Dies ist ein Wandregal aus Metall mit einem Fach, einer Breite von 40 cm und einer H\u00f6he von 10 cm. Dieses Regal eignet sich ideal f\u00fcr Gru\u00dfkarten im A3-Format, aber auch f\u00fcr Tischsets, Zeitschriften, Zeitungen, Brosch\u00fcren, laminierte Plakate usw. Erh\u00e4ltlich in 2 Gr\u00f6\u00dfen, siehe auch <span style=\"color: #3366ff;\"><strong>BU.A3.4015<\/strong><\/span><\/p>\n<p><strong>Produktinformationen:<\/strong><\/p>\n<ul>\n<li>Ma\u00dfe <em>(Innenma\u00dfe)<\/em>:\n<ul>\n<li>Breite: 39,2 cm<\/li>\n<li>H\u00f6he: 9,5 cm<\/li>\n<li>Tiefe: 4 cm<\/li>\n<\/ul>\n<\/li>\n<li>Zum Aufh\u00e4ngen an der Wand <em>(Befestigungsmaterial nicht im Lieferumfang enthalten)<\/em><\/li>\n<li>Standardfarbe: Schwarz<\/li>\n<\/ul>\n","protected":false},"excerpt":{"rendered":"<p>Dies ist ein Wandregal aus Metall mit einem Fach, einer Breite von 40 cm und einer H\u00f6he von 10 cm. Dieses Regal eignet sich ideal f\u00fcr Gru\u00dfkarten im A3-Format, aber auch f\u00fcr Tischsets, Zeitschriften, Zeitungen, Brosch\u00fcren, laminierte Plakate usw. Erh\u00e4ltlich in 2 Gr\u00f6\u00dfen, siehe auch BU.A3.4015 Produktinformationen: Ma\u00dfe (Innenma\u00dfe): Breite: 39,2 cm H\u00f6he: 9,5 cm &hellip; <a href=\"https:\/\/buyck-displays.com\/de\/wandregal-fuer-a3-grusskarten-bu-a3-4010\">Fortsetzung<\/a><\/p>\n","protected":false},"featured_media":81459,"comment_status":"closed","ping_status":"closed","template":"","meta":{"_acf_changed":false},"product_brand":[],"product_cat":[189,240,569,560],"product_tag":[],"class_list":{"0":"post-81481","1":"product","2":"type-product","3":"status-publish","4":"has-post-thumbnail","6":"product_cat-standard-displays-de","7":"product_cat-karten-staender","8":"product_cat-lagerraeumung","9":"product_cat-sonderformate-und-einzelteile","11":"first","12":"instock","13":"sale","14":"taxable","15":"shipping-taxable","16":"purchasable","17":"product-type-simple"},"acf":[],"yoast_head":"<!-- This site is optimized with the Yoast SEO plugin v27.6 - https:\/\/yoast.com\/product\/yoast-seo-wordpress\/ -->\n<title>Wandregal f\u00fcr A3-Gru\u00dfkarten - Buyck Displays<\/title>\n<meta name=\"description\" content=\"Wandregal aus Metall mit einem Fach, einer Breite von 40 cm und einer H\u00f6he von 10 cm. Dieses Regal eignet sich ideal f\u00fcr Gru\u00dfkarten im A3-Format usw\" \/>\n<meta name=\"robots\" content=\"index, follow, max-snippet:-1, max-image-preview:large, max-video-preview:-1\" \/>\n<link rel=\"canonical\" href=\"https:\/\/buyck-displays.com\/de\/wandregal-fuer-a3-grusskarten-bu-a3-4010\" \/>\n<meta property=\"og:locale\" content=\"de_DE\" \/>\n<meta property=\"og:type\" content=\"article\" \/>\n<meta property=\"og:title\" content=\"Wandregal f\u00fcr A3-Gru\u00dfkarten - Buyck Displays\" \/>\n<meta property=\"og:description\" content=\"Wandregal aus Metall mit einem Fach, einer Breite von 40 cm und einer H\u00f6he von 10 cm. Dieses Regal eignet sich ideal f\u00fcr Gru\u00dfkarten im A3-Format usw\" \/>\n<meta property=\"og:url\" content=\"https:\/\/buyck-displays.com\/de\/wandregal-fuer-a3-grusskarten-bu-a3-4010\" \/>\n<meta property=\"og:site_name\" content=\"Buyck Displays\" \/>\n<meta property=\"article:modified_time\" content=\"2025-09-02T13:13:21+00:00\" \/>\n<meta property=\"og:image\" content=\"https:\/\/buyck-displays.com\/wp-content\/uploads\/2025\/06\/BU4010.1.jpg\" \/>\n\t<meta property=\"og:image:width\" content=\"240\" \/>\n\t<meta property=\"og:image:height\" content=\"320\" \/>\n\t<meta property=\"og:image:type\" content=\"image\/jpeg\" \/>\n<meta name=\"twitter:card\" content=\"summary_large_image\" \/>\n<meta name=\"twitter:label1\" content=\"Gesch\u00e4tzte Lesezeit\" \/>\n\t<meta name=\"twitter:data1\" content=\"1\u00a0Minute\" \/>\n<script type=\"application\/ld+json\" class=\"yoast-schema-graph\">{\"@context\":\"https:\\\/\\\/schema.org\",\"@graph\":[{\"@type\":\"WebPage\",\"@id\":\"https:\\\/\\\/buyck-displays.com\\\/de\\\/wandregal-fuer-a3-grusskarten-bu-a3-4010\",\"url\":\"https:\\\/\\\/buyck-displays.com\\\/de\\\/wandregal-fuer-a3-grusskarten-bu-a3-4010\",\"name\":\"Wandregal f\u00fcr A3-Gru\u00dfkarten - Buyck Displays\",\"isPartOf\":{\"@id\":\"https:\\\/\\\/buyck-displays.com\\\/de#website\"},\"primaryImageOfPage\":{\"@id\":\"https:\\\/\\\/buyck-displays.com\\\/de\\\/wandregal-fuer-a3-grusskarten-bu-a3-4010#primaryimage\"},\"image\":{\"@id\":\"https:\\\/\\\/buyck-displays.com\\\/de\\\/wandregal-fuer-a3-grusskarten-bu-a3-4010#primaryimage\"},\"thumbnailUrl\":\"https:\\\/\\\/buyck-displays.com\\\/wp-content\\\/uploads\\\/2025\\\/06\\\/BU4010.1.jpg\",\"datePublished\":\"2025-06-16T14:36:44+00:00\",\"dateModified\":\"2025-09-02T13:13:21+00:00\",\"description\":\"Wandregal aus Metall mit einem Fach, einer Breite von 40 cm und einer H\u00f6he von 10 cm. Dieses Regal eignet sich ideal f\u00fcr Gru\u00dfkarten im A3-Format usw\",\"breadcrumb\":{\"@id\":\"https:\\\/\\\/buyck-displays.com\\\/de\\\/wandregal-fuer-a3-grusskarten-bu-a3-4010#breadcrumb\"},\"inLanguage\":\"de\",\"potentialAction\":[{\"@type\":\"ReadAction\",\"target\":[\"https:\\\/\\\/buyck-displays.com\\\/de\\\/wandregal-fuer-a3-grusskarten-bu-a3-4010\"]}]},{\"@type\":\"ImageObject\",\"inLanguage\":\"de\",\"@id\":\"https:\\\/\\\/buyck-displays.com\\\/de\\\/wandregal-fuer-a3-grusskarten-bu-a3-4010#primaryimage\",\"url\":\"https:\\\/\\\/buyck-displays.com\\\/wp-content\\\/uploads\\\/2025\\\/06\\\/BU4010.1.jpg\",\"contentUrl\":\"https:\\\/\\\/buyck-displays.com\\\/wp-content\\\/uploads\\\/2025\\\/06\\\/BU4010.1.jpg\",\"width\":240,\"height\":320},{\"@type\":\"BreadcrumbList\",\"@id\":\"https:\\\/\\\/buyck-displays.com\\\/de\\\/wandregal-fuer-a3-grusskarten-bu-a3-4010#breadcrumb\",\"itemListElement\":[{\"@type\":\"ListItem\",\"position\":1,\"name\":\"Home\",\"item\":\"https:\\\/\\\/buyck-displays.com\\\/de\"},{\"@type\":\"ListItem\",\"position\":2,\"name\":\"Displays\",\"item\":\"https:\\\/\\\/buyck-displays.com\\\/de\\\/produkte\"},{\"@type\":\"ListItem\",\"position\":3,\"name\":\"Wandregal f\u00fcr A3-Gru\u00dfkarten\"}]},{\"@type\":\"WebSite\",\"@id\":\"https:\\\/\\\/buyck-displays.com\\\/de#website\",\"url\":\"https:\\\/\\\/buyck-displays.com\\\/de\",\"name\":\"Buyck Displays\",\"description\":\"Standaard en Maatwerk Displays\",\"potentialAction\":[{\"@type\":\"SearchAction\",\"target\":{\"@type\":\"EntryPoint\",\"urlTemplate\":\"https:\\\/\\\/buyck-displays.com\\\/de?s={search_term_string}\"},\"query-input\":{\"@type\":\"PropertyValueSpecification\",\"valueRequired\":true,\"valueName\":\"search_term_string\"}}],\"inLanguage\":\"de\"}]}<\/script>\n<!-- \/ Yoast SEO plugin. -->","yoast_head_json":{"title":"Wandregal f\u00fcr A3-Gru\u00dfkarten - Buyck Displays","description":"Wandregal aus Metall mit einem Fach, einer Breite von 40 cm und einer H\u00f6he von 10 cm. Dieses Regal eignet sich ideal f\u00fcr Gru\u00dfkarten im A3-Format usw","robots":{"index":"index","follow":"follow","max-snippet":"max-snippet:-1","max-image-preview":"max-image-preview:large","max-video-preview":"max-video-preview:-1"},"canonical":"https:\/\/buyck-displays.com\/de\/wandregal-fuer-a3-grusskarten-bu-a3-4010","og_locale":"de_DE","og_type":"article","og_title":"Wandregal f\u00fcr A3-Gru\u00dfkarten - Buyck Displays","og_description":"Wandregal aus Metall mit einem Fach, einer Breite von 40 cm und einer H\u00f6he von 10 cm. Dieses Regal eignet sich ideal f\u00fcr Gru\u00dfkarten im A3-Format usw","og_url":"https:\/\/buyck-displays.com\/de\/wandregal-fuer-a3-grusskarten-bu-a3-4010","og_site_name":"Buyck Displays","article_modified_time":"2025-09-02T13:13:21+00:00","og_image":[{"width":240,"height":320,"url":"https:\/\/buyck-displays.com\/wp-content\/uploads\/2025\/06\/BU4010.1.jpg","type":"image\/jpeg"}],"twitter_card":"summary_large_image","twitter_misc":{"Gesch\u00e4tzte Lesezeit":"1\u00a0Minute"},"schema":{"@context":"https:\/\/schema.org","@graph":[{"@type":"WebPage","@id":"https:\/\/buyck-displays.com\/de\/wandregal-fuer-a3-grusskarten-bu-a3-4010","url":"https:\/\/buyck-displays.com\/de\/wandregal-fuer-a3-grusskarten-bu-a3-4010","name":"Wandregal f\u00fcr A3-Gru\u00dfkarten - Buyck Displays","isPartOf":{"@id":"https:\/\/buyck-displays.com\/de#website"},"primaryImageOfPage":{"@id":"https:\/\/buyck-displays.com\/de\/wandregal-fuer-a3-grusskarten-bu-a3-4010#primaryimage"},"image":{"@id":"https:\/\/buyck-displays.com\/de\/wandregal-fuer-a3-grusskarten-bu-a3-4010#primaryimage"},"thumbnailUrl":"https:\/\/buyck-displays.com\/wp-content\/uploads\/2025\/06\/BU4010.1.jpg","datePublished":"2025-06-16T14:36:44+00:00","dateModified":"2025-09-02T13:13:21+00:00","description":"Wandregal aus Metall mit einem Fach, einer Breite von 40 cm und einer H\u00f6he von 10 cm. Dieses Regal eignet sich ideal f\u00fcr Gru\u00dfkarten im A3-Format usw","breadcrumb":{"@id":"https:\/\/buyck-displays.com\/de\/wandregal-fuer-a3-grusskarten-bu-a3-4010#breadcrumb"},"inLanguage":"de","potentialAction":[{"@type":"ReadAction","target":["https:\/\/buyck-displays.com\/de\/wandregal-fuer-a3-grusskarten-bu-a3-4010"]}]},{"@type":"ImageObject","inLanguage":"de","@id":"https:\/\/buyck-displays.com\/de\/wandregal-fuer-a3-grusskarten-bu-a3-4010#primaryimage","url":"https:\/\/buyck-displays.com\/wp-content\/uploads\/2025\/06\/BU4010.1.jpg","contentUrl":"https:\/\/buyck-displays.com\/wp-content\/uploads\/2025\/06\/BU4010.1.jpg","width":240,"height":320},{"@type":"BreadcrumbList","@id":"https:\/\/buyck-displays.com\/de\/wandregal-fuer-a3-grusskarten-bu-a3-4010#breadcrumb","itemListElement":[{"@type":"ListItem","position":1,"name":"Home","item":"https:\/\/buyck-displays.com\/de"},{"@type":"ListItem","position":2,"name":"Displays","item":"https:\/\/buyck-displays.com\/de\/produkte"},{"@type":"ListItem","position":3,"name":"Wandregal f\u00fcr A3-Gru\u00dfkarten"}]},{"@type":"WebSite","@id":"https:\/\/buyck-displays.com\/de#website","url":"https:\/\/buyck-displays.com\/de","name":"Buyck Displays","description":"Standaard en Maatwerk Displays","potentialAction":[{"@type":"SearchAction","target":{"@type":"EntryPoint","urlTemplate":"https:\/\/buyck-displays.com\/de?s={search_term_string}"},"query-input":{"@type":"PropertyValueSpecification","valueRequired":true,"valueName":"search_term_string"}}],"inLanguage":"de"}]}},"_links":{"self":[{"href":"https:\/\/buyck-displays.com\/de\/wp-json\/wp\/v2\/product\/81481","targetHints":{"allow":["GET"]}}],"collection":[{"href":"https:\/\/buyck-displays.com\/de\/wp-json\/wp\/v2\/product"}],"about":[{"href":"https:\/\/buyck-displays.com\/de\/wp-json\/wp\/v2\/types\/product"}],"replies":[{"embeddable":true,"href":"https:\/\/buyck-displays.com\/de\/wp-json\/wp\/v2\/comments?post=81481"}],"wp:featuredmedia":[{"embeddable":true,"href":"https:\/\/buyck-displays.com\/de\/wp-json\/wp\/v2\/media\/81459"}],"wp:attachment":[{"href":"https:\/\/buyck-displays.com\/de\/wp-json\/wp\/v2\/media?parent=81481"}],"wp:term":[{"taxonomy":"product_brand","embeddable":true,"href":"https:\/\/buyck-displays.com\/de\/wp-json\/wp\/v2\/product_brand?post=81481"},{"taxonomy":"product_cat","embeddable":true,"href":"https:\/\/buyck-displays.com\/de\/wp-json\/wp\/v2\/product_cat?post=81481"},{"taxonomy":"product_tag","embeddable":true,"href":"https:\/\/buyck-displays.com\/de\/wp-json\/wp\/v2\/product_tag?post=81481"}],"curies":[{"name":"wp","href":"https:\/\/api.w.org\/{rel}","templated":true}]}}