{"id":80346,"date":"2024-08-28T10:40:46","date_gmt":"2024-08-28T09:34:49","guid":{"rendered":"https:\/\/buyck-displays.com\/?post_type=product&#038;p=80346"},"modified":"2025-02-13T11:17:07","modified_gmt":"2025-02-13T10:17:07","slug":"bodenstaender-im-format-a4-pc-a4-12","status":"publish","type":"product","link":"https:\/\/buyck-displays.com\/de\/bodenstaender-im-format-a4-pc-a4-12","title":{"rendered":"Bodenst\u00e4nder im Format A4"},"content":{"rendered":"<p>Dieser Bodenst\u00e4nder aus Metall hat 12 vertikale F\u00e4cher (3 Seiten mit 4 vertikalen F\u00e4chern) speziell f\u00fcr vertikale A4-Gru\u00dfkarten oder Prospekte. Dieses Display ist auch mit 16 vertikalen F\u00e4chern erh\u00e4ltlich =&gt; <a href=\"https:\/\/buyck-displays.com\/de\/bodenstaender-im-format-a4-pc-a4\"><span style=\"color: #3366ff;\"><strong>PC.A4.16<\/strong><\/span><\/a><\/p>\n<p><strong>OPTIONEN<\/strong>:<\/p>\n<ul>\n<li><strong>Gummir\u00e4der<\/strong>: Standardm\u00e4\u00dfig steht dieses Display auf 5 Kunststoffr\u00e4dern, von denen zwei eine Bremse haben, aber wenn Sie m\u00f6chten, k\u00f6nnen Sie auch\u00a0<span style=\"color: #3366ff;\"><a style=\"color: #3366ff;\" href=\"https:\/\/buyck-displays.com\/de\/gummiraeder-bu100\"><strong>5 robuste Gummir\u00e4der<\/strong><\/a><\/span>.<\/li>\n<li><strong>Beschwerungsplatte<\/strong>: Um zu verhindern, dass das Display umkippt oder weggeweht wird, k\u00f6nnen Sie unseren Beschwerungsplatte mit einem Kartenhalter kombinieren. Klicken Sie bitte\u00a0<span style=\"color: #3366ff;\"><strong><a style=\"color: #3366ff;\" href=\"https:\/\/buyck-displays.com\/de\/beschwerungsplatte-bu200\">hier<\/a><\/strong><\/span>.<\/li>\n<\/ul>\n<p><strong>Informationen zum Produkt<\/strong>:<\/p>\n<ul>\n<li>Abmessungen:\n<ul>\n<li>Display:\n<ul>\n<li>H\u00f6he: 185 cm<\/li>\n<\/ul>\n<\/li>\n<li>F\u00e4cher (Innenma\u00dfe):\n<ul>\n<li>Breite: 22 cm<\/li>\n<li>H\u00f6he: 20 cm<\/li>\n<li>Tiefe: 4 cm<\/li>\n<\/ul>\n<\/li>\n<\/ul>\n<\/li>\n<li>mit Logohalterung<\/li>\n<li>dreieckig (3 Seiten)<\/li>\n<li>drehbar<\/li>\n<li>Standardfarbe: silber-grau<\/li>\n<\/ul>\n<p><em>(Abbildung ist vom PC.A4.16)<\/em><\/p>\n","protected":false},"excerpt":{"rendered":"<p>Dieser Bodenst\u00e4nder aus Metall hat 12 vertikale F\u00e4cher (3 Seiten mit 4 vertikalen F\u00e4chern) speziell f\u00fcr vertikale A4-Gru\u00dfkarten oder Prospekte. Dieses Display ist auch mit 16 vertikalen F\u00e4chern erh\u00e4ltlich =&gt; PC.A4.16 OPTIONEN: Gummir\u00e4der: Standardm\u00e4\u00dfig steht dieses Display auf 5 Kunststoffr\u00e4dern, von denen zwei eine Bremse haben, aber wenn Sie m\u00f6chten, k\u00f6nnen Sie auch\u00a05 robuste Gummir\u00e4der. &hellip; <a href=\"https:\/\/buyck-displays.com\/de\/bodenstaender-im-format-a4-pc-a4-12\">Fortsetzung<\/a><\/p>\n","protected":false},"featured_media":80313,"comment_status":"closed","ping_status":"closed","template":"","meta":{"_acf_changed":false},"product_brand":[],"product_cat":[189,240,560],"product_tag":[],"class_list":{"0":"post-80346","1":"product","2":"type-product","3":"status-publish","4":"has-post-thumbnail","6":"product_cat-standard-displays-de","7":"product_cat-karten-staender","8":"product_cat-sonderformate-und-einzelteile","10":"first","11":"instock","12":"taxable","13":"shipping-taxable","14":"purchasable","15":"product-type-simple"},"acf":[],"yoast_head":"<!-- This site is optimized with the Yoast SEO plugin v27.5 - https:\/\/yoast.com\/product\/yoast-seo-wordpress\/ -->\n<title>Bodenst\u00e4nder im Format A4 - Buyck Displays<\/title>\n<meta name=\"description\" content=\"Dieser Bodenst\u00e4nder aus Metall hat 12 vertikale F\u00e4cher (3 Seiten mit 4 vertikalen F\u00e4chern) speziell f\u00fcr vertikale A4-Gru\u00dfkarten oder Prospekte.\" \/>\n<meta name=\"robots\" content=\"index, follow, max-snippet:-1, max-image-preview:large, max-video-preview:-1\" \/>\n<link rel=\"canonical\" href=\"https:\/\/buyck-displays.com\/de\/bodenstaender-im-format-a4-pc-a4-12\" \/>\n<meta property=\"og:locale\" content=\"de_DE\" \/>\n<meta property=\"og:type\" content=\"article\" \/>\n<meta property=\"og:title\" content=\"Bodenst\u00e4nder im Format A4 - Buyck Displays\" \/>\n<meta property=\"og:description\" content=\"Dieser Bodenst\u00e4nder aus Metall hat 12 vertikale F\u00e4cher (3 Seiten mit 4 vertikalen F\u00e4chern) speziell f\u00fcr vertikale A4-Gru\u00dfkarten oder Prospekte.\" \/>\n<meta property=\"og:url\" content=\"https:\/\/buyck-displays.com\/de\/bodenstaender-im-format-a4-pc-a4-12\" \/>\n<meta property=\"og:site_name\" content=\"Buyck Displays\" \/>\n<meta property=\"article:modified_time\" content=\"2025-02-13T10:17:07+00:00\" \/>\n<meta property=\"og:image\" content=\"https:\/\/buyck-displays.com\/wp-content\/uploads\/2024\/08\/PC.A4.16.png\" \/>\n\t<meta property=\"og:image:width\" content=\"616\" \/>\n\t<meta property=\"og:image:height\" content=\"1601\" \/>\n\t<meta property=\"og:image:type\" content=\"image\/png\" \/>\n<meta name=\"twitter:card\" content=\"summary_large_image\" \/>\n<meta name=\"twitter:label1\" content=\"Gesch\u00e4tzte Lesezeit\" \/>\n\t<meta name=\"twitter:data1\" content=\"1\u00a0Minute\" \/>\n<script type=\"application\/ld+json\" class=\"yoast-schema-graph\">{\"@context\":\"https:\\\/\\\/schema.org\",\"@graph\":[{\"@type\":\"WebPage\",\"@id\":\"https:\\\/\\\/buyck-displays.com\\\/de\\\/bodenstaender-im-format-a4-pc-a4-12\",\"url\":\"https:\\\/\\\/buyck-displays.com\\\/de\\\/bodenstaender-im-format-a4-pc-a4-12\",\"name\":\"Bodenst\u00e4nder im Format A4 - Buyck Displays\",\"isPartOf\":{\"@id\":\"https:\\\/\\\/buyck-displays.com\\\/de#website\"},\"primaryImageOfPage\":{\"@id\":\"https:\\\/\\\/buyck-displays.com\\\/de\\\/bodenstaender-im-format-a4-pc-a4-12#primaryimage\"},\"image\":{\"@id\":\"https:\\\/\\\/buyck-displays.com\\\/de\\\/bodenstaender-im-format-a4-pc-a4-12#primaryimage\"},\"thumbnailUrl\":\"https:\\\/\\\/buyck-displays.com\\\/wp-content\\\/uploads\\\/2024\\\/08\\\/PC.A4.16.png\",\"datePublished\":\"2024-08-28T09:34:49+00:00\",\"dateModified\":\"2025-02-13T10:17:07+00:00\",\"description\":\"Dieser Bodenst\u00e4nder aus Metall hat 12 vertikale F\u00e4cher (3 Seiten mit 4 vertikalen F\u00e4chern) speziell f\u00fcr vertikale A4-Gru\u00dfkarten oder Prospekte.\",\"breadcrumb\":{\"@id\":\"https:\\\/\\\/buyck-displays.com\\\/de\\\/bodenstaender-im-format-a4-pc-a4-12#breadcrumb\"},\"inLanguage\":\"de\",\"potentialAction\":[{\"@type\":\"ReadAction\",\"target\":[\"https:\\\/\\\/buyck-displays.com\\\/de\\\/bodenstaender-im-format-a4-pc-a4-12\"]}]},{\"@type\":\"ImageObject\",\"inLanguage\":\"de\",\"@id\":\"https:\\\/\\\/buyck-displays.com\\\/de\\\/bodenstaender-im-format-a4-pc-a4-12#primaryimage\",\"url\":\"https:\\\/\\\/buyck-displays.com\\\/wp-content\\\/uploads\\\/2024\\\/08\\\/PC.A4.16.png\",\"contentUrl\":\"https:\\\/\\\/buyck-displays.com\\\/wp-content\\\/uploads\\\/2024\\\/08\\\/PC.A4.16.png\",\"width\":616,\"height\":1601},{\"@type\":\"BreadcrumbList\",\"@id\":\"https:\\\/\\\/buyck-displays.com\\\/de\\\/bodenstaender-im-format-a4-pc-a4-12#breadcrumb\",\"itemListElement\":[{\"@type\":\"ListItem\",\"position\":1,\"name\":\"Home\",\"item\":\"https:\\\/\\\/buyck-displays.com\\\/de\"},{\"@type\":\"ListItem\",\"position\":2,\"name\":\"Displays\",\"item\":\"https:\\\/\\\/buyck-displays.com\\\/de\\\/produkte\"},{\"@type\":\"ListItem\",\"position\":3,\"name\":\"Bodenst\u00e4nder im Format A4\"}]},{\"@type\":\"WebSite\",\"@id\":\"https:\\\/\\\/buyck-displays.com\\\/de#website\",\"url\":\"https:\\\/\\\/buyck-displays.com\\\/de\",\"name\":\"Buyck Displays\",\"description\":\"Standaard en Maatwerk Displays\",\"potentialAction\":[{\"@type\":\"SearchAction\",\"target\":{\"@type\":\"EntryPoint\",\"urlTemplate\":\"https:\\\/\\\/buyck-displays.com\\\/de?s={search_term_string}\"},\"query-input\":{\"@type\":\"PropertyValueSpecification\",\"valueRequired\":true,\"valueName\":\"search_term_string\"}}],\"inLanguage\":\"de\"}]}<\/script>\n<!-- \/ Yoast SEO plugin. -->","yoast_head_json":{"title":"Bodenst\u00e4nder im Format A4 - Buyck Displays","description":"Dieser Bodenst\u00e4nder aus Metall hat 12 vertikale F\u00e4cher (3 Seiten mit 4 vertikalen F\u00e4chern) speziell f\u00fcr vertikale A4-Gru\u00dfkarten oder Prospekte.","robots":{"index":"index","follow":"follow","max-snippet":"max-snippet:-1","max-image-preview":"max-image-preview:large","max-video-preview":"max-video-preview:-1"},"canonical":"https:\/\/buyck-displays.com\/de\/bodenstaender-im-format-a4-pc-a4-12","og_locale":"de_DE","og_type":"article","og_title":"Bodenst\u00e4nder im Format A4 - Buyck Displays","og_description":"Dieser Bodenst\u00e4nder aus Metall hat 12 vertikale F\u00e4cher (3 Seiten mit 4 vertikalen F\u00e4chern) speziell f\u00fcr vertikale A4-Gru\u00dfkarten oder Prospekte.","og_url":"https:\/\/buyck-displays.com\/de\/bodenstaender-im-format-a4-pc-a4-12","og_site_name":"Buyck Displays","article_modified_time":"2025-02-13T10:17:07+00:00","og_image":[{"width":616,"height":1601,"url":"https:\/\/buyck-displays.com\/wp-content\/uploads\/2024\/08\/PC.A4.16.png","type":"image\/png"}],"twitter_card":"summary_large_image","twitter_misc":{"Gesch\u00e4tzte Lesezeit":"1\u00a0Minute"},"schema":{"@context":"https:\/\/schema.org","@graph":[{"@type":"WebPage","@id":"https:\/\/buyck-displays.com\/de\/bodenstaender-im-format-a4-pc-a4-12","url":"https:\/\/buyck-displays.com\/de\/bodenstaender-im-format-a4-pc-a4-12","name":"Bodenst\u00e4nder im Format A4 - Buyck Displays","isPartOf":{"@id":"https:\/\/buyck-displays.com\/de#website"},"primaryImageOfPage":{"@id":"https:\/\/buyck-displays.com\/de\/bodenstaender-im-format-a4-pc-a4-12#primaryimage"},"image":{"@id":"https:\/\/buyck-displays.com\/de\/bodenstaender-im-format-a4-pc-a4-12#primaryimage"},"thumbnailUrl":"https:\/\/buyck-displays.com\/wp-content\/uploads\/2024\/08\/PC.A4.16.png","datePublished":"2024-08-28T09:34:49+00:00","dateModified":"2025-02-13T10:17:07+00:00","description":"Dieser Bodenst\u00e4nder aus Metall hat 12 vertikale F\u00e4cher (3 Seiten mit 4 vertikalen F\u00e4chern) speziell f\u00fcr vertikale A4-Gru\u00dfkarten oder Prospekte.","breadcrumb":{"@id":"https:\/\/buyck-displays.com\/de\/bodenstaender-im-format-a4-pc-a4-12#breadcrumb"},"inLanguage":"de","potentialAction":[{"@type":"ReadAction","target":["https:\/\/buyck-displays.com\/de\/bodenstaender-im-format-a4-pc-a4-12"]}]},{"@type":"ImageObject","inLanguage":"de","@id":"https:\/\/buyck-displays.com\/de\/bodenstaender-im-format-a4-pc-a4-12#primaryimage","url":"https:\/\/buyck-displays.com\/wp-content\/uploads\/2024\/08\/PC.A4.16.png","contentUrl":"https:\/\/buyck-displays.com\/wp-content\/uploads\/2024\/08\/PC.A4.16.png","width":616,"height":1601},{"@type":"BreadcrumbList","@id":"https:\/\/buyck-displays.com\/de\/bodenstaender-im-format-a4-pc-a4-12#breadcrumb","itemListElement":[{"@type":"ListItem","position":1,"name":"Home","item":"https:\/\/buyck-displays.com\/de"},{"@type":"ListItem","position":2,"name":"Displays","item":"https:\/\/buyck-displays.com\/de\/produkte"},{"@type":"ListItem","position":3,"name":"Bodenst\u00e4nder im Format A4"}]},{"@type":"WebSite","@id":"https:\/\/buyck-displays.com\/de#website","url":"https:\/\/buyck-displays.com\/de","name":"Buyck Displays","description":"Standaard en Maatwerk Displays","potentialAction":[{"@type":"SearchAction","target":{"@type":"EntryPoint","urlTemplate":"https:\/\/buyck-displays.com\/de?s={search_term_string}"},"query-input":{"@type":"PropertyValueSpecification","valueRequired":true,"valueName":"search_term_string"}}],"inLanguage":"de"}]}},"_links":{"self":[{"href":"https:\/\/buyck-displays.com\/de\/wp-json\/wp\/v2\/product\/80346","targetHints":{"allow":["GET"]}}],"collection":[{"href":"https:\/\/buyck-displays.com\/de\/wp-json\/wp\/v2\/product"}],"about":[{"href":"https:\/\/buyck-displays.com\/de\/wp-json\/wp\/v2\/types\/product"}],"replies":[{"embeddable":true,"href":"https:\/\/buyck-displays.com\/de\/wp-json\/wp\/v2\/comments?post=80346"}],"wp:featuredmedia":[{"embeddable":true,"href":"https:\/\/buyck-displays.com\/de\/wp-json\/wp\/v2\/media\/80313"}],"wp:attachment":[{"href":"https:\/\/buyck-displays.com\/de\/wp-json\/wp\/v2\/media?parent=80346"}],"wp:term":[{"taxonomy":"product_brand","embeddable":true,"href":"https:\/\/buyck-displays.com\/de\/wp-json\/wp\/v2\/product_brand?post=80346"},{"taxonomy":"product_cat","embeddable":true,"href":"https:\/\/buyck-displays.com\/de\/wp-json\/wp\/v2\/product_cat?post=80346"},{"taxonomy":"product_tag","embeddable":true,"href":"https:\/\/buyck-displays.com\/de\/wp-json\/wp\/v2\/product_tag?post=80346"}],"curies":[{"name":"wp","href":"https:\/\/api.w.org\/{rel}","templated":true}]}}