{"id":80199,"date":"2024-07-08T12:04:08","date_gmt":"2024-07-08T10:04:08","guid":{"rendered":"https:\/\/buyck-displays.com\/?post_type=product&#038;p=80199"},"modified":"2026-04-27T15:45:08","modified_gmt":"2026-04-27T13:45:08","slug":"glueckwunschkarten-staender-pc56-wk","status":"publish","type":"product","link":"https:\/\/buyck-displays.com\/de\/glueckwunschkarten-staender-pc56-wk","title":{"rendered":"Gl\u00fcckwunschkarten-st\u00e4nder"},"content":{"rendered":"<p><span style=\"color: #ff0000;\"><strong>Solange der Vorrat reicht!<\/strong><\/span><\/p>\n<p>Bodenverkaufsst\u00e4nder aus Metall f\u00fcr rechteckige und quadratische Gru\u00dfkarten. Diese Karten-st\u00e4nder hat <strong>56 F\u00e4cher<\/strong>, darunter <strong>16 vertikale<\/strong> und <strong>40 horizontale<\/strong> F\u00e4cher.<\/p>\n<p><strong>Informationen zum Produkt:<\/strong><\/p>\n<ul>\n<li>Abmessungen:\n<ul>\n<li>F\u00e4cher:\n<ul>\n<li>vertikal:\n<ul>\n<li>Breite (Innenma\u00df): 14 cm<\/li>\n<li>Tiefe (Innenma\u00df): 2,5 cm<\/li>\n<li>H\u00f6he (Au\u00dfenma\u00df): 10 cm<\/li>\n<\/ul>\n<\/li>\n<li>horizontal:\n<ul>\n<li>Breite (Innenma\u00df): 19 cm<\/li>\n<li>Tiefe (Innenma\u00df): 2,5 cm<\/li>\n<li>H\u00f6he (Au\u00dfenma\u00df): 7 cm<\/li>\n<\/ul>\n<\/li>\n<\/ul>\n<\/li>\n<li>Anzeige:\n<ul>\n<li>H\u00f6he: 180 cm<\/li>\n<\/ul>\n<\/li>\n<\/ul>\n<\/li>\n<li>Anzahl der F\u00e4cher:\n<ul>\n<li>56 F\u00e4cher:\n<ul>\n<li>16 <strong>vertikale<\/strong> F\u00e4cher: 2 Seiten von 8 vertikalen F\u00e4chern <em>(f\u00fcr vertikale Karten mit einer max. Breite von <strong>13,5 cm<\/strong>, inkl. Umschlag und evtl. Cellophanierung)<\/em><\/li>\n<li>40 <strong>horizontale<\/strong> F\u00e4cher: 4 Seiten von 10 horizontalen F\u00e4chern <em>(f\u00fcr horizontale Karten mit einer maximalen Breite von <strong>18,5 cm<\/strong>, inkl. Umschlag und eventueller Cellophanierung)<\/em><\/li>\n<\/ul>\n<\/li>\n<\/ul>\n<\/li>\n<li>drehbar<\/li>\n<li>sechseckig (6 Seiten)<\/li>\n<li>mit Logohalterung<\/li>\n<li>demontierbar<\/li>\n<li>Standardfarbe: kieselgrau (RAL 7032)<\/li>\n<\/ul>\n","protected":false},"excerpt":{"rendered":"<p>Solange der Vorrat reicht! Bodenverkaufsst\u00e4nder aus Metall f\u00fcr rechteckige und quadratische Gru\u00dfkarten. Diese Karten-st\u00e4nder hat 56 F\u00e4cher, darunter 16 vertikale und 40 horizontale F\u00e4cher. Informationen zum Produkt: Abmessungen: F\u00e4cher: vertikal: Breite (Innenma\u00df): 14 cm Tiefe (Innenma\u00df): 2,5 cm H\u00f6he (Au\u00dfenma\u00df): 10 cm horizontal: Breite (Innenma\u00df): 19 cm Tiefe (Innenma\u00df): 2,5 cm H\u00f6he (Au\u00dfenma\u00df): 7 cm &hellip; <a href=\"https:\/\/buyck-displays.com\/de\/glueckwunschkarten-staender-pc56-wk\">Fortsetzung<\/a><\/p>\n","protected":false},"featured_media":82836,"comment_status":"closed","ping_status":"closed","template":"","meta":{"_acf_changed":false},"product_brand":[],"product_cat":[189,569],"product_tag":[],"class_list":{"0":"post-80199","1":"product","2":"type-product","3":"status-publish","4":"has-post-thumbnail","6":"product_cat-standard-displays-de","7":"product_cat-lagerraeumung","9":"first","10":"instock","11":"sale","12":"taxable","13":"shipping-taxable","14":"purchasable","15":"product-type-simple"},"acf":[],"yoast_head":"<!-- This site is optimized with the Yoast SEO plugin v27.6 - https:\/\/yoast.com\/product\/yoast-seo-wordpress\/ -->\n<title>Gl\u00fcckwunschkarten-st\u00e4nder - Buyck Displays<\/title>\n<meta name=\"description\" content=\"Gl\u00fcckwunschkarten-st\u00e4nder f\u00fcr rechteckige und quadratische Gru\u00dfkarten. Diese Karten-st\u00e4nder hat 56 F\u00e4cher, darunter 16 vertikale und 40 horizontale F\u00e4cher.\" \/>\n<meta name=\"robots\" content=\"index, follow, max-snippet:-1, max-image-preview:large, max-video-preview:-1\" \/>\n<link rel=\"canonical\" href=\"https:\/\/buyck-displays.com\/de\/glueckwunschkarten-staender-pc56-wk\" \/>\n<meta property=\"og:locale\" content=\"de_DE\" \/>\n<meta property=\"og:type\" content=\"article\" \/>\n<meta property=\"og:title\" content=\"Gl\u00fcckwunschkarten-st\u00e4nder - Buyck Displays\" \/>\n<meta property=\"og:description\" content=\"Gl\u00fcckwunschkarten-st\u00e4nder f\u00fcr rechteckige und quadratische Gru\u00dfkarten. Diese Karten-st\u00e4nder hat 56 F\u00e4cher, darunter 16 vertikale und 40 horizontale F\u00e4cher.\" \/>\n<meta property=\"og:url\" content=\"https:\/\/buyck-displays.com\/de\/glueckwunschkarten-staender-pc56-wk\" \/>\n<meta property=\"og:site_name\" content=\"Buyck Displays\" \/>\n<meta property=\"article:modified_time\" content=\"2026-04-27T13:45:08+00:00\" \/>\n<meta property=\"og:image\" content=\"https:\/\/buyck-displays.com\/wp-content\/uploads\/2024\/07\/PC56-WK.jpg\" \/>\n\t<meta property=\"og:image:width\" content=\"551\" \/>\n\t<meta property=\"og:image:height\" content=\"765\" \/>\n\t<meta property=\"og:image:type\" content=\"image\/jpeg\" \/>\n<meta name=\"twitter:card\" content=\"summary_large_image\" \/>\n<meta name=\"twitter:label1\" content=\"Gesch\u00e4tzte Lesezeit\" \/>\n\t<meta name=\"twitter:data1\" content=\"1\u00a0Minute\" \/>\n<script type=\"application\/ld+json\" class=\"yoast-schema-graph\">{\"@context\":\"https:\\\/\\\/schema.org\",\"@graph\":[{\"@type\":\"WebPage\",\"@id\":\"https:\\\/\\\/buyck-displays.com\\\/de\\\/glueckwunschkarten-staender-pc56-wk\",\"url\":\"https:\\\/\\\/buyck-displays.com\\\/de\\\/glueckwunschkarten-staender-pc56-wk\",\"name\":\"Gl\u00fcckwunschkarten-st\u00e4nder - Buyck Displays\",\"isPartOf\":{\"@id\":\"https:\\\/\\\/buyck-displays.com\\\/de#website\"},\"primaryImageOfPage\":{\"@id\":\"https:\\\/\\\/buyck-displays.com\\\/de\\\/glueckwunschkarten-staender-pc56-wk#primaryimage\"},\"image\":{\"@id\":\"https:\\\/\\\/buyck-displays.com\\\/de\\\/glueckwunschkarten-staender-pc56-wk#primaryimage\"},\"thumbnailUrl\":\"https:\\\/\\\/buyck-displays.com\\\/wp-content\\\/uploads\\\/2024\\\/07\\\/PC56-WK.jpg\",\"datePublished\":\"2024-07-08T10:04:08+00:00\",\"dateModified\":\"2026-04-27T13:45:08+00:00\",\"description\":\"Gl\u00fcckwunschkarten-st\u00e4nder f\u00fcr rechteckige und quadratische Gru\u00dfkarten. Diese Karten-st\u00e4nder hat 56 F\u00e4cher, darunter 16 vertikale und 40 horizontale F\u00e4cher.\",\"breadcrumb\":{\"@id\":\"https:\\\/\\\/buyck-displays.com\\\/de\\\/glueckwunschkarten-staender-pc56-wk#breadcrumb\"},\"inLanguage\":\"de\",\"potentialAction\":[{\"@type\":\"ReadAction\",\"target\":[\"https:\\\/\\\/buyck-displays.com\\\/de\\\/glueckwunschkarten-staender-pc56-wk\"]}]},{\"@type\":\"ImageObject\",\"inLanguage\":\"de\",\"@id\":\"https:\\\/\\\/buyck-displays.com\\\/de\\\/glueckwunschkarten-staender-pc56-wk#primaryimage\",\"url\":\"https:\\\/\\\/buyck-displays.com\\\/wp-content\\\/uploads\\\/2024\\\/07\\\/PC56-WK.jpg\",\"contentUrl\":\"https:\\\/\\\/buyck-displays.com\\\/wp-content\\\/uploads\\\/2024\\\/07\\\/PC56-WK.jpg\",\"width\":551,\"height\":765},{\"@type\":\"BreadcrumbList\",\"@id\":\"https:\\\/\\\/buyck-displays.com\\\/de\\\/glueckwunschkarten-staender-pc56-wk#breadcrumb\",\"itemListElement\":[{\"@type\":\"ListItem\",\"position\":1,\"name\":\"Home\",\"item\":\"https:\\\/\\\/buyck-displays.com\\\/de\"},{\"@type\":\"ListItem\",\"position\":2,\"name\":\"Displays\",\"item\":\"https:\\\/\\\/buyck-displays.com\\\/de\\\/produkte\"},{\"@type\":\"ListItem\",\"position\":3,\"name\":\"Gl\u00fcckwunschkarten-st\u00e4nder\"}]},{\"@type\":\"WebSite\",\"@id\":\"https:\\\/\\\/buyck-displays.com\\\/de#website\",\"url\":\"https:\\\/\\\/buyck-displays.com\\\/de\",\"name\":\"Buyck Displays\",\"description\":\"Standaard en Maatwerk Displays\",\"potentialAction\":[{\"@type\":\"SearchAction\",\"target\":{\"@type\":\"EntryPoint\",\"urlTemplate\":\"https:\\\/\\\/buyck-displays.com\\\/de?s={search_term_string}\"},\"query-input\":{\"@type\":\"PropertyValueSpecification\",\"valueRequired\":true,\"valueName\":\"search_term_string\"}}],\"inLanguage\":\"de\"}]}<\/script>\n<!-- \/ Yoast SEO plugin. -->","yoast_head_json":{"title":"Gl\u00fcckwunschkarten-st\u00e4nder - Buyck Displays","description":"Gl\u00fcckwunschkarten-st\u00e4nder f\u00fcr rechteckige und quadratische Gru\u00dfkarten. Diese Karten-st\u00e4nder hat 56 F\u00e4cher, darunter 16 vertikale und 40 horizontale F\u00e4cher.","robots":{"index":"index","follow":"follow","max-snippet":"max-snippet:-1","max-image-preview":"max-image-preview:large","max-video-preview":"max-video-preview:-1"},"canonical":"https:\/\/buyck-displays.com\/de\/glueckwunschkarten-staender-pc56-wk","og_locale":"de_DE","og_type":"article","og_title":"Gl\u00fcckwunschkarten-st\u00e4nder - Buyck Displays","og_description":"Gl\u00fcckwunschkarten-st\u00e4nder f\u00fcr rechteckige und quadratische Gru\u00dfkarten. Diese Karten-st\u00e4nder hat 56 F\u00e4cher, darunter 16 vertikale und 40 horizontale F\u00e4cher.","og_url":"https:\/\/buyck-displays.com\/de\/glueckwunschkarten-staender-pc56-wk","og_site_name":"Buyck Displays","article_modified_time":"2026-04-27T13:45:08+00:00","og_image":[{"width":551,"height":765,"url":"https:\/\/buyck-displays.com\/wp-content\/uploads\/2024\/07\/PC56-WK.jpg","type":"image\/jpeg"}],"twitter_card":"summary_large_image","twitter_misc":{"Gesch\u00e4tzte Lesezeit":"1\u00a0Minute"},"schema":{"@context":"https:\/\/schema.org","@graph":[{"@type":"WebPage","@id":"https:\/\/buyck-displays.com\/de\/glueckwunschkarten-staender-pc56-wk","url":"https:\/\/buyck-displays.com\/de\/glueckwunschkarten-staender-pc56-wk","name":"Gl\u00fcckwunschkarten-st\u00e4nder - Buyck Displays","isPartOf":{"@id":"https:\/\/buyck-displays.com\/de#website"},"primaryImageOfPage":{"@id":"https:\/\/buyck-displays.com\/de\/glueckwunschkarten-staender-pc56-wk#primaryimage"},"image":{"@id":"https:\/\/buyck-displays.com\/de\/glueckwunschkarten-staender-pc56-wk#primaryimage"},"thumbnailUrl":"https:\/\/buyck-displays.com\/wp-content\/uploads\/2024\/07\/PC56-WK.jpg","datePublished":"2024-07-08T10:04:08+00:00","dateModified":"2026-04-27T13:45:08+00:00","description":"Gl\u00fcckwunschkarten-st\u00e4nder f\u00fcr rechteckige und quadratische Gru\u00dfkarten. Diese Karten-st\u00e4nder hat 56 F\u00e4cher, darunter 16 vertikale und 40 horizontale F\u00e4cher.","breadcrumb":{"@id":"https:\/\/buyck-displays.com\/de\/glueckwunschkarten-staender-pc56-wk#breadcrumb"},"inLanguage":"de","potentialAction":[{"@type":"ReadAction","target":["https:\/\/buyck-displays.com\/de\/glueckwunschkarten-staender-pc56-wk"]}]},{"@type":"ImageObject","inLanguage":"de","@id":"https:\/\/buyck-displays.com\/de\/glueckwunschkarten-staender-pc56-wk#primaryimage","url":"https:\/\/buyck-displays.com\/wp-content\/uploads\/2024\/07\/PC56-WK.jpg","contentUrl":"https:\/\/buyck-displays.com\/wp-content\/uploads\/2024\/07\/PC56-WK.jpg","width":551,"height":765},{"@type":"BreadcrumbList","@id":"https:\/\/buyck-displays.com\/de\/glueckwunschkarten-staender-pc56-wk#breadcrumb","itemListElement":[{"@type":"ListItem","position":1,"name":"Home","item":"https:\/\/buyck-displays.com\/de"},{"@type":"ListItem","position":2,"name":"Displays","item":"https:\/\/buyck-displays.com\/de\/produkte"},{"@type":"ListItem","position":3,"name":"Gl\u00fcckwunschkarten-st\u00e4nder"}]},{"@type":"WebSite","@id":"https:\/\/buyck-displays.com\/de#website","url":"https:\/\/buyck-displays.com\/de","name":"Buyck Displays","description":"Standaard en Maatwerk Displays","potentialAction":[{"@type":"SearchAction","target":{"@type":"EntryPoint","urlTemplate":"https:\/\/buyck-displays.com\/de?s={search_term_string}"},"query-input":{"@type":"PropertyValueSpecification","valueRequired":true,"valueName":"search_term_string"}}],"inLanguage":"de"}]}},"_links":{"self":[{"href":"https:\/\/buyck-displays.com\/de\/wp-json\/wp\/v2\/product\/80199","targetHints":{"allow":["GET"]}}],"collection":[{"href":"https:\/\/buyck-displays.com\/de\/wp-json\/wp\/v2\/product"}],"about":[{"href":"https:\/\/buyck-displays.com\/de\/wp-json\/wp\/v2\/types\/product"}],"replies":[{"embeddable":true,"href":"https:\/\/buyck-displays.com\/de\/wp-json\/wp\/v2\/comments?post=80199"}],"wp:featuredmedia":[{"embeddable":true,"href":"https:\/\/buyck-displays.com\/de\/wp-json\/wp\/v2\/media\/82836"}],"wp:attachment":[{"href":"https:\/\/buyck-displays.com\/de\/wp-json\/wp\/v2\/media?parent=80199"}],"wp:term":[{"taxonomy":"product_brand","embeddable":true,"href":"https:\/\/buyck-displays.com\/de\/wp-json\/wp\/v2\/product_brand?post=80199"},{"taxonomy":"product_cat","embeddable":true,"href":"https:\/\/buyck-displays.com\/de\/wp-json\/wp\/v2\/product_cat?post=80199"},{"taxonomy":"product_tag","embeddable":true,"href":"https:\/\/buyck-displays.com\/de\/wp-json\/wp\/v2\/product_tag?post=80199"}],"curies":[{"name":"wp","href":"https:\/\/api.w.org\/{rel}","templated":true}]}}