{"id":78208,"date":"2022-12-21T09:55:08","date_gmt":"2022-12-21T10:48:17","guid":{"rendered":"https:\/\/buyck-displays.com\/?post_type=product&#038;p=78208"},"modified":"2022-12-21T11:50:46","modified_gmt":"2022-12-21T10:50:46","slug":"prospekthalter-preiskarte-halterungen-bu2005hor","status":"publish","type":"product","link":"https:\/\/buyck-displays.com\/de\/prospekthalter-preiskarte-halterungen-bu2005hor","title":{"rendered":"Prospekthalter"},"content":{"rendered":"<p>Stabiler Halter f\u00fcr horizontale A5-Dokumente. Hergestellt aus hochwertigem Acryl mit polierten Seiten. Dieser L-f\u00f6rmige Halter ist ideal f\u00fcr die einseitige Pr\u00e4sentation von Einzelkarten wie Preisschildern, Informationsbl\u00e4ttern, Fotos, Mitteilungen, &#8230;. auf Ihrem Tresen, Schreibtisch, Tisch usw.<\/p>\n<div>\n<p><strong>Informationen zum Produkt<\/strong>:<\/p>\n<ul>\n<li>Abmessungen:\n<ul>\n<li>Breite: 21 cm<\/li>\n<li>H\u00f6he: 15,5 cm<\/li>\n<li>Tiefe (Fu\u00df): 5,5 cm<\/li>\n<li>Plexiglas Dicke: 2 mm<\/li>\n<\/ul>\n<\/li>\n<li>Material: klares, transparentes Acryl<\/li>\n<li>Anwendung: Pr\u00e4sentation von horizontale Dokumenten im Format A5<\/li>\n<\/ul>\n<\/div>\n","protected":false},"excerpt":{"rendered":"<p>Stabiler Halter f\u00fcr horizontale A5-Dokumente. Hergestellt aus hochwertigem Acryl mit polierten Seiten. Dieser L-f\u00f6rmige Halter ist ideal f\u00fcr die einseitige Pr\u00e4sentation von Einzelkarten wie Preisschildern, Informationsbl\u00e4ttern, Fotos, Mitteilungen, &#8230;. auf Ihrem Tresen, Schreibtisch, Tisch usw. Informationen zum Produkt: Abmessungen: Breite: 21 cm H\u00f6he: 15,5 cm Tiefe (Fu\u00df): 5,5 cm Plexiglas Dicke: 2 mm Material: klares, &hellip; <a href=\"https:\/\/buyck-displays.com\/de\/prospekthalter-preiskarte-halterungen-bu2005hor\">Fortsetzung<\/a><\/p>\n","protected":false},"featured_media":78196,"comment_status":"closed","ping_status":"closed","template":"","meta":{"_acf_changed":false},"product_brand":[],"product_cat":[244,189,245],"product_tag":[],"class_list":{"0":"post-78208","1":"product","2":"type-product","3":"status-publish","4":"has-post-thumbnail","6":"product_cat-acryl-displays","7":"product_cat-standard-displays-de","8":"product_cat-prospekthalter-preiskarte-halterungen","10":"first","11":"instock","12":"taxable","13":"shipping-taxable","14":"purchasable","15":"product-type-simple"},"acf":[],"yoast_head":"<!-- This site is optimized with the Yoast SEO plugin v27.6 - https:\/\/yoast.com\/product\/yoast-seo-wordpress\/ -->\n<title>Prospekthalter - Buyck Displays - Documentenhalter<\/title>\n<meta name=\"description\" content=\"Prospekthalter im Format A5 f\u00fcr horizontale Dokumente, Informationsbl\u00e4ttern, Fotos. Hergestellt aus hochwertigem Acryl mit geschliffenen Seiten.\" \/>\n<meta name=\"robots\" content=\"index, follow, max-snippet:-1, max-image-preview:large, max-video-preview:-1\" \/>\n<link rel=\"canonical\" href=\"https:\/\/buyck-displays.com\/de\/prospekthalter-preiskarte-halterungen-bu2005hor\" \/>\n<meta property=\"og:locale\" content=\"de_DE\" \/>\n<meta property=\"og:type\" content=\"article\" \/>\n<meta property=\"og:title\" content=\"Prospekthalter - Buyck Displays - Documentenhalter\" \/>\n<meta property=\"og:description\" content=\"Prospekthalter im Format A5 f\u00fcr horizontale Dokumente, Informationsbl\u00e4ttern, Fotos. Hergestellt aus hochwertigem Acryl mit geschliffenen Seiten.\" \/>\n<meta property=\"og:url\" content=\"https:\/\/buyck-displays.com\/de\/prospekthalter-preiskarte-halterungen-bu2005hor\" \/>\n<meta property=\"og:site_name\" content=\"Buyck Displays\" \/>\n<meta property=\"article:modified_time\" content=\"2022-12-21T10:50:46+00:00\" \/>\n<meta property=\"og:image\" content=\"https:\/\/buyck-displays.com\/wp-content\/uploads\/2022\/12\/Buyck-053.jpg\" \/>\n\t<meta property=\"og:image:width\" content=\"1920\" \/>\n\t<meta property=\"og:image:height\" content=\"1440\" \/>\n\t<meta property=\"og:image:type\" content=\"image\/jpeg\" \/>\n<meta name=\"twitter:card\" content=\"summary_large_image\" \/>\n<meta name=\"twitter:label1\" content=\"Gesch\u00e4tzte Lesezeit\" \/>\n\t<meta name=\"twitter:data1\" content=\"1\u00a0Minute\" \/>\n<script type=\"application\/ld+json\" class=\"yoast-schema-graph\">{\"@context\":\"https:\\\/\\\/schema.org\",\"@graph\":[{\"@type\":\"WebPage\",\"@id\":\"https:\\\/\\\/buyck-displays.com\\\/de\\\/prospekthalter-preiskarte-halterungen-bu2005hor\",\"url\":\"https:\\\/\\\/buyck-displays.com\\\/de\\\/prospekthalter-preiskarte-halterungen-bu2005hor\",\"name\":\"Prospekthalter - Buyck Displays - Documentenhalter\",\"isPartOf\":{\"@id\":\"https:\\\/\\\/buyck-displays.com\\\/de#website\"},\"primaryImageOfPage\":{\"@id\":\"https:\\\/\\\/buyck-displays.com\\\/de\\\/prospekthalter-preiskarte-halterungen-bu2005hor#primaryimage\"},\"image\":{\"@id\":\"https:\\\/\\\/buyck-displays.com\\\/de\\\/prospekthalter-preiskarte-halterungen-bu2005hor#primaryimage\"},\"thumbnailUrl\":\"https:\\\/\\\/buyck-displays.com\\\/wp-content\\\/uploads\\\/2022\\\/12\\\/Buyck-053.jpg\",\"datePublished\":\"2022-12-21T10:48:17+00:00\",\"dateModified\":\"2022-12-21T10:50:46+00:00\",\"description\":\"Prospekthalter im Format A5 f\u00fcr horizontale Dokumente, Informationsbl\u00e4ttern, Fotos. Hergestellt aus hochwertigem Acryl mit geschliffenen Seiten.\",\"breadcrumb\":{\"@id\":\"https:\\\/\\\/buyck-displays.com\\\/de\\\/prospekthalter-preiskarte-halterungen-bu2005hor#breadcrumb\"},\"inLanguage\":\"de\",\"potentialAction\":[{\"@type\":\"ReadAction\",\"target\":[\"https:\\\/\\\/buyck-displays.com\\\/de\\\/prospekthalter-preiskarte-halterungen-bu2005hor\"]}]},{\"@type\":\"ImageObject\",\"inLanguage\":\"de\",\"@id\":\"https:\\\/\\\/buyck-displays.com\\\/de\\\/prospekthalter-preiskarte-halterungen-bu2005hor#primaryimage\",\"url\":\"https:\\\/\\\/buyck-displays.com\\\/wp-content\\\/uploads\\\/2022\\\/12\\\/Buyck-053.jpg\",\"contentUrl\":\"https:\\\/\\\/buyck-displays.com\\\/wp-content\\\/uploads\\\/2022\\\/12\\\/Buyck-053.jpg\",\"width\":1920,\"height\":1440},{\"@type\":\"BreadcrumbList\",\"@id\":\"https:\\\/\\\/buyck-displays.com\\\/de\\\/prospekthalter-preiskarte-halterungen-bu2005hor#breadcrumb\",\"itemListElement\":[{\"@type\":\"ListItem\",\"position\":1,\"name\":\"Home\",\"item\":\"https:\\\/\\\/buyck-displays.com\\\/de\"},{\"@type\":\"ListItem\",\"position\":2,\"name\":\"Displays\",\"item\":\"https:\\\/\\\/buyck-displays.com\\\/de\\\/produkte\"},{\"@type\":\"ListItem\",\"position\":3,\"name\":\"Prospekthalter\"}]},{\"@type\":\"WebSite\",\"@id\":\"https:\\\/\\\/buyck-displays.com\\\/de#website\",\"url\":\"https:\\\/\\\/buyck-displays.com\\\/de\",\"name\":\"Buyck Displays\",\"description\":\"Standaard en Maatwerk Displays\",\"potentialAction\":[{\"@type\":\"SearchAction\",\"target\":{\"@type\":\"EntryPoint\",\"urlTemplate\":\"https:\\\/\\\/buyck-displays.com\\\/de?s={search_term_string}\"},\"query-input\":{\"@type\":\"PropertyValueSpecification\",\"valueRequired\":true,\"valueName\":\"search_term_string\"}}],\"inLanguage\":\"de\"}]}<\/script>\n<!-- \/ Yoast SEO plugin. -->","yoast_head_json":{"title":"Prospekthalter - Buyck Displays - Documentenhalter","description":"Prospekthalter im Format A5 f\u00fcr horizontale Dokumente, Informationsbl\u00e4ttern, Fotos. Hergestellt aus hochwertigem Acryl mit geschliffenen Seiten.","robots":{"index":"index","follow":"follow","max-snippet":"max-snippet:-1","max-image-preview":"max-image-preview:large","max-video-preview":"max-video-preview:-1"},"canonical":"https:\/\/buyck-displays.com\/de\/prospekthalter-preiskarte-halterungen-bu2005hor","og_locale":"de_DE","og_type":"article","og_title":"Prospekthalter - Buyck Displays - Documentenhalter","og_description":"Prospekthalter im Format A5 f\u00fcr horizontale Dokumente, Informationsbl\u00e4ttern, Fotos. Hergestellt aus hochwertigem Acryl mit geschliffenen Seiten.","og_url":"https:\/\/buyck-displays.com\/de\/prospekthalter-preiskarte-halterungen-bu2005hor","og_site_name":"Buyck Displays","article_modified_time":"2022-12-21T10:50:46+00:00","og_image":[{"width":1920,"height":1440,"url":"https:\/\/buyck-displays.com\/wp-content\/uploads\/2022\/12\/Buyck-053.jpg","type":"image\/jpeg"}],"twitter_card":"summary_large_image","twitter_misc":{"Gesch\u00e4tzte Lesezeit":"1\u00a0Minute"},"schema":{"@context":"https:\/\/schema.org","@graph":[{"@type":"WebPage","@id":"https:\/\/buyck-displays.com\/de\/prospekthalter-preiskarte-halterungen-bu2005hor","url":"https:\/\/buyck-displays.com\/de\/prospekthalter-preiskarte-halterungen-bu2005hor","name":"Prospekthalter - Buyck Displays - Documentenhalter","isPartOf":{"@id":"https:\/\/buyck-displays.com\/de#website"},"primaryImageOfPage":{"@id":"https:\/\/buyck-displays.com\/de\/prospekthalter-preiskarte-halterungen-bu2005hor#primaryimage"},"image":{"@id":"https:\/\/buyck-displays.com\/de\/prospekthalter-preiskarte-halterungen-bu2005hor#primaryimage"},"thumbnailUrl":"https:\/\/buyck-displays.com\/wp-content\/uploads\/2022\/12\/Buyck-053.jpg","datePublished":"2022-12-21T10:48:17+00:00","dateModified":"2022-12-21T10:50:46+00:00","description":"Prospekthalter im Format A5 f\u00fcr horizontale Dokumente, Informationsbl\u00e4ttern, Fotos. Hergestellt aus hochwertigem Acryl mit geschliffenen Seiten.","breadcrumb":{"@id":"https:\/\/buyck-displays.com\/de\/prospekthalter-preiskarte-halterungen-bu2005hor#breadcrumb"},"inLanguage":"de","potentialAction":[{"@type":"ReadAction","target":["https:\/\/buyck-displays.com\/de\/prospekthalter-preiskarte-halterungen-bu2005hor"]}]},{"@type":"ImageObject","inLanguage":"de","@id":"https:\/\/buyck-displays.com\/de\/prospekthalter-preiskarte-halterungen-bu2005hor#primaryimage","url":"https:\/\/buyck-displays.com\/wp-content\/uploads\/2022\/12\/Buyck-053.jpg","contentUrl":"https:\/\/buyck-displays.com\/wp-content\/uploads\/2022\/12\/Buyck-053.jpg","width":1920,"height":1440},{"@type":"BreadcrumbList","@id":"https:\/\/buyck-displays.com\/de\/prospekthalter-preiskarte-halterungen-bu2005hor#breadcrumb","itemListElement":[{"@type":"ListItem","position":1,"name":"Home","item":"https:\/\/buyck-displays.com\/de"},{"@type":"ListItem","position":2,"name":"Displays","item":"https:\/\/buyck-displays.com\/de\/produkte"},{"@type":"ListItem","position":3,"name":"Prospekthalter"}]},{"@type":"WebSite","@id":"https:\/\/buyck-displays.com\/de#website","url":"https:\/\/buyck-displays.com\/de","name":"Buyck Displays","description":"Standaard en Maatwerk Displays","potentialAction":[{"@type":"SearchAction","target":{"@type":"EntryPoint","urlTemplate":"https:\/\/buyck-displays.com\/de?s={search_term_string}"},"query-input":{"@type":"PropertyValueSpecification","valueRequired":true,"valueName":"search_term_string"}}],"inLanguage":"de"}]}},"_links":{"self":[{"href":"https:\/\/buyck-displays.com\/de\/wp-json\/wp\/v2\/product\/78208","targetHints":{"allow":["GET"]}}],"collection":[{"href":"https:\/\/buyck-displays.com\/de\/wp-json\/wp\/v2\/product"}],"about":[{"href":"https:\/\/buyck-displays.com\/de\/wp-json\/wp\/v2\/types\/product"}],"replies":[{"embeddable":true,"href":"https:\/\/buyck-displays.com\/de\/wp-json\/wp\/v2\/comments?post=78208"}],"wp:featuredmedia":[{"embeddable":true,"href":"https:\/\/buyck-displays.com\/de\/wp-json\/wp\/v2\/media\/78196"}],"wp:attachment":[{"href":"https:\/\/buyck-displays.com\/de\/wp-json\/wp\/v2\/media?parent=78208"}],"wp:term":[{"taxonomy":"product_brand","embeddable":true,"href":"https:\/\/buyck-displays.com\/de\/wp-json\/wp\/v2\/product_brand?post=78208"},{"taxonomy":"product_cat","embeddable":true,"href":"https:\/\/buyck-displays.com\/de\/wp-json\/wp\/v2\/product_cat?post=78208"},{"taxonomy":"product_tag","embeddable":true,"href":"https:\/\/buyck-displays.com\/de\/wp-json\/wp\/v2\/product_tag?post=78208"}],"curies":[{"name":"wp","href":"https:\/\/api.w.org\/{rel}","templated":true}]}}