{"id":77468,"date":"2022-06-20T12:19:53","date_gmt":"2022-06-20T10:19:53","guid":{"rendered":"https:\/\/buyck-displays.com\/?post_type=product&#038;p=77468"},"modified":"2026-04-27T15:49:35","modified_gmt":"2026-04-27T13:49:35","slug":"thekendisplay-ats1510","status":"publish","type":"product","link":"https:\/\/buyck-displays.com\/de\/thekendisplay-ats1510","title":{"rendered":"Thekendisplay"},"content":{"rendered":"<p><span style=\"color: #ff0000;\"><strong>Solange der Vorrat reicht!<\/strong><\/span><\/p>\n<p>Dieses Thekendisplay aus Metall wurde speziell daf\u00fcr entwickelt, um Schachteln oder Tabletts f\u00fcr kleine Artikel auf der Theke oder an der Kasse zu platzieren.<\/p>\n<p><strong>Informationen zum Produkt:<\/strong><\/p>\n<ul>\n<li>Abmessungen:\n<ul>\n<li>Au\u00dfenma\u00dfe:\n<ul>\n<li>H\u00f6he: 30 cm<\/li>\n<li>Breite: 31,8 cm<\/li>\n<li>Tiefe: 25 cm<\/li>\n<\/ul>\n<\/li>\n<li>Ebenen:\n<ul>\n<li>Breite: 30,8 cm<\/li>\n<li>Tiefe: 18 cm<\/li>\n<li>Abstand zwischen den Ebenen: 12,8 cm<\/li>\n<\/ul>\n<\/li>\n<\/ul>\n<\/li>\n<li>Material: Metall<\/li>\n<li>Standardfarbe: silber-grau<\/li>\n<\/ul>\n","protected":false},"excerpt":{"rendered":"<p>Solange der Vorrat reicht! Dieses Thekendisplay aus Metall wurde speziell daf\u00fcr entwickelt, um Schachteln oder Tabletts f\u00fcr kleine Artikel auf der Theke oder an der Kasse zu platzieren. Informationen zum Produkt: Abmessungen: Au\u00dfenma\u00dfe: H\u00f6he: 30 cm Breite: 31,8 cm Tiefe: 25 cm Ebenen: Breite: 30,8 cm Tiefe: 18 cm Abstand zwischen den Ebenen: 12,8 cm &hellip; <a href=\"https:\/\/buyck-displays.com\/de\/thekendisplay-ats1510\">Fortsetzung<\/a><\/p>\n","protected":false},"featured_media":82840,"comment_status":"closed","ping_status":"closed","template":"","meta":{"_acf_changed":false},"product_brand":[],"product_cat":[189,241,569],"product_tag":[],"class_list":{"0":"post-77468","1":"product","2":"type-product","3":"status-publish","4":"has-post-thumbnail","6":"product_cat-standard-displays-de","7":"product_cat-displays-um-artikel-zu-stellen","8":"product_cat-lagerraeumung","10":"first","11":"instock","12":"sale","13":"taxable","14":"shipping-taxable","15":"purchasable","16":"product-type-simple"},"acf":[],"yoast_head":"<!-- This site is optimized with the Yoast SEO plugin v27.6 - https:\/\/yoast.com\/product\/yoast-seo-wordpress\/ -->\n<title>Thekendisplay - Buyck Displays<\/title>\n<meta name=\"description\" content=\"Thekendisplay aus Metall f\u00fcr Kartons mit kleinen Artikeln, die von der Kassiererin auf der Theke pr\u00e4sentiert werden.\" \/>\n<meta name=\"robots\" content=\"index, follow, max-snippet:-1, max-image-preview:large, max-video-preview:-1\" \/>\n<link rel=\"canonical\" href=\"https:\/\/buyck-displays.com\/de\/thekendisplay-ats1510\" \/>\n<meta property=\"og:locale\" content=\"de_DE\" \/>\n<meta property=\"og:type\" content=\"article\" \/>\n<meta property=\"og:title\" content=\"Thekendisplay - Buyck Displays\" \/>\n<meta property=\"og:description\" content=\"Thekendisplay aus Metall f\u00fcr Kartons mit kleinen Artikeln, die von der Kassiererin auf der Theke pr\u00e4sentiert werden.\" \/>\n<meta property=\"og:url\" content=\"https:\/\/buyck-displays.com\/de\/thekendisplay-ats1510\" \/>\n<meta property=\"og:site_name\" content=\"Buyck Displays\" \/>\n<meta property=\"article:modified_time\" content=\"2026-04-27T13:49:35+00:00\" \/>\n<meta property=\"og:image\" content=\"https:\/\/buyck-displays.com\/wp-content\/uploads\/2022\/06\/ATS-1510-07-40-picture-4-1.jpg\" \/>\n\t<meta property=\"og:image:width\" content=\"1123\" \/>\n\t<meta property=\"og:image:height\" content=\"1579\" \/>\n\t<meta property=\"og:image:type\" content=\"image\/jpeg\" \/>\n<meta name=\"twitter:card\" content=\"summary_large_image\" \/>\n<meta name=\"twitter:label1\" content=\"Gesch\u00e4tzte Lesezeit\" \/>\n\t<meta name=\"twitter:data1\" content=\"1\u00a0Minute\" \/>\n<script type=\"application\/ld+json\" class=\"yoast-schema-graph\">{\"@context\":\"https:\\\/\\\/schema.org\",\"@graph\":[{\"@type\":\"WebPage\",\"@id\":\"https:\\\/\\\/buyck-displays.com\\\/de\\\/thekendisplay-ats1510\",\"url\":\"https:\\\/\\\/buyck-displays.com\\\/de\\\/thekendisplay-ats1510\",\"name\":\"Thekendisplay - Buyck Displays\",\"isPartOf\":{\"@id\":\"https:\\\/\\\/buyck-displays.com\\\/de#website\"},\"primaryImageOfPage\":{\"@id\":\"https:\\\/\\\/buyck-displays.com\\\/de\\\/thekendisplay-ats1510#primaryimage\"},\"image\":{\"@id\":\"https:\\\/\\\/buyck-displays.com\\\/de\\\/thekendisplay-ats1510#primaryimage\"},\"thumbnailUrl\":\"https:\\\/\\\/buyck-displays.com\\\/wp-content\\\/uploads\\\/2022\\\/06\\\/ATS-1510-07-40-picture-4-1.jpg\",\"datePublished\":\"2022-06-20T10:19:53+00:00\",\"dateModified\":\"2026-04-27T13:49:35+00:00\",\"description\":\"Thekendisplay aus Metall f\u00fcr Kartons mit kleinen Artikeln, die von der Kassiererin auf der Theke pr\u00e4sentiert werden.\",\"breadcrumb\":{\"@id\":\"https:\\\/\\\/buyck-displays.com\\\/de\\\/thekendisplay-ats1510#breadcrumb\"},\"inLanguage\":\"de\",\"potentialAction\":[{\"@type\":\"ReadAction\",\"target\":[\"https:\\\/\\\/buyck-displays.com\\\/de\\\/thekendisplay-ats1510\"]}]},{\"@type\":\"ImageObject\",\"inLanguage\":\"de\",\"@id\":\"https:\\\/\\\/buyck-displays.com\\\/de\\\/thekendisplay-ats1510#primaryimage\",\"url\":\"https:\\\/\\\/buyck-displays.com\\\/wp-content\\\/uploads\\\/2022\\\/06\\\/ATS-1510-07-40-picture-4-1.jpg\",\"contentUrl\":\"https:\\\/\\\/buyck-displays.com\\\/wp-content\\\/uploads\\\/2022\\\/06\\\/ATS-1510-07-40-picture-4-1.jpg\",\"width\":1123,\"height\":1579},{\"@type\":\"BreadcrumbList\",\"@id\":\"https:\\\/\\\/buyck-displays.com\\\/de\\\/thekendisplay-ats1510#breadcrumb\",\"itemListElement\":[{\"@type\":\"ListItem\",\"position\":1,\"name\":\"Home\",\"item\":\"https:\\\/\\\/buyck-displays.com\\\/de\"},{\"@type\":\"ListItem\",\"position\":2,\"name\":\"Displays\",\"item\":\"https:\\\/\\\/buyck-displays.com\\\/de\\\/produkte\"},{\"@type\":\"ListItem\",\"position\":3,\"name\":\"Thekendisplay\"}]},{\"@type\":\"WebSite\",\"@id\":\"https:\\\/\\\/buyck-displays.com\\\/de#website\",\"url\":\"https:\\\/\\\/buyck-displays.com\\\/de\",\"name\":\"Buyck Displays\",\"description\":\"Standaard en Maatwerk Displays\",\"potentialAction\":[{\"@type\":\"SearchAction\",\"target\":{\"@type\":\"EntryPoint\",\"urlTemplate\":\"https:\\\/\\\/buyck-displays.com\\\/de?s={search_term_string}\"},\"query-input\":{\"@type\":\"PropertyValueSpecification\",\"valueRequired\":true,\"valueName\":\"search_term_string\"}}],\"inLanguage\":\"de\"}]}<\/script>\n<!-- \/ Yoast SEO plugin. -->","yoast_head_json":{"title":"Thekendisplay - Buyck Displays","description":"Thekendisplay aus Metall f\u00fcr Kartons mit kleinen Artikeln, die von der Kassiererin auf der Theke pr\u00e4sentiert werden.","robots":{"index":"index","follow":"follow","max-snippet":"max-snippet:-1","max-image-preview":"max-image-preview:large","max-video-preview":"max-video-preview:-1"},"canonical":"https:\/\/buyck-displays.com\/de\/thekendisplay-ats1510","og_locale":"de_DE","og_type":"article","og_title":"Thekendisplay - Buyck Displays","og_description":"Thekendisplay aus Metall f\u00fcr Kartons mit kleinen Artikeln, die von der Kassiererin auf der Theke pr\u00e4sentiert werden.","og_url":"https:\/\/buyck-displays.com\/de\/thekendisplay-ats1510","og_site_name":"Buyck Displays","article_modified_time":"2026-04-27T13:49:35+00:00","og_image":[{"width":1123,"height":1579,"url":"https:\/\/buyck-displays.com\/wp-content\/uploads\/2022\/06\/ATS-1510-07-40-picture-4-1.jpg","type":"image\/jpeg"}],"twitter_card":"summary_large_image","twitter_misc":{"Gesch\u00e4tzte Lesezeit":"1\u00a0Minute"},"schema":{"@context":"https:\/\/schema.org","@graph":[{"@type":"WebPage","@id":"https:\/\/buyck-displays.com\/de\/thekendisplay-ats1510","url":"https:\/\/buyck-displays.com\/de\/thekendisplay-ats1510","name":"Thekendisplay - Buyck Displays","isPartOf":{"@id":"https:\/\/buyck-displays.com\/de#website"},"primaryImageOfPage":{"@id":"https:\/\/buyck-displays.com\/de\/thekendisplay-ats1510#primaryimage"},"image":{"@id":"https:\/\/buyck-displays.com\/de\/thekendisplay-ats1510#primaryimage"},"thumbnailUrl":"https:\/\/buyck-displays.com\/wp-content\/uploads\/2022\/06\/ATS-1510-07-40-picture-4-1.jpg","datePublished":"2022-06-20T10:19:53+00:00","dateModified":"2026-04-27T13:49:35+00:00","description":"Thekendisplay aus Metall f\u00fcr Kartons mit kleinen Artikeln, die von der Kassiererin auf der Theke pr\u00e4sentiert werden.","breadcrumb":{"@id":"https:\/\/buyck-displays.com\/de\/thekendisplay-ats1510#breadcrumb"},"inLanguage":"de","potentialAction":[{"@type":"ReadAction","target":["https:\/\/buyck-displays.com\/de\/thekendisplay-ats1510"]}]},{"@type":"ImageObject","inLanguage":"de","@id":"https:\/\/buyck-displays.com\/de\/thekendisplay-ats1510#primaryimage","url":"https:\/\/buyck-displays.com\/wp-content\/uploads\/2022\/06\/ATS-1510-07-40-picture-4-1.jpg","contentUrl":"https:\/\/buyck-displays.com\/wp-content\/uploads\/2022\/06\/ATS-1510-07-40-picture-4-1.jpg","width":1123,"height":1579},{"@type":"BreadcrumbList","@id":"https:\/\/buyck-displays.com\/de\/thekendisplay-ats1510#breadcrumb","itemListElement":[{"@type":"ListItem","position":1,"name":"Home","item":"https:\/\/buyck-displays.com\/de"},{"@type":"ListItem","position":2,"name":"Displays","item":"https:\/\/buyck-displays.com\/de\/produkte"},{"@type":"ListItem","position":3,"name":"Thekendisplay"}]},{"@type":"WebSite","@id":"https:\/\/buyck-displays.com\/de#website","url":"https:\/\/buyck-displays.com\/de","name":"Buyck Displays","description":"Standaard en Maatwerk Displays","potentialAction":[{"@type":"SearchAction","target":{"@type":"EntryPoint","urlTemplate":"https:\/\/buyck-displays.com\/de?s={search_term_string}"},"query-input":{"@type":"PropertyValueSpecification","valueRequired":true,"valueName":"search_term_string"}}],"inLanguage":"de"}]}},"_links":{"self":[{"href":"https:\/\/buyck-displays.com\/de\/wp-json\/wp\/v2\/product\/77468","targetHints":{"allow":["GET"]}}],"collection":[{"href":"https:\/\/buyck-displays.com\/de\/wp-json\/wp\/v2\/product"}],"about":[{"href":"https:\/\/buyck-displays.com\/de\/wp-json\/wp\/v2\/types\/product"}],"replies":[{"embeddable":true,"href":"https:\/\/buyck-displays.com\/de\/wp-json\/wp\/v2\/comments?post=77468"}],"wp:featuredmedia":[{"embeddable":true,"href":"https:\/\/buyck-displays.com\/de\/wp-json\/wp\/v2\/media\/82840"}],"wp:attachment":[{"href":"https:\/\/buyck-displays.com\/de\/wp-json\/wp\/v2\/media?parent=77468"}],"wp:term":[{"taxonomy":"product_brand","embeddable":true,"href":"https:\/\/buyck-displays.com\/de\/wp-json\/wp\/v2\/product_brand?post=77468"},{"taxonomy":"product_cat","embeddable":true,"href":"https:\/\/buyck-displays.com\/de\/wp-json\/wp\/v2\/product_cat?post=77468"},{"taxonomy":"product_tag","embeddable":true,"href":"https:\/\/buyck-displays.com\/de\/wp-json\/wp\/v2\/product_tag?post=77468"}],"curies":[{"name":"wp","href":"https:\/\/api.w.org\/{rel}","templated":true}]}}