{"id":77088,"date":"2022-03-30T11:19:35","date_gmt":"2022-03-30T10:07:51","guid":{"rendered":"https:\/\/buyck-displays.com\/?post_type=product&#038;p=77088"},"modified":"2025-01-16T11:31:50","modified_gmt":"2025-01-16T10:31:50","slug":"regal-fuer-horizontale-glueckwunschkarten","status":"publish","type":"product","link":"https:\/\/buyck-displays.com\/de\/regal-fuer-horizontale-glueckwunschkarten","title":{"rendered":"Gestell f\u00fcr horizontale Gl\u00fcckwunschkarten"},"content":{"rendered":"<p>Ein separates Gestell mit 10 F\u00e4chern, speziell f\u00fcr <strong>horizontale<\/strong> Gl\u00fcckwunschkarten. Dieses Regal kann auf alle unsere <strong>Boden<a href=\"https:\/\/buyck-displays.com\/de\/displays\/standard-displays-de\/karten-staender\"><span style=\"color: #3366ff;\">kartendisplays<\/span><\/a><\/strong> montiert werden, aber auch an die Wand geh\u00e4ngt werden.<\/p>\n<p><strong>Informationen zum Produkt:<\/strong><\/p>\n<ul>\n<li>Abmessungen:\n<ul>\n<li>horizontale F\u00e4cher:\n<ul>\n<li>Breite (Innenma\u00df): 19 cm<\/li>\n<li>Tiefe (Innenma\u00df): 2,5 cm<\/li>\n<li>H\u00f6he (Au\u00dfenma\u00df): 7 cm<\/li>\n<\/ul>\n<\/li>\n<li>Gestell:\n<ul>\n<li>H\u00f6he: 133,5 cm<\/li>\n<li>Breite: 19 cm<\/li>\n<\/ul>\n<\/li>\n<\/ul>\n<\/li>\n<li>10 horizontale F\u00e4cher<\/li>\n<li>Standardfarbe: Silber<\/li>\n<li>Verpackung:\n<ul>\n<li>1 Paket: 136 cm x 22 cm x 7 cm<\/li>\n<\/ul>\n<\/li>\n<\/ul>\n","protected":false},"excerpt":{"rendered":"<p>Ein separates Gestell mit 10 F\u00e4chern, speziell f\u00fcr horizontale Gl\u00fcckwunschkarten. Dieses Regal kann auf alle unsere Bodenkartendisplays montiert werden, aber auch an die Wand geh\u00e4ngt werden. Informationen zum Produkt: Abmessungen: horizontale F\u00e4cher: Breite (Innenma\u00df): 19 cm Tiefe (Innenma\u00df): 2,5 cm H\u00f6he (Au\u00dfenma\u00df): 7 cm Gestell: H\u00f6he: 133,5 cm Breite: 19 cm 10 horizontale F\u00e4cher Standardfarbe: &hellip; <a href=\"https:\/\/buyck-displays.com\/de\/regal-fuer-horizontale-glueckwunschkarten\">Fortsetzung<\/a><\/p>\n","protected":false},"featured_media":77080,"comment_status":"closed","ping_status":"closed","template":"","meta":{"_acf_changed":false},"product_brand":[],"product_cat":[189,530,240,560,552],"product_tag":[],"class_list":{"0":"post-77088","1":"product","2":"type-product","3":"status-publish","4":"has-post-thumbnail","6":"product_cat-standard-displays-de","7":"product_cat-gluckwunschkarten","8":"product_cat-karten-staender","9":"product_cat-sonderformate-und-einzelteile","10":"product_cat-zubehoer","12":"first","13":"instock","14":"taxable","15":"shipping-taxable","16":"purchasable","17":"product-type-simple"},"acf":[],"yoast_head":"<!-- This site is optimized with the Yoast SEO plugin v27.6 - https:\/\/yoast.com\/product\/yoast-seo-wordpress\/ -->\n<title>Gestell f\u00fcr horizontale Gl\u00fcckwunschkarten - Buyck Displays<\/title>\n<meta name=\"description\" content=\"Ein separates Gestell f\u00fcr horizontale Gl\u00fcckwunschkarten mit 10 F\u00e4chern. Dieses Regal kann auf alle unsere Bodenkartendisplays montiert werden\" \/>\n<meta name=\"robots\" content=\"index, follow, max-snippet:-1, max-image-preview:large, max-video-preview:-1\" \/>\n<link rel=\"canonical\" href=\"https:\/\/buyck-displays.com\/de\/regal-fuer-horizontale-glueckwunschkarten\" \/>\n<meta property=\"og:locale\" content=\"de_DE\" \/>\n<meta property=\"og:type\" content=\"article\" \/>\n<meta property=\"og:title\" content=\"Gestell f\u00fcr horizontale Gl\u00fcckwunschkarten - Buyck Displays\" \/>\n<meta property=\"og:description\" content=\"Ein separates Gestell f\u00fcr horizontale Gl\u00fcckwunschkarten mit 10 F\u00e4chern. Dieses Regal kann auf alle unsere Bodenkartendisplays montiert werden\" \/>\n<meta property=\"og:url\" content=\"https:\/\/buyck-displays.com\/de\/regal-fuer-horizontale-glueckwunschkarten\" \/>\n<meta property=\"og:site_name\" content=\"Buyck Displays\" \/>\n<meta property=\"article:modified_time\" content=\"2025-01-16T10:31:50+00:00\" \/>\n<meta property=\"og:image\" content=\"https:\/\/buyck-displays.com\/wp-content\/uploads\/2022\/03\/Rekje-wenskaarten_Horizontaal_BU.1606.12.10_2_LR.jpg\" \/>\n\t<meta property=\"og:image:width\" content=\"1000\" \/>\n\t<meta property=\"og:image:height\" content=\"1334\" \/>\n\t<meta property=\"og:image:type\" content=\"image\/jpeg\" \/>\n<meta name=\"twitter:card\" content=\"summary_large_image\" \/>\n<meta name=\"twitter:label1\" content=\"Gesch\u00e4tzte Lesezeit\" \/>\n\t<meta name=\"twitter:data1\" content=\"1\u00a0Minute\" \/>\n<script type=\"application\/ld+json\" class=\"yoast-schema-graph\">{\"@context\":\"https:\\\/\\\/schema.org\",\"@graph\":[{\"@type\":\"WebPage\",\"@id\":\"https:\\\/\\\/buyck-displays.com\\\/de\\\/regal-fuer-horizontale-glueckwunschkarten\",\"url\":\"https:\\\/\\\/buyck-displays.com\\\/de\\\/regal-fuer-horizontale-glueckwunschkarten\",\"name\":\"Gestell f\u00fcr horizontale Gl\u00fcckwunschkarten - Buyck Displays\",\"isPartOf\":{\"@id\":\"https:\\\/\\\/buyck-displays.com\\\/de#website\"},\"primaryImageOfPage\":{\"@id\":\"https:\\\/\\\/buyck-displays.com\\\/de\\\/regal-fuer-horizontale-glueckwunschkarten#primaryimage\"},\"image\":{\"@id\":\"https:\\\/\\\/buyck-displays.com\\\/de\\\/regal-fuer-horizontale-glueckwunschkarten#primaryimage\"},\"thumbnailUrl\":\"https:\\\/\\\/buyck-displays.com\\\/wp-content\\\/uploads\\\/2022\\\/03\\\/Rekje-wenskaarten_Horizontaal_BU.1606.12.10_2_LR.jpg\",\"datePublished\":\"2022-03-30T10:07:51+00:00\",\"dateModified\":\"2025-01-16T10:31:50+00:00\",\"description\":\"Ein separates Gestell f\u00fcr horizontale Gl\u00fcckwunschkarten mit 10 F\u00e4chern. Dieses Regal kann auf alle unsere Bodenkartendisplays montiert werden\",\"breadcrumb\":{\"@id\":\"https:\\\/\\\/buyck-displays.com\\\/de\\\/regal-fuer-horizontale-glueckwunschkarten#breadcrumb\"},\"inLanguage\":\"de\",\"potentialAction\":[{\"@type\":\"ReadAction\",\"target\":[\"https:\\\/\\\/buyck-displays.com\\\/de\\\/regal-fuer-horizontale-glueckwunschkarten\"]}]},{\"@type\":\"ImageObject\",\"inLanguage\":\"de\",\"@id\":\"https:\\\/\\\/buyck-displays.com\\\/de\\\/regal-fuer-horizontale-glueckwunschkarten#primaryimage\",\"url\":\"https:\\\/\\\/buyck-displays.com\\\/wp-content\\\/uploads\\\/2022\\\/03\\\/Rekje-wenskaarten_Horizontaal_BU.1606.12.10_2_LR.jpg\",\"contentUrl\":\"https:\\\/\\\/buyck-displays.com\\\/wp-content\\\/uploads\\\/2022\\\/03\\\/Rekje-wenskaarten_Horizontaal_BU.1606.12.10_2_LR.jpg\",\"width\":1000,\"height\":1334},{\"@type\":\"BreadcrumbList\",\"@id\":\"https:\\\/\\\/buyck-displays.com\\\/de\\\/regal-fuer-horizontale-glueckwunschkarten#breadcrumb\",\"itemListElement\":[{\"@type\":\"ListItem\",\"position\":1,\"name\":\"Home\",\"item\":\"https:\\\/\\\/buyck-displays.com\\\/de\"},{\"@type\":\"ListItem\",\"position\":2,\"name\":\"Displays\",\"item\":\"https:\\\/\\\/buyck-displays.com\\\/de\\\/produkte\"},{\"@type\":\"ListItem\",\"position\":3,\"name\":\"Gestell f\u00fcr horizontale Gl\u00fcckwunschkarten\"}]},{\"@type\":\"WebSite\",\"@id\":\"https:\\\/\\\/buyck-displays.com\\\/de#website\",\"url\":\"https:\\\/\\\/buyck-displays.com\\\/de\",\"name\":\"Buyck Displays\",\"description\":\"Standaard en Maatwerk Displays\",\"potentialAction\":[{\"@type\":\"SearchAction\",\"target\":{\"@type\":\"EntryPoint\",\"urlTemplate\":\"https:\\\/\\\/buyck-displays.com\\\/de?s={search_term_string}\"},\"query-input\":{\"@type\":\"PropertyValueSpecification\",\"valueRequired\":true,\"valueName\":\"search_term_string\"}}],\"inLanguage\":\"de\"}]}<\/script>\n<!-- \/ Yoast SEO plugin. -->","yoast_head_json":{"title":"Gestell f\u00fcr horizontale Gl\u00fcckwunschkarten - Buyck Displays","description":"Ein separates Gestell f\u00fcr horizontale Gl\u00fcckwunschkarten mit 10 F\u00e4chern. Dieses Regal kann auf alle unsere Bodenkartendisplays montiert werden","robots":{"index":"index","follow":"follow","max-snippet":"max-snippet:-1","max-image-preview":"max-image-preview:large","max-video-preview":"max-video-preview:-1"},"canonical":"https:\/\/buyck-displays.com\/de\/regal-fuer-horizontale-glueckwunschkarten","og_locale":"de_DE","og_type":"article","og_title":"Gestell f\u00fcr horizontale Gl\u00fcckwunschkarten - Buyck Displays","og_description":"Ein separates Gestell f\u00fcr horizontale Gl\u00fcckwunschkarten mit 10 F\u00e4chern. Dieses Regal kann auf alle unsere Bodenkartendisplays montiert werden","og_url":"https:\/\/buyck-displays.com\/de\/regal-fuer-horizontale-glueckwunschkarten","og_site_name":"Buyck Displays","article_modified_time":"2025-01-16T10:31:50+00:00","og_image":[{"width":1000,"height":1334,"url":"https:\/\/buyck-displays.com\/wp-content\/uploads\/2022\/03\/Rekje-wenskaarten_Horizontaal_BU.1606.12.10_2_LR.jpg","type":"image\/jpeg"}],"twitter_card":"summary_large_image","twitter_misc":{"Gesch\u00e4tzte Lesezeit":"1\u00a0Minute"},"schema":{"@context":"https:\/\/schema.org","@graph":[{"@type":"WebPage","@id":"https:\/\/buyck-displays.com\/de\/regal-fuer-horizontale-glueckwunschkarten","url":"https:\/\/buyck-displays.com\/de\/regal-fuer-horizontale-glueckwunschkarten","name":"Gestell f\u00fcr horizontale Gl\u00fcckwunschkarten - Buyck Displays","isPartOf":{"@id":"https:\/\/buyck-displays.com\/de#website"},"primaryImageOfPage":{"@id":"https:\/\/buyck-displays.com\/de\/regal-fuer-horizontale-glueckwunschkarten#primaryimage"},"image":{"@id":"https:\/\/buyck-displays.com\/de\/regal-fuer-horizontale-glueckwunschkarten#primaryimage"},"thumbnailUrl":"https:\/\/buyck-displays.com\/wp-content\/uploads\/2022\/03\/Rekje-wenskaarten_Horizontaal_BU.1606.12.10_2_LR.jpg","datePublished":"2022-03-30T10:07:51+00:00","dateModified":"2025-01-16T10:31:50+00:00","description":"Ein separates Gestell f\u00fcr horizontale Gl\u00fcckwunschkarten mit 10 F\u00e4chern. Dieses Regal kann auf alle unsere Bodenkartendisplays montiert werden","breadcrumb":{"@id":"https:\/\/buyck-displays.com\/de\/regal-fuer-horizontale-glueckwunschkarten#breadcrumb"},"inLanguage":"de","potentialAction":[{"@type":"ReadAction","target":["https:\/\/buyck-displays.com\/de\/regal-fuer-horizontale-glueckwunschkarten"]}]},{"@type":"ImageObject","inLanguage":"de","@id":"https:\/\/buyck-displays.com\/de\/regal-fuer-horizontale-glueckwunschkarten#primaryimage","url":"https:\/\/buyck-displays.com\/wp-content\/uploads\/2022\/03\/Rekje-wenskaarten_Horizontaal_BU.1606.12.10_2_LR.jpg","contentUrl":"https:\/\/buyck-displays.com\/wp-content\/uploads\/2022\/03\/Rekje-wenskaarten_Horizontaal_BU.1606.12.10_2_LR.jpg","width":1000,"height":1334},{"@type":"BreadcrumbList","@id":"https:\/\/buyck-displays.com\/de\/regal-fuer-horizontale-glueckwunschkarten#breadcrumb","itemListElement":[{"@type":"ListItem","position":1,"name":"Home","item":"https:\/\/buyck-displays.com\/de"},{"@type":"ListItem","position":2,"name":"Displays","item":"https:\/\/buyck-displays.com\/de\/produkte"},{"@type":"ListItem","position":3,"name":"Gestell f\u00fcr horizontale Gl\u00fcckwunschkarten"}]},{"@type":"WebSite","@id":"https:\/\/buyck-displays.com\/de#website","url":"https:\/\/buyck-displays.com\/de","name":"Buyck Displays","description":"Standaard en Maatwerk Displays","potentialAction":[{"@type":"SearchAction","target":{"@type":"EntryPoint","urlTemplate":"https:\/\/buyck-displays.com\/de?s={search_term_string}"},"query-input":{"@type":"PropertyValueSpecification","valueRequired":true,"valueName":"search_term_string"}}],"inLanguage":"de"}]}},"_links":{"self":[{"href":"https:\/\/buyck-displays.com\/de\/wp-json\/wp\/v2\/product\/77088","targetHints":{"allow":["GET"]}}],"collection":[{"href":"https:\/\/buyck-displays.com\/de\/wp-json\/wp\/v2\/product"}],"about":[{"href":"https:\/\/buyck-displays.com\/de\/wp-json\/wp\/v2\/types\/product"}],"replies":[{"embeddable":true,"href":"https:\/\/buyck-displays.com\/de\/wp-json\/wp\/v2\/comments?post=77088"}],"wp:featuredmedia":[{"embeddable":true,"href":"https:\/\/buyck-displays.com\/de\/wp-json\/wp\/v2\/media\/77080"}],"wp:attachment":[{"href":"https:\/\/buyck-displays.com\/de\/wp-json\/wp\/v2\/media?parent=77088"}],"wp:term":[{"taxonomy":"product_brand","embeddable":true,"href":"https:\/\/buyck-displays.com\/de\/wp-json\/wp\/v2\/product_brand?post=77088"},{"taxonomy":"product_cat","embeddable":true,"href":"https:\/\/buyck-displays.com\/de\/wp-json\/wp\/v2\/product_cat?post=77088"},{"taxonomy":"product_tag","embeddable":true,"href":"https:\/\/buyck-displays.com\/de\/wp-json\/wp\/v2\/product_tag?post=77088"}],"curies":[{"name":"wp","href":"https:\/\/api.w.org\/{rel}","templated":true}]}}