{"id":67156,"date":"2020-05-14T11:02:48","date_gmt":"2020-05-14T13:12:54","guid":{"rendered":"https:\/\/www.buyck-displays.com?post_type=product&#038;p=67156"},"modified":"2020-10-20T10:35:47","modified_gmt":"2020-10-20T08:35:47","slug":"schutzwand-aus-acrylglas-pcs12075","status":"publish","type":"product","link":"https:\/\/buyck-displays.com\/de\/schutzwand-aus-acrylglas-pcs12075","title":{"rendered":"Schutzwand aus Acrylglas"},"content":{"rendered":"<p>HYGIENE-SCHUTZWAND AUS ACRYLGLAS F\u00dcR THEKEN, TRESEN UND KASSEN MIT DURCHREICHE<\/p>\n<p><strong><span style=\"color: #ff0000;\">NICHT MEHR LIEFERBAR<\/span><\/strong><\/p>\n<p>Sch\u00fctzen Sie Ihre Kunden, Ihre Mitarbeiter und sich selbst vor m\u00f6glichen Koronakontaminationen mit diesem Husten- \/ Spritzschutz. Der Schutzwand ist mit St\u00fctzbeinen ausgestattet, damit Sie ihn auf die Theke, der Schalter oder die Rezeption stellen k\u00f6nnen, aber auch mit L\u00f6chern oben, damit er auch aufgeh\u00e4ngt werden kann. Befestigungselemente sind nicht enthalten.<\/p>\n<ul>\n<li>Gr\u00f6\u00dfe:\n<ul>\n<li>schutswand:\n<ul>\n<li>Breite: 120 cm<\/li>\n<li>H\u00f6he: 75 cm<\/li>\n<li>Tiefe F\u00fc\u00dfe: 24 cm<\/li>\n<\/ul>\n<\/li>\n<li>\u00d6ffnung:\n<ul>\n<li>Breite: 30 cm<\/li>\n<li>H\u00f6he: 8 cm<\/li>\n<\/ul>\n<\/li>\n<\/ul>\n<\/li>\n<li>transparentes Plexiglas<\/li>\n<li>Plexiglasst\u00e4rke: 3 mm<\/li>\n<\/ul>\n","protected":false},"excerpt":{"rendered":"<p>HYGIENE-SCHUTZWAND AUS ACRYLGLAS F\u00dcR THEKEN, TRESEN UND KASSEN MIT DURCHREICHE NICHT MEHR LIEFERBAR Sch\u00fctzen Sie Ihre Kunden, Ihre Mitarbeiter und sich selbst vor m\u00f6glichen Koronakontaminationen mit diesem Husten- \/ Spritzschutz. Der Schutzwand ist mit St\u00fctzbeinen ausgestattet, damit Sie ihn auf die Theke, der Schalter oder die Rezeption stellen k\u00f6nnen, aber auch mit L\u00f6chern oben, damit &hellip; <a href=\"https:\/\/buyck-displays.com\/de\/schutzwand-aus-acrylglas-pcs12075\">Fortsetzung<\/a><\/p>\n","protected":false},"featured_media":67180,"comment_status":"closed","ping_status":"closed","template":"","meta":{"_acf_changed":false},"product_brand":[],"product_cat":[244,189],"product_tag":[],"class_list":{"0":"post-67156","1":"product","2":"type-product","3":"status-publish","4":"has-post-thumbnail","6":"product_cat-acryl-displays","7":"product_cat-standard-displays-de","9":"first","10":"outofstock","11":"taxable","12":"shipping-taxable","13":"product-type-simple"},"acf":[],"yoast_head":"<!-- This site is optimized with the Yoast SEO plugin v27.6 - https:\/\/yoast.com\/product\/yoast-seo-wordpress\/ -->\n<title>Schutzwand aus Acrylglas - Anti-Korona Schutzwand- Buyck Displays<\/title>\n<meta name=\"description\" content=\"Mit diesem Schutzwand aus Acrylglas sch\u00fctzen Sie Ihre Kunden, Mitarbeiter und sich selbst vor einer m\u00f6glichen Koronakontamination. Erh\u00e4ltlich in 2 Gr\u00f6\u00dfen.\" \/>\n<meta name=\"robots\" content=\"index, follow, max-snippet:-1, max-image-preview:large, max-video-preview:-1\" \/>\n<link rel=\"canonical\" href=\"https:\/\/buyck-displays.com\/de\/schutzwand-aus-acrylglas-pcs12075\" \/>\n<meta property=\"og:locale\" content=\"de_DE\" \/>\n<meta property=\"og:type\" content=\"article\" \/>\n<meta property=\"og:title\" content=\"Schutzwand aus Acrylglas - Anti-Korona Schutzwand- Buyck Displays\" \/>\n<meta property=\"og:description\" content=\"Mit diesem Schutzwand aus Acrylglas sch\u00fctzen Sie Ihre Kunden, Mitarbeiter und sich selbst vor einer m\u00f6glichen Koronakontamination. Erh\u00e4ltlich in 2 Gr\u00f6\u00dfen.\" \/>\n<meta property=\"og:url\" content=\"https:\/\/buyck-displays.com\/de\/schutzwand-aus-acrylglas-pcs12075\" \/>\n<meta property=\"og:site_name\" content=\"Buyck Displays\" \/>\n<meta property=\"article:modified_time\" content=\"2020-10-20T08:35:47+00:00\" \/>\n<meta property=\"og:image\" content=\"https:\/\/buyck-displays.com\/wp-content\/uploads\/2020\/05\/balie-folder-2.jpg\" \/>\n\t<meta property=\"og:image:width\" content=\"1440\" \/>\n\t<meta property=\"og:image:height\" content=\"1920\" \/>\n\t<meta property=\"og:image:type\" content=\"image\/jpeg\" \/>\n<meta name=\"twitter:card\" content=\"summary_large_image\" \/>\n<script type=\"application\/ld+json\" class=\"yoast-schema-graph\">{\"@context\":\"https:\\\/\\\/schema.org\",\"@graph\":[{\"@type\":\"WebPage\",\"@id\":\"https:\\\/\\\/buyck-displays.com\\\/de\\\/schutzwand-aus-acrylglas-pcs12075\",\"url\":\"https:\\\/\\\/buyck-displays.com\\\/de\\\/schutzwand-aus-acrylglas-pcs12075\",\"name\":\"Schutzwand aus Acrylglas - Anti-Korona Schutzwand- Buyck Displays\",\"isPartOf\":{\"@id\":\"https:\\\/\\\/buyck-displays.com\\\/de#website\"},\"primaryImageOfPage\":{\"@id\":\"https:\\\/\\\/buyck-displays.com\\\/de\\\/schutzwand-aus-acrylglas-pcs12075#primaryimage\"},\"image\":{\"@id\":\"https:\\\/\\\/buyck-displays.com\\\/de\\\/schutzwand-aus-acrylglas-pcs12075#primaryimage\"},\"thumbnailUrl\":\"https:\\\/\\\/buyck-displays.com\\\/wp-content\\\/uploads\\\/2020\\\/05\\\/balie-folder-2.jpg\",\"datePublished\":\"2020-05-14T13:12:54+00:00\",\"dateModified\":\"2020-10-20T08:35:47+00:00\",\"description\":\"Mit diesem Schutzwand aus Acrylglas sch\u00fctzen Sie Ihre Kunden, Mitarbeiter und sich selbst vor einer m\u00f6glichen Koronakontamination. Erh\u00e4ltlich in 2 Gr\u00f6\u00dfen.\",\"breadcrumb\":{\"@id\":\"https:\\\/\\\/buyck-displays.com\\\/de\\\/schutzwand-aus-acrylglas-pcs12075#breadcrumb\"},\"inLanguage\":\"de\",\"potentialAction\":[{\"@type\":\"ReadAction\",\"target\":[\"https:\\\/\\\/buyck-displays.com\\\/de\\\/schutzwand-aus-acrylglas-pcs12075\"]}]},{\"@type\":\"ImageObject\",\"inLanguage\":\"de\",\"@id\":\"https:\\\/\\\/buyck-displays.com\\\/de\\\/schutzwand-aus-acrylglas-pcs12075#primaryimage\",\"url\":\"https:\\\/\\\/buyck-displays.com\\\/wp-content\\\/uploads\\\/2020\\\/05\\\/balie-folder-2.jpg\",\"contentUrl\":\"https:\\\/\\\/buyck-displays.com\\\/wp-content\\\/uploads\\\/2020\\\/05\\\/balie-folder-2.jpg\",\"width\":1440,\"height\":1920,\"caption\":\"schutzwand aus Acrylglas-Buyck Displays-pcs12075\"},{\"@type\":\"BreadcrumbList\",\"@id\":\"https:\\\/\\\/buyck-displays.com\\\/de\\\/schutzwand-aus-acrylglas-pcs12075#breadcrumb\",\"itemListElement\":[{\"@type\":\"ListItem\",\"position\":1,\"name\":\"Home\",\"item\":\"https:\\\/\\\/buyck-displays.com\\\/de\"},{\"@type\":\"ListItem\",\"position\":2,\"name\":\"Displays\",\"item\":\"https:\\\/\\\/buyck-displays.com\\\/de\\\/produkte\"},{\"@type\":\"ListItem\",\"position\":3,\"name\":\"Schutzwand aus Acrylglas\"}]},{\"@type\":\"WebSite\",\"@id\":\"https:\\\/\\\/buyck-displays.com\\\/de#website\",\"url\":\"https:\\\/\\\/buyck-displays.com\\\/de\",\"name\":\"Buyck Displays\",\"description\":\"Standaard en Maatwerk Displays\",\"potentialAction\":[{\"@type\":\"SearchAction\",\"target\":{\"@type\":\"EntryPoint\",\"urlTemplate\":\"https:\\\/\\\/buyck-displays.com\\\/de?s={search_term_string}\"},\"query-input\":{\"@type\":\"PropertyValueSpecification\",\"valueRequired\":true,\"valueName\":\"search_term_string\"}}],\"inLanguage\":\"de\"}]}<\/script>\n<!-- \/ Yoast SEO plugin. -->","yoast_head_json":{"title":"Schutzwand aus Acrylglas - Anti-Korona Schutzwand- Buyck Displays","description":"Mit diesem Schutzwand aus Acrylglas sch\u00fctzen Sie Ihre Kunden, Mitarbeiter und sich selbst vor einer m\u00f6glichen Koronakontamination. Erh\u00e4ltlich in 2 Gr\u00f6\u00dfen.","robots":{"index":"index","follow":"follow","max-snippet":"max-snippet:-1","max-image-preview":"max-image-preview:large","max-video-preview":"max-video-preview:-1"},"canonical":"https:\/\/buyck-displays.com\/de\/schutzwand-aus-acrylglas-pcs12075","og_locale":"de_DE","og_type":"article","og_title":"Schutzwand aus Acrylglas - Anti-Korona Schutzwand- Buyck Displays","og_description":"Mit diesem Schutzwand aus Acrylglas sch\u00fctzen Sie Ihre Kunden, Mitarbeiter und sich selbst vor einer m\u00f6glichen Koronakontamination. Erh\u00e4ltlich in 2 Gr\u00f6\u00dfen.","og_url":"https:\/\/buyck-displays.com\/de\/schutzwand-aus-acrylglas-pcs12075","og_site_name":"Buyck Displays","article_modified_time":"2020-10-20T08:35:47+00:00","og_image":[{"width":1440,"height":1920,"url":"https:\/\/buyck-displays.com\/wp-content\/uploads\/2020\/05\/balie-folder-2.jpg","type":"image\/jpeg"}],"twitter_card":"summary_large_image","schema":{"@context":"https:\/\/schema.org","@graph":[{"@type":"WebPage","@id":"https:\/\/buyck-displays.com\/de\/schutzwand-aus-acrylglas-pcs12075","url":"https:\/\/buyck-displays.com\/de\/schutzwand-aus-acrylglas-pcs12075","name":"Schutzwand aus Acrylglas - Anti-Korona Schutzwand- Buyck Displays","isPartOf":{"@id":"https:\/\/buyck-displays.com\/de#website"},"primaryImageOfPage":{"@id":"https:\/\/buyck-displays.com\/de\/schutzwand-aus-acrylglas-pcs12075#primaryimage"},"image":{"@id":"https:\/\/buyck-displays.com\/de\/schutzwand-aus-acrylglas-pcs12075#primaryimage"},"thumbnailUrl":"https:\/\/buyck-displays.com\/wp-content\/uploads\/2020\/05\/balie-folder-2.jpg","datePublished":"2020-05-14T13:12:54+00:00","dateModified":"2020-10-20T08:35:47+00:00","description":"Mit diesem Schutzwand aus Acrylglas sch\u00fctzen Sie Ihre Kunden, Mitarbeiter und sich selbst vor einer m\u00f6glichen Koronakontamination. Erh\u00e4ltlich in 2 Gr\u00f6\u00dfen.","breadcrumb":{"@id":"https:\/\/buyck-displays.com\/de\/schutzwand-aus-acrylglas-pcs12075#breadcrumb"},"inLanguage":"de","potentialAction":[{"@type":"ReadAction","target":["https:\/\/buyck-displays.com\/de\/schutzwand-aus-acrylglas-pcs12075"]}]},{"@type":"ImageObject","inLanguage":"de","@id":"https:\/\/buyck-displays.com\/de\/schutzwand-aus-acrylglas-pcs12075#primaryimage","url":"https:\/\/buyck-displays.com\/wp-content\/uploads\/2020\/05\/balie-folder-2.jpg","contentUrl":"https:\/\/buyck-displays.com\/wp-content\/uploads\/2020\/05\/balie-folder-2.jpg","width":1440,"height":1920,"caption":"schutzwand aus Acrylglas-Buyck Displays-pcs12075"},{"@type":"BreadcrumbList","@id":"https:\/\/buyck-displays.com\/de\/schutzwand-aus-acrylglas-pcs12075#breadcrumb","itemListElement":[{"@type":"ListItem","position":1,"name":"Home","item":"https:\/\/buyck-displays.com\/de"},{"@type":"ListItem","position":2,"name":"Displays","item":"https:\/\/buyck-displays.com\/de\/produkte"},{"@type":"ListItem","position":3,"name":"Schutzwand aus Acrylglas"}]},{"@type":"WebSite","@id":"https:\/\/buyck-displays.com\/de#website","url":"https:\/\/buyck-displays.com\/de","name":"Buyck Displays","description":"Standaard en Maatwerk Displays","potentialAction":[{"@type":"SearchAction","target":{"@type":"EntryPoint","urlTemplate":"https:\/\/buyck-displays.com\/de?s={search_term_string}"},"query-input":{"@type":"PropertyValueSpecification","valueRequired":true,"valueName":"search_term_string"}}],"inLanguage":"de"}]}},"_links":{"self":[{"href":"https:\/\/buyck-displays.com\/de\/wp-json\/wp\/v2\/product\/67156","targetHints":{"allow":["GET"]}}],"collection":[{"href":"https:\/\/buyck-displays.com\/de\/wp-json\/wp\/v2\/product"}],"about":[{"href":"https:\/\/buyck-displays.com\/de\/wp-json\/wp\/v2\/types\/product"}],"replies":[{"embeddable":true,"href":"https:\/\/buyck-displays.com\/de\/wp-json\/wp\/v2\/comments?post=67156"}],"wp:featuredmedia":[{"embeddable":true,"href":"https:\/\/buyck-displays.com\/de\/wp-json\/wp\/v2\/media\/67180"}],"wp:attachment":[{"href":"https:\/\/buyck-displays.com\/de\/wp-json\/wp\/v2\/media?parent=67156"}],"wp:term":[{"taxonomy":"product_brand","embeddable":true,"href":"https:\/\/buyck-displays.com\/de\/wp-json\/wp\/v2\/product_brand?post=67156"},{"taxonomy":"product_cat","embeddable":true,"href":"https:\/\/buyck-displays.com\/de\/wp-json\/wp\/v2\/product_cat?post=67156"},{"taxonomy":"product_tag","embeddable":true,"href":"https:\/\/buyck-displays.com\/de\/wp-json\/wp\/v2\/product_tag?post=67156"}],"curies":[{"name":"wp","href":"https:\/\/api.w.org\/{rel}","templated":true}]}}