{"id":66399,"date":"2019-08-02T11:01:59","date_gmt":"2019-08-05T13:38:37","guid":{"rendered":"https:\/\/www.buyck-displays.com?post_type=product&#038;p=66399"},"modified":"2025-07-07T10:48:11","modified_gmt":"2025-07-07T08:48:11","slug":"verkaufsstaender-fuer-postkarten-pc430vl","status":"publish","type":"product","link":"https:\/\/buyck-displays.com\/de\/verkaufsstaender-fuer-postkarten-pc430vl","title":{"rendered":"Postkartenst\u00e4nder"},"content":{"rendered":"<p>Bodenverkaufsst\u00e4nder aus Metall f\u00fcr\u00a0<strong>A6<\/strong>-Postkarten (ohne Umschlag) im Format 10,5 cm x 15 cm oder\u00a0<strong>mit C6<\/strong>-Umschlag im Format 11,4 cm x 16,2 cm.<\/p>\n<p>Diese display hat standardm\u00e4\u00dfig\u00a0<strong>24\u00a0vertikale F\u00e4chern<\/strong>\u00a0(Version 1), aber es ist auch m\u00f6glich, eine oder mehrere Seite mit vertikalen F\u00e4chern durch\u00a0Seite mit horizontalen F\u00e4chern zu ersetzen.<\/p>\n<p>Siehe die verschiedenen M\u00f6glichkeiten unten. Bitte geben Sie in Ihrer Anfrage deutlich an, welche Version(en) Sie ben\u00f6tigen.<\/p>\n<ul>\n<li><strong>M\u00f6gliche Kombinationen<\/strong>:\n<ul>\n<li><strong>version 1<\/strong>:\u00a024 F\u00e4cher = 3 Seiten mit 8 vertikale F\u00e4cher<\/li>\n<li><strong>version 2<\/strong>: 27 F\u00e4cher = 2 Seiten mit 8 vertikale F\u00e4cher (\u21d216 vertikale F\u00e4cher)\u00a0 und 1 Seite mit 11 horizontale F\u00e4cher<\/li>\n<li><strong>version 3<\/strong>: 30 F\u00e4cher = 1 Seite mit 8 vertikale F\u00e4cher und 2 Seiten mit 11 horizontale F\u00e4cher (\u21d222 horizontale F\u00e4cher)<\/li>\n<li><strong>version 4<\/strong>: 33 F\u00e4cher = 3 Seiten mit 11 horizontale F\u00e4cher<\/li>\n<\/ul>\n<\/li>\n<\/ul>\n<p>&nbsp;<\/p>\n<p><strong>OPTIONEN<\/strong>:<\/p>\n<ul>\n<li><strong>Lochblechplatte<\/strong>: Es ist auch m\u00f6glich, eine oder mehrere Seiten mit Kartenf\u00e4chern durch eine gelochte Metallplatte f\u00fcr Haken und\/oder Magnete zu ersetzen. F\u00fcr weitere Informationen siehe:\u00a0<strong><span style=\"color: #3366ff;\"><a style=\"color: #3366ff;\" href=\"https:\/\/buyck-displays.com\/de\/lochblech-element-pc2020\">Lochblech-Element<\/a><\/span>.<\/strong><\/li>\n<li><strong>Gummir\u00e4der<\/strong>: Standardm\u00e4\u00dfig steht dieses Display auf 5 Kunststoffr\u00e4dern, von denen zwei eine Bremse haben, aber wenn Sie m\u00f6chten, k\u00f6nnen Sie auch <span style=\"color: #3366ff;\"><a style=\"color: #3366ff;\" href=\"https:\/\/buyck-displays.com\/de\/gummiraeder-bu100\"><strong>5 robuste Gummir\u00e4der<\/strong><\/a><\/span>.<\/li>\n<li><strong>Beschwerungsplatte<\/strong>: Um zu verhindern, dass das Display umkippt oder weggeweht wird, k\u00f6nnen Sie unseren Beschwerungsplatte mit einem Kartenhalter kombinieren. Klicken Sie bitte\u00a0<span style=\"color: #3366ff;\"><strong><a style=\"color: #3366ff;\" href=\"https:\/\/buyck-displays.com\/de\/beschwerungsplatte-bu200\">hier<\/a><\/strong><\/span>.<\/li>\n<\/ul>\n<p>&nbsp;<\/p>\n<p><strong>Informationen zum Produkt<\/strong>:<\/p>\n<ul>\n<li>Abmessungen:\n<ul>\n<li>\n<ul>\n<li>Vertikal:\n<ul>\n<li>Breite (Innenma\u00df): 11,5 cm<\/li>\n<li>Tiefe (Innenma\u00df): 2,7 cm<\/li>\n<li>H\u00f6he (Au\u00dfenma\u00df): 9 cm<\/li>\n<\/ul>\n<\/li>\n<li>Horizontal:\n<ul>\n<li>Breite (Innenma\u00df): 16,3 cm<\/li>\n<li>Tiefe (Innenma\u00df): 2,7 cm<\/li>\n<li>H\u00f6he (Au\u00dfenma\u00df): 6,8 cm<\/li>\n<\/ul>\n<\/li>\n<\/ul>\n<\/li>\n<li>Anzeige:\n<ul>\n<li>H\u00f6he: 180 cm<\/li>\n<\/ul>\n<\/li>\n<\/ul>\n<\/li>\n<li>Anwendung:\n<ul>\n<li><strong>A6<\/strong>-Postkarten (10,5 cm x 15 cm) ohne Umschlag<\/li>\n<li>Postkarten mit\u00a0<strong>C6<\/strong>-Umschlag (11,4 x 16,2 cm)<\/li>\n<\/ul>\n<\/li>\n<li>drehbar<\/li>\n<li>dreieckig (3 Seiten)<\/li>\n<li>mit Logohalterung<\/li>\n<li>zerlegbar<\/li>\n<li>Standardfarbe: Silber<\/li>\n<\/ul>\n","protected":false},"excerpt":{"rendered":"<p>Bodenverkaufsst\u00e4nder aus Metall f\u00fcr\u00a0A6-Postkarten (ohne Umschlag) im Format 10,5 cm x 15 cm oder\u00a0mit C6-Umschlag im Format 11,4 cm x 16,2 cm. Diese display hat standardm\u00e4\u00dfig\u00a024\u00a0vertikale F\u00e4chern\u00a0(Version 1), aber es ist auch m\u00f6glich, eine oder mehrere Seite mit vertikalen F\u00e4chern durch\u00a0Seite mit horizontalen F\u00e4chern zu ersetzen. Siehe die verschiedenen M\u00f6glichkeiten unten. Bitte geben Sie in &hellip; <a href=\"https:\/\/buyck-displays.com\/de\/verkaufsstaender-fuer-postkarten-pc430vl\">Fortsetzung<\/a><\/p>\n","protected":false},"featured_media":82804,"comment_status":"closed","ping_status":"closed","template":"","meta":{"_acf_changed":false},"product_brand":[],"product_cat":[189,240,531],"product_tag":[],"class_list":{"0":"post-66399","1":"product","2":"type-product","3":"status-publish","4":"has-post-thumbnail","6":"product_cat-standard-displays-de","7":"product_cat-karten-staender","8":"product_cat-postkarten-15-cm-x-10-5-cm","10":"first","11":"instock","12":"taxable","13":"shipping-taxable","14":"purchasable","15":"product-type-simple"},"acf":[],"yoast_head":"<!-- This site is optimized with the Yoast SEO plugin v27.6 - https:\/\/yoast.com\/product\/yoast-seo-wordpress\/ -->\n<title>Postkartenst\u00e4nder - Buyck Displays - Bodenverkaufsst\u00e4nder<\/title>\n<meta name=\"description\" content=\"Bodenverkaufsst\u00e4nder f\u00fcr\u00a0A6-Postkarten (ohne Umschlag) im Format 10,5 cm x 15 cm oder\u00a0mit C6-Umschlag im Format 11,4 cm x 16,2 cm.\" \/>\n<meta name=\"robots\" content=\"index, follow, max-snippet:-1, max-image-preview:large, max-video-preview:-1\" \/>\n<link rel=\"canonical\" href=\"https:\/\/buyck-displays.com\/de\/verkaufsstaender-fuer-postkarten-pc430vl\" \/>\n<meta property=\"og:locale\" content=\"de_DE\" \/>\n<meta property=\"og:type\" content=\"article\" \/>\n<meta property=\"og:title\" content=\"Postkartenst\u00e4nder - Buyck Displays - Bodenverkaufsst\u00e4nder\" \/>\n<meta property=\"og:description\" content=\"Bodenverkaufsst\u00e4nder f\u00fcr\u00a0A6-Postkarten (ohne Umschlag) im Format 10,5 cm x 15 cm oder\u00a0mit C6-Umschlag im Format 11,4 cm x 16,2 cm.\" \/>\n<meta property=\"og:url\" content=\"https:\/\/buyck-displays.com\/de\/verkaufsstaender-fuer-postkarten-pc430vl\" \/>\n<meta property=\"og:site_name\" content=\"Buyck Displays\" \/>\n<meta property=\"article:modified_time\" content=\"2025-07-07T08:48:11+00:00\" \/>\n<meta property=\"og:image\" content=\"https:\/\/buyck-displays.com\/wp-content\/uploads\/2019\/08\/PC430VL-3.jpg\" \/>\n\t<meta property=\"og:image:width\" content=\"507\" \/>\n\t<meta property=\"og:image:height\" content=\"704\" \/>\n\t<meta property=\"og:image:type\" content=\"image\/jpeg\" \/>\n<meta name=\"twitter:card\" content=\"summary_large_image\" \/>\n<meta name=\"twitter:label1\" content=\"Gesch\u00e4tzte Lesezeit\" \/>\n\t<meta name=\"twitter:data1\" content=\"2\u00a0Minuten\" \/>\n<script type=\"application\/ld+json\" class=\"yoast-schema-graph\">{\"@context\":\"https:\\\/\\\/schema.org\",\"@graph\":[{\"@type\":\"WebPage\",\"@id\":\"https:\\\/\\\/buyck-displays.com\\\/de\\\/verkaufsstaender-fuer-postkarten-pc430vl\",\"url\":\"https:\\\/\\\/buyck-displays.com\\\/de\\\/verkaufsstaender-fuer-postkarten-pc430vl\",\"name\":\"Postkartenst\u00e4nder - Buyck Displays - Bodenverkaufsst\u00e4nder\",\"isPartOf\":{\"@id\":\"https:\\\/\\\/buyck-displays.com\\\/de#website\"},\"primaryImageOfPage\":{\"@id\":\"https:\\\/\\\/buyck-displays.com\\\/de\\\/verkaufsstaender-fuer-postkarten-pc430vl#primaryimage\"},\"image\":{\"@id\":\"https:\\\/\\\/buyck-displays.com\\\/de\\\/verkaufsstaender-fuer-postkarten-pc430vl#primaryimage\"},\"thumbnailUrl\":\"https:\\\/\\\/buyck-displays.com\\\/wp-content\\\/uploads\\\/2019\\\/08\\\/PC430VL-3.jpg\",\"datePublished\":\"2019-08-05T13:38:37+00:00\",\"dateModified\":\"2025-07-07T08:48:11+00:00\",\"description\":\"Bodenverkaufsst\u00e4nder f\u00fcr\u00a0A6-Postkarten (ohne Umschlag) im Format 10,5 cm x 15 cm oder\u00a0mit C6-Umschlag im Format 11,4 cm x 16,2 cm.\",\"breadcrumb\":{\"@id\":\"https:\\\/\\\/buyck-displays.com\\\/de\\\/verkaufsstaender-fuer-postkarten-pc430vl#breadcrumb\"},\"inLanguage\":\"de\",\"potentialAction\":[{\"@type\":\"ReadAction\",\"target\":[\"https:\\\/\\\/buyck-displays.com\\\/de\\\/verkaufsstaender-fuer-postkarten-pc430vl\"]}]},{\"@type\":\"ImageObject\",\"inLanguage\":\"de\",\"@id\":\"https:\\\/\\\/buyck-displays.com\\\/de\\\/verkaufsstaender-fuer-postkarten-pc430vl#primaryimage\",\"url\":\"https:\\\/\\\/buyck-displays.com\\\/wp-content\\\/uploads\\\/2019\\\/08\\\/PC430VL-3.jpg\",\"contentUrl\":\"https:\\\/\\\/buyck-displays.com\\\/wp-content\\\/uploads\\\/2019\\\/08\\\/PC430VL-3.jpg\",\"width\":507,\"height\":704},{\"@type\":\"BreadcrumbList\",\"@id\":\"https:\\\/\\\/buyck-displays.com\\\/de\\\/verkaufsstaender-fuer-postkarten-pc430vl#breadcrumb\",\"itemListElement\":[{\"@type\":\"ListItem\",\"position\":1,\"name\":\"Home\",\"item\":\"https:\\\/\\\/buyck-displays.com\\\/de\"},{\"@type\":\"ListItem\",\"position\":2,\"name\":\"Displays\",\"item\":\"https:\\\/\\\/buyck-displays.com\\\/de\\\/produkte\"},{\"@type\":\"ListItem\",\"position\":3,\"name\":\"Postkartenst\u00e4nder\"}]},{\"@type\":\"WebSite\",\"@id\":\"https:\\\/\\\/buyck-displays.com\\\/de#website\",\"url\":\"https:\\\/\\\/buyck-displays.com\\\/de\",\"name\":\"Buyck Displays\",\"description\":\"Standaard en Maatwerk Displays\",\"potentialAction\":[{\"@type\":\"SearchAction\",\"target\":{\"@type\":\"EntryPoint\",\"urlTemplate\":\"https:\\\/\\\/buyck-displays.com\\\/de?s={search_term_string}\"},\"query-input\":{\"@type\":\"PropertyValueSpecification\",\"valueRequired\":true,\"valueName\":\"search_term_string\"}}],\"inLanguage\":\"de\"}]}<\/script>\n<!-- \/ Yoast SEO plugin. -->","yoast_head_json":{"title":"Postkartenst\u00e4nder - Buyck Displays - Bodenverkaufsst\u00e4nder","description":"Bodenverkaufsst\u00e4nder f\u00fcr\u00a0A6-Postkarten (ohne Umschlag) im Format 10,5 cm x 15 cm oder\u00a0mit C6-Umschlag im Format 11,4 cm x 16,2 cm.","robots":{"index":"index","follow":"follow","max-snippet":"max-snippet:-1","max-image-preview":"max-image-preview:large","max-video-preview":"max-video-preview:-1"},"canonical":"https:\/\/buyck-displays.com\/de\/verkaufsstaender-fuer-postkarten-pc430vl","og_locale":"de_DE","og_type":"article","og_title":"Postkartenst\u00e4nder - Buyck Displays - Bodenverkaufsst\u00e4nder","og_description":"Bodenverkaufsst\u00e4nder f\u00fcr\u00a0A6-Postkarten (ohne Umschlag) im Format 10,5 cm x 15 cm oder\u00a0mit C6-Umschlag im Format 11,4 cm x 16,2 cm.","og_url":"https:\/\/buyck-displays.com\/de\/verkaufsstaender-fuer-postkarten-pc430vl","og_site_name":"Buyck Displays","article_modified_time":"2025-07-07T08:48:11+00:00","og_image":[{"width":507,"height":704,"url":"https:\/\/buyck-displays.com\/wp-content\/uploads\/2019\/08\/PC430VL-3.jpg","type":"image\/jpeg"}],"twitter_card":"summary_large_image","twitter_misc":{"Gesch\u00e4tzte Lesezeit":"2\u00a0Minuten"},"schema":{"@context":"https:\/\/schema.org","@graph":[{"@type":"WebPage","@id":"https:\/\/buyck-displays.com\/de\/verkaufsstaender-fuer-postkarten-pc430vl","url":"https:\/\/buyck-displays.com\/de\/verkaufsstaender-fuer-postkarten-pc430vl","name":"Postkartenst\u00e4nder - Buyck Displays - Bodenverkaufsst\u00e4nder","isPartOf":{"@id":"https:\/\/buyck-displays.com\/de#website"},"primaryImageOfPage":{"@id":"https:\/\/buyck-displays.com\/de\/verkaufsstaender-fuer-postkarten-pc430vl#primaryimage"},"image":{"@id":"https:\/\/buyck-displays.com\/de\/verkaufsstaender-fuer-postkarten-pc430vl#primaryimage"},"thumbnailUrl":"https:\/\/buyck-displays.com\/wp-content\/uploads\/2019\/08\/PC430VL-3.jpg","datePublished":"2019-08-05T13:38:37+00:00","dateModified":"2025-07-07T08:48:11+00:00","description":"Bodenverkaufsst\u00e4nder f\u00fcr\u00a0A6-Postkarten (ohne Umschlag) im Format 10,5 cm x 15 cm oder\u00a0mit C6-Umschlag im Format 11,4 cm x 16,2 cm.","breadcrumb":{"@id":"https:\/\/buyck-displays.com\/de\/verkaufsstaender-fuer-postkarten-pc430vl#breadcrumb"},"inLanguage":"de","potentialAction":[{"@type":"ReadAction","target":["https:\/\/buyck-displays.com\/de\/verkaufsstaender-fuer-postkarten-pc430vl"]}]},{"@type":"ImageObject","inLanguage":"de","@id":"https:\/\/buyck-displays.com\/de\/verkaufsstaender-fuer-postkarten-pc430vl#primaryimage","url":"https:\/\/buyck-displays.com\/wp-content\/uploads\/2019\/08\/PC430VL-3.jpg","contentUrl":"https:\/\/buyck-displays.com\/wp-content\/uploads\/2019\/08\/PC430VL-3.jpg","width":507,"height":704},{"@type":"BreadcrumbList","@id":"https:\/\/buyck-displays.com\/de\/verkaufsstaender-fuer-postkarten-pc430vl#breadcrumb","itemListElement":[{"@type":"ListItem","position":1,"name":"Home","item":"https:\/\/buyck-displays.com\/de"},{"@type":"ListItem","position":2,"name":"Displays","item":"https:\/\/buyck-displays.com\/de\/produkte"},{"@type":"ListItem","position":3,"name":"Postkartenst\u00e4nder"}]},{"@type":"WebSite","@id":"https:\/\/buyck-displays.com\/de#website","url":"https:\/\/buyck-displays.com\/de","name":"Buyck Displays","description":"Standaard en Maatwerk Displays","potentialAction":[{"@type":"SearchAction","target":{"@type":"EntryPoint","urlTemplate":"https:\/\/buyck-displays.com\/de?s={search_term_string}"},"query-input":{"@type":"PropertyValueSpecification","valueRequired":true,"valueName":"search_term_string"}}],"inLanguage":"de"}]}},"_links":{"self":[{"href":"https:\/\/buyck-displays.com\/de\/wp-json\/wp\/v2\/product\/66399","targetHints":{"allow":["GET"]}}],"collection":[{"href":"https:\/\/buyck-displays.com\/de\/wp-json\/wp\/v2\/product"}],"about":[{"href":"https:\/\/buyck-displays.com\/de\/wp-json\/wp\/v2\/types\/product"}],"replies":[{"embeddable":true,"href":"https:\/\/buyck-displays.com\/de\/wp-json\/wp\/v2\/comments?post=66399"}],"wp:featuredmedia":[{"embeddable":true,"href":"https:\/\/buyck-displays.com\/de\/wp-json\/wp\/v2\/media\/82804"}],"wp:attachment":[{"href":"https:\/\/buyck-displays.com\/de\/wp-json\/wp\/v2\/media?parent=66399"}],"wp:term":[{"taxonomy":"product_brand","embeddable":true,"href":"https:\/\/buyck-displays.com\/de\/wp-json\/wp\/v2\/product_brand?post=66399"},{"taxonomy":"product_cat","embeddable":true,"href":"https:\/\/buyck-displays.com\/de\/wp-json\/wp\/v2\/product_cat?post=66399"},{"taxonomy":"product_tag","embeddable":true,"href":"https:\/\/buyck-displays.com\/de\/wp-json\/wp\/v2\/product_tag?post=66399"}],"curies":[{"name":"wp","href":"https:\/\/api.w.org\/{rel}","templated":true}]}}