{"id":65350,"date":"2018-08-14T08:25:59","date_gmt":"2018-08-29T09:19:38","guid":{"rendered":"https:\/\/buyck-displays.com?post_type=product&#038;p=65350"},"modified":"2022-09-02T10:36:29","modified_gmt":"2022-09-02T08:36:29","slug":"displays-um-artikel-zu-stellen-sc0450","status":"publish","type":"product","link":"https:\/\/buyck-displays.com\/de\/displays-um-artikel-zu-stellen-sc0450","title":{"rendered":"Regal aus Holz"},"content":{"rendered":"<p>Regal aus Holz mit 4 Etagen mit erh\u00f6hten Kanten. Dieses Display hat eine rustikale, l\u00e4ndliche Ausstrahlung und ist daher ideal geeignet, um unter anderem handwerklich und\/oder biologisch hergestellte Produkte zu pr\u00e4sentieren.<\/p>\n<p><strong>Informationen zum Produkt<\/strong>:<\/p>\n<ul>\n<li>Abmessungen\n<ul>\n<li>Anzeige:\n<ul>\n<li>H\u00f6he: 158 cm<\/li>\n<li>Breite: 59,5 cm<\/li>\n<li>Tiefe: 46,5 cm<\/li>\n<\/ul>\n<\/li>\n<li>Regale:\n<ul>\n<li>Innenma\u00dfe (Boden): 44 cm x 31,5 cm<\/li>\n<li>H\u00f6he (erh\u00f6hter Rand): 5,5 cm<\/li>\n<\/ul>\n<\/li>\n<\/ul>\n<\/li>\n<li>Geeignet f\u00fcr leichte Produkte<\/li>\n<li>Mit Logotr\u00e4ger, aber die Logoplatte selbst ist nicht im Preis enthalten. Logoplatten sind ab 30 St\u00fcck m\u00f6glich.<\/li>\n<\/ul>\n","protected":false},"excerpt":{"rendered":"<p>Regal aus Holz mit 4 Etagen mit erh\u00f6hten Kanten. Dieses Display hat eine rustikale, l\u00e4ndliche Ausstrahlung und ist daher ideal geeignet, um unter anderem handwerklich und\/oder biologisch hergestellte Produkte zu pr\u00e4sentieren. Informationen zum Produkt: Abmessungen Anzeige: H\u00f6he: 158 cm Breite: 59,5 cm Tiefe: 46,5 cm Regale: Innenma\u00dfe (Boden): 44 cm x 31,5 cm H\u00f6he (erh\u00f6hter &hellip; <a href=\"https:\/\/buyck-displays.com\/de\/displays-um-artikel-zu-stellen-sc0450\">Fortsetzung<\/a><\/p>\n","protected":false},"featured_media":65280,"comment_status":"closed","ping_status":"closed","template":"","meta":{"_acf_changed":false},"product_brand":[],"product_cat":[189,241],"product_tag":[],"class_list":{"0":"post-65350","1":"product","2":"type-product","3":"status-publish","4":"has-post-thumbnail","6":"product_cat-standard-displays-de","7":"product_cat-displays-um-artikel-zu-stellen","9":"first","10":"instock","11":"taxable","12":"shipping-taxable","13":"purchasable","14":"product-type-simple"},"acf":[],"yoast_head":"<!-- This site is optimized with the Yoast SEO plugin v26.8 - https:\/\/yoast.com\/product\/yoast-seo-wordpress\/ -->\n<title>Regal aus Holz - Buyck Displays - Display aus Holz<\/title>\n<meta name=\"description\" content=\"Regal aus Holz mit 4 Etagen. Dieses Display hat eine rustikale Ausstrahlung und ist ideal f\u00fcr die Pr\u00e4sentation handwerklicher Produkte.\" \/>\n<meta name=\"robots\" content=\"index, follow, max-snippet:-1, max-image-preview:large, max-video-preview:-1\" \/>\n<link rel=\"canonical\" href=\"https:\/\/buyck-displays.com\/de\/displays-um-artikel-zu-stellen-sc0450\" \/>\n<meta property=\"og:locale\" content=\"de_DE\" \/>\n<meta property=\"og:type\" content=\"article\" \/>\n<meta property=\"og:title\" content=\"Regal aus Holz - Buyck Displays - Display aus Holz\" \/>\n<meta property=\"og:description\" content=\"Regal aus Holz mit 4 Etagen. Dieses Display hat eine rustikale Ausstrahlung und ist ideal f\u00fcr die Pr\u00e4sentation handwerklicher Produkte.\" \/>\n<meta property=\"og:url\" content=\"https:\/\/buyck-displays.com\/de\/displays-um-artikel-zu-stellen-sc0450\" \/>\n<meta property=\"og:site_name\" content=\"Buyck Displays\" \/>\n<meta property=\"article:modified_time\" content=\"2022-09-02T08:36:29+00:00\" \/>\n<meta property=\"og:image\" content=\"https:\/\/buyck-displays.com\/wp-content\/uploads\/2018\/08\/SC0450.jpg\" \/>\n\t<meta property=\"og:image:width\" content=\"768\" \/>\n\t<meta property=\"og:image:height\" content=\"1024\" \/>\n\t<meta property=\"og:image:type\" content=\"image\/jpeg\" \/>\n<meta name=\"twitter:card\" content=\"summary_large_image\" \/>\n<meta name=\"twitter:label1\" content=\"Gesch\u00e4tzte Lesezeit\" \/>\n\t<meta name=\"twitter:data1\" content=\"1\u00a0Minute\" \/>\n<script type=\"application\/ld+json\" class=\"yoast-schema-graph\">{\"@context\":\"https:\/\/schema.org\",\"@graph\":[{\"@type\":\"WebPage\",\"@id\":\"https:\/\/buyck-displays.com\/de\/displays-um-artikel-zu-stellen-sc0450\",\"url\":\"https:\/\/buyck-displays.com\/de\/displays-um-artikel-zu-stellen-sc0450\",\"name\":\"Regal aus Holz - Buyck Displays - Display aus Holz\",\"isPartOf\":{\"@id\":\"https:\/\/buyck-displays.com\/de#website\"},\"primaryImageOfPage\":{\"@id\":\"https:\/\/buyck-displays.com\/de\/displays-um-artikel-zu-stellen-sc0450#primaryimage\"},\"image\":{\"@id\":\"https:\/\/buyck-displays.com\/de\/displays-um-artikel-zu-stellen-sc0450#primaryimage\"},\"thumbnailUrl\":\"https:\/\/buyck-displays.com\/wp-content\/uploads\/2018\/08\/SC0450.jpg\",\"datePublished\":\"2018-08-29T09:19:38+00:00\",\"dateModified\":\"2022-09-02T08:36:29+00:00\",\"description\":\"Regal aus Holz mit 4 Etagen. Dieses Display hat eine rustikale Ausstrahlung und ist ideal f\u00fcr die Pr\u00e4sentation handwerklicher Produkte.\",\"breadcrumb\":{\"@id\":\"https:\/\/buyck-displays.com\/de\/displays-um-artikel-zu-stellen-sc0450#breadcrumb\"},\"inLanguage\":\"de\",\"potentialAction\":[{\"@type\":\"ReadAction\",\"target\":[\"https:\/\/buyck-displays.com\/de\/displays-um-artikel-zu-stellen-sc0450\"]}]},{\"@type\":\"ImageObject\",\"inLanguage\":\"de\",\"@id\":\"https:\/\/buyck-displays.com\/de\/displays-um-artikel-zu-stellen-sc0450#primaryimage\",\"url\":\"https:\/\/buyck-displays.com\/wp-content\/uploads\/2018\/08\/SC0450.jpg\",\"contentUrl\":\"https:\/\/buyck-displays.com\/wp-content\/uploads\/2018\/08\/SC0450.jpg\",\"width\":768,\"height\":1024},{\"@type\":\"BreadcrumbList\",\"@id\":\"https:\/\/buyck-displays.com\/de\/displays-um-artikel-zu-stellen-sc0450#breadcrumb\",\"itemListElement\":[{\"@type\":\"ListItem\",\"position\":1,\"name\":\"Home\",\"item\":\"https:\/\/buyck-displays.com\/de\"},{\"@type\":\"ListItem\",\"position\":2,\"name\":\"Displays\",\"item\":\"https:\/\/buyck-displays.com\/de\/produkte\"},{\"@type\":\"ListItem\",\"position\":3,\"name\":\"Regal aus Holz\"}]},{\"@type\":\"WebSite\",\"@id\":\"https:\/\/buyck-displays.com\/de#website\",\"url\":\"https:\/\/buyck-displays.com\/de\",\"name\":\"Buyck Displays\",\"description\":\"Standaard en Maatwerk Displays\",\"potentialAction\":[{\"@type\":\"SearchAction\",\"target\":{\"@type\":\"EntryPoint\",\"urlTemplate\":\"https:\/\/buyck-displays.com\/de?s={search_term_string}\"},\"query-input\":{\"@type\":\"PropertyValueSpecification\",\"valueRequired\":true,\"valueName\":\"search_term_string\"}}],\"inLanguage\":\"de\"}]}<\/script>\n<!-- \/ Yoast SEO plugin. -->","yoast_head_json":{"title":"Regal aus Holz - Buyck Displays - Display aus Holz","description":"Regal aus Holz mit 4 Etagen. Dieses Display hat eine rustikale Ausstrahlung und ist ideal f\u00fcr die Pr\u00e4sentation handwerklicher Produkte.","robots":{"index":"index","follow":"follow","max-snippet":"max-snippet:-1","max-image-preview":"max-image-preview:large","max-video-preview":"max-video-preview:-1"},"canonical":"https:\/\/buyck-displays.com\/de\/displays-um-artikel-zu-stellen-sc0450","og_locale":"de_DE","og_type":"article","og_title":"Regal aus Holz - Buyck Displays - Display aus Holz","og_description":"Regal aus Holz mit 4 Etagen. Dieses Display hat eine rustikale Ausstrahlung und ist ideal f\u00fcr die Pr\u00e4sentation handwerklicher Produkte.","og_url":"https:\/\/buyck-displays.com\/de\/displays-um-artikel-zu-stellen-sc0450","og_site_name":"Buyck Displays","article_modified_time":"2022-09-02T08:36:29+00:00","og_image":[{"width":768,"height":1024,"url":"https:\/\/buyck-displays.com\/wp-content\/uploads\/2018\/08\/SC0450.jpg","type":"image\/jpeg"}],"twitter_card":"summary_large_image","twitter_misc":{"Gesch\u00e4tzte Lesezeit":"1\u00a0Minute"},"schema":{"@context":"https:\/\/schema.org","@graph":[{"@type":"WebPage","@id":"https:\/\/buyck-displays.com\/de\/displays-um-artikel-zu-stellen-sc0450","url":"https:\/\/buyck-displays.com\/de\/displays-um-artikel-zu-stellen-sc0450","name":"Regal aus Holz - Buyck Displays - Display aus Holz","isPartOf":{"@id":"https:\/\/buyck-displays.com\/de#website"},"primaryImageOfPage":{"@id":"https:\/\/buyck-displays.com\/de\/displays-um-artikel-zu-stellen-sc0450#primaryimage"},"image":{"@id":"https:\/\/buyck-displays.com\/de\/displays-um-artikel-zu-stellen-sc0450#primaryimage"},"thumbnailUrl":"https:\/\/buyck-displays.com\/wp-content\/uploads\/2018\/08\/SC0450.jpg","datePublished":"2018-08-29T09:19:38+00:00","dateModified":"2022-09-02T08:36:29+00:00","description":"Regal aus Holz mit 4 Etagen. Dieses Display hat eine rustikale Ausstrahlung und ist ideal f\u00fcr die Pr\u00e4sentation handwerklicher Produkte.","breadcrumb":{"@id":"https:\/\/buyck-displays.com\/de\/displays-um-artikel-zu-stellen-sc0450#breadcrumb"},"inLanguage":"de","potentialAction":[{"@type":"ReadAction","target":["https:\/\/buyck-displays.com\/de\/displays-um-artikel-zu-stellen-sc0450"]}]},{"@type":"ImageObject","inLanguage":"de","@id":"https:\/\/buyck-displays.com\/de\/displays-um-artikel-zu-stellen-sc0450#primaryimage","url":"https:\/\/buyck-displays.com\/wp-content\/uploads\/2018\/08\/SC0450.jpg","contentUrl":"https:\/\/buyck-displays.com\/wp-content\/uploads\/2018\/08\/SC0450.jpg","width":768,"height":1024},{"@type":"BreadcrumbList","@id":"https:\/\/buyck-displays.com\/de\/displays-um-artikel-zu-stellen-sc0450#breadcrumb","itemListElement":[{"@type":"ListItem","position":1,"name":"Home","item":"https:\/\/buyck-displays.com\/de"},{"@type":"ListItem","position":2,"name":"Displays","item":"https:\/\/buyck-displays.com\/de\/produkte"},{"@type":"ListItem","position":3,"name":"Regal aus Holz"}]},{"@type":"WebSite","@id":"https:\/\/buyck-displays.com\/de#website","url":"https:\/\/buyck-displays.com\/de","name":"Buyck Displays","description":"Standaard en Maatwerk Displays","potentialAction":[{"@type":"SearchAction","target":{"@type":"EntryPoint","urlTemplate":"https:\/\/buyck-displays.com\/de?s={search_term_string}"},"query-input":{"@type":"PropertyValueSpecification","valueRequired":true,"valueName":"search_term_string"}}],"inLanguage":"de"}]}},"_links":{"self":[{"href":"https:\/\/buyck-displays.com\/de\/wp-json\/wp\/v2\/product\/65350","targetHints":{"allow":["GET"]}}],"collection":[{"href":"https:\/\/buyck-displays.com\/de\/wp-json\/wp\/v2\/product"}],"about":[{"href":"https:\/\/buyck-displays.com\/de\/wp-json\/wp\/v2\/types\/product"}],"replies":[{"embeddable":true,"href":"https:\/\/buyck-displays.com\/de\/wp-json\/wp\/v2\/comments?post=65350"}],"wp:featuredmedia":[{"embeddable":true,"href":"https:\/\/buyck-displays.com\/de\/wp-json\/wp\/v2\/media\/65280"}],"wp:attachment":[{"href":"https:\/\/buyck-displays.com\/de\/wp-json\/wp\/v2\/media?parent=65350"}],"wp:term":[{"taxonomy":"product_brand","embeddable":true,"href":"https:\/\/buyck-displays.com\/de\/wp-json\/wp\/v2\/product_brand?post=65350"},{"taxonomy":"product_cat","embeddable":true,"href":"https:\/\/buyck-displays.com\/de\/wp-json\/wp\/v2\/product_cat?post=65350"},{"taxonomy":"product_tag","embeddable":true,"href":"https:\/\/buyck-displays.com\/de\/wp-json\/wp\/v2\/product_tag?post=65350"}],"curies":[{"name":"wp","href":"https:\/\/api.w.org\/{rel}","templated":true}]}}