{"id":65169,"date":"2018-04-27T14:41:01","date_gmt":"2018-04-27T14:01:58","guid":{"rendered":"https:\/\/www.buyck-displays.be?post_type=product&#038;p=65169"},"modified":"2022-07-04T13:12:01","modified_gmt":"2022-07-04T11:12:01","slug":"prospekthalter-preiskarte-halterungen-bu5050-a4","status":"publish","type":"product","link":"https:\/\/buyck-displays.com\/de\/prospekthalter-preiskarte-halterungen-bu5050-a4","title":{"rendered":"Prospekthalter"},"content":{"rendered":"<p>Praktischer Halter f\u00fcr aufrecht stehende A4-Dokumente. Hergestellt aus hochwertigem und sch\u00f6n verarbeitetem Acryl mit polierten Seiten und auf einem h\u00f6henverstellbaren Metallsockel. Dieser St\u00e4nder eignet sich hervorragend f\u00fcr die beidseitige Pr\u00e4sentation von losen Karten wie Preislisten, Anleitungen, Plakaten, einer Ank\u00fcndigung, Informationsbl\u00e4ttern&#8230;. auf Ihrer Theke, Ihrem Schreibtisch, im Schaufenster, usw.<\/p>\n<p><strong>Informationen zum Produkt<\/strong>:<\/p>\n<ul>\n<li>Abmessungen:\n<ul>\n<li>gefaltetes Acryl:\n<ul>\n<li>Breite: 21 cm<\/li>\n<li>H\u00f6he: 30 cm<\/li>\n<li>Acrylst\u00e4rke: 2 mm<\/li>\n<\/ul>\n<\/li>\n<li>Metallfu\u00df (in der H\u00f6he verstellbar):\n<ul>\n<li>max. H\u00f6he: +\/- 50,5 cm\n<ul>\n<li>inkl. Acryl: +\/- 80 cm<\/li>\n<\/ul>\n<\/li>\n<li>Min. H\u00f6he: 29 cm\n<ul>\n<li>inkl. Acryl: 58 cm<\/li>\n<\/ul>\n<\/li>\n<\/ul>\n<\/li>\n<li>Metallfu\u00df: quadratisch 10 cm x 10 cm<\/li>\n<\/ul>\n<\/li>\n<li>Anwendung: Pr\u00e4sentation von vertikalen A4-Dokumenten<\/li>\n<li>Standardfarbe des Metallsockels: wei\u00df<\/li>\n<\/ul>\n","protected":false},"excerpt":{"rendered":"<p>Praktischer Halter f\u00fcr aufrecht stehende A4-Dokumente. Hergestellt aus hochwertigem und sch\u00f6n verarbeitetem Acryl mit polierten Seiten und auf einem h\u00f6henverstellbaren Metallsockel. Dieser St\u00e4nder eignet sich hervorragend f\u00fcr die beidseitige Pr\u00e4sentation von losen Karten wie Preislisten, Anleitungen, Plakaten, einer Ank\u00fcndigung, Informationsbl\u00e4ttern&#8230;. auf Ihrer Theke, Ihrem Schreibtisch, im Schaufenster, usw. Informationen zum Produkt: Abmessungen: gefaltetes Acryl: Breite: &hellip; <a href=\"https:\/\/buyck-displays.com\/de\/prospekthalter-preiskarte-halterungen-bu5050-a4\">Fortsetzung<\/a><\/p>\n","protected":false},"featured_media":65704,"comment_status":"closed","ping_status":"closed","template":"","meta":{"_acf_changed":false},"product_brand":[],"product_cat":[244,189,245],"product_tag":[],"class_list":{"0":"post-65169","1":"product","2":"type-product","3":"status-publish","4":"has-post-thumbnail","6":"product_cat-acryl-displays","7":"product_cat-standard-displays-de","8":"product_cat-prospekthalter-preiskarte-halterungen","10":"first","11":"instock","12":"taxable","13":"shipping-taxable","14":"purchasable","15":"product-type-simple"},"acf":[],"yoast_head":"<!-- This site is optimized with the Yoast SEO plugin v27.6 - https:\/\/yoast.com\/product\/yoast-seo-wordpress\/ -->\n<title>Prospekthalter - Buyck Displays - Acryl Display<\/title>\n<meta name=\"description\" content=\"DIN-A4-Dokumentenhalter aus hochwertig verarbeitetem Acryl mit polierten Seiten auf einem h\u00f6henverstellbaren Metallsockel.\" \/>\n<meta name=\"robots\" content=\"index, follow, max-snippet:-1, max-image-preview:large, max-video-preview:-1\" \/>\n<link rel=\"canonical\" href=\"https:\/\/buyck-displays.com\/de\/prospekthalter-preiskarte-halterungen-bu5050-a4\" \/>\n<meta property=\"og:locale\" content=\"de_DE\" \/>\n<meta property=\"og:type\" content=\"article\" \/>\n<meta property=\"og:title\" content=\"Prospekthalter - Buyck Displays - Acryl Display\" \/>\n<meta property=\"og:description\" content=\"DIN-A4-Dokumentenhalter aus hochwertig verarbeitetem Acryl mit polierten Seiten auf einem h\u00f6henverstellbaren Metallsockel.\" \/>\n<meta property=\"og:url\" content=\"https:\/\/buyck-displays.com\/de\/prospekthalter-preiskarte-halterungen-bu5050-a4\" \/>\n<meta property=\"og:site_name\" content=\"Buyck Displays\" \/>\n<meta property=\"article:modified_time\" content=\"2022-07-04T11:12:01+00:00\" \/>\n<meta property=\"og:image\" content=\"https:\/\/buyck-displays.com\/wp-content\/uploads\/2018\/04\/BU5050.jpg\" \/>\n\t<meta property=\"og:image:width\" content=\"767\" \/>\n\t<meta property=\"og:image:height\" content=\"1024\" \/>\n\t<meta property=\"og:image:type\" content=\"image\/jpeg\" \/>\n<meta name=\"twitter:card\" content=\"summary_large_image\" \/>\n<meta name=\"twitter:label1\" content=\"Gesch\u00e4tzte Lesezeit\" \/>\n\t<meta name=\"twitter:data1\" content=\"1\u00a0Minute\" \/>\n<script type=\"application\/ld+json\" class=\"yoast-schema-graph\">{\"@context\":\"https:\\\/\\\/schema.org\",\"@graph\":[{\"@type\":\"WebPage\",\"@id\":\"https:\\\/\\\/buyck-displays.com\\\/de\\\/prospekthalter-preiskarte-halterungen-bu5050-a4\",\"url\":\"https:\\\/\\\/buyck-displays.com\\\/de\\\/prospekthalter-preiskarte-halterungen-bu5050-a4\",\"name\":\"Prospekthalter - Buyck Displays - Acryl Display\",\"isPartOf\":{\"@id\":\"https:\\\/\\\/buyck-displays.com\\\/de#website\"},\"primaryImageOfPage\":{\"@id\":\"https:\\\/\\\/buyck-displays.com\\\/de\\\/prospekthalter-preiskarte-halterungen-bu5050-a4#primaryimage\"},\"image\":{\"@id\":\"https:\\\/\\\/buyck-displays.com\\\/de\\\/prospekthalter-preiskarte-halterungen-bu5050-a4#primaryimage\"},\"thumbnailUrl\":\"https:\\\/\\\/buyck-displays.com\\\/wp-content\\\/uploads\\\/2018\\\/04\\\/BU5050.jpg\",\"datePublished\":\"2018-04-27T14:01:58+00:00\",\"dateModified\":\"2022-07-04T11:12:01+00:00\",\"description\":\"DIN-A4-Dokumentenhalter aus hochwertig verarbeitetem Acryl mit polierten Seiten auf einem h\u00f6henverstellbaren Metallsockel.\",\"breadcrumb\":{\"@id\":\"https:\\\/\\\/buyck-displays.com\\\/de\\\/prospekthalter-preiskarte-halterungen-bu5050-a4#breadcrumb\"},\"inLanguage\":\"de\",\"potentialAction\":[{\"@type\":\"ReadAction\",\"target\":[\"https:\\\/\\\/buyck-displays.com\\\/de\\\/prospekthalter-preiskarte-halterungen-bu5050-a4\"]}]},{\"@type\":\"ImageObject\",\"inLanguage\":\"de\",\"@id\":\"https:\\\/\\\/buyck-displays.com\\\/de\\\/prospekthalter-preiskarte-halterungen-bu5050-a4#primaryimage\",\"url\":\"https:\\\/\\\/buyck-displays.com\\\/wp-content\\\/uploads\\\/2018\\\/04\\\/BU5050.jpg\",\"contentUrl\":\"https:\\\/\\\/buyck-displays.com\\\/wp-content\\\/uploads\\\/2018\\\/04\\\/BU5050.jpg\",\"width\":767,\"height\":1024},{\"@type\":\"BreadcrumbList\",\"@id\":\"https:\\\/\\\/buyck-displays.com\\\/de\\\/prospekthalter-preiskarte-halterungen-bu5050-a4#breadcrumb\",\"itemListElement\":[{\"@type\":\"ListItem\",\"position\":1,\"name\":\"Home\",\"item\":\"https:\\\/\\\/buyck-displays.com\\\/de\"},{\"@type\":\"ListItem\",\"position\":2,\"name\":\"Displays\",\"item\":\"https:\\\/\\\/buyck-displays.com\\\/de\\\/produkte\"},{\"@type\":\"ListItem\",\"position\":3,\"name\":\"Prospekthalter\"}]},{\"@type\":\"WebSite\",\"@id\":\"https:\\\/\\\/buyck-displays.com\\\/de#website\",\"url\":\"https:\\\/\\\/buyck-displays.com\\\/de\",\"name\":\"Buyck Displays\",\"description\":\"Standaard en Maatwerk Displays\",\"potentialAction\":[{\"@type\":\"SearchAction\",\"target\":{\"@type\":\"EntryPoint\",\"urlTemplate\":\"https:\\\/\\\/buyck-displays.com\\\/de?s={search_term_string}\"},\"query-input\":{\"@type\":\"PropertyValueSpecification\",\"valueRequired\":true,\"valueName\":\"search_term_string\"}}],\"inLanguage\":\"de\"}]}<\/script>\n<!-- \/ Yoast SEO plugin. -->","yoast_head_json":{"title":"Prospekthalter - Buyck Displays - Acryl Display","description":"DIN-A4-Dokumentenhalter aus hochwertig verarbeitetem Acryl mit polierten Seiten auf einem h\u00f6henverstellbaren Metallsockel.","robots":{"index":"index","follow":"follow","max-snippet":"max-snippet:-1","max-image-preview":"max-image-preview:large","max-video-preview":"max-video-preview:-1"},"canonical":"https:\/\/buyck-displays.com\/de\/prospekthalter-preiskarte-halterungen-bu5050-a4","og_locale":"de_DE","og_type":"article","og_title":"Prospekthalter - Buyck Displays - Acryl Display","og_description":"DIN-A4-Dokumentenhalter aus hochwertig verarbeitetem Acryl mit polierten Seiten auf einem h\u00f6henverstellbaren Metallsockel.","og_url":"https:\/\/buyck-displays.com\/de\/prospekthalter-preiskarte-halterungen-bu5050-a4","og_site_name":"Buyck Displays","article_modified_time":"2022-07-04T11:12:01+00:00","og_image":[{"width":767,"height":1024,"url":"https:\/\/buyck-displays.com\/wp-content\/uploads\/2018\/04\/BU5050.jpg","type":"image\/jpeg"}],"twitter_card":"summary_large_image","twitter_misc":{"Gesch\u00e4tzte Lesezeit":"1\u00a0Minute"},"schema":{"@context":"https:\/\/schema.org","@graph":[{"@type":"WebPage","@id":"https:\/\/buyck-displays.com\/de\/prospekthalter-preiskarte-halterungen-bu5050-a4","url":"https:\/\/buyck-displays.com\/de\/prospekthalter-preiskarte-halterungen-bu5050-a4","name":"Prospekthalter - Buyck Displays - Acryl Display","isPartOf":{"@id":"https:\/\/buyck-displays.com\/de#website"},"primaryImageOfPage":{"@id":"https:\/\/buyck-displays.com\/de\/prospekthalter-preiskarte-halterungen-bu5050-a4#primaryimage"},"image":{"@id":"https:\/\/buyck-displays.com\/de\/prospekthalter-preiskarte-halterungen-bu5050-a4#primaryimage"},"thumbnailUrl":"https:\/\/buyck-displays.com\/wp-content\/uploads\/2018\/04\/BU5050.jpg","datePublished":"2018-04-27T14:01:58+00:00","dateModified":"2022-07-04T11:12:01+00:00","description":"DIN-A4-Dokumentenhalter aus hochwertig verarbeitetem Acryl mit polierten Seiten auf einem h\u00f6henverstellbaren Metallsockel.","breadcrumb":{"@id":"https:\/\/buyck-displays.com\/de\/prospekthalter-preiskarte-halterungen-bu5050-a4#breadcrumb"},"inLanguage":"de","potentialAction":[{"@type":"ReadAction","target":["https:\/\/buyck-displays.com\/de\/prospekthalter-preiskarte-halterungen-bu5050-a4"]}]},{"@type":"ImageObject","inLanguage":"de","@id":"https:\/\/buyck-displays.com\/de\/prospekthalter-preiskarte-halterungen-bu5050-a4#primaryimage","url":"https:\/\/buyck-displays.com\/wp-content\/uploads\/2018\/04\/BU5050.jpg","contentUrl":"https:\/\/buyck-displays.com\/wp-content\/uploads\/2018\/04\/BU5050.jpg","width":767,"height":1024},{"@type":"BreadcrumbList","@id":"https:\/\/buyck-displays.com\/de\/prospekthalter-preiskarte-halterungen-bu5050-a4#breadcrumb","itemListElement":[{"@type":"ListItem","position":1,"name":"Home","item":"https:\/\/buyck-displays.com\/de"},{"@type":"ListItem","position":2,"name":"Displays","item":"https:\/\/buyck-displays.com\/de\/produkte"},{"@type":"ListItem","position":3,"name":"Prospekthalter"}]},{"@type":"WebSite","@id":"https:\/\/buyck-displays.com\/de#website","url":"https:\/\/buyck-displays.com\/de","name":"Buyck Displays","description":"Standaard en Maatwerk Displays","potentialAction":[{"@type":"SearchAction","target":{"@type":"EntryPoint","urlTemplate":"https:\/\/buyck-displays.com\/de?s={search_term_string}"},"query-input":{"@type":"PropertyValueSpecification","valueRequired":true,"valueName":"search_term_string"}}],"inLanguage":"de"}]}},"_links":{"self":[{"href":"https:\/\/buyck-displays.com\/de\/wp-json\/wp\/v2\/product\/65169","targetHints":{"allow":["GET"]}}],"collection":[{"href":"https:\/\/buyck-displays.com\/de\/wp-json\/wp\/v2\/product"}],"about":[{"href":"https:\/\/buyck-displays.com\/de\/wp-json\/wp\/v2\/types\/product"}],"replies":[{"embeddable":true,"href":"https:\/\/buyck-displays.com\/de\/wp-json\/wp\/v2\/comments?post=65169"}],"wp:featuredmedia":[{"embeddable":true,"href":"https:\/\/buyck-displays.com\/de\/wp-json\/wp\/v2\/media\/65704"}],"wp:attachment":[{"href":"https:\/\/buyck-displays.com\/de\/wp-json\/wp\/v2\/media?parent=65169"}],"wp:term":[{"taxonomy":"product_brand","embeddable":true,"href":"https:\/\/buyck-displays.com\/de\/wp-json\/wp\/v2\/product_brand?post=65169"},{"taxonomy":"product_cat","embeddable":true,"href":"https:\/\/buyck-displays.com\/de\/wp-json\/wp\/v2\/product_cat?post=65169"},{"taxonomy":"product_tag","embeddable":true,"href":"https:\/\/buyck-displays.com\/de\/wp-json\/wp\/v2\/product_tag?post=65169"}],"curies":[{"name":"wp","href":"https:\/\/api.w.org\/{rel}","templated":true}]}}