{"id":64802,"date":"2018-01-10T13:13:08","date_gmt":"2018-01-10T13:27:05","guid":{"rendered":"https:\/\/www.buyck-displays.be?post_type=product&#038;p=64802"},"modified":"2025-05-16T11:16:25","modified_gmt":"2025-05-16T09:16:25","slug":"buchstaender-dbu020","status":"publish","type":"product","link":"https:\/\/buyck-displays.com\/de\/buchstaender-dbu020","title":{"rendered":"Buchst\u00e4nder"},"content":{"rendered":"<p>Ein Display f\u00fcr ein Buch. Hergestellt aus hochwertig verarbeitetem Acryl mit polierten Seiten. Ideal, um ein bestimmtes Exemplar auf einem Tisch, Ihrer Theke oder in Ihrem Schaufenster hervorzuheben.<\/p>\n<p><strong>Informationen zum Produkt:<\/strong><\/p>\n<ul>\n<li>Abmessungen:\n<ul>\n<li>\u00e4u\u00dfere Abmessungen:\n<ul>\n<li>Breite: 20 cm<\/li>\n<li>H\u00f6he: 24 cm<\/li>\n<li>Tiefe: 17,5 cm<\/li>\n<\/ul>\n<\/li>\n<li>Fachtiefe: 4 cm<\/li>\n<li>acryl Dicke: 3 mm<\/li>\n<\/ul>\n<\/li>\n<li>Material: klares, transparentes Acryl<\/li>\n<li>Anwendung: Pr\u00e4sentation eines Buches<\/li>\n<\/ul>\n","protected":false},"excerpt":{"rendered":"<p>Ein Display f\u00fcr ein Buch. Hergestellt aus hochwertig verarbeitetem Acryl mit polierten Seiten. Ideal, um ein bestimmtes Exemplar auf einem Tisch, Ihrer Theke oder in Ihrem Schaufenster hervorzuheben. Informationen zum Produkt: Abmessungen: \u00e4u\u00dfere Abmessungen: Breite: 20 cm H\u00f6he: 24 cm Tiefe: 17,5 cm Fachtiefe: 4 cm acryl Dicke: 3 mm Material: klares, transparentes Acryl Anwendung: &hellip; <a href=\"https:\/\/buyck-displays.com\/de\/buchstaender-dbu020\">Fortsetzung<\/a><\/p>\n","protected":false},"featured_media":73001,"comment_status":"closed","ping_status":"closed","template":"","meta":{"_acf_changed":false},"product_brand":[],"product_cat":[189,244,247],"product_tag":[],"class_list":{"0":"post-64802","1":"product","2":"type-product","3":"status-publish","4":"has-post-thumbnail","6":"product_cat-standard-displays-de","7":"product_cat-acryl-displays","8":"product_cat-buecher-staender","10":"first","11":"instock","12":"taxable","13":"shipping-taxable","14":"purchasable","15":"product-type-simple"},"acf":[],"yoast_head":"<!-- This site is optimized with the Yoast SEO plugin v26.8 - https:\/\/yoast.com\/product\/yoast-seo-wordpress\/ -->\n<title>Buchst\u00e4nder - Buyck Displays<\/title>\n<meta name=\"description\" content=\"Buchst\u00e4nder aus Acryl f\u00fcr ein Buch. Ideal zum Hervorheben eines bestimmten Exemplars auf dem Tisch, der Theke oder im Schaufenster.\" \/>\n<meta name=\"robots\" content=\"index, follow, max-snippet:-1, max-image-preview:large, max-video-preview:-1\" \/>\n<link rel=\"canonical\" href=\"https:\/\/buyck-displays.com\/de\/buchstaender-dbu020\" \/>\n<meta property=\"og:locale\" content=\"de_DE\" \/>\n<meta property=\"og:type\" content=\"article\" \/>\n<meta property=\"og:title\" content=\"Buchst\u00e4nder - Buyck Displays\" \/>\n<meta property=\"og:description\" content=\"Buchst\u00e4nder aus Acryl f\u00fcr ein Buch. Ideal zum Hervorheben eines bestimmten Exemplars auf dem Tisch, der Theke oder im Schaufenster.\" \/>\n<meta property=\"og:url\" content=\"https:\/\/buyck-displays.com\/de\/buchstaender-dbu020\" \/>\n<meta property=\"og:site_name\" content=\"Buyck Displays\" \/>\n<meta property=\"article:modified_time\" content=\"2025-05-16T09:16:25+00:00\" \/>\n<meta property=\"og:image\" content=\"https:\/\/buyck-displays.com\/wp-content\/uploads\/2017\/12\/Buyck-040.jpg\" \/>\n\t<meta property=\"og:image:width\" content=\"1000\" \/>\n\t<meta property=\"og:image:height\" content=\"750\" \/>\n\t<meta property=\"og:image:type\" content=\"image\/jpeg\" \/>\n<meta name=\"twitter:card\" content=\"summary_large_image\" \/>\n<meta name=\"twitter:label1\" content=\"Gesch\u00e4tzte Lesezeit\" \/>\n\t<meta name=\"twitter:data1\" content=\"1\u00a0Minute\" \/>\n<script type=\"application\/ld+json\" class=\"yoast-schema-graph\">{\"@context\":\"https:\/\/schema.org\",\"@graph\":[{\"@type\":\"WebPage\",\"@id\":\"https:\/\/buyck-displays.com\/de\/buchstaender-dbu020\",\"url\":\"https:\/\/buyck-displays.com\/de\/buchstaender-dbu020\",\"name\":\"Buchst\u00e4nder - Buyck Displays\",\"isPartOf\":{\"@id\":\"https:\/\/buyck-displays.com\/de#website\"},\"primaryImageOfPage\":{\"@id\":\"https:\/\/buyck-displays.com\/de\/buchstaender-dbu020#primaryimage\"},\"image\":{\"@id\":\"https:\/\/buyck-displays.com\/de\/buchstaender-dbu020#primaryimage\"},\"thumbnailUrl\":\"https:\/\/buyck-displays.com\/wp-content\/uploads\/2017\/12\/Buyck-040.jpg\",\"datePublished\":\"2018-01-10T13:27:05+00:00\",\"dateModified\":\"2025-05-16T09:16:25+00:00\",\"description\":\"Buchst\u00e4nder aus Acryl f\u00fcr ein Buch. Ideal zum Hervorheben eines bestimmten Exemplars auf dem Tisch, der Theke oder im Schaufenster.\",\"breadcrumb\":{\"@id\":\"https:\/\/buyck-displays.com\/de\/buchstaender-dbu020#breadcrumb\"},\"inLanguage\":\"de\",\"potentialAction\":[{\"@type\":\"ReadAction\",\"target\":[\"https:\/\/buyck-displays.com\/de\/buchstaender-dbu020\"]}]},{\"@type\":\"ImageObject\",\"inLanguage\":\"de\",\"@id\":\"https:\/\/buyck-displays.com\/de\/buchstaender-dbu020#primaryimage\",\"url\":\"https:\/\/buyck-displays.com\/wp-content\/uploads\/2017\/12\/Buyck-040.jpg\",\"contentUrl\":\"https:\/\/buyck-displays.com\/wp-content\/uploads\/2017\/12\/Buyck-040.jpg\",\"width\":1000,\"height\":750},{\"@type\":\"BreadcrumbList\",\"@id\":\"https:\/\/buyck-displays.com\/de\/buchstaender-dbu020#breadcrumb\",\"itemListElement\":[{\"@type\":\"ListItem\",\"position\":1,\"name\":\"Home\",\"item\":\"https:\/\/buyck-displays.com\/de\"},{\"@type\":\"ListItem\",\"position\":2,\"name\":\"Displays\",\"item\":\"https:\/\/buyck-displays.com\/de\/produkte\"},{\"@type\":\"ListItem\",\"position\":3,\"name\":\"Buchst\u00e4nder\"}]},{\"@type\":\"WebSite\",\"@id\":\"https:\/\/buyck-displays.com\/de#website\",\"url\":\"https:\/\/buyck-displays.com\/de\",\"name\":\"Buyck Displays\",\"description\":\"Standaard en Maatwerk Displays\",\"potentialAction\":[{\"@type\":\"SearchAction\",\"target\":{\"@type\":\"EntryPoint\",\"urlTemplate\":\"https:\/\/buyck-displays.com\/de?s={search_term_string}\"},\"query-input\":{\"@type\":\"PropertyValueSpecification\",\"valueRequired\":true,\"valueName\":\"search_term_string\"}}],\"inLanguage\":\"de\"}]}<\/script>\n<!-- \/ Yoast SEO plugin. -->","yoast_head_json":{"title":"Buchst\u00e4nder - Buyck Displays","description":"Buchst\u00e4nder aus Acryl f\u00fcr ein Buch. Ideal zum Hervorheben eines bestimmten Exemplars auf dem Tisch, der Theke oder im Schaufenster.","robots":{"index":"index","follow":"follow","max-snippet":"max-snippet:-1","max-image-preview":"max-image-preview:large","max-video-preview":"max-video-preview:-1"},"canonical":"https:\/\/buyck-displays.com\/de\/buchstaender-dbu020","og_locale":"de_DE","og_type":"article","og_title":"Buchst\u00e4nder - Buyck Displays","og_description":"Buchst\u00e4nder aus Acryl f\u00fcr ein Buch. Ideal zum Hervorheben eines bestimmten Exemplars auf dem Tisch, der Theke oder im Schaufenster.","og_url":"https:\/\/buyck-displays.com\/de\/buchstaender-dbu020","og_site_name":"Buyck Displays","article_modified_time":"2025-05-16T09:16:25+00:00","og_image":[{"width":1000,"height":750,"url":"https:\/\/buyck-displays.com\/wp-content\/uploads\/2017\/12\/Buyck-040.jpg","type":"image\/jpeg"}],"twitter_card":"summary_large_image","twitter_misc":{"Gesch\u00e4tzte Lesezeit":"1\u00a0Minute"},"schema":{"@context":"https:\/\/schema.org","@graph":[{"@type":"WebPage","@id":"https:\/\/buyck-displays.com\/de\/buchstaender-dbu020","url":"https:\/\/buyck-displays.com\/de\/buchstaender-dbu020","name":"Buchst\u00e4nder - Buyck Displays","isPartOf":{"@id":"https:\/\/buyck-displays.com\/de#website"},"primaryImageOfPage":{"@id":"https:\/\/buyck-displays.com\/de\/buchstaender-dbu020#primaryimage"},"image":{"@id":"https:\/\/buyck-displays.com\/de\/buchstaender-dbu020#primaryimage"},"thumbnailUrl":"https:\/\/buyck-displays.com\/wp-content\/uploads\/2017\/12\/Buyck-040.jpg","datePublished":"2018-01-10T13:27:05+00:00","dateModified":"2025-05-16T09:16:25+00:00","description":"Buchst\u00e4nder aus Acryl f\u00fcr ein Buch. Ideal zum Hervorheben eines bestimmten Exemplars auf dem Tisch, der Theke oder im Schaufenster.","breadcrumb":{"@id":"https:\/\/buyck-displays.com\/de\/buchstaender-dbu020#breadcrumb"},"inLanguage":"de","potentialAction":[{"@type":"ReadAction","target":["https:\/\/buyck-displays.com\/de\/buchstaender-dbu020"]}]},{"@type":"ImageObject","inLanguage":"de","@id":"https:\/\/buyck-displays.com\/de\/buchstaender-dbu020#primaryimage","url":"https:\/\/buyck-displays.com\/wp-content\/uploads\/2017\/12\/Buyck-040.jpg","contentUrl":"https:\/\/buyck-displays.com\/wp-content\/uploads\/2017\/12\/Buyck-040.jpg","width":1000,"height":750},{"@type":"BreadcrumbList","@id":"https:\/\/buyck-displays.com\/de\/buchstaender-dbu020#breadcrumb","itemListElement":[{"@type":"ListItem","position":1,"name":"Home","item":"https:\/\/buyck-displays.com\/de"},{"@type":"ListItem","position":2,"name":"Displays","item":"https:\/\/buyck-displays.com\/de\/produkte"},{"@type":"ListItem","position":3,"name":"Buchst\u00e4nder"}]},{"@type":"WebSite","@id":"https:\/\/buyck-displays.com\/de#website","url":"https:\/\/buyck-displays.com\/de","name":"Buyck Displays","description":"Standaard en Maatwerk Displays","potentialAction":[{"@type":"SearchAction","target":{"@type":"EntryPoint","urlTemplate":"https:\/\/buyck-displays.com\/de?s={search_term_string}"},"query-input":{"@type":"PropertyValueSpecification","valueRequired":true,"valueName":"search_term_string"}}],"inLanguage":"de"}]}},"_links":{"self":[{"href":"https:\/\/buyck-displays.com\/de\/wp-json\/wp\/v2\/product\/64802","targetHints":{"allow":["GET"]}}],"collection":[{"href":"https:\/\/buyck-displays.com\/de\/wp-json\/wp\/v2\/product"}],"about":[{"href":"https:\/\/buyck-displays.com\/de\/wp-json\/wp\/v2\/types\/product"}],"replies":[{"embeddable":true,"href":"https:\/\/buyck-displays.com\/de\/wp-json\/wp\/v2\/comments?post=64802"}],"wp:featuredmedia":[{"embeddable":true,"href":"https:\/\/buyck-displays.com\/de\/wp-json\/wp\/v2\/media\/73001"}],"wp:attachment":[{"href":"https:\/\/buyck-displays.com\/de\/wp-json\/wp\/v2\/media?parent=64802"}],"wp:term":[{"taxonomy":"product_brand","embeddable":true,"href":"https:\/\/buyck-displays.com\/de\/wp-json\/wp\/v2\/product_brand?post=64802"},{"taxonomy":"product_cat","embeddable":true,"href":"https:\/\/buyck-displays.com\/de\/wp-json\/wp\/v2\/product_cat?post=64802"},{"taxonomy":"product_tag","embeddable":true,"href":"https:\/\/buyck-displays.com\/de\/wp-json\/wp\/v2\/product_tag?post=64802"}],"curies":[{"name":"wp","href":"https:\/\/api.w.org\/{rel}","templated":true}]}}