{"id":56665,"date":"2017-04-04T10:38:33","date_gmt":"2017-04-04T08:38:33","guid":{"rendered":"http:\/\/shipyard.intago.eu\/buyckdisplays\/product\/display-voor-pennen-3\/"},"modified":"2024-09-09T10:45:51","modified_gmt":"2024-09-09T08:45:51","slug":"displays-fur-schreibgerate-pa058","status":"publish","type":"product","link":"https:\/\/buyck-displays.com\/de\/displays-fur-schreibgerate-pa058","title":{"rendered":"Schreibger\u00e4te Display"},"content":{"rendered":"<p><span style=\"color: #ff0000;\"><strong>Solange der Vorrat reicht!<\/strong><\/span><\/p>\n<p>Ein Display mit Scharnierdeckel f\u00fcr 12 Stifte. Aus hochwertig verarbeitetem Acryl mit polierten Seiten. Ideal, um eine Serie von Stiften sch\u00f6n und staubfrei auf einem Tisch, Ihrer Theke oder in Ihrem Schaufenster zu pr\u00e4sentieren.<\/p>\n<p><strong>Informationen zum Produkt:<\/strong><\/p>\n<ul>\n<li>Abmessungen:\n<ul>\n<li>Au\u00dfenma\u00dfe:\n<ul>\n<li>Breite: 24,5 cm<\/li>\n<li>H\u00f6he: 12 cm<\/li>\n<li>Tiefe: 20 cm<\/li>\n<\/ul>\n<\/li>\n<li>Acrylst\u00e4rke: 2 mm: 2 mm<\/li>\n<\/ul>\n<\/li>\n<li>Material: transparentes Acryl<\/li>\n<li>Anwendung: Pr\u00e4sentation von 12 Schreibger\u00e4ten<\/li>\n<\/ul>\n","protected":false},"excerpt":{"rendered":"<p>Solange der Vorrat reicht! Ein Display mit Scharnierdeckel f\u00fcr 12 Stifte. Aus hochwertig verarbeitetem Acryl mit polierten Seiten. Ideal, um eine Serie von Stiften sch\u00f6n und staubfrei auf einem Tisch, Ihrer Theke oder in Ihrem Schaufenster zu pr\u00e4sentieren. Informationen zum Produkt: Abmessungen: Au\u00dfenma\u00dfe: Breite: 24,5 cm H\u00f6he: 12 cm Tiefe: 20 cm Acrylst\u00e4rke: 2 mm: &hellip; <a href=\"https:\/\/buyck-displays.com\/de\/displays-fur-schreibgerate-pa058\">Fortsetzung<\/a><\/p>\n","protected":false},"featured_media":67736,"comment_status":"closed","ping_status":"closed","template":"","meta":{"_acf_changed":false},"product_brand":[],"product_cat":[244,189,248,569],"product_tag":[],"class_list":{"0":"post-56665","1":"product","2":"type-product","3":"status-publish","4":"has-post-thumbnail","6":"product_cat-acryl-displays","7":"product_cat-standard-displays-de","8":"product_cat-displays-fuer-schreibgeraete","9":"product_cat-lagerraeumung","11":"first","12":"instock","13":"sale","14":"taxable","15":"shipping-taxable","16":"purchasable","17":"product-type-simple"},"acf":[],"yoast_head":"<!-- This site is optimized with the Yoast SEO plugin v27.5 - https:\/\/yoast.com\/product\/yoast-seo-wordpress\/ -->\n<title>Schreibger\u00e4te Display - Buyck Displays - Acryl<\/title>\n<meta name=\"description\" content=\"Schreibger\u00e4te-Display f\u00fcr 12 Schreibger\u00e4te. Aus Acryl mit polierten Seiten. Ideal, um eine Reihe von Stiften attraktiv und staubfrei zu pr\u00e4sentieren.\" \/>\n<meta name=\"robots\" content=\"index, follow, max-snippet:-1, max-image-preview:large, max-video-preview:-1\" \/>\n<link rel=\"canonical\" href=\"https:\/\/buyck-displays.com\/de\/displays-fur-schreibgerate-pa058\" \/>\n<meta property=\"og:locale\" content=\"de_DE\" \/>\n<meta property=\"og:type\" content=\"article\" \/>\n<meta property=\"og:title\" content=\"Schreibger\u00e4te Display - Buyck Displays - Acryl\" \/>\n<meta property=\"og:description\" content=\"Schreibger\u00e4te-Display f\u00fcr 12 Schreibger\u00e4te. Aus Acryl mit polierten Seiten. Ideal, um eine Reihe von Stiften attraktiv und staubfrei zu pr\u00e4sentieren.\" \/>\n<meta property=\"og:url\" content=\"https:\/\/buyck-displays.com\/de\/displays-fur-schreibgerate-pa058\" \/>\n<meta property=\"og:site_name\" content=\"Buyck Displays\" \/>\n<meta property=\"article:modified_time\" content=\"2024-09-09T08:45:51+00:00\" \/>\n<meta property=\"og:image\" content=\"https:\/\/buyck-displays.com\/wp-content\/uploads\/2017\/04\/PA058.jpg\" \/>\n\t<meta property=\"og:image:width\" content=\"920\" \/>\n\t<meta property=\"og:image:height\" content=\"880\" \/>\n\t<meta property=\"og:image:type\" content=\"image\/jpeg\" \/>\n<meta name=\"twitter:card\" content=\"summary_large_image\" \/>\n<meta name=\"twitter:label1\" content=\"Gesch\u00e4tzte Lesezeit\" \/>\n\t<meta name=\"twitter:data1\" content=\"1\u00a0Minute\" \/>\n<script type=\"application\/ld+json\" class=\"yoast-schema-graph\">{\"@context\":\"https:\\\/\\\/schema.org\",\"@graph\":[{\"@type\":\"WebPage\",\"@id\":\"https:\\\/\\\/buyck-displays.com\\\/de\\\/displays-fur-schreibgerate-pa058\",\"url\":\"https:\\\/\\\/buyck-displays.com\\\/de\\\/displays-fur-schreibgerate-pa058\",\"name\":\"Schreibger\u00e4te Display - Buyck Displays - Acryl\",\"isPartOf\":{\"@id\":\"https:\\\/\\\/buyck-displays.com\\\/de#website\"},\"primaryImageOfPage\":{\"@id\":\"https:\\\/\\\/buyck-displays.com\\\/de\\\/displays-fur-schreibgerate-pa058#primaryimage\"},\"image\":{\"@id\":\"https:\\\/\\\/buyck-displays.com\\\/de\\\/displays-fur-schreibgerate-pa058#primaryimage\"},\"thumbnailUrl\":\"https:\\\/\\\/buyck-displays.com\\\/wp-content\\\/uploads\\\/2017\\\/04\\\/PA058.jpg\",\"datePublished\":\"2017-04-04T08:38:33+00:00\",\"dateModified\":\"2024-09-09T08:45:51+00:00\",\"description\":\"Schreibger\u00e4te-Display f\u00fcr 12 Schreibger\u00e4te. Aus Acryl mit polierten Seiten. Ideal, um eine Reihe von Stiften attraktiv und staubfrei zu pr\u00e4sentieren.\",\"breadcrumb\":{\"@id\":\"https:\\\/\\\/buyck-displays.com\\\/de\\\/displays-fur-schreibgerate-pa058#breadcrumb\"},\"inLanguage\":\"de\",\"potentialAction\":[{\"@type\":\"ReadAction\",\"target\":[\"https:\\\/\\\/buyck-displays.com\\\/de\\\/displays-fur-schreibgerate-pa058\"]}]},{\"@type\":\"ImageObject\",\"inLanguage\":\"de\",\"@id\":\"https:\\\/\\\/buyck-displays.com\\\/de\\\/displays-fur-schreibgerate-pa058#primaryimage\",\"url\":\"https:\\\/\\\/buyck-displays.com\\\/wp-content\\\/uploads\\\/2017\\\/04\\\/PA058.jpg\",\"contentUrl\":\"https:\\\/\\\/buyck-displays.com\\\/wp-content\\\/uploads\\\/2017\\\/04\\\/PA058.jpg\",\"width\":920,\"height\":880},{\"@type\":\"BreadcrumbList\",\"@id\":\"https:\\\/\\\/buyck-displays.com\\\/de\\\/displays-fur-schreibgerate-pa058#breadcrumb\",\"itemListElement\":[{\"@type\":\"ListItem\",\"position\":1,\"name\":\"Home\",\"item\":\"https:\\\/\\\/buyck-displays.com\\\/de\"},{\"@type\":\"ListItem\",\"position\":2,\"name\":\"Displays\",\"item\":\"https:\\\/\\\/buyck-displays.com\\\/de\\\/produkte\"},{\"@type\":\"ListItem\",\"position\":3,\"name\":\"Schreibger\u00e4te Display\"}]},{\"@type\":\"WebSite\",\"@id\":\"https:\\\/\\\/buyck-displays.com\\\/de#website\",\"url\":\"https:\\\/\\\/buyck-displays.com\\\/de\",\"name\":\"Buyck Displays\",\"description\":\"Standaard en Maatwerk Displays\",\"potentialAction\":[{\"@type\":\"SearchAction\",\"target\":{\"@type\":\"EntryPoint\",\"urlTemplate\":\"https:\\\/\\\/buyck-displays.com\\\/de?s={search_term_string}\"},\"query-input\":{\"@type\":\"PropertyValueSpecification\",\"valueRequired\":true,\"valueName\":\"search_term_string\"}}],\"inLanguage\":\"de\"}]}<\/script>\n<!-- \/ Yoast SEO plugin. -->","yoast_head_json":{"title":"Schreibger\u00e4te Display - Buyck Displays - Acryl","description":"Schreibger\u00e4te-Display f\u00fcr 12 Schreibger\u00e4te. Aus Acryl mit polierten Seiten. Ideal, um eine Reihe von Stiften attraktiv und staubfrei zu pr\u00e4sentieren.","robots":{"index":"index","follow":"follow","max-snippet":"max-snippet:-1","max-image-preview":"max-image-preview:large","max-video-preview":"max-video-preview:-1"},"canonical":"https:\/\/buyck-displays.com\/de\/displays-fur-schreibgerate-pa058","og_locale":"de_DE","og_type":"article","og_title":"Schreibger\u00e4te Display - Buyck Displays - Acryl","og_description":"Schreibger\u00e4te-Display f\u00fcr 12 Schreibger\u00e4te. Aus Acryl mit polierten Seiten. Ideal, um eine Reihe von Stiften attraktiv und staubfrei zu pr\u00e4sentieren.","og_url":"https:\/\/buyck-displays.com\/de\/displays-fur-schreibgerate-pa058","og_site_name":"Buyck Displays","article_modified_time":"2024-09-09T08:45:51+00:00","og_image":[{"width":920,"height":880,"url":"https:\/\/buyck-displays.com\/wp-content\/uploads\/2017\/04\/PA058.jpg","type":"image\/jpeg"}],"twitter_card":"summary_large_image","twitter_misc":{"Gesch\u00e4tzte Lesezeit":"1\u00a0Minute"},"schema":{"@context":"https:\/\/schema.org","@graph":[{"@type":"WebPage","@id":"https:\/\/buyck-displays.com\/de\/displays-fur-schreibgerate-pa058","url":"https:\/\/buyck-displays.com\/de\/displays-fur-schreibgerate-pa058","name":"Schreibger\u00e4te Display - Buyck Displays - Acryl","isPartOf":{"@id":"https:\/\/buyck-displays.com\/de#website"},"primaryImageOfPage":{"@id":"https:\/\/buyck-displays.com\/de\/displays-fur-schreibgerate-pa058#primaryimage"},"image":{"@id":"https:\/\/buyck-displays.com\/de\/displays-fur-schreibgerate-pa058#primaryimage"},"thumbnailUrl":"https:\/\/buyck-displays.com\/wp-content\/uploads\/2017\/04\/PA058.jpg","datePublished":"2017-04-04T08:38:33+00:00","dateModified":"2024-09-09T08:45:51+00:00","description":"Schreibger\u00e4te-Display f\u00fcr 12 Schreibger\u00e4te. Aus Acryl mit polierten Seiten. Ideal, um eine Reihe von Stiften attraktiv und staubfrei zu pr\u00e4sentieren.","breadcrumb":{"@id":"https:\/\/buyck-displays.com\/de\/displays-fur-schreibgerate-pa058#breadcrumb"},"inLanguage":"de","potentialAction":[{"@type":"ReadAction","target":["https:\/\/buyck-displays.com\/de\/displays-fur-schreibgerate-pa058"]}]},{"@type":"ImageObject","inLanguage":"de","@id":"https:\/\/buyck-displays.com\/de\/displays-fur-schreibgerate-pa058#primaryimage","url":"https:\/\/buyck-displays.com\/wp-content\/uploads\/2017\/04\/PA058.jpg","contentUrl":"https:\/\/buyck-displays.com\/wp-content\/uploads\/2017\/04\/PA058.jpg","width":920,"height":880},{"@type":"BreadcrumbList","@id":"https:\/\/buyck-displays.com\/de\/displays-fur-schreibgerate-pa058#breadcrumb","itemListElement":[{"@type":"ListItem","position":1,"name":"Home","item":"https:\/\/buyck-displays.com\/de"},{"@type":"ListItem","position":2,"name":"Displays","item":"https:\/\/buyck-displays.com\/de\/produkte"},{"@type":"ListItem","position":3,"name":"Schreibger\u00e4te Display"}]},{"@type":"WebSite","@id":"https:\/\/buyck-displays.com\/de#website","url":"https:\/\/buyck-displays.com\/de","name":"Buyck Displays","description":"Standaard en Maatwerk Displays","potentialAction":[{"@type":"SearchAction","target":{"@type":"EntryPoint","urlTemplate":"https:\/\/buyck-displays.com\/de?s={search_term_string}"},"query-input":{"@type":"PropertyValueSpecification","valueRequired":true,"valueName":"search_term_string"}}],"inLanguage":"de"}]}},"_links":{"self":[{"href":"https:\/\/buyck-displays.com\/de\/wp-json\/wp\/v2\/product\/56665","targetHints":{"allow":["GET"]}}],"collection":[{"href":"https:\/\/buyck-displays.com\/de\/wp-json\/wp\/v2\/product"}],"about":[{"href":"https:\/\/buyck-displays.com\/de\/wp-json\/wp\/v2\/types\/product"}],"replies":[{"embeddable":true,"href":"https:\/\/buyck-displays.com\/de\/wp-json\/wp\/v2\/comments?post=56665"}],"wp:featuredmedia":[{"embeddable":true,"href":"https:\/\/buyck-displays.com\/de\/wp-json\/wp\/v2\/media\/67736"}],"wp:attachment":[{"href":"https:\/\/buyck-displays.com\/de\/wp-json\/wp\/v2\/media?parent=56665"}],"wp:term":[{"taxonomy":"product_brand","embeddable":true,"href":"https:\/\/buyck-displays.com\/de\/wp-json\/wp\/v2\/product_brand?post=56665"},{"taxonomy":"product_cat","embeddable":true,"href":"https:\/\/buyck-displays.com\/de\/wp-json\/wp\/v2\/product_cat?post=56665"},{"taxonomy":"product_tag","embeddable":true,"href":"https:\/\/buyck-displays.com\/de\/wp-json\/wp\/v2\/product_tag?post=56665"}],"curies":[{"name":"wp","href":"https:\/\/api.w.org\/{rel}","templated":true}]}}