{"id":56378,"date":"2017-05-04T09:55:37","date_gmt":"2017-05-04T07:55:37","guid":{"rendered":"http:\/\/shipyard.intago.eu\/buyckdisplays\/product\/grabbelton-in-plexi-op-metalen-voet\/"},"modified":"2026-05-07T10:29:20","modified_gmt":"2026-05-07T08:29:20","slug":"halbkugel-aus-acryl-pb055","status":"publish","type":"product","link":"https:\/\/buyck-displays.com\/de\/halbkugel-aus-acryl-pb055","title":{"rendered":"Halbkugel aus Acryl"},"content":{"rendered":"<p>Halbkugel aus Acryl auf Metallsockel. Ideal f\u00fcr die Pr\u00e4sentation von Werbeartikeln.<\/p>\n<div class=\"Wrapper\">\n<div class=\"Main\">\n<div class=\"Container\">\n<div class=\"Content Content--right\">\n<div class=\"Content-inner print-only\">\n<div class=\"u-cf\">\n<div class=\"Product-body\">\n<div class=\"Product-body-inner\">\n<div class=\"section TextSection\">\n<div class=\"Wrapper\">\n<div class=\"Main\">\n<div class=\"Container\">\n<div class=\"Content Content--right\">\n<div class=\"Content-inner print-only\">\n<div class=\"u-cf\">\n<div class=\"Product-body\">\n<div class=\"Product-body-inner\">\n<div class=\"section TextSection\">\n<ul>\n<li>Diameter innen: 50 cm<\/li>\n<li>Tiefe: 25 cm<\/li>\n<li>Gesamth\u00f6he: 75 cm<\/li>\n<li>Farbe Fuss: Silber<\/li>\n<li>Verpackung:\n<ul>\n<li>1 Paket: 56 cm x 71 cm x 28 cm<\/li>\n<\/ul>\n<\/li>\n<\/ul>\n<\/div>\n<\/div>\n<\/div>\n<\/div>\n<\/div>\n<\/div>\n<\/div>\n<\/div>\n<\/div>\n<\/div>\n<\/div>\n<\/div>\n<\/div>\n<\/div>\n<\/div>\n<\/div>\n<\/div>\n<\/div>\n","protected":false},"excerpt":{"rendered":"<p>Halbkugel aus Acryl auf Metallsockel. Ideal f\u00fcr die Pr\u00e4sentation von Werbeartikeln. Diameter innen: 50 cm Tiefe: 25 cm Gesamth\u00f6he: 75 cm Farbe Fuss: Silber Verpackung: 1 Paket: 56 cm x 71 cm x 28 cm<\/p>\n","protected":false},"featured_media":63638,"comment_status":"closed","ping_status":"closed","template":"","meta":{"_acf_changed":false},"product_brand":[],"product_cat":[244,189,249],"product_tag":[],"class_list":{"0":"post-56378","1":"product","2":"type-product","3":"status-publish","4":"has-post-thumbnail","6":"product_cat-acryl-displays","7":"product_cat-standard-displays-de","8":"product_cat-geschenke-displays","10":"first","11":"instock","12":"taxable","13":"shipping-taxable","14":"purchasable","15":"product-type-simple"},"acf":[],"yoast_head":"<!-- This site is optimized with the Yoast SEO plugin v27.6 - https:\/\/yoast.com\/product\/yoast-seo-wordpress\/ -->\n<title>Halbkugel aus Acryl - Buyck Displays<\/title>\n<meta name=\"description\" content=\"Halbkugel aus Acryl auf Metallsockel. Ideal f\u00fcr die Pr\u00e4sentation von Werbeartikeln.\" \/>\n<meta name=\"robots\" content=\"index, follow, max-snippet:-1, max-image-preview:large, max-video-preview:-1\" \/>\n<link rel=\"canonical\" href=\"https:\/\/buyck-displays.com\/de\/halbkugel-aus-acryl-pb055\" \/>\n<meta property=\"og:locale\" content=\"de_DE\" \/>\n<meta property=\"og:type\" content=\"article\" \/>\n<meta property=\"og:title\" content=\"Halbkugel aus Acryl - Buyck Displays\" \/>\n<meta property=\"og:description\" content=\"Halbkugel aus Acryl auf Metallsockel. Ideal f\u00fcr die Pr\u00e4sentation von Werbeartikeln.\" \/>\n<meta property=\"og:url\" content=\"https:\/\/buyck-displays.com\/de\/halbkugel-aus-acryl-pb055\" \/>\n<meta property=\"og:site_name\" content=\"Buyck Displays\" \/>\n<meta property=\"article:modified_time\" content=\"2026-05-07T08:29:20+00:00\" \/>\n<meta property=\"og:image\" content=\"https:\/\/buyck-displays.com\/wp-content\/uploads\/2017\/04\/PB055.jpg\" \/>\n\t<meta property=\"og:image:width\" content=\"2400\" \/>\n\t<meta property=\"og:image:height\" content=\"1798\" \/>\n\t<meta property=\"og:image:type\" content=\"image\/jpeg\" \/>\n<meta name=\"twitter:card\" content=\"summary_large_image\" \/>\n<meta name=\"twitter:label1\" content=\"Gesch\u00e4tzte Lesezeit\" \/>\n\t<meta name=\"twitter:data1\" content=\"1\u00a0Minute\" \/>\n<script type=\"application\/ld+json\" class=\"yoast-schema-graph\">{\"@context\":\"https:\\\/\\\/schema.org\",\"@graph\":[{\"@type\":\"WebPage\",\"@id\":\"https:\\\/\\\/buyck-displays.com\\\/de\\\/halbkugel-aus-acryl-pb055\",\"url\":\"https:\\\/\\\/buyck-displays.com\\\/de\\\/halbkugel-aus-acryl-pb055\",\"name\":\"Halbkugel aus Acryl - Buyck Displays\",\"isPartOf\":{\"@id\":\"https:\\\/\\\/buyck-displays.com\\\/de#website\"},\"primaryImageOfPage\":{\"@id\":\"https:\\\/\\\/buyck-displays.com\\\/de\\\/halbkugel-aus-acryl-pb055#primaryimage\"},\"image\":{\"@id\":\"https:\\\/\\\/buyck-displays.com\\\/de\\\/halbkugel-aus-acryl-pb055#primaryimage\"},\"thumbnailUrl\":\"https:\\\/\\\/buyck-displays.com\\\/wp-content\\\/uploads\\\/2017\\\/04\\\/PB055.jpg\",\"datePublished\":\"2017-05-04T07:55:37+00:00\",\"dateModified\":\"2026-05-07T08:29:20+00:00\",\"description\":\"Halbkugel aus Acryl auf Metallsockel. Ideal f\u00fcr die Pr\u00e4sentation von Werbeartikeln.\",\"breadcrumb\":{\"@id\":\"https:\\\/\\\/buyck-displays.com\\\/de\\\/halbkugel-aus-acryl-pb055#breadcrumb\"},\"inLanguage\":\"de\",\"potentialAction\":[{\"@type\":\"ReadAction\",\"target\":[\"https:\\\/\\\/buyck-displays.com\\\/de\\\/halbkugel-aus-acryl-pb055\"]}]},{\"@type\":\"ImageObject\",\"inLanguage\":\"de\",\"@id\":\"https:\\\/\\\/buyck-displays.com\\\/de\\\/halbkugel-aus-acryl-pb055#primaryimage\",\"url\":\"https:\\\/\\\/buyck-displays.com\\\/wp-content\\\/uploads\\\/2017\\\/04\\\/PB055.jpg\",\"contentUrl\":\"https:\\\/\\\/buyck-displays.com\\\/wp-content\\\/uploads\\\/2017\\\/04\\\/PB055.jpg\",\"width\":2400,\"height\":1798},{\"@type\":\"BreadcrumbList\",\"@id\":\"https:\\\/\\\/buyck-displays.com\\\/de\\\/halbkugel-aus-acryl-pb055#breadcrumb\",\"itemListElement\":[{\"@type\":\"ListItem\",\"position\":1,\"name\":\"Home\",\"item\":\"https:\\\/\\\/buyck-displays.com\\\/de\"},{\"@type\":\"ListItem\",\"position\":2,\"name\":\"Displays\",\"item\":\"https:\\\/\\\/buyck-displays.com\\\/de\\\/produkte\"},{\"@type\":\"ListItem\",\"position\":3,\"name\":\"Halbkugel aus Acryl\"}]},{\"@type\":\"WebSite\",\"@id\":\"https:\\\/\\\/buyck-displays.com\\\/de#website\",\"url\":\"https:\\\/\\\/buyck-displays.com\\\/de\",\"name\":\"Buyck Displays\",\"description\":\"Standaard en Maatwerk Displays\",\"potentialAction\":[{\"@type\":\"SearchAction\",\"target\":{\"@type\":\"EntryPoint\",\"urlTemplate\":\"https:\\\/\\\/buyck-displays.com\\\/de?s={search_term_string}\"},\"query-input\":{\"@type\":\"PropertyValueSpecification\",\"valueRequired\":true,\"valueName\":\"search_term_string\"}}],\"inLanguage\":\"de\"}]}<\/script>\n<!-- \/ Yoast SEO plugin. -->","yoast_head_json":{"title":"Halbkugel aus Acryl - Buyck Displays","description":"Halbkugel aus Acryl auf Metallsockel. Ideal f\u00fcr die Pr\u00e4sentation von Werbeartikeln.","robots":{"index":"index","follow":"follow","max-snippet":"max-snippet:-1","max-image-preview":"max-image-preview:large","max-video-preview":"max-video-preview:-1"},"canonical":"https:\/\/buyck-displays.com\/de\/halbkugel-aus-acryl-pb055","og_locale":"de_DE","og_type":"article","og_title":"Halbkugel aus Acryl - Buyck Displays","og_description":"Halbkugel aus Acryl auf Metallsockel. Ideal f\u00fcr die Pr\u00e4sentation von Werbeartikeln.","og_url":"https:\/\/buyck-displays.com\/de\/halbkugel-aus-acryl-pb055","og_site_name":"Buyck Displays","article_modified_time":"2026-05-07T08:29:20+00:00","og_image":[{"width":2400,"height":1798,"url":"https:\/\/buyck-displays.com\/wp-content\/uploads\/2017\/04\/PB055.jpg","type":"image\/jpeg"}],"twitter_card":"summary_large_image","twitter_misc":{"Gesch\u00e4tzte Lesezeit":"1\u00a0Minute"},"schema":{"@context":"https:\/\/schema.org","@graph":[{"@type":"WebPage","@id":"https:\/\/buyck-displays.com\/de\/halbkugel-aus-acryl-pb055","url":"https:\/\/buyck-displays.com\/de\/halbkugel-aus-acryl-pb055","name":"Halbkugel aus Acryl - Buyck Displays","isPartOf":{"@id":"https:\/\/buyck-displays.com\/de#website"},"primaryImageOfPage":{"@id":"https:\/\/buyck-displays.com\/de\/halbkugel-aus-acryl-pb055#primaryimage"},"image":{"@id":"https:\/\/buyck-displays.com\/de\/halbkugel-aus-acryl-pb055#primaryimage"},"thumbnailUrl":"https:\/\/buyck-displays.com\/wp-content\/uploads\/2017\/04\/PB055.jpg","datePublished":"2017-05-04T07:55:37+00:00","dateModified":"2026-05-07T08:29:20+00:00","description":"Halbkugel aus Acryl auf Metallsockel. Ideal f\u00fcr die Pr\u00e4sentation von Werbeartikeln.","breadcrumb":{"@id":"https:\/\/buyck-displays.com\/de\/halbkugel-aus-acryl-pb055#breadcrumb"},"inLanguage":"de","potentialAction":[{"@type":"ReadAction","target":["https:\/\/buyck-displays.com\/de\/halbkugel-aus-acryl-pb055"]}]},{"@type":"ImageObject","inLanguage":"de","@id":"https:\/\/buyck-displays.com\/de\/halbkugel-aus-acryl-pb055#primaryimage","url":"https:\/\/buyck-displays.com\/wp-content\/uploads\/2017\/04\/PB055.jpg","contentUrl":"https:\/\/buyck-displays.com\/wp-content\/uploads\/2017\/04\/PB055.jpg","width":2400,"height":1798},{"@type":"BreadcrumbList","@id":"https:\/\/buyck-displays.com\/de\/halbkugel-aus-acryl-pb055#breadcrumb","itemListElement":[{"@type":"ListItem","position":1,"name":"Home","item":"https:\/\/buyck-displays.com\/de"},{"@type":"ListItem","position":2,"name":"Displays","item":"https:\/\/buyck-displays.com\/de\/produkte"},{"@type":"ListItem","position":3,"name":"Halbkugel aus Acryl"}]},{"@type":"WebSite","@id":"https:\/\/buyck-displays.com\/de#website","url":"https:\/\/buyck-displays.com\/de","name":"Buyck Displays","description":"Standaard en Maatwerk Displays","potentialAction":[{"@type":"SearchAction","target":{"@type":"EntryPoint","urlTemplate":"https:\/\/buyck-displays.com\/de?s={search_term_string}"},"query-input":{"@type":"PropertyValueSpecification","valueRequired":true,"valueName":"search_term_string"}}],"inLanguage":"de"}]}},"_links":{"self":[{"href":"https:\/\/buyck-displays.com\/de\/wp-json\/wp\/v2\/product\/56378","targetHints":{"allow":["GET"]}}],"collection":[{"href":"https:\/\/buyck-displays.com\/de\/wp-json\/wp\/v2\/product"}],"about":[{"href":"https:\/\/buyck-displays.com\/de\/wp-json\/wp\/v2\/types\/product"}],"replies":[{"embeddable":true,"href":"https:\/\/buyck-displays.com\/de\/wp-json\/wp\/v2\/comments?post=56378"}],"wp:featuredmedia":[{"embeddable":true,"href":"https:\/\/buyck-displays.com\/de\/wp-json\/wp\/v2\/media\/63638"}],"wp:attachment":[{"href":"https:\/\/buyck-displays.com\/de\/wp-json\/wp\/v2\/media?parent=56378"}],"wp:term":[{"taxonomy":"product_brand","embeddable":true,"href":"https:\/\/buyck-displays.com\/de\/wp-json\/wp\/v2\/product_brand?post=56378"},{"taxonomy":"product_cat","embeddable":true,"href":"https:\/\/buyck-displays.com\/de\/wp-json\/wp\/v2\/product_cat?post=56378"},{"taxonomy":"product_tag","embeddable":true,"href":"https:\/\/buyck-displays.com\/de\/wp-json\/wp\/v2\/product_tag?post=56378"}],"curies":[{"name":"wp","href":"https:\/\/api.w.org\/{rel}","templated":true}]}}