{"id":56246,"date":"2017-04-04T09:26:33","date_gmt":"2017-04-04T07:26:33","guid":{"rendered":"http:\/\/shipyard.intago.eu\/buyckdisplays\/product\/plexi-box-met-deksel-2\/"},"modified":"2024-10-15T11:22:01","modified_gmt":"2024-10-15T09:22:01","slug":"acryl-lotteriebox-sp1612","status":"publish","type":"product","link":"https:\/\/buyck-displays.com\/de\/acryl-lotteriebox-sp1612","title":{"rendered":"Acryl Lotteriebox"},"content":{"rendered":"<p>Diese Lotteriebox ist aus transparentem Acryl gefertigt. Der Scharnierdeckel ist mit 2 Scharnieren befestigt, hat einen Einwurfschlitz von 16 cm L\u00e4nge und ist mit einem Schloss mit 2 Schl\u00fcsseln versehen. Eine sch\u00f6ne Dose, die f\u00fcr verschiedene Zwecke verwendet werden kann, z. B. als Trinkgelddose, Sammelb\u00fcchse, Vorschlagsbox, Spardose oder als Umschlagbox auf dem Gabentisch.<\/p>\n<p><strong>Informationen zum Produkt<\/strong>:<\/p>\n<ul>\n<li><strong>Au\u00dfen<\/strong>ma\u00dfe: 30 cm x 30 cm x 30 cm<\/li>\n<li>Acrylst\u00e4rke: 4 mm<\/li>\n<li>Einwurfschlitz: 160 x 10 mm<\/li>\n<li>Verpackung:\n<ul>\n<li>1 Paket: 36 cm x 36 cm x 39 cm<\/li>\n<\/ul>\n<\/li>\n<\/ul>\n","protected":false},"excerpt":{"rendered":"<p>Diese Lotteriebox ist aus transparentem Acryl gefertigt. Der Scharnierdeckel ist mit 2 Scharnieren befestigt, hat einen Einwurfschlitz von 16 cm L\u00e4nge und ist mit einem Schloss mit 2 Schl\u00fcsseln versehen. Eine sch\u00f6ne Dose, die f\u00fcr verschiedene Zwecke verwendet werden kann, z. B. als Trinkgelddose, Sammelb\u00fcchse, Vorschlagsbox, Spardose oder als Umschlagbox auf dem Gabentisch. Informationen zum &hellip; <a href=\"https:\/\/buyck-displays.com\/de\/acryl-lotteriebox-sp1612\">Fortsetzung<\/a><\/p>\n","protected":false},"featured_media":72980,"comment_status":"closed","ping_status":"closed","template":"","meta":{"_acf_changed":false},"product_brand":[],"product_cat":[244,189,250],"product_tag":[],"class_list":{"0":"post-56246","1":"product","2":"type-product","3":"status-publish","4":"has-post-thumbnail","6":"product_cat-acryl-displays","7":"product_cat-standard-displays-de","8":"product_cat-wuerfel-in-acryl","10":"first","11":"instock","12":"taxable","13":"shipping-taxable","14":"purchasable","15":"product-type-simple"},"acf":[],"yoast_head":"<!-- This site is optimized with the Yoast SEO plugin v27.6 - https:\/\/yoast.com\/product\/yoast-seo-wordpress\/ -->\n<title>Acryl Lotteriebox - Buyck Displays - Acryl Spardose<\/title>\n<meta name=\"description\" content=\"Sch\u00f6ne, transparente Acryl Lotteriebox, versehen mit einem Scharnierdeckel mit Schloss und Einwurfschlitz. Abmessungen: 30 x 30 x 30 cm.\" \/>\n<meta name=\"robots\" content=\"index, follow, max-snippet:-1, max-image-preview:large, max-video-preview:-1\" \/>\n<link rel=\"canonical\" href=\"https:\/\/buyck-displays.com\/de\/acryl-lotteriebox-sp1612\" \/>\n<meta property=\"og:locale\" content=\"de_DE\" \/>\n<meta property=\"og:type\" content=\"article\" \/>\n<meta property=\"og:title\" content=\"Acryl Lotteriebox - Buyck Displays - Acryl Spardose\" \/>\n<meta property=\"og:description\" content=\"Sch\u00f6ne, transparente Acryl Lotteriebox, versehen mit einem Scharnierdeckel mit Schloss und Einwurfschlitz. Abmessungen: 30 x 30 x 30 cm.\" \/>\n<meta property=\"og:url\" content=\"https:\/\/buyck-displays.com\/de\/acryl-lotteriebox-sp1612\" \/>\n<meta property=\"og:site_name\" content=\"Buyck Displays\" \/>\n<meta property=\"article:modified_time\" content=\"2024-10-15T09:22:01+00:00\" \/>\n<meta property=\"og:image\" content=\"https:\/\/buyck-displays.com\/wp-content\/uploads\/2017\/12\/Buyck-033.jpg\" \/>\n\t<meta property=\"og:image:width\" content=\"1000\" \/>\n\t<meta property=\"og:image:height\" content=\"1333\" \/>\n\t<meta property=\"og:image:type\" content=\"image\/jpeg\" \/>\n<meta name=\"twitter:card\" content=\"summary_large_image\" \/>\n<meta name=\"twitter:label1\" content=\"Gesch\u00e4tzte Lesezeit\" \/>\n\t<meta name=\"twitter:data1\" content=\"1\u00a0Minute\" \/>\n<script type=\"application\/ld+json\" class=\"yoast-schema-graph\">{\"@context\":\"https:\\\/\\\/schema.org\",\"@graph\":[{\"@type\":\"WebPage\",\"@id\":\"https:\\\/\\\/buyck-displays.com\\\/de\\\/acryl-lotteriebox-sp1612\",\"url\":\"https:\\\/\\\/buyck-displays.com\\\/de\\\/acryl-lotteriebox-sp1612\",\"name\":\"Acryl Lotteriebox - Buyck Displays - Acryl Spardose\",\"isPartOf\":{\"@id\":\"https:\\\/\\\/buyck-displays.com\\\/de#website\"},\"primaryImageOfPage\":{\"@id\":\"https:\\\/\\\/buyck-displays.com\\\/de\\\/acryl-lotteriebox-sp1612#primaryimage\"},\"image\":{\"@id\":\"https:\\\/\\\/buyck-displays.com\\\/de\\\/acryl-lotteriebox-sp1612#primaryimage\"},\"thumbnailUrl\":\"https:\\\/\\\/buyck-displays.com\\\/wp-content\\\/uploads\\\/2017\\\/12\\\/Buyck-033.jpg\",\"datePublished\":\"2017-04-04T07:26:33+00:00\",\"dateModified\":\"2024-10-15T09:22:01+00:00\",\"description\":\"Sch\u00f6ne, transparente Acryl Lotteriebox, versehen mit einem Scharnierdeckel mit Schloss und Einwurfschlitz. Abmessungen: 30 x 30 x 30 cm.\",\"breadcrumb\":{\"@id\":\"https:\\\/\\\/buyck-displays.com\\\/de\\\/acryl-lotteriebox-sp1612#breadcrumb\"},\"inLanguage\":\"de\",\"potentialAction\":[{\"@type\":\"ReadAction\",\"target\":[\"https:\\\/\\\/buyck-displays.com\\\/de\\\/acryl-lotteriebox-sp1612\"]}]},{\"@type\":\"ImageObject\",\"inLanguage\":\"de\",\"@id\":\"https:\\\/\\\/buyck-displays.com\\\/de\\\/acryl-lotteriebox-sp1612#primaryimage\",\"url\":\"https:\\\/\\\/buyck-displays.com\\\/wp-content\\\/uploads\\\/2017\\\/12\\\/Buyck-033.jpg\",\"contentUrl\":\"https:\\\/\\\/buyck-displays.com\\\/wp-content\\\/uploads\\\/2017\\\/12\\\/Buyck-033.jpg\",\"width\":1000,\"height\":1333},{\"@type\":\"BreadcrumbList\",\"@id\":\"https:\\\/\\\/buyck-displays.com\\\/de\\\/acryl-lotteriebox-sp1612#breadcrumb\",\"itemListElement\":[{\"@type\":\"ListItem\",\"position\":1,\"name\":\"Home\",\"item\":\"https:\\\/\\\/buyck-displays.com\\\/de\"},{\"@type\":\"ListItem\",\"position\":2,\"name\":\"Displays\",\"item\":\"https:\\\/\\\/buyck-displays.com\\\/de\\\/produkte\"},{\"@type\":\"ListItem\",\"position\":3,\"name\":\"Acryl Lotteriebox\"}]},{\"@type\":\"WebSite\",\"@id\":\"https:\\\/\\\/buyck-displays.com\\\/de#website\",\"url\":\"https:\\\/\\\/buyck-displays.com\\\/de\",\"name\":\"Buyck Displays\",\"description\":\"Standaard en Maatwerk Displays\",\"potentialAction\":[{\"@type\":\"SearchAction\",\"target\":{\"@type\":\"EntryPoint\",\"urlTemplate\":\"https:\\\/\\\/buyck-displays.com\\\/de?s={search_term_string}\"},\"query-input\":{\"@type\":\"PropertyValueSpecification\",\"valueRequired\":true,\"valueName\":\"search_term_string\"}}],\"inLanguage\":\"de\"}]}<\/script>\n<!-- \/ Yoast SEO plugin. -->","yoast_head_json":{"title":"Acryl Lotteriebox - Buyck Displays - Acryl Spardose","description":"Sch\u00f6ne, transparente Acryl Lotteriebox, versehen mit einem Scharnierdeckel mit Schloss und Einwurfschlitz. Abmessungen: 30 x 30 x 30 cm.","robots":{"index":"index","follow":"follow","max-snippet":"max-snippet:-1","max-image-preview":"max-image-preview:large","max-video-preview":"max-video-preview:-1"},"canonical":"https:\/\/buyck-displays.com\/de\/acryl-lotteriebox-sp1612","og_locale":"de_DE","og_type":"article","og_title":"Acryl Lotteriebox - Buyck Displays - Acryl Spardose","og_description":"Sch\u00f6ne, transparente Acryl Lotteriebox, versehen mit einem Scharnierdeckel mit Schloss und Einwurfschlitz. Abmessungen: 30 x 30 x 30 cm.","og_url":"https:\/\/buyck-displays.com\/de\/acryl-lotteriebox-sp1612","og_site_name":"Buyck Displays","article_modified_time":"2024-10-15T09:22:01+00:00","og_image":[{"width":1000,"height":1333,"url":"https:\/\/buyck-displays.com\/wp-content\/uploads\/2017\/12\/Buyck-033.jpg","type":"image\/jpeg"}],"twitter_card":"summary_large_image","twitter_misc":{"Gesch\u00e4tzte Lesezeit":"1\u00a0Minute"},"schema":{"@context":"https:\/\/schema.org","@graph":[{"@type":"WebPage","@id":"https:\/\/buyck-displays.com\/de\/acryl-lotteriebox-sp1612","url":"https:\/\/buyck-displays.com\/de\/acryl-lotteriebox-sp1612","name":"Acryl Lotteriebox - Buyck Displays - Acryl Spardose","isPartOf":{"@id":"https:\/\/buyck-displays.com\/de#website"},"primaryImageOfPage":{"@id":"https:\/\/buyck-displays.com\/de\/acryl-lotteriebox-sp1612#primaryimage"},"image":{"@id":"https:\/\/buyck-displays.com\/de\/acryl-lotteriebox-sp1612#primaryimage"},"thumbnailUrl":"https:\/\/buyck-displays.com\/wp-content\/uploads\/2017\/12\/Buyck-033.jpg","datePublished":"2017-04-04T07:26:33+00:00","dateModified":"2024-10-15T09:22:01+00:00","description":"Sch\u00f6ne, transparente Acryl Lotteriebox, versehen mit einem Scharnierdeckel mit Schloss und Einwurfschlitz. Abmessungen: 30 x 30 x 30 cm.","breadcrumb":{"@id":"https:\/\/buyck-displays.com\/de\/acryl-lotteriebox-sp1612#breadcrumb"},"inLanguage":"de","potentialAction":[{"@type":"ReadAction","target":["https:\/\/buyck-displays.com\/de\/acryl-lotteriebox-sp1612"]}]},{"@type":"ImageObject","inLanguage":"de","@id":"https:\/\/buyck-displays.com\/de\/acryl-lotteriebox-sp1612#primaryimage","url":"https:\/\/buyck-displays.com\/wp-content\/uploads\/2017\/12\/Buyck-033.jpg","contentUrl":"https:\/\/buyck-displays.com\/wp-content\/uploads\/2017\/12\/Buyck-033.jpg","width":1000,"height":1333},{"@type":"BreadcrumbList","@id":"https:\/\/buyck-displays.com\/de\/acryl-lotteriebox-sp1612#breadcrumb","itemListElement":[{"@type":"ListItem","position":1,"name":"Home","item":"https:\/\/buyck-displays.com\/de"},{"@type":"ListItem","position":2,"name":"Displays","item":"https:\/\/buyck-displays.com\/de\/produkte"},{"@type":"ListItem","position":3,"name":"Acryl Lotteriebox"}]},{"@type":"WebSite","@id":"https:\/\/buyck-displays.com\/de#website","url":"https:\/\/buyck-displays.com\/de","name":"Buyck Displays","description":"Standaard en Maatwerk Displays","potentialAction":[{"@type":"SearchAction","target":{"@type":"EntryPoint","urlTemplate":"https:\/\/buyck-displays.com\/de?s={search_term_string}"},"query-input":{"@type":"PropertyValueSpecification","valueRequired":true,"valueName":"search_term_string"}}],"inLanguage":"de"}]}},"_links":{"self":[{"href":"https:\/\/buyck-displays.com\/de\/wp-json\/wp\/v2\/product\/56246","targetHints":{"allow":["GET"]}}],"collection":[{"href":"https:\/\/buyck-displays.com\/de\/wp-json\/wp\/v2\/product"}],"about":[{"href":"https:\/\/buyck-displays.com\/de\/wp-json\/wp\/v2\/types\/product"}],"replies":[{"embeddable":true,"href":"https:\/\/buyck-displays.com\/de\/wp-json\/wp\/v2\/comments?post=56246"}],"wp:featuredmedia":[{"embeddable":true,"href":"https:\/\/buyck-displays.com\/de\/wp-json\/wp\/v2\/media\/72980"}],"wp:attachment":[{"href":"https:\/\/buyck-displays.com\/de\/wp-json\/wp\/v2\/media?parent=56246"}],"wp:term":[{"taxonomy":"product_brand","embeddable":true,"href":"https:\/\/buyck-displays.com\/de\/wp-json\/wp\/v2\/product_brand?post=56246"},{"taxonomy":"product_cat","embeddable":true,"href":"https:\/\/buyck-displays.com\/de\/wp-json\/wp\/v2\/product_cat?post=56246"},{"taxonomy":"product_tag","embeddable":true,"href":"https:\/\/buyck-displays.com\/de\/wp-json\/wp\/v2\/product_tag?post=56246"}],"curies":[{"name":"wp","href":"https:\/\/api.w.org\/{rel}","templated":true}]}}