{"id":56169,"date":"2017-04-04T08:48:04","date_gmt":"2017-04-04T06:48:04","guid":{"rendered":"http:\/\/shipyard.intago.eu\/buyckdisplays\/product\/doos-met-deksel-2\/"},"modified":"2022-07-04T13:27:14","modified_gmt":"2022-07-04T11:27:14","slug":"quadratische-acryl-dose-vp-1330-15","status":"publish","type":"product","link":"https:\/\/buyck-displays.com\/de\/quadratische-acryl-dose-vp-1330-15","title":{"rendered":"Quadratische Acryl-Dose"},"content":{"rendered":"<p>Dies ist eine sch\u00f6ne und dekorative quadratische Dose aus transparentem Acryl, mit einem separaten Deckel. Diese Dose pr\u00e4sentiert sich sch\u00f6n auf einer Theke oder einem Sideboard mit z.B. Bonbons, Lutschern, Accessoires oder anderen kleinen (bunten) Artikeln darin. Ab Lager in 2 verschiedenen Gr\u00f6\u00dfen lieferbar.<\/p>\n<ul>\n<li><strong>Au\u00dfen<\/strong>ma\u00dfe:\n<ul>\n<li>Breite: 15 cm<\/li>\n<li>Tiefe: 15 cm<\/li>\n<li>H\u00f6he: 15 cm (ohne Henkel des Deckels = 2 cm)<\/li>\n<\/ul>\n<\/li>\n<li>Acrylst\u00e4rke: 3 mm<\/li>\n<\/ul>\n","protected":false},"excerpt":{"rendered":"<p>Dies ist eine sch\u00f6ne und dekorative quadratische Dose aus transparentem Acryl, mit einem separaten Deckel. Diese Dose pr\u00e4sentiert sich sch\u00f6n auf einer Theke oder einem Sideboard mit z.B. Bonbons, Lutschern, Accessoires oder anderen kleinen (bunten) Artikeln darin. Ab Lager in 2 verschiedenen Gr\u00f6\u00dfen lieferbar. Au\u00dfenma\u00dfe: Breite: 15 cm Tiefe: 15 cm H\u00f6he: 15 cm (ohne &hellip; <a href=\"https:\/\/buyck-displays.com\/de\/quadratische-acryl-dose-vp-1330-15\">Fortsetzung<\/a><\/p>\n","protected":false},"featured_media":65403,"comment_status":"closed","ping_status":"closed","template":"","meta":{"_acf_changed":false},"product_brand":[],"product_cat":[244,189,243,250],"product_tag":[],"class_list":{"0":"post-56169","1":"product","2":"type-product","3":"status-publish","4":"has-post-thumbnail","6":"product_cat-acryl-displays","7":"product_cat-standard-displays-de","8":"product_cat-suessigkeiten-displays","9":"product_cat-wuerfel-in-acryl","11":"first","12":"instock","13":"taxable","14":"shipping-taxable","15":"purchasable","16":"product-type-simple"},"acf":[],"yoast_head":"<!-- This site is optimized with the Yoast SEO plugin v27.6 - https:\/\/yoast.com\/product\/yoast-seo-wordpress\/ -->\n<title>Quadratische Acryl-Dose - Buyck Displays - Acryl Display<\/title>\n<meta name=\"description\" content=\"Sie suchen eine dekorative Acryl-Dose? Entdecken Sie unsere gro\u00dfe Auswahl an Acrylboxen auf Lager. Ma\u00dfanfertigung ab 30 St\u00fcck m\u00f6glich.\" \/>\n<meta name=\"robots\" content=\"index, follow, max-snippet:-1, max-image-preview:large, max-video-preview:-1\" \/>\n<link rel=\"canonical\" href=\"https:\/\/buyck-displays.com\/de\/quadratische-acryl-dose-vp-1330-15\" \/>\n<meta property=\"og:locale\" content=\"de_DE\" \/>\n<meta property=\"og:type\" content=\"article\" \/>\n<meta property=\"og:title\" content=\"Quadratische Acryl-Dose - Buyck Displays - Acryl Display\" \/>\n<meta property=\"og:description\" content=\"Sie suchen eine dekorative Acryl-Dose? Entdecken Sie unsere gro\u00dfe Auswahl an Acrylboxen auf Lager. Ma\u00dfanfertigung ab 30 St\u00fcck m\u00f6glich.\" \/>\n<meta property=\"og:url\" content=\"https:\/\/buyck-displays.com\/de\/quadratische-acryl-dose-vp-1330-15\" \/>\n<meta property=\"og:site_name\" content=\"Buyck Displays\" \/>\n<meta property=\"article:modified_time\" content=\"2022-07-04T11:27:14+00:00\" \/>\n<meta property=\"og:image\" content=\"https:\/\/buyck-displays.com\/wp-content\/uploads\/2018\/09\/VP.1330.15.jpg\" \/>\n\t<meta property=\"og:image:width\" content=\"1280\" \/>\n\t<meta property=\"og:image:height\" content=\"960\" \/>\n\t<meta property=\"og:image:type\" content=\"image\/jpeg\" \/>\n<meta name=\"twitter:card\" content=\"summary_large_image\" \/>\n<meta name=\"twitter:label1\" content=\"Gesch\u00e4tzte Lesezeit\" \/>\n\t<meta name=\"twitter:data1\" content=\"1\u00a0Minute\" \/>\n<script type=\"application\/ld+json\" class=\"yoast-schema-graph\">{\"@context\":\"https:\\\/\\\/schema.org\",\"@graph\":[{\"@type\":\"WebPage\",\"@id\":\"https:\\\/\\\/buyck-displays.com\\\/de\\\/quadratische-acryl-dose-vp-1330-15\",\"url\":\"https:\\\/\\\/buyck-displays.com\\\/de\\\/quadratische-acryl-dose-vp-1330-15\",\"name\":\"Quadratische Acryl-Dose - Buyck Displays - Acryl Display\",\"isPartOf\":{\"@id\":\"https:\\\/\\\/buyck-displays.com\\\/de#website\"},\"primaryImageOfPage\":{\"@id\":\"https:\\\/\\\/buyck-displays.com\\\/de\\\/quadratische-acryl-dose-vp-1330-15#primaryimage\"},\"image\":{\"@id\":\"https:\\\/\\\/buyck-displays.com\\\/de\\\/quadratische-acryl-dose-vp-1330-15#primaryimage\"},\"thumbnailUrl\":\"https:\\\/\\\/buyck-displays.com\\\/wp-content\\\/uploads\\\/2018\\\/09\\\/VP.1330.15.jpg\",\"datePublished\":\"2017-04-04T06:48:04+00:00\",\"dateModified\":\"2022-07-04T11:27:14+00:00\",\"description\":\"Sie suchen eine dekorative Acryl-Dose? Entdecken Sie unsere gro\u00dfe Auswahl an Acrylboxen auf Lager. Ma\u00dfanfertigung ab 30 St\u00fcck m\u00f6glich.\",\"breadcrumb\":{\"@id\":\"https:\\\/\\\/buyck-displays.com\\\/de\\\/quadratische-acryl-dose-vp-1330-15#breadcrumb\"},\"inLanguage\":\"de\",\"potentialAction\":[{\"@type\":\"ReadAction\",\"target\":[\"https:\\\/\\\/buyck-displays.com\\\/de\\\/quadratische-acryl-dose-vp-1330-15\"]}]},{\"@type\":\"ImageObject\",\"inLanguage\":\"de\",\"@id\":\"https:\\\/\\\/buyck-displays.com\\\/de\\\/quadratische-acryl-dose-vp-1330-15#primaryimage\",\"url\":\"https:\\\/\\\/buyck-displays.com\\\/wp-content\\\/uploads\\\/2018\\\/09\\\/VP.1330.15.jpg\",\"contentUrl\":\"https:\\\/\\\/buyck-displays.com\\\/wp-content\\\/uploads\\\/2018\\\/09\\\/VP.1330.15.jpg\",\"width\":1280,\"height\":960},{\"@type\":\"BreadcrumbList\",\"@id\":\"https:\\\/\\\/buyck-displays.com\\\/de\\\/quadratische-acryl-dose-vp-1330-15#breadcrumb\",\"itemListElement\":[{\"@type\":\"ListItem\",\"position\":1,\"name\":\"Home\",\"item\":\"https:\\\/\\\/buyck-displays.com\\\/de\"},{\"@type\":\"ListItem\",\"position\":2,\"name\":\"Displays\",\"item\":\"https:\\\/\\\/buyck-displays.com\\\/de\\\/produkte\"},{\"@type\":\"ListItem\",\"position\":3,\"name\":\"Quadratische Acryl-Dose\"}]},{\"@type\":\"WebSite\",\"@id\":\"https:\\\/\\\/buyck-displays.com\\\/de#website\",\"url\":\"https:\\\/\\\/buyck-displays.com\\\/de\",\"name\":\"Buyck Displays\",\"description\":\"Standaard en Maatwerk Displays\",\"potentialAction\":[{\"@type\":\"SearchAction\",\"target\":{\"@type\":\"EntryPoint\",\"urlTemplate\":\"https:\\\/\\\/buyck-displays.com\\\/de?s={search_term_string}\"},\"query-input\":{\"@type\":\"PropertyValueSpecification\",\"valueRequired\":true,\"valueName\":\"search_term_string\"}}],\"inLanguage\":\"de\"}]}<\/script>\n<!-- \/ Yoast SEO plugin. -->","yoast_head_json":{"title":"Quadratische Acryl-Dose - Buyck Displays - Acryl Display","description":"Sie suchen eine dekorative Acryl-Dose? Entdecken Sie unsere gro\u00dfe Auswahl an Acrylboxen auf Lager. Ma\u00dfanfertigung ab 30 St\u00fcck m\u00f6glich.","robots":{"index":"index","follow":"follow","max-snippet":"max-snippet:-1","max-image-preview":"max-image-preview:large","max-video-preview":"max-video-preview:-1"},"canonical":"https:\/\/buyck-displays.com\/de\/quadratische-acryl-dose-vp-1330-15","og_locale":"de_DE","og_type":"article","og_title":"Quadratische Acryl-Dose - Buyck Displays - Acryl Display","og_description":"Sie suchen eine dekorative Acryl-Dose? Entdecken Sie unsere gro\u00dfe Auswahl an Acrylboxen auf Lager. Ma\u00dfanfertigung ab 30 St\u00fcck m\u00f6glich.","og_url":"https:\/\/buyck-displays.com\/de\/quadratische-acryl-dose-vp-1330-15","og_site_name":"Buyck Displays","article_modified_time":"2022-07-04T11:27:14+00:00","og_image":[{"width":1280,"height":960,"url":"https:\/\/buyck-displays.com\/wp-content\/uploads\/2018\/09\/VP.1330.15.jpg","type":"image\/jpeg"}],"twitter_card":"summary_large_image","twitter_misc":{"Gesch\u00e4tzte Lesezeit":"1\u00a0Minute"},"schema":{"@context":"https:\/\/schema.org","@graph":[{"@type":"WebPage","@id":"https:\/\/buyck-displays.com\/de\/quadratische-acryl-dose-vp-1330-15","url":"https:\/\/buyck-displays.com\/de\/quadratische-acryl-dose-vp-1330-15","name":"Quadratische Acryl-Dose - Buyck Displays - Acryl Display","isPartOf":{"@id":"https:\/\/buyck-displays.com\/de#website"},"primaryImageOfPage":{"@id":"https:\/\/buyck-displays.com\/de\/quadratische-acryl-dose-vp-1330-15#primaryimage"},"image":{"@id":"https:\/\/buyck-displays.com\/de\/quadratische-acryl-dose-vp-1330-15#primaryimage"},"thumbnailUrl":"https:\/\/buyck-displays.com\/wp-content\/uploads\/2018\/09\/VP.1330.15.jpg","datePublished":"2017-04-04T06:48:04+00:00","dateModified":"2022-07-04T11:27:14+00:00","description":"Sie suchen eine dekorative Acryl-Dose? Entdecken Sie unsere gro\u00dfe Auswahl an Acrylboxen auf Lager. Ma\u00dfanfertigung ab 30 St\u00fcck m\u00f6glich.","breadcrumb":{"@id":"https:\/\/buyck-displays.com\/de\/quadratische-acryl-dose-vp-1330-15#breadcrumb"},"inLanguage":"de","potentialAction":[{"@type":"ReadAction","target":["https:\/\/buyck-displays.com\/de\/quadratische-acryl-dose-vp-1330-15"]}]},{"@type":"ImageObject","inLanguage":"de","@id":"https:\/\/buyck-displays.com\/de\/quadratische-acryl-dose-vp-1330-15#primaryimage","url":"https:\/\/buyck-displays.com\/wp-content\/uploads\/2018\/09\/VP.1330.15.jpg","contentUrl":"https:\/\/buyck-displays.com\/wp-content\/uploads\/2018\/09\/VP.1330.15.jpg","width":1280,"height":960},{"@type":"BreadcrumbList","@id":"https:\/\/buyck-displays.com\/de\/quadratische-acryl-dose-vp-1330-15#breadcrumb","itemListElement":[{"@type":"ListItem","position":1,"name":"Home","item":"https:\/\/buyck-displays.com\/de"},{"@type":"ListItem","position":2,"name":"Displays","item":"https:\/\/buyck-displays.com\/de\/produkte"},{"@type":"ListItem","position":3,"name":"Quadratische Acryl-Dose"}]},{"@type":"WebSite","@id":"https:\/\/buyck-displays.com\/de#website","url":"https:\/\/buyck-displays.com\/de","name":"Buyck Displays","description":"Standaard en Maatwerk Displays","potentialAction":[{"@type":"SearchAction","target":{"@type":"EntryPoint","urlTemplate":"https:\/\/buyck-displays.com\/de?s={search_term_string}"},"query-input":{"@type":"PropertyValueSpecification","valueRequired":true,"valueName":"search_term_string"}}],"inLanguage":"de"}]}},"_links":{"self":[{"href":"https:\/\/buyck-displays.com\/de\/wp-json\/wp\/v2\/product\/56169","targetHints":{"allow":["GET"]}}],"collection":[{"href":"https:\/\/buyck-displays.com\/de\/wp-json\/wp\/v2\/product"}],"about":[{"href":"https:\/\/buyck-displays.com\/de\/wp-json\/wp\/v2\/types\/product"}],"replies":[{"embeddable":true,"href":"https:\/\/buyck-displays.com\/de\/wp-json\/wp\/v2\/comments?post=56169"}],"wp:featuredmedia":[{"embeddable":true,"href":"https:\/\/buyck-displays.com\/de\/wp-json\/wp\/v2\/media\/65403"}],"wp:attachment":[{"href":"https:\/\/buyck-displays.com\/de\/wp-json\/wp\/v2\/media?parent=56169"}],"wp:term":[{"taxonomy":"product_brand","embeddable":true,"href":"https:\/\/buyck-displays.com\/de\/wp-json\/wp\/v2\/product_brand?post=56169"},{"taxonomy":"product_cat","embeddable":true,"href":"https:\/\/buyck-displays.com\/de\/wp-json\/wp\/v2\/product_cat?post=56169"},{"taxonomy":"product_tag","embeddable":true,"href":"https:\/\/buyck-displays.com\/de\/wp-json\/wp\/v2\/product_tag?post=56169"}],"curies":[{"name":"wp","href":"https:\/\/api.w.org\/{rel}","templated":true}]}}