{"id":55867,"date":"2017-04-04T08:34:22","date_gmt":"2017-04-04T06:34:22","guid":{"rendered":"http:\/\/shipyard.intago.eu\/buyckdisplays\/product\/display-in-plexiglas-3mm-2\/"},"modified":"2024-01-17T11:21:42","modified_gmt":"2024-01-17T10:21:42","slug":"acryl-wuerfel-12-5-cub1212","status":"publish","type":"product","link":"https:\/\/buyck-displays.com\/de\/acryl-wuerfel-12-5-cub1212","title":{"rendered":"Acryl W\u00fcrfel 12,5"},"content":{"rendered":"<p>Dies ist ein quadratisches, transparent Acrylbox, das \u00fcblicherweise zur Pr\u00e4sentation kleiner Einzelst\u00fccke verwendet wird. Es kann aber auch als Abdeckung oder Sockel dienen, z. B. in einem Schaufenster, um einen bestimmten Artikel ins Rampenlicht zu r\u00fccken. Es hat 5 geschlossene Seiten und ist auf 1 Seite offen. Erh\u00e4ltlich ab Lager in 7 verschiedenen Gr\u00f6\u00dfen.<\/p>\n<ul>\n<li><strong>Au\u00dfen<\/strong>ma\u00dfe: 12,5 cm x 12,5 cm x 12,5 cm<\/li>\n<li>Acrylst\u00e4rke: 3 mm<\/li>\n<\/ul>\n","protected":false},"excerpt":{"rendered":"<p>Dies ist ein quadratisches, transparent Acrylbox, das \u00fcblicherweise zur Pr\u00e4sentation kleiner Einzelst\u00fccke verwendet wird. Es kann aber auch als Abdeckung oder Sockel dienen, z. B. in einem Schaufenster, um einen bestimmten Artikel ins Rampenlicht zu r\u00fccken. Es hat 5 geschlossene Seiten und ist auf 1 Seite offen. Erh\u00e4ltlich ab Lager in 7 verschiedenen Gr\u00f6\u00dfen. Au\u00dfenma\u00dfe: &hellip; <a href=\"https:\/\/buyck-displays.com\/de\/acryl-wuerfel-12-5-cub1212\">Fortsetzung<\/a><\/p>\n","protected":false},"featured_media":67560,"comment_status":"closed","ping_status":"closed","template":"","meta":{"_acf_changed":false},"product_brand":[],"product_cat":[244,189,243,250],"product_tag":[],"class_list":{"0":"post-55867","1":"product","2":"type-product","3":"status-publish","4":"has-post-thumbnail","6":"product_cat-acryl-displays","7":"product_cat-standard-displays-de","8":"product_cat-suessigkeiten-displays","9":"product_cat-wuerfel-in-acryl","11":"first","12":"instock","13":"taxable","14":"shipping-taxable","15":"purchasable","16":"product-type-simple"},"acf":[],"yoast_head":"<!-- This site is optimized with the Yoast SEO plugin v27.6 - https:\/\/yoast.com\/product\/yoast-seo-wordpress\/ -->\n<title>Acryl W\u00fcrfel 12,5 - Buyck Displays - Plexiglas Display Box \/ Vitrine<\/title>\n<meta name=\"description\" content=\"Dieses Acryl W\u00fcrfel wird oft zur Pr\u00e4sentation von kleinen losen Gegenst\u00e4nden verwendet. Er kann aber auch als vitrine oder Sockel dienen.\" \/>\n<meta name=\"robots\" content=\"index, follow, max-snippet:-1, max-image-preview:large, max-video-preview:-1\" \/>\n<link rel=\"canonical\" href=\"https:\/\/buyck-displays.com\/de\/acryl-wuerfel-12-5-cub1212\" \/>\n<meta property=\"og:locale\" content=\"de_DE\" \/>\n<meta property=\"og:type\" content=\"article\" \/>\n<meta property=\"og:title\" content=\"Acryl W\u00fcrfel 12,5 - Buyck Displays - Plexiglas Display Box \/ Vitrine\" \/>\n<meta property=\"og:description\" content=\"Dieses Acryl W\u00fcrfel wird oft zur Pr\u00e4sentation von kleinen losen Gegenst\u00e4nden verwendet. Er kann aber auch als vitrine oder Sockel dienen.\" \/>\n<meta property=\"og:url\" content=\"https:\/\/buyck-displays.com\/de\/acryl-wuerfel-12-5-cub1212\" \/>\n<meta property=\"og:site_name\" content=\"Buyck Displays\" \/>\n<meta property=\"article:modified_time\" content=\"2024-01-17T10:21:42+00:00\" \/>\n<meta property=\"og:image\" content=\"https:\/\/buyck-displays.com\/wp-content\/uploads\/2017\/04\/WS55048.jpg\" \/>\n\t<meta property=\"og:image:width\" content=\"2400\" \/>\n\t<meta property=\"og:image:height\" content=\"1798\" \/>\n\t<meta property=\"og:image:type\" content=\"image\/jpeg\" \/>\n<meta name=\"twitter:card\" content=\"summary_large_image\" \/>\n<meta name=\"twitter:label1\" content=\"Gesch\u00e4tzte Lesezeit\" \/>\n\t<meta name=\"twitter:data1\" content=\"1\u00a0Minute\" \/>\n<script type=\"application\/ld+json\" class=\"yoast-schema-graph\">{\"@context\":\"https:\\\/\\\/schema.org\",\"@graph\":[{\"@type\":\"WebPage\",\"@id\":\"https:\\\/\\\/buyck-displays.com\\\/de\\\/acryl-wuerfel-12-5-cub1212\",\"url\":\"https:\\\/\\\/buyck-displays.com\\\/de\\\/acryl-wuerfel-12-5-cub1212\",\"name\":\"Acryl W\u00fcrfel 12,5 - Buyck Displays - Plexiglas Display Box \\\/ Vitrine\",\"isPartOf\":{\"@id\":\"https:\\\/\\\/buyck-displays.com\\\/de#website\"},\"primaryImageOfPage\":{\"@id\":\"https:\\\/\\\/buyck-displays.com\\\/de\\\/acryl-wuerfel-12-5-cub1212#primaryimage\"},\"image\":{\"@id\":\"https:\\\/\\\/buyck-displays.com\\\/de\\\/acryl-wuerfel-12-5-cub1212#primaryimage\"},\"thumbnailUrl\":\"https:\\\/\\\/buyck-displays.com\\\/wp-content\\\/uploads\\\/2017\\\/04\\\/WS55048.jpg\",\"datePublished\":\"2017-04-04T06:34:22+00:00\",\"dateModified\":\"2024-01-17T10:21:42+00:00\",\"description\":\"Dieses Acryl W\u00fcrfel wird oft zur Pr\u00e4sentation von kleinen losen Gegenst\u00e4nden verwendet. Er kann aber auch als vitrine oder Sockel dienen.\",\"breadcrumb\":{\"@id\":\"https:\\\/\\\/buyck-displays.com\\\/de\\\/acryl-wuerfel-12-5-cub1212#breadcrumb\"},\"inLanguage\":\"de\",\"potentialAction\":[{\"@type\":\"ReadAction\",\"target\":[\"https:\\\/\\\/buyck-displays.com\\\/de\\\/acryl-wuerfel-12-5-cub1212\"]}]},{\"@type\":\"ImageObject\",\"inLanguage\":\"de\",\"@id\":\"https:\\\/\\\/buyck-displays.com\\\/de\\\/acryl-wuerfel-12-5-cub1212#primaryimage\",\"url\":\"https:\\\/\\\/buyck-displays.com\\\/wp-content\\\/uploads\\\/2017\\\/04\\\/WS55048.jpg\",\"contentUrl\":\"https:\\\/\\\/buyck-displays.com\\\/wp-content\\\/uploads\\\/2017\\\/04\\\/WS55048.jpg\",\"width\":2400,\"height\":1798},{\"@type\":\"BreadcrumbList\",\"@id\":\"https:\\\/\\\/buyck-displays.com\\\/de\\\/acryl-wuerfel-12-5-cub1212#breadcrumb\",\"itemListElement\":[{\"@type\":\"ListItem\",\"position\":1,\"name\":\"Home\",\"item\":\"https:\\\/\\\/buyck-displays.com\\\/de\"},{\"@type\":\"ListItem\",\"position\":2,\"name\":\"Displays\",\"item\":\"https:\\\/\\\/buyck-displays.com\\\/de\\\/produkte\"},{\"@type\":\"ListItem\",\"position\":3,\"name\":\"Acryl W\u00fcrfel 12,5\"}]},{\"@type\":\"WebSite\",\"@id\":\"https:\\\/\\\/buyck-displays.com\\\/de#website\",\"url\":\"https:\\\/\\\/buyck-displays.com\\\/de\",\"name\":\"Buyck Displays\",\"description\":\"Standaard en Maatwerk Displays\",\"potentialAction\":[{\"@type\":\"SearchAction\",\"target\":{\"@type\":\"EntryPoint\",\"urlTemplate\":\"https:\\\/\\\/buyck-displays.com\\\/de?s={search_term_string}\"},\"query-input\":{\"@type\":\"PropertyValueSpecification\",\"valueRequired\":true,\"valueName\":\"search_term_string\"}}],\"inLanguage\":\"de\"}]}<\/script>\n<!-- \/ Yoast SEO plugin. -->","yoast_head_json":{"title":"Acryl W\u00fcrfel 12,5 - Buyck Displays - Plexiglas Display Box \/ Vitrine","description":"Dieses Acryl W\u00fcrfel wird oft zur Pr\u00e4sentation von kleinen losen Gegenst\u00e4nden verwendet. Er kann aber auch als vitrine oder Sockel dienen.","robots":{"index":"index","follow":"follow","max-snippet":"max-snippet:-1","max-image-preview":"max-image-preview:large","max-video-preview":"max-video-preview:-1"},"canonical":"https:\/\/buyck-displays.com\/de\/acryl-wuerfel-12-5-cub1212","og_locale":"de_DE","og_type":"article","og_title":"Acryl W\u00fcrfel 12,5 - Buyck Displays - Plexiglas Display Box \/ Vitrine","og_description":"Dieses Acryl W\u00fcrfel wird oft zur Pr\u00e4sentation von kleinen losen Gegenst\u00e4nden verwendet. Er kann aber auch als vitrine oder Sockel dienen.","og_url":"https:\/\/buyck-displays.com\/de\/acryl-wuerfel-12-5-cub1212","og_site_name":"Buyck Displays","article_modified_time":"2024-01-17T10:21:42+00:00","og_image":[{"width":2400,"height":1798,"url":"https:\/\/buyck-displays.com\/wp-content\/uploads\/2017\/04\/WS55048.jpg","type":"image\/jpeg"}],"twitter_card":"summary_large_image","twitter_misc":{"Gesch\u00e4tzte Lesezeit":"1\u00a0Minute"},"schema":{"@context":"https:\/\/schema.org","@graph":[{"@type":"WebPage","@id":"https:\/\/buyck-displays.com\/de\/acryl-wuerfel-12-5-cub1212","url":"https:\/\/buyck-displays.com\/de\/acryl-wuerfel-12-5-cub1212","name":"Acryl W\u00fcrfel 12,5 - Buyck Displays - Plexiglas Display Box \/ Vitrine","isPartOf":{"@id":"https:\/\/buyck-displays.com\/de#website"},"primaryImageOfPage":{"@id":"https:\/\/buyck-displays.com\/de\/acryl-wuerfel-12-5-cub1212#primaryimage"},"image":{"@id":"https:\/\/buyck-displays.com\/de\/acryl-wuerfel-12-5-cub1212#primaryimage"},"thumbnailUrl":"https:\/\/buyck-displays.com\/wp-content\/uploads\/2017\/04\/WS55048.jpg","datePublished":"2017-04-04T06:34:22+00:00","dateModified":"2024-01-17T10:21:42+00:00","description":"Dieses Acryl W\u00fcrfel wird oft zur Pr\u00e4sentation von kleinen losen Gegenst\u00e4nden verwendet. Er kann aber auch als vitrine oder Sockel dienen.","breadcrumb":{"@id":"https:\/\/buyck-displays.com\/de\/acryl-wuerfel-12-5-cub1212#breadcrumb"},"inLanguage":"de","potentialAction":[{"@type":"ReadAction","target":["https:\/\/buyck-displays.com\/de\/acryl-wuerfel-12-5-cub1212"]}]},{"@type":"ImageObject","inLanguage":"de","@id":"https:\/\/buyck-displays.com\/de\/acryl-wuerfel-12-5-cub1212#primaryimage","url":"https:\/\/buyck-displays.com\/wp-content\/uploads\/2017\/04\/WS55048.jpg","contentUrl":"https:\/\/buyck-displays.com\/wp-content\/uploads\/2017\/04\/WS55048.jpg","width":2400,"height":1798},{"@type":"BreadcrumbList","@id":"https:\/\/buyck-displays.com\/de\/acryl-wuerfel-12-5-cub1212#breadcrumb","itemListElement":[{"@type":"ListItem","position":1,"name":"Home","item":"https:\/\/buyck-displays.com\/de"},{"@type":"ListItem","position":2,"name":"Displays","item":"https:\/\/buyck-displays.com\/de\/produkte"},{"@type":"ListItem","position":3,"name":"Acryl W\u00fcrfel 12,5"}]},{"@type":"WebSite","@id":"https:\/\/buyck-displays.com\/de#website","url":"https:\/\/buyck-displays.com\/de","name":"Buyck Displays","description":"Standaard en Maatwerk Displays","potentialAction":[{"@type":"SearchAction","target":{"@type":"EntryPoint","urlTemplate":"https:\/\/buyck-displays.com\/de?s={search_term_string}"},"query-input":{"@type":"PropertyValueSpecification","valueRequired":true,"valueName":"search_term_string"}}],"inLanguage":"de"}]}},"_links":{"self":[{"href":"https:\/\/buyck-displays.com\/de\/wp-json\/wp\/v2\/product\/55867","targetHints":{"allow":["GET"]}}],"collection":[{"href":"https:\/\/buyck-displays.com\/de\/wp-json\/wp\/v2\/product"}],"about":[{"href":"https:\/\/buyck-displays.com\/de\/wp-json\/wp\/v2\/types\/product"}],"replies":[{"embeddable":true,"href":"https:\/\/buyck-displays.com\/de\/wp-json\/wp\/v2\/comments?post=55867"}],"wp:featuredmedia":[{"embeddable":true,"href":"https:\/\/buyck-displays.com\/de\/wp-json\/wp\/v2\/media\/67560"}],"wp:attachment":[{"href":"https:\/\/buyck-displays.com\/de\/wp-json\/wp\/v2\/media?parent=55867"}],"wp:term":[{"taxonomy":"product_brand","embeddable":true,"href":"https:\/\/buyck-displays.com\/de\/wp-json\/wp\/v2\/product_brand?post=55867"},{"taxonomy":"product_cat","embeddable":true,"href":"https:\/\/buyck-displays.com\/de\/wp-json\/wp\/v2\/product_cat?post=55867"},{"taxonomy":"product_tag","embeddable":true,"href":"https:\/\/buyck-displays.com\/de\/wp-json\/wp\/v2\/product_tag?post=55867"}],"curies":[{"name":"wp","href":"https:\/\/api.w.org\/{rel}","templated":true}]}}