{"id":55447,"date":"2017-04-03T16:25:47","date_gmt":"2017-04-03T14:25:47","guid":{"rendered":"http:\/\/shipyard.intago.eu\/buyckdisplays\/product\/metalen-display-voor-wenskaarten-3\/"},"modified":"2025-02-06T12:06:00","modified_gmt":"2025-02-06T11:06:00","slug":"karten-stander-pc48","status":"publish","type":"product","link":"https:\/\/buyck-displays.com\/de\/karten-stander-pc48","title":{"rendered":"Gl\u00fcckwunschkarten-st\u00e4nder"},"content":{"rendered":"<p>Dies ist ein sch\u00f6nes Bodenverkaufsst\u00e4nder aus Metall f\u00fcr rechteckige und quadratische\u00a0<strong>Gru\u00dfkarten<\/strong>.<\/p>\n<p>Diese display hat standardm\u00e4\u00dfig <strong>48 vertikale F\u00e4chern<\/strong>\u00a0(Version 1), aber es ist auch m\u00f6glich, eine oder mehrere Seiten mit vertikalen F\u00e4chern durch Seiten mit horizontalen F\u00e4chern zu ersetzen.<\/p>\n<p>Siehe die verschiedenen M\u00f6glichkeiten unten. Bitte geben Sie in Ihrer Anfrage deutlich an, welche Version(en) Sie ben\u00f6tigen.<\/p>\n<ul>\n<li>M\u00f6gliche Kombinationen:\n<ul>\n<li><strong>version 1<\/strong>: 48 F\u00e4cher = 6 Seiten mit 8 vertikale F\u00e4cher<\/li>\n<li><strong>version 2<\/strong>: 50 F\u00e4cher = 5 Seiten mit 8 vertikale F\u00e4cher und 1 Seite mit 10 horizontale F\u00e4cher<\/li>\n<li><strong>version 3<\/strong>: 52 F\u00e4cher = 4 Seiten mit 8 vertikale F\u00e4cher und 2 Seiten mit 10 horizontale F\u00e4cher<\/li>\n<li><strong>version 4<\/strong>: 54 F\u00e4cher = 3 Seiten mit 8 vertikale F\u00e4cher und 3 Seiten mit 10 horizontale F\u00e4cher <em>(Dies ist die maximale Anzahl von horizontalen F\u00e4cher f\u00fcr diesen St\u00e4nder)<\/em><\/li>\n<\/ul>\n<\/li>\n<\/ul>\n<p>&nbsp;<\/p>\n<p><strong>ACHTUNG!<\/strong><\/p>\n<p><strong>Gru\u00dfkarten<\/strong>\u00a0sind in der Regel\u00a0<strong>gr\u00f6\u00dfer<\/strong>\u00a0als Standard-A6-Postkarten und messen in der Regel 18 cm x 13 cm.<\/p>\n<ul>\n<li>Wenn Ihre Karten\u00a0<strong>kleiner<\/strong>\u00a0sind, empfehlen wir Ihnen, einen Blick auf unsere\u00a0<span style=\"color: #3366ff;\"><a style=\"color: #3366ff;\" href=\"https:\/\/buyck-displays.com\/de\/displays\/standard-displays-de\/karten-staender\/postkarten-15-cm-x-10-5-cm\"><strong>Postkarten<\/strong><\/a><\/span>\u00a0zu werfen.<\/li>\n<li>Wenn Ihre Karten\u00a0<strong>gr\u00f6\u00dfer<\/strong>\u00a0sind, werden Sie vielleicht in unserem Angebot an\u00a0<span style=\"color: #3366ff;\"><a style=\"color: #3366ff;\" href=\"https:\/\/buyck-displays.com\/de\/displays\/standard-displays-de\/karten-staender\/a5-format-oder-16-cm-x-16-cm\"><strong>A5-Karten<\/strong><\/a><\/span>\u00a0f\u00fcndig<\/li>\n<\/ul>\n<p>&nbsp;<\/p>\n<p><strong>OPTIONEN<\/strong>:<\/p>\n<ul>\n<li><strong>Lochblechplatte<\/strong>: Es ist auch m\u00f6glich, eine oder mehrere Seiten mit Kartenf\u00e4chern durch eine gelochte Metallplatte f\u00fcr Haken und\/oder Magnete zu ersetzen. F\u00fcr weitere Informationen siehe:\u00a0<strong><span style=\"color: #3366ff;\"><a style=\"color: #3366ff;\" href=\"https:\/\/buyck-displays.com\/de\/lochblech-element-pc2020\">Lochblech-Element<\/a><\/span>.<\/strong><\/li>\n<li><strong>Gummir\u00e4der<\/strong>: Standardm\u00e4\u00dfig steht dieses Display auf 5 Kunststoffr\u00e4dern, von denen zwei eine Bremse haben, aber wenn Sie m\u00f6chten, k\u00f6nnen Sie auch <a href=\"https:\/\/buyck-displays.com\/de\/gummiraeder-bu100\"><strong><span style=\"color: #3366ff;\">5 robuste Gummir\u00e4der<\/span><\/strong><\/a>.<\/li>\n<li><strong>Beschwerungsplatte<\/strong>: Um zu verhindern, dass das Display umkippt oder weggeweht wird, k\u00f6nnen Sie unseren Beschwerungsplatte mit einem Kartenhalter kombinieren. Klicken Sie bitte\u00a0<span style=\"color: #3366ff;\"><strong><a style=\"color: #3366ff;\" href=\"https:\/\/buyck-displays.com\/de\/beschwerungsplatte-bu200\">hier<\/a><\/strong><\/span>.<\/li>\n<\/ul>\n<p><strong>Informationen zum Produkt<\/strong>:<\/p>\n<ul>\n<li>Abmessungen:\n<ul>\n<li>F\u00e4cher:\n<ul>\n<li>Vertikal:\n<ul>\n<li>Breite (Innenma\u00df): 14,5 cm<\/li>\n<li>Tiefe (Innenma\u00df): 2,5 cm<\/li>\n<li>H\u00f6he (Au\u00dfenma\u00df): 10 cm<\/li>\n<\/ul>\n<\/li>\n<li>\u00a0horizontal:\n<ul>\n<li>Breite (Innenma\u00df): 19 cm<\/li>\n<li>Tiefe (Innenma\u00df): 2,5 cm<\/li>\n<li>H\u00f6he (Au\u00dfenma\u00df): 7 cm<\/li>\n<\/ul>\n<\/li>\n<\/ul>\n<\/li>\n<li>Anzeige:\n<ul>\n<li>H\u00f6he: 180 cm<\/li>\n<\/ul>\n<\/li>\n<\/ul>\n<\/li>\n<li>Anwendung:\n<ul>\n<li>Pr\u00e4sentation von\u00a0<strong>Gru\u00dfkarten<\/strong>\u00a0<em>(18 cm x 13 cm)<\/em><\/li>\n<\/ul>\n<\/li>\n<li>drehbar<\/li>\n<li>Sechseck (6 Seiten)<\/li>\n<li>mit Logohalterung<\/li>\n<li>demontierbar<\/li>\n<li>Standardfarbe: Silber<\/li>\n<\/ul>\n","protected":false},"excerpt":{"rendered":"<p>Dies ist ein sch\u00f6nes Bodenverkaufsst\u00e4nder aus Metall f\u00fcr rechteckige und quadratische\u00a0Gru\u00dfkarten. Diese display hat standardm\u00e4\u00dfig 48 vertikale F\u00e4chern\u00a0(Version 1), aber es ist auch m\u00f6glich, eine oder mehrere Seiten mit vertikalen F\u00e4chern durch Seiten mit horizontalen F\u00e4chern zu ersetzen. Siehe die verschiedenen M\u00f6glichkeiten unten. Bitte geben Sie in Ihrer Anfrage deutlich an, welche Version(en) Sie ben\u00f6tigen. &hellip; <a href=\"https:\/\/buyck-displays.com\/de\/karten-stander-pc48\">Fortsetzung<\/a><\/p>\n","protected":false},"featured_media":55437,"comment_status":"closed","ping_status":"closed","template":"","meta":{"_acf_changed":false},"product_brand":[],"product_cat":[189,530,240],"product_tag":[],"class_list":{"0":"post-55447","1":"product","2":"type-product","3":"status-publish","4":"has-post-thumbnail","6":"product_cat-standard-displays-de","7":"product_cat-gluckwunschkarten","8":"product_cat-karten-staender","10":"first","11":"instock","12":"taxable","13":"shipping-taxable","14":"purchasable","15":"product-type-simple"},"acf":[],"yoast_head":"<!-- This site is optimized with the Yoast SEO plugin v27.6 - https:\/\/yoast.com\/product\/yoast-seo-wordpress\/ -->\n<title>Gl\u00fcckwunschkarten-st\u00e4nder - Buyck Displays<\/title>\n<meta name=\"description\" content=\"Gru\u00dfkartendisplay, standardm\u00e4\u00dfig mit 24 vertikalen F\u00e4chern, aber es ist auch m\u00f6glich, vertikale und horizontale F\u00e4cher zu kombinieren.\" \/>\n<meta name=\"robots\" content=\"index, follow, max-snippet:-1, max-image-preview:large, max-video-preview:-1\" \/>\n<link rel=\"canonical\" href=\"https:\/\/buyck-displays.com\/de\/karten-stander-pc48\" \/>\n<meta property=\"og:locale\" content=\"de_DE\" \/>\n<meta property=\"og:type\" content=\"article\" \/>\n<meta property=\"og:title\" content=\"Gl\u00fcckwunschkarten-st\u00e4nder - Buyck Displays\" \/>\n<meta property=\"og:description\" content=\"Gru\u00dfkartendisplay, standardm\u00e4\u00dfig mit 24 vertikalen F\u00e4chern, aber es ist auch m\u00f6glich, vertikale und horizontale F\u00e4cher zu kombinieren.\" \/>\n<meta property=\"og:url\" content=\"https:\/\/buyck-displays.com\/de\/karten-stander-pc48\" \/>\n<meta property=\"og:site_name\" content=\"Buyck Displays\" \/>\n<meta property=\"article:modified_time\" content=\"2025-02-06T11:06:00+00:00\" \/>\n<meta property=\"og:image\" content=\"https:\/\/buyck-displays.com\/wp-content\/uploads\/2017\/04\/PC48-1-1-scaled.jpg\" \/>\n\t<meta property=\"og:image:width\" content=\"1844\" \/>\n\t<meta property=\"og:image:height\" content=\"2560\" \/>\n\t<meta property=\"og:image:type\" content=\"image\/jpeg\" \/>\n<meta name=\"twitter:card\" content=\"summary_large_image\" \/>\n<meta name=\"twitter:label1\" content=\"Gesch\u00e4tzte Lesezeit\" \/>\n\t<meta name=\"twitter:data1\" content=\"2\u00a0Minuten\" \/>\n<script type=\"application\/ld+json\" class=\"yoast-schema-graph\">{\"@context\":\"https:\\\/\\\/schema.org\",\"@graph\":[{\"@type\":\"WebPage\",\"@id\":\"https:\\\/\\\/buyck-displays.com\\\/de\\\/karten-stander-pc48\",\"url\":\"https:\\\/\\\/buyck-displays.com\\\/de\\\/karten-stander-pc48\",\"name\":\"Gl\u00fcckwunschkarten-st\u00e4nder - Buyck Displays\",\"isPartOf\":{\"@id\":\"https:\\\/\\\/buyck-displays.com\\\/de#website\"},\"primaryImageOfPage\":{\"@id\":\"https:\\\/\\\/buyck-displays.com\\\/de\\\/karten-stander-pc48#primaryimage\"},\"image\":{\"@id\":\"https:\\\/\\\/buyck-displays.com\\\/de\\\/karten-stander-pc48#primaryimage\"},\"thumbnailUrl\":\"https:\\\/\\\/buyck-displays.com\\\/wp-content\\\/uploads\\\/2017\\\/04\\\/PC48-1-1-scaled.jpg\",\"datePublished\":\"2017-04-03T14:25:47+00:00\",\"dateModified\":\"2025-02-06T11:06:00+00:00\",\"description\":\"Gru\u00dfkartendisplay, standardm\u00e4\u00dfig mit 24 vertikalen F\u00e4chern, aber es ist auch m\u00f6glich, vertikale und horizontale F\u00e4cher zu kombinieren.\",\"breadcrumb\":{\"@id\":\"https:\\\/\\\/buyck-displays.com\\\/de\\\/karten-stander-pc48#breadcrumb\"},\"inLanguage\":\"de\",\"potentialAction\":[{\"@type\":\"ReadAction\",\"target\":[\"https:\\\/\\\/buyck-displays.com\\\/de\\\/karten-stander-pc48\"]}]},{\"@type\":\"ImageObject\",\"inLanguage\":\"de\",\"@id\":\"https:\\\/\\\/buyck-displays.com\\\/de\\\/karten-stander-pc48#primaryimage\",\"url\":\"https:\\\/\\\/buyck-displays.com\\\/wp-content\\\/uploads\\\/2017\\\/04\\\/PC48-1-1-scaled.jpg\",\"contentUrl\":\"https:\\\/\\\/buyck-displays.com\\\/wp-content\\\/uploads\\\/2017\\\/04\\\/PC48-1-1-scaled.jpg\",\"width\":1844,\"height\":2560},{\"@type\":\"BreadcrumbList\",\"@id\":\"https:\\\/\\\/buyck-displays.com\\\/de\\\/karten-stander-pc48#breadcrumb\",\"itemListElement\":[{\"@type\":\"ListItem\",\"position\":1,\"name\":\"Home\",\"item\":\"https:\\\/\\\/buyck-displays.com\\\/de\"},{\"@type\":\"ListItem\",\"position\":2,\"name\":\"Displays\",\"item\":\"https:\\\/\\\/buyck-displays.com\\\/de\\\/produkte\"},{\"@type\":\"ListItem\",\"position\":3,\"name\":\"Gl\u00fcckwunschkarten-st\u00e4nder\"}]},{\"@type\":\"WebSite\",\"@id\":\"https:\\\/\\\/buyck-displays.com\\\/de#website\",\"url\":\"https:\\\/\\\/buyck-displays.com\\\/de\",\"name\":\"Buyck Displays\",\"description\":\"Standaard en Maatwerk Displays\",\"potentialAction\":[{\"@type\":\"SearchAction\",\"target\":{\"@type\":\"EntryPoint\",\"urlTemplate\":\"https:\\\/\\\/buyck-displays.com\\\/de?s={search_term_string}\"},\"query-input\":{\"@type\":\"PropertyValueSpecification\",\"valueRequired\":true,\"valueName\":\"search_term_string\"}}],\"inLanguage\":\"de\"}]}<\/script>\n<!-- \/ Yoast SEO plugin. -->","yoast_head_json":{"title":"Gl\u00fcckwunschkarten-st\u00e4nder - Buyck Displays","description":"Gru\u00dfkartendisplay, standardm\u00e4\u00dfig mit 24 vertikalen F\u00e4chern, aber es ist auch m\u00f6glich, vertikale und horizontale F\u00e4cher zu kombinieren.","robots":{"index":"index","follow":"follow","max-snippet":"max-snippet:-1","max-image-preview":"max-image-preview:large","max-video-preview":"max-video-preview:-1"},"canonical":"https:\/\/buyck-displays.com\/de\/karten-stander-pc48","og_locale":"de_DE","og_type":"article","og_title":"Gl\u00fcckwunschkarten-st\u00e4nder - Buyck Displays","og_description":"Gru\u00dfkartendisplay, standardm\u00e4\u00dfig mit 24 vertikalen F\u00e4chern, aber es ist auch m\u00f6glich, vertikale und horizontale F\u00e4cher zu kombinieren.","og_url":"https:\/\/buyck-displays.com\/de\/karten-stander-pc48","og_site_name":"Buyck Displays","article_modified_time":"2025-02-06T11:06:00+00:00","og_image":[{"width":1844,"height":2560,"url":"https:\/\/buyck-displays.com\/wp-content\/uploads\/2017\/04\/PC48-1-1-scaled.jpg","type":"image\/jpeg"}],"twitter_card":"summary_large_image","twitter_misc":{"Gesch\u00e4tzte Lesezeit":"2\u00a0Minuten"},"schema":{"@context":"https:\/\/schema.org","@graph":[{"@type":"WebPage","@id":"https:\/\/buyck-displays.com\/de\/karten-stander-pc48","url":"https:\/\/buyck-displays.com\/de\/karten-stander-pc48","name":"Gl\u00fcckwunschkarten-st\u00e4nder - Buyck Displays","isPartOf":{"@id":"https:\/\/buyck-displays.com\/de#website"},"primaryImageOfPage":{"@id":"https:\/\/buyck-displays.com\/de\/karten-stander-pc48#primaryimage"},"image":{"@id":"https:\/\/buyck-displays.com\/de\/karten-stander-pc48#primaryimage"},"thumbnailUrl":"https:\/\/buyck-displays.com\/wp-content\/uploads\/2017\/04\/PC48-1-1-scaled.jpg","datePublished":"2017-04-03T14:25:47+00:00","dateModified":"2025-02-06T11:06:00+00:00","description":"Gru\u00dfkartendisplay, standardm\u00e4\u00dfig mit 24 vertikalen F\u00e4chern, aber es ist auch m\u00f6glich, vertikale und horizontale F\u00e4cher zu kombinieren.","breadcrumb":{"@id":"https:\/\/buyck-displays.com\/de\/karten-stander-pc48#breadcrumb"},"inLanguage":"de","potentialAction":[{"@type":"ReadAction","target":["https:\/\/buyck-displays.com\/de\/karten-stander-pc48"]}]},{"@type":"ImageObject","inLanguage":"de","@id":"https:\/\/buyck-displays.com\/de\/karten-stander-pc48#primaryimage","url":"https:\/\/buyck-displays.com\/wp-content\/uploads\/2017\/04\/PC48-1-1-scaled.jpg","contentUrl":"https:\/\/buyck-displays.com\/wp-content\/uploads\/2017\/04\/PC48-1-1-scaled.jpg","width":1844,"height":2560},{"@type":"BreadcrumbList","@id":"https:\/\/buyck-displays.com\/de\/karten-stander-pc48#breadcrumb","itemListElement":[{"@type":"ListItem","position":1,"name":"Home","item":"https:\/\/buyck-displays.com\/de"},{"@type":"ListItem","position":2,"name":"Displays","item":"https:\/\/buyck-displays.com\/de\/produkte"},{"@type":"ListItem","position":3,"name":"Gl\u00fcckwunschkarten-st\u00e4nder"}]},{"@type":"WebSite","@id":"https:\/\/buyck-displays.com\/de#website","url":"https:\/\/buyck-displays.com\/de","name":"Buyck Displays","description":"Standaard en Maatwerk Displays","potentialAction":[{"@type":"SearchAction","target":{"@type":"EntryPoint","urlTemplate":"https:\/\/buyck-displays.com\/de?s={search_term_string}"},"query-input":{"@type":"PropertyValueSpecification","valueRequired":true,"valueName":"search_term_string"}}],"inLanguage":"de"}]}},"_links":{"self":[{"href":"https:\/\/buyck-displays.com\/de\/wp-json\/wp\/v2\/product\/55447","targetHints":{"allow":["GET"]}}],"collection":[{"href":"https:\/\/buyck-displays.com\/de\/wp-json\/wp\/v2\/product"}],"about":[{"href":"https:\/\/buyck-displays.com\/de\/wp-json\/wp\/v2\/types\/product"}],"replies":[{"embeddable":true,"href":"https:\/\/buyck-displays.com\/de\/wp-json\/wp\/v2\/comments?post=55447"}],"wp:featuredmedia":[{"embeddable":true,"href":"https:\/\/buyck-displays.com\/de\/wp-json\/wp\/v2\/media\/55437"}],"wp:attachment":[{"href":"https:\/\/buyck-displays.com\/de\/wp-json\/wp\/v2\/media?parent=55447"}],"wp:term":[{"taxonomy":"product_brand","embeddable":true,"href":"https:\/\/buyck-displays.com\/de\/wp-json\/wp\/v2\/product_brand?post=55447"},{"taxonomy":"product_cat","embeddable":true,"href":"https:\/\/buyck-displays.com\/de\/wp-json\/wp\/v2\/product_cat?post=55447"},{"taxonomy":"product_tag","embeddable":true,"href":"https:\/\/buyck-displays.com\/de\/wp-json\/wp\/v2\/product_tag?post=55447"}],"curies":[{"name":"wp","href":"https:\/\/api.w.org\/{rel}","templated":true}]}}