{"id":55117,"date":"2017-04-03T15:52:10","date_gmt":"2017-04-03T13:52:10","guid":{"rendered":"http:\/\/shipyard.intago.eu\/buyckdisplays\/product\/haken-voor-netdisplays-7\/"},"modified":"2022-07-19T11:21:20","modified_gmt":"2022-07-19T09:21:20","slug":"einfachhaken-fuer-gitterwand-hk-3-4","status":"publish","type":"product","link":"https:\/\/buyck-displays.com\/de\/einfachhaken-fuer-gitterwand-hk-3-4","title":{"rendered":"Einfachhaken f\u00fcr Gitterwand"},"content":{"rendered":"<p>Diese Einfachhaken k\u00f6nnen in Kombination mit die <span style=\"color: #3366ff;\"><strong><a style=\"color: #3366ff;\" href=\"https:\/\/buyck-displays.com\/de\/displays\/standard-displays-de\/haken-displays\">Verkaufsst\u00e4nders mit Gitterwand<\/a><\/strong><\/span>\u00a0aus unserem Sortiment verwendet werden.<\/p>\n<p>Ideal f\u00fcr ein sch\u00f6ne und praktische Pr\u00e4sentation von all Ihrer Artikel in Blisterverpackungen. <span style=\"font-size: 1rem;\">Erh\u00e4ltlich in 5 verschiedenen L\u00e4ngen.<\/span><\/p>\n<div class=\"product-description\">\n<ul>\n<li>L\u00e4nge: 10 cm<\/li>\n<li>Standardfarbe: Weiss<\/li>\n<\/ul>\n<\/div>\n","protected":false},"excerpt":{"rendered":"<p>Diese Einfachhaken k\u00f6nnen in Kombination mit die Verkaufsst\u00e4nders mit Gitterwand\u00a0aus unserem Sortiment verwendet werden. Ideal f\u00fcr ein sch\u00f6ne und praktische Pr\u00e4sentation von all Ihrer Artikel in Blisterverpackungen. Erh\u00e4ltlich in 5 verschiedenen L\u00e4ngen. L\u00e4nge: 10 cm Standardfarbe: Weiss<\/p>\n","protected":false},"featured_media":67350,"comment_status":"closed","ping_status":"closed","template":"","meta":{"_acf_changed":false},"product_brand":[],"product_cat":[189,486,552],"product_tag":[],"class_list":{"0":"post-55117","1":"product","2":"type-product","3":"status-publish","4":"has-post-thumbnail","6":"product_cat-standard-displays-de","7":"product_cat-haken-de","8":"product_cat-zubehoer","10":"first","11":"instock","12":"taxable","13":"shipping-taxable","14":"purchasable","15":"product-type-simple"},"acf":[],"yoast_head":"<!-- This site is optimized with the Yoast SEO plugin v27.6 - https:\/\/yoast.com\/product\/yoast-seo-wordpress\/ -->\n<title>Einfachhaken f\u00fcr Gitterwand - Buyck Displays - Haken f\u00fcr Gitterwand<\/title>\n<meta name=\"description\" content=\"Dieser Einfachhaken mit einer L\u00e4nge von 10 cm, kann in Kombination mit unserem Sortiment an Verkaufsst\u00e4nders mit Gitterwand verwendet werden.\" \/>\n<meta name=\"robots\" content=\"index, follow, max-snippet:-1, max-image-preview:large, max-video-preview:-1\" \/>\n<link rel=\"canonical\" href=\"https:\/\/buyck-displays.com\/de\/einfachhaken-fuer-gitterwand-hk-3-4\" \/>\n<meta property=\"og:locale\" content=\"de_DE\" \/>\n<meta property=\"og:type\" content=\"article\" \/>\n<meta property=\"og:title\" content=\"Einfachhaken f\u00fcr Gitterwand - Buyck Displays - Haken f\u00fcr Gitterwand\" \/>\n<meta property=\"og:description\" content=\"Dieser Einfachhaken mit einer L\u00e4nge von 10 cm, kann in Kombination mit unserem Sortiment an Verkaufsst\u00e4nders mit Gitterwand verwendet werden.\" \/>\n<meta property=\"og:url\" content=\"https:\/\/buyck-displays.com\/de\/einfachhaken-fuer-gitterwand-hk-3-4\" \/>\n<meta property=\"og:site_name\" content=\"Buyck Displays\" \/>\n<meta property=\"article:modified_time\" content=\"2022-07-19T09:21:20+00:00\" \/>\n<meta property=\"og:image\" content=\"https:\/\/buyck-displays.com\/wp-content\/uploads\/2017\/04\/HK-3-4.jpg\" \/>\n\t<meta property=\"og:image:width\" content=\"583\" \/>\n\t<meta property=\"og:image:height\" content=\"499\" \/>\n\t<meta property=\"og:image:type\" content=\"image\/jpeg\" \/>\n<meta name=\"twitter:card\" content=\"summary_large_image\" \/>\n<meta name=\"twitter:label1\" content=\"Gesch\u00e4tzte Lesezeit\" \/>\n\t<meta name=\"twitter:data1\" content=\"1\u00a0Minute\" \/>\n<script type=\"application\/ld+json\" class=\"yoast-schema-graph\">{\"@context\":\"https:\\\/\\\/schema.org\",\"@graph\":[{\"@type\":\"WebPage\",\"@id\":\"https:\\\/\\\/buyck-displays.com\\\/de\\\/einfachhaken-fuer-gitterwand-hk-3-4\",\"url\":\"https:\\\/\\\/buyck-displays.com\\\/de\\\/einfachhaken-fuer-gitterwand-hk-3-4\",\"name\":\"Einfachhaken f\u00fcr Gitterwand - Buyck Displays - Haken f\u00fcr Gitterwand\",\"isPartOf\":{\"@id\":\"https:\\\/\\\/buyck-displays.com\\\/de#website\"},\"primaryImageOfPage\":{\"@id\":\"https:\\\/\\\/buyck-displays.com\\\/de\\\/einfachhaken-fuer-gitterwand-hk-3-4#primaryimage\"},\"image\":{\"@id\":\"https:\\\/\\\/buyck-displays.com\\\/de\\\/einfachhaken-fuer-gitterwand-hk-3-4#primaryimage\"},\"thumbnailUrl\":\"https:\\\/\\\/buyck-displays.com\\\/wp-content\\\/uploads\\\/2017\\\/04\\\/HK-3-4.jpg\",\"datePublished\":\"2017-04-03T13:52:10+00:00\",\"dateModified\":\"2022-07-19T09:21:20+00:00\",\"description\":\"Dieser Einfachhaken mit einer L\u00e4nge von 10 cm, kann in Kombination mit unserem Sortiment an Verkaufsst\u00e4nders mit Gitterwand verwendet werden.\",\"breadcrumb\":{\"@id\":\"https:\\\/\\\/buyck-displays.com\\\/de\\\/einfachhaken-fuer-gitterwand-hk-3-4#breadcrumb\"},\"inLanguage\":\"de\",\"potentialAction\":[{\"@type\":\"ReadAction\",\"target\":[\"https:\\\/\\\/buyck-displays.com\\\/de\\\/einfachhaken-fuer-gitterwand-hk-3-4\"]}]},{\"@type\":\"ImageObject\",\"inLanguage\":\"de\",\"@id\":\"https:\\\/\\\/buyck-displays.com\\\/de\\\/einfachhaken-fuer-gitterwand-hk-3-4#primaryimage\",\"url\":\"https:\\\/\\\/buyck-displays.com\\\/wp-content\\\/uploads\\\/2017\\\/04\\\/HK-3-4.jpg\",\"contentUrl\":\"https:\\\/\\\/buyck-displays.com\\\/wp-content\\\/uploads\\\/2017\\\/04\\\/HK-3-4.jpg\",\"width\":583,\"height\":499},{\"@type\":\"BreadcrumbList\",\"@id\":\"https:\\\/\\\/buyck-displays.com\\\/de\\\/einfachhaken-fuer-gitterwand-hk-3-4#breadcrumb\",\"itemListElement\":[{\"@type\":\"ListItem\",\"position\":1,\"name\":\"Home\",\"item\":\"https:\\\/\\\/buyck-displays.com\\\/de\"},{\"@type\":\"ListItem\",\"position\":2,\"name\":\"Displays\",\"item\":\"https:\\\/\\\/buyck-displays.com\\\/de\\\/produkte\"},{\"@type\":\"ListItem\",\"position\":3,\"name\":\"Einfachhaken f\u00fcr Gitterwand\"}]},{\"@type\":\"WebSite\",\"@id\":\"https:\\\/\\\/buyck-displays.com\\\/de#website\",\"url\":\"https:\\\/\\\/buyck-displays.com\\\/de\",\"name\":\"Buyck Displays\",\"description\":\"Standaard en Maatwerk Displays\",\"potentialAction\":[{\"@type\":\"SearchAction\",\"target\":{\"@type\":\"EntryPoint\",\"urlTemplate\":\"https:\\\/\\\/buyck-displays.com\\\/de?s={search_term_string}\"},\"query-input\":{\"@type\":\"PropertyValueSpecification\",\"valueRequired\":true,\"valueName\":\"search_term_string\"}}],\"inLanguage\":\"de\"}]}<\/script>\n<!-- \/ Yoast SEO plugin. -->","yoast_head_json":{"title":"Einfachhaken f\u00fcr Gitterwand - Buyck Displays - Haken f\u00fcr Gitterwand","description":"Dieser Einfachhaken mit einer L\u00e4nge von 10 cm, kann in Kombination mit unserem Sortiment an Verkaufsst\u00e4nders mit Gitterwand verwendet werden.","robots":{"index":"index","follow":"follow","max-snippet":"max-snippet:-1","max-image-preview":"max-image-preview:large","max-video-preview":"max-video-preview:-1"},"canonical":"https:\/\/buyck-displays.com\/de\/einfachhaken-fuer-gitterwand-hk-3-4","og_locale":"de_DE","og_type":"article","og_title":"Einfachhaken f\u00fcr Gitterwand - Buyck Displays - Haken f\u00fcr Gitterwand","og_description":"Dieser Einfachhaken mit einer L\u00e4nge von 10 cm, kann in Kombination mit unserem Sortiment an Verkaufsst\u00e4nders mit Gitterwand verwendet werden.","og_url":"https:\/\/buyck-displays.com\/de\/einfachhaken-fuer-gitterwand-hk-3-4","og_site_name":"Buyck Displays","article_modified_time":"2022-07-19T09:21:20+00:00","og_image":[{"width":583,"height":499,"url":"https:\/\/buyck-displays.com\/wp-content\/uploads\/2017\/04\/HK-3-4.jpg","type":"image\/jpeg"}],"twitter_card":"summary_large_image","twitter_misc":{"Gesch\u00e4tzte Lesezeit":"1\u00a0Minute"},"schema":{"@context":"https:\/\/schema.org","@graph":[{"@type":"WebPage","@id":"https:\/\/buyck-displays.com\/de\/einfachhaken-fuer-gitterwand-hk-3-4","url":"https:\/\/buyck-displays.com\/de\/einfachhaken-fuer-gitterwand-hk-3-4","name":"Einfachhaken f\u00fcr Gitterwand - Buyck Displays - Haken f\u00fcr Gitterwand","isPartOf":{"@id":"https:\/\/buyck-displays.com\/de#website"},"primaryImageOfPage":{"@id":"https:\/\/buyck-displays.com\/de\/einfachhaken-fuer-gitterwand-hk-3-4#primaryimage"},"image":{"@id":"https:\/\/buyck-displays.com\/de\/einfachhaken-fuer-gitterwand-hk-3-4#primaryimage"},"thumbnailUrl":"https:\/\/buyck-displays.com\/wp-content\/uploads\/2017\/04\/HK-3-4.jpg","datePublished":"2017-04-03T13:52:10+00:00","dateModified":"2022-07-19T09:21:20+00:00","description":"Dieser Einfachhaken mit einer L\u00e4nge von 10 cm, kann in Kombination mit unserem Sortiment an Verkaufsst\u00e4nders mit Gitterwand verwendet werden.","breadcrumb":{"@id":"https:\/\/buyck-displays.com\/de\/einfachhaken-fuer-gitterwand-hk-3-4#breadcrumb"},"inLanguage":"de","potentialAction":[{"@type":"ReadAction","target":["https:\/\/buyck-displays.com\/de\/einfachhaken-fuer-gitterwand-hk-3-4"]}]},{"@type":"ImageObject","inLanguage":"de","@id":"https:\/\/buyck-displays.com\/de\/einfachhaken-fuer-gitterwand-hk-3-4#primaryimage","url":"https:\/\/buyck-displays.com\/wp-content\/uploads\/2017\/04\/HK-3-4.jpg","contentUrl":"https:\/\/buyck-displays.com\/wp-content\/uploads\/2017\/04\/HK-3-4.jpg","width":583,"height":499},{"@type":"BreadcrumbList","@id":"https:\/\/buyck-displays.com\/de\/einfachhaken-fuer-gitterwand-hk-3-4#breadcrumb","itemListElement":[{"@type":"ListItem","position":1,"name":"Home","item":"https:\/\/buyck-displays.com\/de"},{"@type":"ListItem","position":2,"name":"Displays","item":"https:\/\/buyck-displays.com\/de\/produkte"},{"@type":"ListItem","position":3,"name":"Einfachhaken f\u00fcr Gitterwand"}]},{"@type":"WebSite","@id":"https:\/\/buyck-displays.com\/de#website","url":"https:\/\/buyck-displays.com\/de","name":"Buyck Displays","description":"Standaard en Maatwerk Displays","potentialAction":[{"@type":"SearchAction","target":{"@type":"EntryPoint","urlTemplate":"https:\/\/buyck-displays.com\/de?s={search_term_string}"},"query-input":{"@type":"PropertyValueSpecification","valueRequired":true,"valueName":"search_term_string"}}],"inLanguage":"de"}]}},"_links":{"self":[{"href":"https:\/\/buyck-displays.com\/de\/wp-json\/wp\/v2\/product\/55117","targetHints":{"allow":["GET"]}}],"collection":[{"href":"https:\/\/buyck-displays.com\/de\/wp-json\/wp\/v2\/product"}],"about":[{"href":"https:\/\/buyck-displays.com\/de\/wp-json\/wp\/v2\/types\/product"}],"replies":[{"embeddable":true,"href":"https:\/\/buyck-displays.com\/de\/wp-json\/wp\/v2\/comments?post=55117"}],"wp:featuredmedia":[{"embeddable":true,"href":"https:\/\/buyck-displays.com\/de\/wp-json\/wp\/v2\/media\/67350"}],"wp:attachment":[{"href":"https:\/\/buyck-displays.com\/de\/wp-json\/wp\/v2\/media?parent=55117"}],"wp:term":[{"taxonomy":"product_brand","embeddable":true,"href":"https:\/\/buyck-displays.com\/de\/wp-json\/wp\/v2\/product_brand?post=55117"},{"taxonomy":"product_cat","embeddable":true,"href":"https:\/\/buyck-displays.com\/de\/wp-json\/wp\/v2\/product_cat?post=55117"},{"taxonomy":"product_tag","embeddable":true,"href":"https:\/\/buyck-displays.com\/de\/wp-json\/wp\/v2\/product_tag?post=55117"}],"curies":[{"name":"wp","href":"https:\/\/api.w.org\/{rel}","templated":true}]}}